{"id":27096,"date":"2026-04-07T16:29:06","date_gmt":"2026-04-07T14:29:06","guid":{"rendered":"https:\/\/micasaste.com\/?post_type=product&#038;p=27096"},"modified":"2026-04-08T10:39:45","modified_gmt":"2026-04-08T08:39:45","slug":"blouse-pyaar-jaune","status":"publish","type":"product","link":"https:\/\/micasaste.com\/en\/shop\/blouse-pyaar-jaune\/","title":{"rendered":"Blouse Pyaar Jaune"},"content":{"rendered":"<p data-start=\"157\" data-end=\"424\">La blouse Pyaar Jaune s\u00e9duit par son style \u00e0 la fois doux et plein de caract\u00e8re. Son col Mao apporte une touche \u00e9l\u00e9gante et moderne, tout en restant facile \u00e0 porter au quotidien. Sa coupe fluide en taille unique cr\u00e9e un tomb\u00e9 naturel qui s\u2019adapte \u00e0 diff\u00e9rentes silhouettes.<\/p>\n<p data-start=\"426\" data-end=\"792\">Cette blouse ray\u00e9e se d\u00e9cline en plusieurs coloris, chacun apportant une touche diff\u00e9rente. Elle existe en rose, pour un look tendre et lumineux. Elle se d\u00e9cline aussi en orange, pour une allure plus vive et ensoleill\u00e9e. La version jaune moutarde apporte une touche chaleureuse et tendance, tandis que le mod\u00e8le bordeaux offre un rendu plus profond et sophistiqu\u00e9.<\/p>\n<p data-start=\"794\" data-end=\"1055\">Elles s\u2019associent \u00e0 de d\u00e9licats imprim\u00e9s de c\u0153urs rouges qui apportent une note originale et pleine de charme. Ce d\u00e9tail cr\u00e9e un contraste subtil et donne \u00e0 la pi\u00e8ce une v\u00e9ritable identit\u00e9.<\/p>\n<p data-start=\"1057\" data-end=\"1329\">L\u00e9g\u00e8re et agr\u00e9able \u00e0 porter, la blouse Pyaar Jaune s\u2019impose comme une pi\u00e8ce id\u00e9ale pour le printemps. Elle accompagne les journ\u00e9es ensoleill\u00e9es avec confort et style. Vous pouvez la porter avec un jean pour un look d\u00e9contract\u00e9 ou avec une jupe pour une silhouette plus f\u00e9minine.<\/p>\n<p data-start=\"1573\" data-end=\"1759\">La blouse Pyaar devient rapidement un essentiel de la saison. Elle combine confort, l\u00e9g\u00e8ret\u00e9 et originalit\u00e9. Une pi\u00e8ce parfaite pour accueillir le printemps avec douceur et personnalit\u00e9.<\/p>","protected":false},"excerpt":{"rendered":"<p data-start=\"264\" data-end=\"526\">Les blouses Micasast\u00e9 allient douceur, fluidit\u00e9 et simplicit\u00e9. Les coupes restent amples ou l\u00e9g\u00e8rement ajust\u00e9es.<\/p>\n<p data-start=\"264\" data-end=\"526\">Les tissus sont confortables et agr\u00e9ables \u00e0 porter toute la journ\u00e9e.<\/p>\n<p data-start=\"528\" data-end=\"732\">Nos blouses se portent facilement, en toute saison.<\/p>\n<p data-start=\"734\" data-end=\"848\">Les couleurs sont douces, les d\u00e9tails subtils. Juste l\u2019essentiel : confort, mouvement, \u00e9l\u00e9gance.<\/p>\n<p data-start=\"734\" data-end=\"848\"><strong>Taille Unique<\/strong><\/p>","protected":false},"featured_media":27105,"comment_status":"closed","ping_status":"closed","template":"","meta":{"inline_featured_image":false},"product_brand":[],"product_cat":[309,291],"product_tag":[396],"class_list":{"0":"post-27096","1":"product","2":"type-product","3":"status-publish","4":"has-post-thumbnail","6":"product_cat-blouse","7":"product_cat-vetements-vetements-3","8":"product_tag-blouse","10":"first","11":"instock","12":"taxable","13":"shipping-taxable","14":"purchasable","15":"product-type-simple"},"yoast_head":"<!-- This site is optimized with the Yoast SEO plugin v27.3 - https:\/\/yoast.com\/product\/yoast-seo-wordpress\/ -->\n<title>Blouse Pyaar Jaune - \u00c9l\u00e9gante pour le printemps | Micasast\u00e9<\/title>\n<meta name=\"description\" content=\"La blouse Pyaar Jaune de Micasast\u00e9 est \u00e9l\u00e9gante, fluide. La blouse Pyaar est une pi\u00e8ce confortable pour les beaux jours de printemps.\" \/>\n<meta name=\"robots\" content=\"index, follow, max-snippet:-1, max-image-preview:large, max-video-preview:-1\" \/>\n<link rel=\"canonical\" href=\"https:\/\/micasaste.com\/en\/shop\/blouse-pyaar-jaune\/\" \/>\n<meta property=\"og:locale\" content=\"en_US\" \/>\n<meta property=\"og:type\" content=\"article\" \/>\n<meta property=\"og:title\" content=\"Blouse Pyaar Jaune - \u00c9l\u00e9gante pour le printemps | Micasast\u00e9\" \/>\n<meta property=\"og:description\" content=\"La blouse Pyaar Jaune de Micasast\u00e9 est \u00e9l\u00e9gante, fluide. La blouse Pyaar est une pi\u00e8ce confortable pour les beaux jours de printemps.\" \/>\n<meta property=\"og:url\" content=\"https:\/\/micasaste.com\/en\/shop\/blouse-pyaar-jaune\/\" \/>\n<meta property=\"og:site_name\" content=\"Micasast\u00e9\" \/>\n<meta property=\"article:publisher\" content=\"https:\/\/www.facebook.com\/Micasast-100208301386552\/\" \/>\n<meta property=\"article:modified_time\" content=\"2026-04-08T08:39:45+00:00\" \/>\n<meta property=\"og:image\" content=\"https:\/\/micasaste.com\/wp-content\/uploads\/2020\/05\/micasaste-facebook-share.jpg\" \/>\n\t<meta property=\"og:image:width\" content=\"1200\" \/>\n\t<meta property=\"og:image:height\" content=\"628\" \/>\n\t<meta property=\"og:image:type\" content=\"image\/jpeg\" \/>\n<meta name=\"twitter:card\" content=\"summary_large_image\" \/>\n<meta name=\"twitter:label1\" content=\"Est. reading time\" \/>\n\t<meta name=\"twitter:data1\" content=\"2 minutes\" \/>\n<script type=\"application\/ld+json\" class=\"yoast-schema-graph\">{\"@context\":\"https:\\\/\\\/schema.org\",\"@graph\":[{\"@type\":\"WebPage\",\"@id\":\"https:\\\/\\\/micasaste.com\\\/shop\\\/blouse-pyaar-jaune\\\/\",\"url\":\"https:\\\/\\\/micasaste.com\\\/shop\\\/blouse-pyaar-jaune\\\/\",\"name\":\"Blouse Pyaar Jaune - \u00c9l\u00e9gante pour le printemps | Micasast\u00e9\",\"isPartOf\":{\"@id\":\"https:\\\/\\\/micasaste.com\\\/#website\"},\"primaryImageOfPage\":{\"@id\":\"https:\\\/\\\/micasaste.com\\\/shop\\\/blouse-pyaar-jaune\\\/#primaryimage\"},\"image\":{\"@id\":\"https:\\\/\\\/micasaste.com\\\/shop\\\/blouse-pyaar-jaune\\\/#primaryimage\"},\"thumbnailUrl\":\"https:\\\/\\\/micasaste.com\\\/wp-content\\\/uploads\\\/2026\\\/04\\\/1-Blouse-Pyaar-Jaune.jpeg\",\"datePublished\":\"2026-04-07T14:29:06+00:00\",\"dateModified\":\"2026-04-08T08:39:45+00:00\",\"description\":\"La blouse Pyaar Jaune de Micasast\u00e9 est \u00e9l\u00e9gante, fluide. La blouse Pyaar est une pi\u00e8ce confortable pour les beaux jours de printemps.\",\"breadcrumb\":{\"@id\":\"https:\\\/\\\/micasaste.com\\\/shop\\\/blouse-pyaar-jaune\\\/#breadcrumb\"},\"inLanguage\":\"en-US\",\"potentialAction\":[{\"@type\":\"ReadAction\",\"target\":[\"https:\\\/\\\/micasaste.com\\\/shop\\\/blouse-pyaar-jaune\\\/\"]}]},{\"@type\":\"ImageObject\",\"inLanguage\":\"en-US\",\"@id\":\"https:\\\/\\\/micasaste.com\\\/shop\\\/blouse-pyaar-jaune\\\/#primaryimage\",\"url\":\"https:\\\/\\\/micasaste.com\\\/wp-content\\\/uploads\\\/2026\\\/04\\\/1-Blouse-Pyaar-Jaune.jpeg\",\"contentUrl\":\"https:\\\/\\\/micasaste.com\\\/wp-content\\\/uploads\\\/2026\\\/04\\\/1-Blouse-Pyaar-Jaune.jpeg\",\"width\":1800,\"height\":2400,\"caption\":\"Blouse Pyaar Jaune, Taille Unique. Une blouse ray\u00e9 jaune imprim\u00e9s avec des coeurs.\"},{\"@type\":\"BreadcrumbList\",\"@id\":\"https:\\\/\\\/micasaste.com\\\/shop\\\/blouse-pyaar-jaune\\\/#breadcrumb\",\"itemListElement\":[{\"@type\":\"ListItem\",\"position\":1,\"name\":\"Accueil\",\"item\":\"https:\\\/\\\/micasaste.com\\\/\"},{\"@type\":\"ListItem\",\"position\":2,\"name\":\"Collection\",\"item\":\"https:\\\/\\\/micasaste.com\\\/shop-vetements-artisanaux-femme\\\/\"},{\"@type\":\"ListItem\",\"position\":3,\"name\":\"V\u00eatements\",\"item\":\"https:\\\/\\\/micasaste.com\\\/categorie\\\/vetements-vetements-3\\\/\"},{\"@type\":\"ListItem\",\"position\":4,\"name\":\"Blouse Pyaar Jaune\"}]},{\"@type\":\"WebSite\",\"@id\":\"https:\\\/\\\/micasaste.com\\\/#website\",\"url\":\"https:\\\/\\\/micasaste.com\\\/\",\"name\":\"Micasast\u00e9\",\"description\":\"V\u00eatements et Accessoires pour Femme \",\"publisher\":{\"@id\":\"https:\\\/\\\/micasaste.com\\\/#organization\"},\"potentialAction\":[{\"@type\":\"SearchAction\",\"target\":{\"@type\":\"EntryPoint\",\"urlTemplate\":\"https:\\\/\\\/micasaste.com\\\/?s={search_term_string}\"},\"query-input\":{\"@type\":\"PropertyValueSpecification\",\"valueRequired\":true,\"valueName\":\"search_term_string\"}}],\"inLanguage\":\"en-US\"},{\"@type\":\"Organization\",\"@id\":\"https:\\\/\\\/micasaste.com\\\/#organization\",\"name\":\"MicasaSt\u00e9\",\"url\":\"https:\\\/\\\/micasaste.com\\\/\",\"logo\":{\"@type\":\"ImageObject\",\"inLanguage\":\"en-US\",\"@id\":\"https:\\\/\\\/micasaste.com\\\/#\\\/schema\\\/logo\\\/image\\\/\",\"url\":\"https:\\\/\\\/micasaste.com\\\/wp-content\\\/uploads\\\/2020\\\/04\\\/logo-micasaste.svg\",\"contentUrl\":\"https:\\\/\\\/micasaste.com\\\/wp-content\\\/uploads\\\/2020\\\/04\\\/logo-micasaste.svg\",\"width\":\"1024\",\"height\":\"1024\",\"caption\":\"MicasaSt\u00e9\"},\"image\":{\"@id\":\"https:\\\/\\\/micasaste.com\\\/#\\\/schema\\\/logo\\\/image\\\/\"},\"sameAs\":[\"https:\\\/\\\/www.facebook.com\\\/Micasast-100208301386552\\\/\",\"https:\\\/\\\/www.instagram.com\\\/micasaste\\\/\"]}]}<\/script>\n<!-- \/ Yoast SEO plugin. -->","yoast_head_json":{"title":"Blouse Pyaar Jaune - \u00c9l\u00e9gante pour le printemps | Micasast\u00e9","description":"La blouse Pyaar Jaune de Micasast\u00e9 est \u00e9l\u00e9gante, fluide. La blouse Pyaar est une pi\u00e8ce confortable pour les beaux jours de printemps.","robots":{"index":"index","follow":"follow","max-snippet":"max-snippet:-1","max-image-preview":"max-image-preview:large","max-video-preview":"max-video-preview:-1"},"canonical":"https:\/\/micasaste.com\/en\/shop\/blouse-pyaar-jaune\/","og_locale":"en_US","og_type":"article","og_title":"Blouse Pyaar Jaune - \u00c9l\u00e9gante pour le printemps | Micasast\u00e9","og_description":"La blouse Pyaar Jaune de Micasast\u00e9 est \u00e9l\u00e9gante, fluide. La blouse Pyaar est une pi\u00e8ce confortable pour les beaux jours de printemps.","og_url":"https:\/\/micasaste.com\/en\/shop\/blouse-pyaar-jaune\/","og_site_name":"Micasast\u00e9","article_publisher":"https:\/\/www.facebook.com\/Micasast-100208301386552\/","article_modified_time":"2026-04-08T08:39:45+00:00","og_image":[{"width":1200,"height":628,"url":"https:\/\/micasaste.com\/wp-content\/uploads\/2020\/05\/micasaste-facebook-share.jpg","type":"image\/jpeg"}],"twitter_card":"summary_large_image","twitter_misc":{"Est. reading time":"2 minutes"},"schema":{"@context":"https:\/\/schema.org","@graph":[{"@type":"WebPage","@id":"https:\/\/micasaste.com\/shop\/blouse-pyaar-jaune\/","url":"https:\/\/micasaste.com\/shop\/blouse-pyaar-jaune\/","name":"Blouse Pyaar Jaune - \u00c9l\u00e9gante pour le printemps | Micasast\u00e9","isPartOf":{"@id":"https:\/\/micasaste.com\/#website"},"primaryImageOfPage":{"@id":"https:\/\/micasaste.com\/shop\/blouse-pyaar-jaune\/#primaryimage"},"image":{"@id":"https:\/\/micasaste.com\/shop\/blouse-pyaar-jaune\/#primaryimage"},"thumbnailUrl":"https:\/\/micasaste.com\/wp-content\/uploads\/2026\/04\/1-Blouse-Pyaar-Jaune.jpeg","datePublished":"2026-04-07T14:29:06+00:00","dateModified":"2026-04-08T08:39:45+00:00","description":"La blouse Pyaar Jaune de Micasast\u00e9 est \u00e9l\u00e9gante, fluide. La blouse Pyaar est une pi\u00e8ce confortable pour les beaux jours de printemps.","breadcrumb":{"@id":"https:\/\/micasaste.com\/shop\/blouse-pyaar-jaune\/#breadcrumb"},"inLanguage":"en-US","potentialAction":[{"@type":"ReadAction","target":["https:\/\/micasaste.com\/shop\/blouse-pyaar-jaune\/"]}]},{"@type":"ImageObject","inLanguage":"en-US","@id":"https:\/\/micasaste.com\/shop\/blouse-pyaar-jaune\/#primaryimage","url":"https:\/\/micasaste.com\/wp-content\/uploads\/2026\/04\/1-Blouse-Pyaar-Jaune.jpeg","contentUrl":"https:\/\/micasaste.com\/wp-content\/uploads\/2026\/04\/1-Blouse-Pyaar-Jaune.jpeg","width":1800,"height":2400,"caption":"Blouse Pyaar Jaune, Taille Unique. Une blouse ray\u00e9 jaune imprim\u00e9s avec des coeurs."},{"@type":"BreadcrumbList","@id":"https:\/\/micasaste.com\/shop\/blouse-pyaar-jaune\/#breadcrumb","itemListElement":[{"@type":"ListItem","position":1,"name":"Accueil","item":"https:\/\/micasaste.com\/"},{"@type":"ListItem","position":2,"name":"Collection","item":"https:\/\/micasaste.com\/shop-vetements-artisanaux-femme\/"},{"@type":"ListItem","position":3,"name":"V\u00eatements","item":"https:\/\/micasaste.com\/categorie\/vetements-vetements-3\/"},{"@type":"ListItem","position":4,"name":"Blouse Pyaar Jaune"}]},{"@type":"WebSite","@id":"https:\/\/micasaste.com\/#website","url":"https:\/\/micasaste.com\/","name":"Micasast\u00e9","description":"V\u00eatements et Accessoires pour Femme","publisher":{"@id":"https:\/\/micasaste.com\/#organization"},"potentialAction":[{"@type":"SearchAction","target":{"@type":"EntryPoint","urlTemplate":"https:\/\/micasaste.com\/?s={search_term_string}"},"query-input":{"@type":"PropertyValueSpecification","valueRequired":true,"valueName":"search_term_string"}}],"inLanguage":"en-US"},{"@type":"Organization","@id":"https:\/\/micasaste.com\/#organization","name":"MicasaSt\u00e9","url":"https:\/\/micasaste.com\/","logo":{"@type":"ImageObject","inLanguage":"en-US","@id":"https:\/\/micasaste.com\/#\/schema\/logo\/image\/","url":"https:\/\/micasaste.com\/wp-content\/uploads\/2020\/04\/logo-micasaste.svg","contentUrl":"https:\/\/micasaste.com\/wp-content\/uploads\/2020\/04\/logo-micasaste.svg","width":"1024","height":"1024","caption":"MicasaSt\u00e9"},"image":{"@id":"https:\/\/micasaste.com\/#\/schema\/logo\/image\/"},"sameAs":["https:\/\/www.facebook.com\/Micasast-100208301386552\/","https:\/\/www.instagram.com\/micasaste\/"]}]}},"_links":{"self":[{"href":"https:\/\/micasaste.com\/en\/wp-json\/wp\/v2\/product\/27096","targetHints":{"allow":["GET"]}}],"collection":[{"href":"https:\/\/micasaste.com\/en\/wp-json\/wp\/v2\/product"}],"about":[{"href":"https:\/\/micasaste.com\/en\/wp-json\/wp\/v2\/types\/product"}],"replies":[{"embeddable":true,"href":"https:\/\/micasaste.com\/en\/wp-json\/wp\/v2\/comments?post=27096"}],"wp:featuredmedia":[{"embeddable":true,"href":"https:\/\/micasaste.com\/en\/wp-json\/wp\/v2\/media\/27105"}],"wp:attachment":[{"href":"https:\/\/micasaste.com\/en\/wp-json\/wp\/v2\/media?parent=27096"}],"wp:term":[{"taxonomy":"product_brand","embeddable":true,"href":"https:\/\/micasaste.com\/en\/wp-json\/wp\/v2\/product_brand?post=27096"},{"taxonomy":"product_cat","embeddable":true,"href":"https:\/\/micasaste.com\/en\/wp-json\/wp\/v2\/product_cat?post=27096"},{"taxonomy":"product_tag","embeddable":true,"href":"https:\/\/micasaste.com\/en\/wp-json\/wp\/v2\/product_tag?post=27096"}],"curies":[{"name":"wp","href":"https:\/\/api.w.org\/{rel}","templated":true}]}}