{"id":26370,"date":"2026-01-29T14:23:26","date_gmt":"2026-01-29T13:23:26","guid":{"rendered":"https:\/\/micasaste.com\/?post_type=product&#038;p=26370"},"modified":"2026-03-02T12:09:27","modified_gmt":"2026-03-02T11:09:27","slug":"veste-tavira","status":"publish","type":"product","link":"https:\/\/micasaste.com\/en\/shop\/veste-tavira\/","title":{"rendered":"Veste Tavira"},"content":{"rendered":"<p data-start=\"1223\" data-end=\"1426\">La veste Tavira combine douceur et style. Son velours vert clair offre un toucher agr\u00e9able et un aspect raffin\u00e9. Les imprim\u00e9s floraux multicolores apportent de la couleur et de la vie \u00e0 votre tenue.<\/p>\n<p data-start=\"1428\" data-end=\"1676\">Elle dispose de deux poches pratiques. Les manches et la coupe assurent un confort optimal tout au long de la journ\u00e9e. Vous pouvez la porter sur un jean pour un look casual ou avec une robe pour un style plus f\u00e9minin.<\/p>\n<p data-start=\"1678\" data-end=\"1880\">La veste se distingue par son design simple et \u00e9l\u00e9gant. Elle reste facile \u00e0 associer avec vos v\u00eatements existants. Le velours capte l\u00e9g\u00e8rement la lumi\u00e8re, ce qui rend les imprim\u00e9s encore plus vivants.<\/p>\n<p data-start=\"1882\" data-end=\"2084\">Pour un look harmonieux, combinez-la avec des tons neutres ou des couleurs qui reprennent celles des imprim\u00e9s. Par exemple, un pantalon mauve clair ou une jupe rose poudr\u00e9 mettront en valeur la veste.<\/p>\n<p data-start=\"2086\" data-end=\"2278\">Cette pi\u00e8ce convient aussi bien pour le bureau que pour vos sorties. Elle garde votre tenue raffin\u00e9e sans sacrifier le confort. Chaque d\u00e9tail a \u00e9t\u00e9 pens\u00e9 pour allier esth\u00e9tique et praticit\u00e9.<\/p>\n<p data-start=\"2280\" data-end=\"2547\">Avec la veste Tavira, vous adoptez un v\u00eatement qui attire le regard. Elle apporte une note de fantaisie tout en restant chic. Les vestes en velours deviennent ainsi un incontournable de votre garde-robe, parfaites pour varier vos styles avec originalit\u00e9 et \u00e9l\u00e9gance.<\/p>","protected":false},"excerpt":{"rendered":"<p data-start=\"823\" data-end=\"1121\">Nos vestes en velours offrent confort et \u00e9l\u00e9gance.<\/p>\n<p data-start=\"823\" data-end=\"1121\">Taille M\/L forme ample et existe en un seul exemplaire.<\/p>\n<p data-start=\"823\" data-end=\"1121\">Chaque mod\u00e8le se distingue par des imprim\u00e9s d\u00e9licats et color\u00e9s, des finitions soign\u00e9es et des d\u00e9tails pratiques comme des poches discr\u00e8tes.<\/p>","protected":false},"featured_media":26430,"comment_status":"closed","ping_status":"closed","template":"","meta":{"inline_featured_image":false},"product_brand":[356],"product_cat":[415],"product_tag":[],"class_list":{"0":"post-26370","1":"product","2":"type-product","3":"status-publish","4":"has-post-thumbnail","6":"product_brand-micasaste","7":"product_cat-veste-en-velours-imprimee","9":"first","10":"outofstock","11":"taxable","12":"shipping-taxable","13":"purchasable","14":"product-type-variable"},"yoast_head":"<!-- This site is optimized with the Yoast SEO plugin v27.4 - https:\/\/yoast.com\/product\/yoast-seo-wordpress\/ -->\n<title>Veste Tavira en velours imprim\u00e9s | Micasast\u00e9<\/title>\n<meta name=\"description\" content=\"D\u00e9couvrez la veste Tavira en velours vert, orn\u00e9e d\u2019imprim\u00e9s floraux multicolores. Deux poches pratiques pour un style chic et d\u00e9contract\u00e9.\" \/>\n<meta name=\"robots\" content=\"index, follow, max-snippet:-1, max-image-preview:large, max-video-preview:-1\" \/>\n<link rel=\"canonical\" href=\"https:\/\/micasaste.com\/en\/shop\/veste-tavira\/\" \/>\n<meta property=\"og:locale\" content=\"en_US\" \/>\n<meta property=\"og:type\" content=\"article\" \/>\n<meta property=\"og:title\" content=\"Veste Tavira en velours imprim\u00e9s | Micasast\u00e9\" \/>\n<meta property=\"og:description\" content=\"D\u00e9couvrez la veste Tavira en velours vert, orn\u00e9e d\u2019imprim\u00e9s floraux multicolores. Deux poches pratiques pour un style chic et d\u00e9contract\u00e9.\" \/>\n<meta property=\"og:url\" content=\"https:\/\/micasaste.com\/en\/shop\/veste-tavira\/\" \/>\n<meta property=\"og:site_name\" content=\"Micasast\u00e9\" \/>\n<meta property=\"article:publisher\" content=\"https:\/\/www.facebook.com\/Micasast-100208301386552\/\" \/>\n<meta property=\"article:modified_time\" content=\"2026-03-02T11:09:27+00:00\" \/>\n<meta property=\"og:image\" content=\"https:\/\/micasaste.com\/wp-content\/uploads\/2026\/01\/1-Veste-Tavira-786x950.jpeg\" \/>\n\t<meta property=\"og:image:width\" content=\"786\" \/>\n\t<meta property=\"og:image:height\" content=\"950\" \/>\n\t<meta property=\"og:image:type\" content=\"image\/jpeg\" \/>\n<meta name=\"twitter:card\" content=\"summary_large_image\" \/>\n<meta name=\"twitter:label1\" content=\"Est. reading time\" \/>\n\t<meta name=\"twitter:data1\" content=\"2 minutes\" \/>\n<script type=\"application\/ld+json\" class=\"yoast-schema-graph\">{\"@context\":\"https:\\\/\\\/schema.org\",\"@graph\":[{\"@type\":\"WebPage\",\"@id\":\"https:\\\/\\\/micasaste.com\\\/shop\\\/veste-tavira\\\/\",\"url\":\"https:\\\/\\\/micasaste.com\\\/shop\\\/veste-tavira\\\/\",\"name\":\"Veste Tavira en velours imprim\u00e9s | Micasast\u00e9\",\"isPartOf\":{\"@id\":\"https:\\\/\\\/micasaste.com\\\/#website\"},\"primaryImageOfPage\":{\"@id\":\"https:\\\/\\\/micasaste.com\\\/shop\\\/veste-tavira\\\/#primaryimage\"},\"image\":{\"@id\":\"https:\\\/\\\/micasaste.com\\\/shop\\\/veste-tavira\\\/#primaryimage\"},\"thumbnailUrl\":\"https:\\\/\\\/micasaste.com\\\/wp-content\\\/uploads\\\/2026\\\/01\\\/1-Veste-Tavira.jpeg\",\"datePublished\":\"2026-01-29T13:23:26+00:00\",\"dateModified\":\"2026-03-02T11:09:27+00:00\",\"description\":\"D\u00e9couvrez la veste Tavira en velours vert, orn\u00e9e d\u2019imprim\u00e9s floraux multicolores. Deux poches pratiques pour un style chic et d\u00e9contract\u00e9.\",\"breadcrumb\":{\"@id\":\"https:\\\/\\\/micasaste.com\\\/shop\\\/veste-tavira\\\/#breadcrumb\"},\"inLanguage\":\"en-US\",\"potentialAction\":[{\"@type\":\"ReadAction\",\"target\":[\"https:\\\/\\\/micasaste.com\\\/shop\\\/veste-tavira\\\/\"]}]},{\"@type\":\"ImageObject\",\"inLanguage\":\"en-US\",\"@id\":\"https:\\\/\\\/micasaste.com\\\/shop\\\/veste-tavira\\\/#primaryimage\",\"url\":\"https:\\\/\\\/micasaste.com\\\/wp-content\\\/uploads\\\/2026\\\/01\\\/1-Veste-Tavira.jpeg\",\"contentUrl\":\"https:\\\/\\\/micasaste.com\\\/wp-content\\\/uploads\\\/2026\\\/01\\\/1-Veste-Tavira.jpeg\",\"width\":1986,\"height\":2400,\"caption\":\"Veste Tavira, une veste en velours verte avec des motifs imprim\u00e9s floraux de couleurs orange\"},{\"@type\":\"BreadcrumbList\",\"@id\":\"https:\\\/\\\/micasaste.com\\\/shop\\\/veste-tavira\\\/#breadcrumb\",\"itemListElement\":[{\"@type\":\"ListItem\",\"position\":1,\"name\":\"Accueil\",\"item\":\"https:\\\/\\\/micasaste.com\\\/\"},{\"@type\":\"ListItem\",\"position\":2,\"name\":\"Collection\",\"item\":\"https:\\\/\\\/micasaste.com\\\/shop-vetements-artisanaux-femme\\\/\"},{\"@type\":\"ListItem\",\"position\":3,\"name\":\"V\u00eatements\",\"item\":\"https:\\\/\\\/micasaste.com\\\/categorie\\\/vetements-vetements-3\\\/\"},{\"@type\":\"ListItem\",\"position\":4,\"name\":\"Veste en Velours Imprim\u00e9e\",\"item\":\"https:\\\/\\\/micasaste.com\\\/categorie\\\/vetements-vetements-3\\\/veste-en-velours-imprimee\\\/\"},{\"@type\":\"ListItem\",\"position\":5,\"name\":\"Veste Tavira\"}]},{\"@type\":\"WebSite\",\"@id\":\"https:\\\/\\\/micasaste.com\\\/#website\",\"url\":\"https:\\\/\\\/micasaste.com\\\/\",\"name\":\"Micasast\u00e9\",\"description\":\"V\u00eatements et Accessoires pour Femme \",\"publisher\":{\"@id\":\"https:\\\/\\\/micasaste.com\\\/#organization\"},\"potentialAction\":[{\"@type\":\"SearchAction\",\"target\":{\"@type\":\"EntryPoint\",\"urlTemplate\":\"https:\\\/\\\/micasaste.com\\\/?s={search_term_string}\"},\"query-input\":{\"@type\":\"PropertyValueSpecification\",\"valueRequired\":true,\"valueName\":\"search_term_string\"}}],\"inLanguage\":\"en-US\"},{\"@type\":\"Organization\",\"@id\":\"https:\\\/\\\/micasaste.com\\\/#organization\",\"name\":\"MicasaSt\u00e9\",\"url\":\"https:\\\/\\\/micasaste.com\\\/\",\"logo\":{\"@type\":\"ImageObject\",\"inLanguage\":\"en-US\",\"@id\":\"https:\\\/\\\/micasaste.com\\\/#\\\/schema\\\/logo\\\/image\\\/\",\"url\":\"https:\\\/\\\/micasaste.com\\\/wp-content\\\/uploads\\\/2020\\\/04\\\/logo-micasaste.svg\",\"contentUrl\":\"https:\\\/\\\/micasaste.com\\\/wp-content\\\/uploads\\\/2020\\\/04\\\/logo-micasaste.svg\",\"width\":\"1024\",\"height\":\"1024\",\"caption\":\"MicasaSt\u00e9\"},\"image\":{\"@id\":\"https:\\\/\\\/micasaste.com\\\/#\\\/schema\\\/logo\\\/image\\\/\"},\"sameAs\":[\"https:\\\/\\\/www.facebook.com\\\/Micasast-100208301386552\\\/\",\"https:\\\/\\\/www.instagram.com\\\/micasaste\\\/\"]}]}<\/script>\n<!-- \/ Yoast SEO plugin. -->","yoast_head_json":{"title":"Veste Tavira en velours imprim\u00e9s | Micasast\u00e9","description":"D\u00e9couvrez la veste Tavira en velours vert, orn\u00e9e d\u2019imprim\u00e9s floraux multicolores. Deux poches pratiques pour un style chic et d\u00e9contract\u00e9.","robots":{"index":"index","follow":"follow","max-snippet":"max-snippet:-1","max-image-preview":"max-image-preview:large","max-video-preview":"max-video-preview:-1"},"canonical":"https:\/\/micasaste.com\/en\/shop\/veste-tavira\/","og_locale":"en_US","og_type":"article","og_title":"Veste Tavira en velours imprim\u00e9s | Micasast\u00e9","og_description":"D\u00e9couvrez la veste Tavira en velours vert, orn\u00e9e d\u2019imprim\u00e9s floraux multicolores. Deux poches pratiques pour un style chic et d\u00e9contract\u00e9.","og_url":"https:\/\/micasaste.com\/en\/shop\/veste-tavira\/","og_site_name":"Micasast\u00e9","article_publisher":"https:\/\/www.facebook.com\/Micasast-100208301386552\/","article_modified_time":"2026-03-02T11:09:27+00:00","og_image":[{"width":786,"height":950,"url":"https:\/\/micasaste.com\/wp-content\/uploads\/2026\/01\/1-Veste-Tavira-786x950.jpeg","type":"image\/jpeg"}],"twitter_card":"summary_large_image","twitter_misc":{"Est. reading time":"2 minutes"},"schema":{"@context":"https:\/\/schema.org","@graph":[{"@type":"WebPage","@id":"https:\/\/micasaste.com\/shop\/veste-tavira\/","url":"https:\/\/micasaste.com\/shop\/veste-tavira\/","name":"Veste Tavira en velours imprim\u00e9s | Micasast\u00e9","isPartOf":{"@id":"https:\/\/micasaste.com\/#website"},"primaryImageOfPage":{"@id":"https:\/\/micasaste.com\/shop\/veste-tavira\/#primaryimage"},"image":{"@id":"https:\/\/micasaste.com\/shop\/veste-tavira\/#primaryimage"},"thumbnailUrl":"https:\/\/micasaste.com\/wp-content\/uploads\/2026\/01\/1-Veste-Tavira.jpeg","datePublished":"2026-01-29T13:23:26+00:00","dateModified":"2026-03-02T11:09:27+00:00","description":"D\u00e9couvrez la veste Tavira en velours vert, orn\u00e9e d\u2019imprim\u00e9s floraux multicolores. Deux poches pratiques pour un style chic et d\u00e9contract\u00e9.","breadcrumb":{"@id":"https:\/\/micasaste.com\/shop\/veste-tavira\/#breadcrumb"},"inLanguage":"en-US","potentialAction":[{"@type":"ReadAction","target":["https:\/\/micasaste.com\/shop\/veste-tavira\/"]}]},{"@type":"ImageObject","inLanguage":"en-US","@id":"https:\/\/micasaste.com\/shop\/veste-tavira\/#primaryimage","url":"https:\/\/micasaste.com\/wp-content\/uploads\/2026\/01\/1-Veste-Tavira.jpeg","contentUrl":"https:\/\/micasaste.com\/wp-content\/uploads\/2026\/01\/1-Veste-Tavira.jpeg","width":1986,"height":2400,"caption":"Veste Tavira, une veste en velours verte avec des motifs imprim\u00e9s floraux de couleurs orange"},{"@type":"BreadcrumbList","@id":"https:\/\/micasaste.com\/shop\/veste-tavira\/#breadcrumb","itemListElement":[{"@type":"ListItem","position":1,"name":"Accueil","item":"https:\/\/micasaste.com\/"},{"@type":"ListItem","position":2,"name":"Collection","item":"https:\/\/micasaste.com\/shop-vetements-artisanaux-femme\/"},{"@type":"ListItem","position":3,"name":"V\u00eatements","item":"https:\/\/micasaste.com\/categorie\/vetements-vetements-3\/"},{"@type":"ListItem","position":4,"name":"Veste en Velours Imprim\u00e9e","item":"https:\/\/micasaste.com\/categorie\/vetements-vetements-3\/veste-en-velours-imprimee\/"},{"@type":"ListItem","position":5,"name":"Veste Tavira"}]},{"@type":"WebSite","@id":"https:\/\/micasaste.com\/#website","url":"https:\/\/micasaste.com\/","name":"Micasast\u00e9","description":"V\u00eatements et Accessoires pour Femme","publisher":{"@id":"https:\/\/micasaste.com\/#organization"},"potentialAction":[{"@type":"SearchAction","target":{"@type":"EntryPoint","urlTemplate":"https:\/\/micasaste.com\/?s={search_term_string}"},"query-input":{"@type":"PropertyValueSpecification","valueRequired":true,"valueName":"search_term_string"}}],"inLanguage":"en-US"},{"@type":"Organization","@id":"https:\/\/micasaste.com\/#organization","name":"MicasaSt\u00e9","url":"https:\/\/micasaste.com\/","logo":{"@type":"ImageObject","inLanguage":"en-US","@id":"https:\/\/micasaste.com\/#\/schema\/logo\/image\/","url":"https:\/\/micasaste.com\/wp-content\/uploads\/2020\/04\/logo-micasaste.svg","contentUrl":"https:\/\/micasaste.com\/wp-content\/uploads\/2020\/04\/logo-micasaste.svg","width":"1024","height":"1024","caption":"MicasaSt\u00e9"},"image":{"@id":"https:\/\/micasaste.com\/#\/schema\/logo\/image\/"},"sameAs":["https:\/\/www.facebook.com\/Micasast-100208301386552\/","https:\/\/www.instagram.com\/micasaste\/"]}]}},"_links":{"self":[{"href":"https:\/\/micasaste.com\/en\/wp-json\/wp\/v2\/product\/26370","targetHints":{"allow":["GET"]}}],"collection":[{"href":"https:\/\/micasaste.com\/en\/wp-json\/wp\/v2\/product"}],"about":[{"href":"https:\/\/micasaste.com\/en\/wp-json\/wp\/v2\/types\/product"}],"replies":[{"embeddable":true,"href":"https:\/\/micasaste.com\/en\/wp-json\/wp\/v2\/comments?post=26370"}],"wp:featuredmedia":[{"embeddable":true,"href":"https:\/\/micasaste.com\/en\/wp-json\/wp\/v2\/media\/26430"}],"wp:attachment":[{"href":"https:\/\/micasaste.com\/en\/wp-json\/wp\/v2\/media?parent=26370"}],"wp:term":[{"taxonomy":"product_brand","embeddable":true,"href":"https:\/\/micasaste.com\/en\/wp-json\/wp\/v2\/product_brand?post=26370"},{"taxonomy":"product_cat","embeddable":true,"href":"https:\/\/micasaste.com\/en\/wp-json\/wp\/v2\/product_cat?post=26370"},{"taxonomy":"product_tag","embeddable":true,"href":"https:\/\/micasaste.com\/en\/wp-json\/wp\/v2\/product_tag?post=26370"}],"curies":[{"name":"wp","href":"https:\/\/api.w.org\/{rel}","templated":true}]}}