{"id":26245,"date":"2026-01-13T11:25:50","date_gmt":"2026-01-13T10:25:50","guid":{"rendered":"https:\/\/micasaste.com\/?post_type=product&#038;p=26245"},"modified":"2026-01-13T11:27:23","modified_gmt":"2026-01-13T10:27:23","slug":"nappe-jasmin-180-x-340","status":"publish","type":"product","link":"https:\/\/micasaste.com\/en\/shop\/nappe-jasmin-180-x-340\/","title":{"rendered":"Nappe Jasmin | 180 x 340"},"content":{"rendered":"<p class=\"\" data-start=\"468\" data-end=\"844\">Apportez une touche d&rsquo;\u00e9l\u00e9gance intemporelle \u00e0 votre table avec la nappe Jasmin. Confectionn\u00e9e \u00e0 la main en Inde. Cette nappe incarne le mariage parfait entre le savoir-faire traditionnel et un design moderne. Son tissu doux et l\u00e9ger est orn\u00e9 de motifs d\u00e9licats inspir\u00e9s des traditions artisanales indiennes, ajoutant \u00e0 chaque repas une atmosph\u00e8re chaleureuse et raffin\u00e9e.<\/p>\n<p class=\"\" data-start=\"846\" data-end=\"1275\">Le choix de mat\u00e9riaux naturels et l\u2019attention aux d\u00e9tails font de cette nappe un produit durable. En optant pour la nappe Jasmin vous choisissez non seulement une nappe de qualit\u00e9 sup\u00e9rieure, mais aussi un produit qui soutient l&rsquo;artisanat local indien. Chaque nappe est unique. Gr\u00e2ce \u00e0 la fabrication artisanale et aux techniques de tissage traditionnelles utilis\u00e9es par nos artisans en Inde.<\/p>\n<p class=\"\" data-start=\"1277\" data-end=\"1592\">Disponible en plusieurs tailles pour s&rsquo;adapter \u00e0 vos besoins. Cette nappe est id\u00e9ale pour toutes les occasions, que ce soit un d\u00eener quotidien ou un repas festif. Les nuances de couleurs et les motifs complexes cr\u00e9ent une ambiance accueillante et harmonieuse.<\/p>\n<p class=\"\" data-start=\"1594\" data-end=\"1935\">Que vous organisiez un d\u00eener en famille ou que vous souhaitiez ajouter une touche sophistiqu\u00e9e \u00e0 votre int\u00e9rieur, la nappe Jasmin est un choix parfait. Facile \u00e0 entretenir et r\u00e9solument \u00e9l\u00e9gante, elle apportera un style distinctif \u00e0 votre d\u00e9coration. Laissez-vous s\u00e9duire par l\u2019authenticit\u00e9 et l&rsquo;\u00e9l\u00e9gance de cette nappe unique en son genre.<\/p>","protected":false},"excerpt":{"rendered":"<p>Apportez une touche d\u2019\u00e9l\u00e9gance et d\u2019authenticit\u00e9 \u00e0 votre table avec les nappes Micasast\u00e9.<\/p>\n<p>Confectionn\u00e9e en 100 % coton et imprim\u00e9e \u00e0 la main selon la technique traditionnelle du block print.<\/p>\n<p>Douce, r\u00e9sistante et facile d\u2019entretien, elle s\u2019adapte \u00e0 tous les styles de d\u00e9coration, du boh\u00e8me au classique.<\/p>\n<p>Id\u00e9ale pour un usage quotidien ou une table de f\u00eate, elle transforme chaque repas en un moment d\u2019exception.<\/p>\n<p>Taille 180 x 340<\/p>","protected":false},"featured_media":26206,"comment_status":"closed","ping_status":"closed","template":"","meta":{"inline_featured_image":false},"product_brand":[356],"product_cat":[405],"product_tag":[362,346,361,360],"class_list":{"0":"post-26245","1":"product","2":"type-product","3":"status-publish","4":"has-post-thumbnail","6":"product_brand-micasaste","7":"product_cat-nappe-180-x-340","8":"product_tag-decoration","9":"product_tag-linge-de-table","10":"product_tag-micasaste","11":"product_tag-nappes","13":"first","14":"instock","15":"taxable","16":"shipping-taxable","17":"purchasable","18":"product-type-simple"},"yoast_head":"<!-- This site is optimized with the Yoast SEO plugin v27.4 - https:\/\/yoast.com\/product\/yoast-seo-wordpress\/ -->\n<title>Nappe Jasmin \u2013 Imprim\u00e9e \u00e0 la Main | \u00c9l\u00e9gance et Artisanat<\/title>\n<meta name=\"description\" content=\"Sublimez votre table avec la nappe Jasmin, en coton imprim\u00e9 \u00e0 la main. Son design floral allie artisanat indien et \u00e9l\u00e9gance.\" \/>\n<meta name=\"robots\" content=\"index, follow, max-snippet:-1, max-image-preview:large, max-video-preview:-1\" \/>\n<link rel=\"canonical\" href=\"https:\/\/micasaste.com\/en\/shop\/nappe-jasmin-180-x-340\/\" \/>\n<meta property=\"og:locale\" content=\"en_US\" \/>\n<meta property=\"og:type\" content=\"article\" \/>\n<meta property=\"og:title\" content=\"Nappe Jasmin \u2013 Imprim\u00e9e \u00e0 la Main | \u00c9l\u00e9gance et Artisanat\" \/>\n<meta property=\"og:description\" content=\"Sublimez votre table avec la nappe Jasmin, en coton imprim\u00e9 \u00e0 la main. Son design floral allie artisanat indien et \u00e9l\u00e9gance.\" \/>\n<meta property=\"og:url\" content=\"https:\/\/micasaste.com\/en\/shop\/nappe-jasmin-180-x-340\/\" \/>\n<meta property=\"og:site_name\" content=\"Micasast\u00e9\" \/>\n<meta property=\"article:publisher\" content=\"https:\/\/www.facebook.com\/Micasast-100208301386552\/\" \/>\n<meta property=\"article:modified_time\" content=\"2026-01-13T10:27:23+00:00\" \/>\n<meta property=\"og:image\" content=\"https:\/\/micasaste.com\/wp-content\/uploads\/2026\/01\/1-Nappe-Jasmin-.png\" \/>\n\t<meta property=\"og:image:width\" content=\"421\" \/>\n\t<meta property=\"og:image:height\" content=\"415\" \/>\n\t<meta property=\"og:image:type\" content=\"image\/png\" \/>\n<meta name=\"twitter:card\" content=\"summary_large_image\" \/>\n<meta name=\"twitter:label1\" content=\"Est. reading time\" \/>\n\t<meta name=\"twitter:data1\" content=\"2 minutes\" \/>\n<script type=\"application\/ld+json\" class=\"yoast-schema-graph\">{\"@context\":\"https:\\\/\\\/schema.org\",\"@graph\":[{\"@type\":\"WebPage\",\"@id\":\"https:\\\/\\\/micasaste.com\\\/shop\\\/nappe-jasmin-180-x-340\\\/\",\"url\":\"https:\\\/\\\/micasaste.com\\\/shop\\\/nappe-jasmin-180-x-340\\\/\",\"name\":\"Nappe Jasmin \u2013 Imprim\u00e9e \u00e0 la Main | \u00c9l\u00e9gance et Artisanat\",\"isPartOf\":{\"@id\":\"https:\\\/\\\/micasaste.com\\\/#website\"},\"primaryImageOfPage\":{\"@id\":\"https:\\\/\\\/micasaste.com\\\/shop\\\/nappe-jasmin-180-x-340\\\/#primaryimage\"},\"image\":{\"@id\":\"https:\\\/\\\/micasaste.com\\\/shop\\\/nappe-jasmin-180-x-340\\\/#primaryimage\"},\"thumbnailUrl\":\"https:\\\/\\\/micasaste.com\\\/wp-content\\\/uploads\\\/2026\\\/01\\\/1-Nappe-Jasmin-.png\",\"datePublished\":\"2026-01-13T10:25:50+00:00\",\"dateModified\":\"2026-01-13T10:27:23+00:00\",\"description\":\"Sublimez votre table avec la nappe Jasmin, en coton imprim\u00e9 \u00e0 la main. Son design floral allie artisanat indien et \u00e9l\u00e9gance.\",\"breadcrumb\":{\"@id\":\"https:\\\/\\\/micasaste.com\\\/shop\\\/nappe-jasmin-180-x-340\\\/#breadcrumb\"},\"inLanguage\":\"en-US\",\"potentialAction\":[{\"@type\":\"ReadAction\",\"target\":[\"https:\\\/\\\/micasaste.com\\\/shop\\\/nappe-jasmin-180-x-340\\\/\"]}]},{\"@type\":\"ImageObject\",\"inLanguage\":\"en-US\",\"@id\":\"https:\\\/\\\/micasaste.com\\\/shop\\\/nappe-jasmin-180-x-340\\\/#primaryimage\",\"url\":\"https:\\\/\\\/micasaste.com\\\/wp-content\\\/uploads\\\/2026\\\/01\\\/1-Nappe-Jasmin-.png\",\"contentUrl\":\"https:\\\/\\\/micasaste.com\\\/wp-content\\\/uploads\\\/2026\\\/01\\\/1-Nappe-Jasmin-.png\",\"width\":421,\"height\":415,\"caption\":\"Nappe Jasmin, une nappe sur fond blanc imprim\u00e9e de motifs floraux roses et violets.\"},{\"@type\":\"BreadcrumbList\",\"@id\":\"https:\\\/\\\/micasaste.com\\\/shop\\\/nappe-jasmin-180-x-340\\\/#breadcrumb\",\"itemListElement\":[{\"@type\":\"ListItem\",\"position\":1,\"name\":\"Accueil\",\"item\":\"https:\\\/\\\/micasaste.com\\\/\"},{\"@type\":\"ListItem\",\"position\":2,\"name\":\"Collection\",\"item\":\"https:\\\/\\\/micasaste.com\\\/shop-vetements-artisanaux-femme\\\/\"},{\"@type\":\"ListItem\",\"position\":3,\"name\":\"LINGE DE TABLE\",\"item\":\"https:\\\/\\\/micasaste.com\\\/categorie\\\/linge-de-table-indien-fait-main\\\/\"},{\"@type\":\"ListItem\",\"position\":4,\"name\":\"Nappes\",\"item\":\"https:\\\/\\\/micasaste.com\\\/categorie\\\/linge-de-table-indien-fait-main\\\/nappes\\\/\"},{\"@type\":\"ListItem\",\"position\":5,\"name\":\"Nappe 180 x 340\",\"item\":\"https:\\\/\\\/micasaste.com\\\/categorie\\\/linge-de-table-indien-fait-main\\\/nappes\\\/nappe-180-x-340\\\/\"},{\"@type\":\"ListItem\",\"position\":6,\"name\":\"Nappe Jasmin | 180 x 340\"}]},{\"@type\":\"WebSite\",\"@id\":\"https:\\\/\\\/micasaste.com\\\/#website\",\"url\":\"https:\\\/\\\/micasaste.com\\\/\",\"name\":\"Micasast\u00e9\",\"description\":\"V\u00eatements et Accessoires pour Femme \",\"publisher\":{\"@id\":\"https:\\\/\\\/micasaste.com\\\/#organization\"},\"potentialAction\":[{\"@type\":\"SearchAction\",\"target\":{\"@type\":\"EntryPoint\",\"urlTemplate\":\"https:\\\/\\\/micasaste.com\\\/?s={search_term_string}\"},\"query-input\":{\"@type\":\"PropertyValueSpecification\",\"valueRequired\":true,\"valueName\":\"search_term_string\"}}],\"inLanguage\":\"en-US\"},{\"@type\":\"Organization\",\"@id\":\"https:\\\/\\\/micasaste.com\\\/#organization\",\"name\":\"MicasaSt\u00e9\",\"url\":\"https:\\\/\\\/micasaste.com\\\/\",\"logo\":{\"@type\":\"ImageObject\",\"inLanguage\":\"en-US\",\"@id\":\"https:\\\/\\\/micasaste.com\\\/#\\\/schema\\\/logo\\\/image\\\/\",\"url\":\"https:\\\/\\\/micasaste.com\\\/wp-content\\\/uploads\\\/2020\\\/04\\\/logo-micasaste.svg\",\"contentUrl\":\"https:\\\/\\\/micasaste.com\\\/wp-content\\\/uploads\\\/2020\\\/04\\\/logo-micasaste.svg\",\"width\":\"1024\",\"height\":\"1024\",\"caption\":\"MicasaSt\u00e9\"},\"image\":{\"@id\":\"https:\\\/\\\/micasaste.com\\\/#\\\/schema\\\/logo\\\/image\\\/\"},\"sameAs\":[\"https:\\\/\\\/www.facebook.com\\\/Micasast-100208301386552\\\/\",\"https:\\\/\\\/www.instagram.com\\\/micasaste\\\/\"]}]}<\/script>\n<!-- \/ Yoast SEO plugin. -->","yoast_head_json":{"title":"Nappe Jasmin \u2013 Imprim\u00e9e \u00e0 la Main | \u00c9l\u00e9gance et Artisanat","description":"Sublimez votre table avec la nappe Jasmin, en coton imprim\u00e9 \u00e0 la main. Son design floral allie artisanat indien et \u00e9l\u00e9gance.","robots":{"index":"index","follow":"follow","max-snippet":"max-snippet:-1","max-image-preview":"max-image-preview:large","max-video-preview":"max-video-preview:-1"},"canonical":"https:\/\/micasaste.com\/en\/shop\/nappe-jasmin-180-x-340\/","og_locale":"en_US","og_type":"article","og_title":"Nappe Jasmin \u2013 Imprim\u00e9e \u00e0 la Main | \u00c9l\u00e9gance et Artisanat","og_description":"Sublimez votre table avec la nappe Jasmin, en coton imprim\u00e9 \u00e0 la main. Son design floral allie artisanat indien et \u00e9l\u00e9gance.","og_url":"https:\/\/micasaste.com\/en\/shop\/nappe-jasmin-180-x-340\/","og_site_name":"Micasast\u00e9","article_publisher":"https:\/\/www.facebook.com\/Micasast-100208301386552\/","article_modified_time":"2026-01-13T10:27:23+00:00","og_image":[{"width":421,"height":415,"url":"https:\/\/micasaste.com\/wp-content\/uploads\/2026\/01\/1-Nappe-Jasmin-.png","type":"image\/png"}],"twitter_card":"summary_large_image","twitter_misc":{"Est. reading time":"2 minutes"},"schema":{"@context":"https:\/\/schema.org","@graph":[{"@type":"WebPage","@id":"https:\/\/micasaste.com\/shop\/nappe-jasmin-180-x-340\/","url":"https:\/\/micasaste.com\/shop\/nappe-jasmin-180-x-340\/","name":"Nappe Jasmin \u2013 Imprim\u00e9e \u00e0 la Main | \u00c9l\u00e9gance et Artisanat","isPartOf":{"@id":"https:\/\/micasaste.com\/#website"},"primaryImageOfPage":{"@id":"https:\/\/micasaste.com\/shop\/nappe-jasmin-180-x-340\/#primaryimage"},"image":{"@id":"https:\/\/micasaste.com\/shop\/nappe-jasmin-180-x-340\/#primaryimage"},"thumbnailUrl":"https:\/\/micasaste.com\/wp-content\/uploads\/2026\/01\/1-Nappe-Jasmin-.png","datePublished":"2026-01-13T10:25:50+00:00","dateModified":"2026-01-13T10:27:23+00:00","description":"Sublimez votre table avec la nappe Jasmin, en coton imprim\u00e9 \u00e0 la main. Son design floral allie artisanat indien et \u00e9l\u00e9gance.","breadcrumb":{"@id":"https:\/\/micasaste.com\/shop\/nappe-jasmin-180-x-340\/#breadcrumb"},"inLanguage":"en-US","potentialAction":[{"@type":"ReadAction","target":["https:\/\/micasaste.com\/shop\/nappe-jasmin-180-x-340\/"]}]},{"@type":"ImageObject","inLanguage":"en-US","@id":"https:\/\/micasaste.com\/shop\/nappe-jasmin-180-x-340\/#primaryimage","url":"https:\/\/micasaste.com\/wp-content\/uploads\/2026\/01\/1-Nappe-Jasmin-.png","contentUrl":"https:\/\/micasaste.com\/wp-content\/uploads\/2026\/01\/1-Nappe-Jasmin-.png","width":421,"height":415,"caption":"Nappe Jasmin, une nappe sur fond blanc imprim\u00e9e de motifs floraux roses et violets."},{"@type":"BreadcrumbList","@id":"https:\/\/micasaste.com\/shop\/nappe-jasmin-180-x-340\/#breadcrumb","itemListElement":[{"@type":"ListItem","position":1,"name":"Accueil","item":"https:\/\/micasaste.com\/"},{"@type":"ListItem","position":2,"name":"Collection","item":"https:\/\/micasaste.com\/shop-vetements-artisanaux-femme\/"},{"@type":"ListItem","position":3,"name":"LINGE DE TABLE","item":"https:\/\/micasaste.com\/categorie\/linge-de-table-indien-fait-main\/"},{"@type":"ListItem","position":4,"name":"Nappes","item":"https:\/\/micasaste.com\/categorie\/linge-de-table-indien-fait-main\/nappes\/"},{"@type":"ListItem","position":5,"name":"Nappe 180 x 340","item":"https:\/\/micasaste.com\/categorie\/linge-de-table-indien-fait-main\/nappes\/nappe-180-x-340\/"},{"@type":"ListItem","position":6,"name":"Nappe Jasmin | 180 x 340"}]},{"@type":"WebSite","@id":"https:\/\/micasaste.com\/#website","url":"https:\/\/micasaste.com\/","name":"Micasast\u00e9","description":"V\u00eatements et Accessoires pour Femme","publisher":{"@id":"https:\/\/micasaste.com\/#organization"},"potentialAction":[{"@type":"SearchAction","target":{"@type":"EntryPoint","urlTemplate":"https:\/\/micasaste.com\/?s={search_term_string}"},"query-input":{"@type":"PropertyValueSpecification","valueRequired":true,"valueName":"search_term_string"}}],"inLanguage":"en-US"},{"@type":"Organization","@id":"https:\/\/micasaste.com\/#organization","name":"MicasaSt\u00e9","url":"https:\/\/micasaste.com\/","logo":{"@type":"ImageObject","inLanguage":"en-US","@id":"https:\/\/micasaste.com\/#\/schema\/logo\/image\/","url":"https:\/\/micasaste.com\/wp-content\/uploads\/2020\/04\/logo-micasaste.svg","contentUrl":"https:\/\/micasaste.com\/wp-content\/uploads\/2020\/04\/logo-micasaste.svg","width":"1024","height":"1024","caption":"MicasaSt\u00e9"},"image":{"@id":"https:\/\/micasaste.com\/#\/schema\/logo\/image\/"},"sameAs":["https:\/\/www.facebook.com\/Micasast-100208301386552\/","https:\/\/www.instagram.com\/micasaste\/"]}]}},"_links":{"self":[{"href":"https:\/\/micasaste.com\/en\/wp-json\/wp\/v2\/product\/26245","targetHints":{"allow":["GET"]}}],"collection":[{"href":"https:\/\/micasaste.com\/en\/wp-json\/wp\/v2\/product"}],"about":[{"href":"https:\/\/micasaste.com\/en\/wp-json\/wp\/v2\/types\/product"}],"replies":[{"embeddable":true,"href":"https:\/\/micasaste.com\/en\/wp-json\/wp\/v2\/comments?post=26245"}],"wp:featuredmedia":[{"embeddable":true,"href":"https:\/\/micasaste.com\/en\/wp-json\/wp\/v2\/media\/26206"}],"wp:attachment":[{"href":"https:\/\/micasaste.com\/en\/wp-json\/wp\/v2\/media?parent=26245"}],"wp:term":[{"taxonomy":"product_brand","embeddable":true,"href":"https:\/\/micasaste.com\/en\/wp-json\/wp\/v2\/product_brand?post=26245"},{"taxonomy":"product_cat","embeddable":true,"href":"https:\/\/micasaste.com\/en\/wp-json\/wp\/v2\/product_cat?post=26245"},{"taxonomy":"product_tag","embeddable":true,"href":"https:\/\/micasaste.com\/en\/wp-json\/wp\/v2\/product_tag?post=26245"}],"curies":[{"name":"wp","href":"https:\/\/api.w.org\/{rel}","templated":true}]}}