{"id":26004,"date":"2025-12-31T13:15:13","date_gmt":"2025-12-31T12:15:13","guid":{"rendered":"https:\/\/micasaste.com\/?post_type=product&#038;p=26004"},"modified":"2026-04-21T12:53:17","modified_gmt":"2026-04-21T10:53:17","slug":"nappe-delhi-floral-180-x-280","status":"publish","type":"product","link":"https:\/\/micasaste.com\/en\/shop\/nappe-delhi-floral-180-x-280\/","title":{"rendered":"Nappe Delhi Floral | 180 x 280"},"content":{"rendered":"<div class=\"border-borderMain\/50 ring-borderMain\/50 divide-borderMain\/50 dark:divide-borderMainDark\/50 dark:ring-borderMainDark\/50 dark:border-borderMainDark\/50 bg-transparent\">\n<div class=\"gap-xl grid-cols-12 md:grid\">\n<div class=\"pt-md isolate will-change-auto col-span-8\">\n<div class=\"border-b pb-xl border-borderMain\/50 ring-borderMain\/50 divide-borderMain\/50 dark:divide-borderMainDark\/50 dark:ring-borderMainDark\/50 dark:border-borderMainDark\/50 bg-transparent\">\n<div>\n<div class=\"border-borderMain\/50 ring-borderMain\/50 divide-borderMain\/50 dark:divide-borderMainDark\/50 dark:ring-borderMainDark\/50 dark:border-borderMainDark\/50 bg-transparent\">\n<div class=\"mb-md\">\n<div class=\"relative default font-sans text-base text-textMain dark:text-textMainDark selection:bg-super\/50 selection:text-textMain dark:selection:bg-superDuper\/10 dark:selection:text-superDark\">\n<div class=\"min-w-0 break-words [word-break:break-word]\">\n<div dir=\"auto\">\n<div class=\"prose text-pretty dark:prose-invert inline leading-normal break-words min-w-0 [word-break:break-word]\">Apportez du charme et du raffinement \u00e0 vos repas avec la nappe <strong>Delhi Floral<\/strong>. Son motif floral vibrant, imprim\u00e9 \u00e0 la main, transforme instantan\u00e9ment votre table. Inspir\u00e9e des traditions\u00a0 de l\u2019Inde, elle associe des teintes d&rsquo;orange de bleu apaisant et de beige d\u00e9licat. Son design polyvalent s\u2019adapte \u00e0 toutes les occasions, du repas quotidien aux d\u00eeners festifs.<\/div>\n<\/div>\n<\/div>\n<\/div>\n<\/div>\n<\/div>\n<\/div>\n<\/div>\n<\/div>\n<\/div>\n<\/div>\n<div class=\"border-borderMain\/50 ring-borderMain\/50 divide-borderMain\/50 dark:divide-borderMainDark\/50 dark:ring-borderMainDark\/50 dark:border-borderMainDark\/50 bg-transparent\">\n<div class=\"gap-xl grid-cols-12 md:grid\">\n<div class=\"pt-md isolate will-change-auto col-span-8\">\n<div class=\"pb-32 border-borderMain\/50 ring-borderMain\/50 divide-borderMain\/50 dark:divide-borderMainDark\/50 dark:ring-borderMainDark\/50 dark:border-borderMainDark\/50 bg-transparent\">\n<div class=\"\">\n<div class=\"mt-lg pt-lg animate-in fade-in border-t duration-1000 ease-out border-borderMain\/50 ring-borderMain\/50 divide-borderMain\/50 dark:divide-borderMainDark\/50 dark:ring-borderMainDark\/50 dark:border-borderMainDark\/50 bg-transparent\">\n<div class=\"border-borderMain\/50 ring-borderMain\/50 divide-borderMain\/50 dark:divide-borderMainDark\/50 dark:ring-borderMainDark\/50 dark:border-borderMainDark\/50 bg-transparent\">\n<div class=\"divide-y border-t border-borderMain\/50 ring-borderMain\/50 divide-borderMain\/50 dark:divide-borderMainDark\/50 dark:ring-borderMainDark\/50 dark:border-borderMainDark\/50 bg-transparent\">\n<div class=\"py-sm group flex cursor-pointer items-center justify-between\">\n<div class=\"ml-sm flex-none transition-all duration-300 super font-sans text-base font-medium text-super dark:text-superDark selection:bg-super\/50 selection:text-textMain dark:selection:bg-superDuper\/10 dark:selection:text-superDark\">\n<div class=\"flex-1 overflow-hidden @container\/thread translate-y-[2rem] -mt-[2rem] pb-[1.5rem]\">\n<div class=\"flex h-full flex-col overflow-y-auto\">\n<div class=\"flex flex-col text-sm md:pb-9\">\n<article class=\"w-full text-token-text-primary focus-visible:outline-2 focus-visible:outline-offset-[-4px]\" dir=\"auto\" data-testid=\"conversation-turn-37\" data-scroll-anchor=\"true\">\n<div class=\"m-auto text-base py-[18px] px-6\">\n<div class=\"mx-auto flex flex-1 text-base gap-4 md:gap-5 lg:gap-6 md:max-w-3xl lg:max-w-[40rem] xl:max-w-[48rem]\">\n<div class=\"group\/conversation-turn relative flex w-full min-w-0 flex-col agent-turn @xs\/thread:px-0 @sm\/thread:px-1.5 @md\/thread:px-4\">\n<div class=\"flex-col gap-1 md:gap-3\">\n<div class=\"flex max-w-full flex-col flex-grow\">\n<div class=\"min-h-8 text-message flex w-full flex-col items-end gap-2 whitespace-normal break-words text-start [.text-message+&amp;]:mt-5\" dir=\"auto\" data-message-author-role=\"assistant\" data-message-id=\"c1d7c7af-726a-4023-be6f-d61e313a68ab\" data-message-model-slug=\"gpt-4o\">\n<div class=\"flex w-full flex-col gap-1 empty:hidden first:pt-[3px]\">\n<div class=\"markdown prose w-full break-words dark:prose-invert dark\">\n<p data-start=\"454\" data-end=\"798\">Confectionn\u00e9e en coton de haute qualit\u00e9, elle allie douceur et r\u00e9sistance.<\/p>\n<p data-start=\"454\" data-end=\"798\">Son tissu respirant assure un toucher agr\u00e9able et une tenue impeccable. Les artisans appliquent minutieusement chaque motif gr\u00e2ce \u00e0 la technique traditionnelle du block print. Ce travail m\u00e9ticuleux apporte une \u00e9l\u00e9gance intemporelle et un cachet unique \u00e0 chaque pi\u00e8ce.<\/p>\n<p data-start=\"800\" data-end=\"1158\">Cette nappe s\u2019int\u00e8gre facilement \u00e0 tous les styles de d\u00e9coration. Associez-la \u00e0 des sets de table et des serviettes assortis pour un effet harmonieux et sophistiqu\u00e9. Imaginez un brunch du dimanche en famille, agr\u00e9ment\u00e9 de fleurs fra\u00eeches et d\u2019une ambiance chaleureuse. Visualisez un d\u00eener \u00e9l\u00e9gant, o\u00f9 sa beaut\u00e9 sublime la vaisselle et la lueur des bougies.<\/p>\n<p data-start=\"1160\" data-end=\"1489\">Bien plus qu\u2019un simple accessoire, cette nappe incarne l\u2019art et le savoir-faire textile indien. Elle s\u2019adapte aussi bien aux int\u00e9rieurs classiques qu\u2019aux d\u00e9cors contemporains, apportant une touche de chaleur et de sophistication. Facile \u00e0 entretenir, elle se lave en machine et conserve l\u2019\u00e9clat de ses couleurs au fil du temps.<\/p>\n<p data-start=\"1491\" data-end=\"1648\" data-is-last-node=\"\">Ajoutez une note d\u2019\u00e9l\u00e9gance \u00e0 votre table avec la nappe Delhi Floral. Une pi\u00e8ce unique qui marie tradition et modernit\u00e9 pour sublimer vos moments de partage.<\/p>\n<\/div>\n<\/div>\n<\/div>\n<\/div>\n<\/div>\n<\/div>\n<\/div>\n<\/div>\n<\/article>\n<\/div>\n<\/div>\n<\/div>\n<\/div>\n<\/div>\n<\/div>\n<\/div>\n<\/div>\n<\/div>\n<\/div>\n<\/div>\n<\/div>\n<\/div>\n<div class=\"bottom-mobileNavHeight gap-xl px-sm py-sm md:bottom-md pointer-events-none fixed z-10 md:px-0 grid-cols-12 md:grid border-borderMain\/50 ring-borderMain\/50 divide-borderMain\/50 dark:divide-borderMainDark\/50 dark:ring-borderMainDark\/50 dark:border-borderMainDark\/50 bg-transparent\">\n<div class=\"pointer-events-auto md:col-span-8\">\n<div class=\"w-full border-borderMain\/50 ring-borderMain\/50 divide-borderMain\/50 dark:divide-borderMainDark\/50 dark:ring-borderMainDark\/50 dark:border-borderMainDark\/50 bg-transparent\">\n<div class=\"gap-x-xs relative flex w-full items-center justify-end\">\n<div>\n<div class=\"relative\">\n<div>\n<div class=\"rounded-full md:p-sm bg-offset dark:bg-offsetDark\">\n<div class=\"bg-background w-full outline-none focus:outline-none focus:ring-borderMain font-sans flex items-center text-textMain placeholder-textOff border border-borderMain focus:ring-1 dark:bg-offsetDark dark:text-textMainDark dark:placeholder-textOffDark dark:border-borderMainDark dark:focus:ring-borderMainDark selection:bg-superDuper selection:text-textMain duration-200 transition-all ring-borderMain ring-1 dark:ring-borderMainDark shadow-sm rounded-t-[32px] rounded-b-[32px] py-sm px-sm grid items-center\">\n<div class=\"flex\"><\/div>\n<\/div>\n<\/div>\n<\/div>\n<\/div>\n<\/div>\n<\/div>\n<\/div>\n<\/div>\n<\/div>\n","protected":false},"excerpt":{"rendered":"<p>Apportez une touche d\u2019\u00e9l\u00e9gance et d\u2019authenticit\u00e9 \u00e0 votre table avec les nappes Micasast\u00e9.<\/p>\n<p>Confectionn\u00e9e en 100 % coton et imprim\u00e9e \u00e0 la main selon la technique traditionnelle du block print.<\/p>\n<p>Douce, r\u00e9sistante et facile d\u2019entretien, elle s\u2019adapte \u00e0 tous les styles de d\u00e9coration, du boh\u00e8me au classique.<\/p>\n<p>Id\u00e9ale pour un usage quotidien ou une table de f\u00eate, elle transforme chaque repas en un moment d\u2019exception.<\/p>\n<p>Taille 180 x 280<\/p>","protected":false},"featured_media":21138,"comment_status":"closed","ping_status":"closed","template":"","meta":{"inline_featured_image":false},"product_brand":[356],"product_cat":[404],"product_tag":[362,346,361,360],"class_list":{"0":"post-26004","1":"product","2":"type-product","3":"status-publish","4":"has-post-thumbnail","6":"product_brand-micasaste","7":"product_cat-nappe-180-x-280","8":"product_tag-decoration","9":"product_tag-linge-de-table","10":"product_tag-micasaste","11":"product_tag-nappes","13":"first","14":"instock","15":"taxable","16":"shipping-taxable","17":"purchasable","18":"product-type-simple"},"yoast_head":"<!-- This site is optimized with the Yoast SEO plugin v27.4 - https:\/\/yoast.com\/product\/yoast-seo-wordpress\/ -->\n<title>Nappe Delhi Floral - \u00c9l\u00e9gance et tradition | Micasast\u00e9<\/title>\n<meta name=\"description\" content=\"Transformez votre table avec la nappe Delhi Floral. Imprim\u00e9e \u00e0 la main avec un motif floral d&#039;inspiration indienne. Venez la d\u00e9couvrir chez Micasast\u00e9.\" \/>\n<meta name=\"robots\" content=\"index, follow, max-snippet:-1, max-image-preview:large, max-video-preview:-1\" \/>\n<link rel=\"canonical\" href=\"https:\/\/micasaste.com\/en\/shop\/nappe-delhi-floral-180-x-280\/\" \/>\n<meta property=\"og:locale\" content=\"en_US\" \/>\n<meta property=\"og:type\" content=\"article\" \/>\n<meta property=\"og:title\" content=\"Nappe Delhi Floral - \u00c9l\u00e9gance et tradition | Micasast\u00e9\" \/>\n<meta property=\"og:description\" content=\"Transformez votre table avec la nappe Delhi Floral. Imprim\u00e9e \u00e0 la main avec un motif floral d&#039;inspiration indienne. Venez la d\u00e9couvrir chez Micasast\u00e9.\" \/>\n<meta property=\"og:url\" content=\"https:\/\/micasaste.com\/en\/shop\/nappe-delhi-floral-180-x-280\/\" \/>\n<meta property=\"og:site_name\" content=\"Micasast\u00e9\" \/>\n<meta property=\"article:publisher\" content=\"https:\/\/www.facebook.com\/Micasast-100208301386552\/\" \/>\n<meta property=\"article:modified_time\" content=\"2026-04-21T10:53:17+00:00\" \/>\n<meta property=\"og:image\" content=\"https:\/\/micasaste.com\/wp-content\/uploads\/2025\/02\/48216c34-191d-41c1-8e96-f60ce6d95899.jpg\" \/>\n\t<meta property=\"og:image:width\" content=\"1260\" \/>\n\t<meta property=\"og:image:height\" content=\"1280\" \/>\n\t<meta property=\"og:image:type\" content=\"image\/jpeg\" \/>\n<meta name=\"twitter:card\" content=\"summary_large_image\" \/>\n<meta name=\"twitter:label1\" content=\"Est. reading time\" \/>\n\t<meta name=\"twitter:data1\" content=\"2 minutes\" \/>\n<script type=\"application\/ld+json\" class=\"yoast-schema-graph\">{\"@context\":\"https:\\\/\\\/schema.org\",\"@graph\":[{\"@type\":\"WebPage\",\"@id\":\"https:\\\/\\\/micasaste.com\\\/shop\\\/nappe-delhi-floral-180-x-280\\\/\",\"url\":\"https:\\\/\\\/micasaste.com\\\/shop\\\/nappe-delhi-floral-180-x-280\\\/\",\"name\":\"Nappe Delhi Floral - \u00c9l\u00e9gance et tradition | Micasast\u00e9\",\"isPartOf\":{\"@id\":\"https:\\\/\\\/micasaste.com\\\/#website\"},\"primaryImageOfPage\":{\"@id\":\"https:\\\/\\\/micasaste.com\\\/shop\\\/nappe-delhi-floral-180-x-280\\\/#primaryimage\"},\"image\":{\"@id\":\"https:\\\/\\\/micasaste.com\\\/shop\\\/nappe-delhi-floral-180-x-280\\\/#primaryimage\"},\"thumbnailUrl\":\"https:\\\/\\\/micasaste.com\\\/wp-content\\\/uploads\\\/2025\\\/02\\\/48216c34-191d-41c1-8e96-f60ce6d95899.jpg\",\"datePublished\":\"2025-12-31T12:15:13+00:00\",\"dateModified\":\"2026-04-21T10:53:17+00:00\",\"description\":\"Transformez votre table avec la nappe Delhi Floral. Imprim\u00e9e \u00e0 la main avec un motif floral d'inspiration indienne. Venez la d\u00e9couvrir chez Micasast\u00e9.\",\"breadcrumb\":{\"@id\":\"https:\\\/\\\/micasaste.com\\\/shop\\\/nappe-delhi-floral-180-x-280\\\/#breadcrumb\"},\"inLanguage\":\"en-US\",\"potentialAction\":[{\"@type\":\"ReadAction\",\"target\":[\"https:\\\/\\\/micasaste.com\\\/shop\\\/nappe-delhi-floral-180-x-280\\\/\"]}]},{\"@type\":\"ImageObject\",\"inLanguage\":\"en-US\",\"@id\":\"https:\\\/\\\/micasaste.com\\\/shop\\\/nappe-delhi-floral-180-x-280\\\/#primaryimage\",\"url\":\"https:\\\/\\\/micasaste.com\\\/wp-content\\\/uploads\\\/2025\\\/02\\\/48216c34-191d-41c1-8e96-f60ce6d95899.jpg\",\"contentUrl\":\"https:\\\/\\\/micasaste.com\\\/wp-content\\\/uploads\\\/2025\\\/02\\\/48216c34-191d-41c1-8e96-f60ce6d95899.jpg\",\"width\":1260,\"height\":1280,\"caption\":\"Une table joliment dress\u00e9e comprenant la nappe Delhi Floral, des sets de table assortis, des serviettes, de la verrerie, de l'argenterie et un vase de roses roses, cr\u00e9ant une ambiance \u00e9l\u00e9gante et accueillante.\"},{\"@type\":\"BreadcrumbList\",\"@id\":\"https:\\\/\\\/micasaste.com\\\/shop\\\/nappe-delhi-floral-180-x-280\\\/#breadcrumb\",\"itemListElement\":[{\"@type\":\"ListItem\",\"position\":1,\"name\":\"Accueil\",\"item\":\"https:\\\/\\\/micasaste.com\\\/\"},{\"@type\":\"ListItem\",\"position\":2,\"name\":\"Collection\",\"item\":\"https:\\\/\\\/micasaste.com\\\/shop-vetements-artisanaux-femme\\\/\"},{\"@type\":\"ListItem\",\"position\":3,\"name\":\"LINGE DE TABLE\",\"item\":\"https:\\\/\\\/micasaste.com\\\/categorie\\\/linge-de-table-indien-fait-main\\\/\"},{\"@type\":\"ListItem\",\"position\":4,\"name\":\"Nappes\",\"item\":\"https:\\\/\\\/micasaste.com\\\/categorie\\\/linge-de-table-indien-fait-main\\\/nappes\\\/\"},{\"@type\":\"ListItem\",\"position\":5,\"name\":\"Nappe 180 x 280\",\"item\":\"https:\\\/\\\/micasaste.com\\\/categorie\\\/linge-de-table-indien-fait-main\\\/nappes\\\/nappe-180-x-280\\\/\"},{\"@type\":\"ListItem\",\"position\":6,\"name\":\"Nappe Delhi Floral | 180 x 280\"}]},{\"@type\":\"WebSite\",\"@id\":\"https:\\\/\\\/micasaste.com\\\/#website\",\"url\":\"https:\\\/\\\/micasaste.com\\\/\",\"name\":\"Micasast\u00e9\",\"description\":\"V\u00eatements et Accessoires pour Femme \",\"publisher\":{\"@id\":\"https:\\\/\\\/micasaste.com\\\/#organization\"},\"potentialAction\":[{\"@type\":\"SearchAction\",\"target\":{\"@type\":\"EntryPoint\",\"urlTemplate\":\"https:\\\/\\\/micasaste.com\\\/?s={search_term_string}\"},\"query-input\":{\"@type\":\"PropertyValueSpecification\",\"valueRequired\":true,\"valueName\":\"search_term_string\"}}],\"inLanguage\":\"en-US\"},{\"@type\":\"Organization\",\"@id\":\"https:\\\/\\\/micasaste.com\\\/#organization\",\"name\":\"MicasaSt\u00e9\",\"url\":\"https:\\\/\\\/micasaste.com\\\/\",\"logo\":{\"@type\":\"ImageObject\",\"inLanguage\":\"en-US\",\"@id\":\"https:\\\/\\\/micasaste.com\\\/#\\\/schema\\\/logo\\\/image\\\/\",\"url\":\"https:\\\/\\\/micasaste.com\\\/wp-content\\\/uploads\\\/2020\\\/04\\\/logo-micasaste.svg\",\"contentUrl\":\"https:\\\/\\\/micasaste.com\\\/wp-content\\\/uploads\\\/2020\\\/04\\\/logo-micasaste.svg\",\"width\":\"1024\",\"height\":\"1024\",\"caption\":\"MicasaSt\u00e9\"},\"image\":{\"@id\":\"https:\\\/\\\/micasaste.com\\\/#\\\/schema\\\/logo\\\/image\\\/\"},\"sameAs\":[\"https:\\\/\\\/www.facebook.com\\\/Micasast-100208301386552\\\/\",\"https:\\\/\\\/www.instagram.com\\\/micasaste\\\/\"]}]}<\/script>\n<!-- \/ Yoast SEO plugin. -->","yoast_head_json":{"title":"Nappe Delhi Floral - \u00c9l\u00e9gance et tradition | Micasast\u00e9","description":"Transformez votre table avec la nappe Delhi Floral. Imprim\u00e9e \u00e0 la main avec un motif floral d'inspiration indienne. Venez la d\u00e9couvrir chez Micasast\u00e9.","robots":{"index":"index","follow":"follow","max-snippet":"max-snippet:-1","max-image-preview":"max-image-preview:large","max-video-preview":"max-video-preview:-1"},"canonical":"https:\/\/micasaste.com\/en\/shop\/nappe-delhi-floral-180-x-280\/","og_locale":"en_US","og_type":"article","og_title":"Nappe Delhi Floral - \u00c9l\u00e9gance et tradition | Micasast\u00e9","og_description":"Transformez votre table avec la nappe Delhi Floral. Imprim\u00e9e \u00e0 la main avec un motif floral d'inspiration indienne. Venez la d\u00e9couvrir chez Micasast\u00e9.","og_url":"https:\/\/micasaste.com\/en\/shop\/nappe-delhi-floral-180-x-280\/","og_site_name":"Micasast\u00e9","article_publisher":"https:\/\/www.facebook.com\/Micasast-100208301386552\/","article_modified_time":"2026-04-21T10:53:17+00:00","og_image":[{"width":1260,"height":1280,"url":"https:\/\/micasaste.com\/wp-content\/uploads\/2025\/02\/48216c34-191d-41c1-8e96-f60ce6d95899.jpg","type":"image\/jpeg"}],"twitter_card":"summary_large_image","twitter_misc":{"Est. reading time":"2 minutes"},"schema":{"@context":"https:\/\/schema.org","@graph":[{"@type":"WebPage","@id":"https:\/\/micasaste.com\/shop\/nappe-delhi-floral-180-x-280\/","url":"https:\/\/micasaste.com\/shop\/nappe-delhi-floral-180-x-280\/","name":"Nappe Delhi Floral - \u00c9l\u00e9gance et tradition | Micasast\u00e9","isPartOf":{"@id":"https:\/\/micasaste.com\/#website"},"primaryImageOfPage":{"@id":"https:\/\/micasaste.com\/shop\/nappe-delhi-floral-180-x-280\/#primaryimage"},"image":{"@id":"https:\/\/micasaste.com\/shop\/nappe-delhi-floral-180-x-280\/#primaryimage"},"thumbnailUrl":"https:\/\/micasaste.com\/wp-content\/uploads\/2025\/02\/48216c34-191d-41c1-8e96-f60ce6d95899.jpg","datePublished":"2025-12-31T12:15:13+00:00","dateModified":"2026-04-21T10:53:17+00:00","description":"Transformez votre table avec la nappe Delhi Floral. Imprim\u00e9e \u00e0 la main avec un motif floral d'inspiration indienne. Venez la d\u00e9couvrir chez Micasast\u00e9.","breadcrumb":{"@id":"https:\/\/micasaste.com\/shop\/nappe-delhi-floral-180-x-280\/#breadcrumb"},"inLanguage":"en-US","potentialAction":[{"@type":"ReadAction","target":["https:\/\/micasaste.com\/shop\/nappe-delhi-floral-180-x-280\/"]}]},{"@type":"ImageObject","inLanguage":"en-US","@id":"https:\/\/micasaste.com\/shop\/nappe-delhi-floral-180-x-280\/#primaryimage","url":"https:\/\/micasaste.com\/wp-content\/uploads\/2025\/02\/48216c34-191d-41c1-8e96-f60ce6d95899.jpg","contentUrl":"https:\/\/micasaste.com\/wp-content\/uploads\/2025\/02\/48216c34-191d-41c1-8e96-f60ce6d95899.jpg","width":1260,"height":1280,"caption":"Une table joliment dress\u00e9e comprenant la nappe Delhi Floral, des sets de table assortis, des serviettes, de la verrerie, de l'argenterie et un vase de roses roses, cr\u00e9ant une ambiance \u00e9l\u00e9gante et accueillante."},{"@type":"BreadcrumbList","@id":"https:\/\/micasaste.com\/shop\/nappe-delhi-floral-180-x-280\/#breadcrumb","itemListElement":[{"@type":"ListItem","position":1,"name":"Accueil","item":"https:\/\/micasaste.com\/"},{"@type":"ListItem","position":2,"name":"Collection","item":"https:\/\/micasaste.com\/shop-vetements-artisanaux-femme\/"},{"@type":"ListItem","position":3,"name":"LINGE DE TABLE","item":"https:\/\/micasaste.com\/categorie\/linge-de-table-indien-fait-main\/"},{"@type":"ListItem","position":4,"name":"Nappes","item":"https:\/\/micasaste.com\/categorie\/linge-de-table-indien-fait-main\/nappes\/"},{"@type":"ListItem","position":5,"name":"Nappe 180 x 280","item":"https:\/\/micasaste.com\/categorie\/linge-de-table-indien-fait-main\/nappes\/nappe-180-x-280\/"},{"@type":"ListItem","position":6,"name":"Nappe Delhi Floral | 180 x 280"}]},{"@type":"WebSite","@id":"https:\/\/micasaste.com\/#website","url":"https:\/\/micasaste.com\/","name":"Micasast\u00e9","description":"V\u00eatements et Accessoires pour Femme","publisher":{"@id":"https:\/\/micasaste.com\/#organization"},"potentialAction":[{"@type":"SearchAction","target":{"@type":"EntryPoint","urlTemplate":"https:\/\/micasaste.com\/?s={search_term_string}"},"query-input":{"@type":"PropertyValueSpecification","valueRequired":true,"valueName":"search_term_string"}}],"inLanguage":"en-US"},{"@type":"Organization","@id":"https:\/\/micasaste.com\/#organization","name":"MicasaSt\u00e9","url":"https:\/\/micasaste.com\/","logo":{"@type":"ImageObject","inLanguage":"en-US","@id":"https:\/\/micasaste.com\/#\/schema\/logo\/image\/","url":"https:\/\/micasaste.com\/wp-content\/uploads\/2020\/04\/logo-micasaste.svg","contentUrl":"https:\/\/micasaste.com\/wp-content\/uploads\/2020\/04\/logo-micasaste.svg","width":"1024","height":"1024","caption":"MicasaSt\u00e9"},"image":{"@id":"https:\/\/micasaste.com\/#\/schema\/logo\/image\/"},"sameAs":["https:\/\/www.facebook.com\/Micasast-100208301386552\/","https:\/\/www.instagram.com\/micasaste\/"]}]}},"_links":{"self":[{"href":"https:\/\/micasaste.com\/en\/wp-json\/wp\/v2\/product\/26004","targetHints":{"allow":["GET"]}}],"collection":[{"href":"https:\/\/micasaste.com\/en\/wp-json\/wp\/v2\/product"}],"about":[{"href":"https:\/\/micasaste.com\/en\/wp-json\/wp\/v2\/types\/product"}],"replies":[{"embeddable":true,"href":"https:\/\/micasaste.com\/en\/wp-json\/wp\/v2\/comments?post=26004"}],"wp:featuredmedia":[{"embeddable":true,"href":"https:\/\/micasaste.com\/en\/wp-json\/wp\/v2\/media\/21138"}],"wp:attachment":[{"href":"https:\/\/micasaste.com\/en\/wp-json\/wp\/v2\/media?parent=26004"}],"wp:term":[{"taxonomy":"product_brand","embeddable":true,"href":"https:\/\/micasaste.com\/en\/wp-json\/wp\/v2\/product_brand?post=26004"},{"taxonomy":"product_cat","embeddable":true,"href":"https:\/\/micasaste.com\/en\/wp-json\/wp\/v2\/product_cat?post=26004"},{"taxonomy":"product_tag","embeddable":true,"href":"https:\/\/micasaste.com\/en\/wp-json\/wp\/v2\/product_tag?post=26004"}],"curies":[{"name":"wp","href":"https:\/\/api.w.org\/{rel}","templated":true}]}}