{"id":25122,"date":"2025-09-30T11:13:06","date_gmt":"2025-09-30T09:13:06","guid":{"rendered":"https:\/\/micasaste.com\/?post_type=product&#038;p=25122"},"modified":"2025-12-31T12:48:15","modified_gmt":"2025-12-31T11:48:15","slug":"nappe-ira-180-x-280","status":"publish","type":"product","link":"https:\/\/micasaste.com\/en\/shop\/nappe-ira-180-x-280\/","title":{"rendered":"Nappe Ira | 180 x 280"},"content":{"rendered":"","protected":false},"excerpt":{"rendered":"<p>Apportez une touche d\u2019\u00e9l\u00e9gance et d\u2019authenticit\u00e9 \u00e0 votre table avec les nappes Micasast\u00e9.<\/p>\n<p>Confectionn\u00e9e en 100 % coton et imprim\u00e9e \u00e0 la main selon la technique traditionnelle du block print.<\/p>\n<p>Douce, r\u00e9sistante et facile d\u2019entretien, elle s\u2019adapte \u00e0 tous les styles de d\u00e9coration, du boh\u00e8me au classique.<\/p>\n<p>Id\u00e9ale pour un usage quotidien ou une table de f\u00eate, elle transforme chaque repas en un moment d\u2019exception.<\/p>\n<p>Taille\u00a0 180 x 280<\/p>","protected":false},"featured_media":25119,"comment_status":"closed","ping_status":"closed","template":"","meta":{"inline_featured_image":false},"product_brand":[356],"product_cat":[404],"product_tag":[362,346,361,360],"class_list":{"0":"post-25122","1":"product","2":"type-product","3":"status-publish","4":"has-post-thumbnail","6":"product_brand-micasaste","7":"product_cat-nappe-180-x-280","8":"product_tag-decoration","9":"product_tag-linge-de-table","10":"product_tag-micasaste","11":"product_tag-nappes","13":"first","14":"instock","15":"taxable","16":"shipping-taxable","17":"purchasable","18":"product-type-simple"},"yoast_head":"<!-- This site is optimized with the Yoast SEO plugin v27.4 - https:\/\/yoast.com\/product\/yoast-seo-wordpress\/ -->\n<title>Nappe Ira \u2013 Nappe indienne imprim\u00e9e \u00e0 la main | Micasast\u00e9<\/title>\n<meta name=\"description\" content=\"Apportez une touche boh\u00e8me et artisanale \u00e0 votre table avec la nappe Ira. Fabriqu\u00e9e en Inde en coton imprim\u00e9 \u00e0 la &quot;hand machine&quot;.\" \/>\n<meta name=\"robots\" content=\"index, follow, max-snippet:-1, max-image-preview:large, max-video-preview:-1\" \/>\n<link rel=\"canonical\" href=\"https:\/\/micasaste.com\/en\/shop\/nappe-ira-180-x-280\/\" \/>\n<meta property=\"og:locale\" content=\"en_US\" \/>\n<meta property=\"og:type\" content=\"article\" \/>\n<meta property=\"og:title\" content=\"Nappe Ira \u2013 Nappe indienne imprim\u00e9e \u00e0 la main | Micasast\u00e9\" \/>\n<meta property=\"og:description\" content=\"Apportez une touche boh\u00e8me et artisanale \u00e0 votre table avec la nappe Ira. Fabriqu\u00e9e en Inde en coton imprim\u00e9 \u00e0 la &quot;hand machine&quot;.\" \/>\n<meta property=\"og:url\" content=\"https:\/\/micasaste.com\/en\/shop\/nappe-ira-180-x-280\/\" \/>\n<meta property=\"og:site_name\" content=\"Micasast\u00e9\" \/>\n<meta property=\"article:publisher\" content=\"https:\/\/www.facebook.com\/Micasast-100208301386552\/\" \/>\n<meta property=\"article:modified_time\" content=\"2025-12-31T11:48:15+00:00\" \/>\n<meta property=\"og:image\" content=\"https:\/\/micasaste.com\/wp-content\/uploads\/2025\/09\/Nappe-Ira-1.png\" \/>\n\t<meta property=\"og:image:width\" content=\"355\" \/>\n\t<meta property=\"og:image:height\" content=\"350\" \/>\n\t<meta property=\"og:image:type\" content=\"image\/png\" \/>\n<meta name=\"twitter:card\" content=\"summary_large_image\" \/>\n<meta name=\"twitter:label1\" content=\"Est. reading time\" \/>\n\t<meta name=\"twitter:data1\" content=\"1 minute\" \/>\n<script type=\"application\/ld+json\" class=\"yoast-schema-graph\">{\"@context\":\"https:\\\/\\\/schema.org\",\"@graph\":[{\"@type\":\"WebPage\",\"@id\":\"https:\\\/\\\/micasaste.com\\\/shop\\\/nappe-ira-180-x-280\\\/\",\"url\":\"https:\\\/\\\/micasaste.com\\\/shop\\\/nappe-ira-180-x-280\\\/\",\"name\":\"Nappe Ira \u2013 Nappe indienne imprim\u00e9e \u00e0 la main | Micasast\u00e9\",\"isPartOf\":{\"@id\":\"https:\\\/\\\/micasaste.com\\\/#website\"},\"primaryImageOfPage\":{\"@id\":\"https:\\\/\\\/micasaste.com\\\/shop\\\/nappe-ira-180-x-280\\\/#primaryimage\"},\"image\":{\"@id\":\"https:\\\/\\\/micasaste.com\\\/shop\\\/nappe-ira-180-x-280\\\/#primaryimage\"},\"thumbnailUrl\":\"https:\\\/\\\/micasaste.com\\\/wp-content\\\/uploads\\\/2025\\\/09\\\/Nappe-Ira-1.png\",\"datePublished\":\"2025-09-30T09:13:06+00:00\",\"dateModified\":\"2025-12-31T11:48:15+00:00\",\"description\":\"Apportez une touche boh\u00e8me et artisanale \u00e0 votre table avec la nappe Ira. Fabriqu\u00e9e en Inde en coton imprim\u00e9 \u00e0 la \\\"hand machine\\\".\",\"breadcrumb\":{\"@id\":\"https:\\\/\\\/micasaste.com\\\/shop\\\/nappe-ira-180-x-280\\\/#breadcrumb\"},\"inLanguage\":\"en-US\",\"potentialAction\":[{\"@type\":\"ReadAction\",\"target\":[\"https:\\\/\\\/micasaste.com\\\/shop\\\/nappe-ira-180-x-280\\\/\"]}]},{\"@type\":\"ImageObject\",\"inLanguage\":\"en-US\",\"@id\":\"https:\\\/\\\/micasaste.com\\\/shop\\\/nappe-ira-180-x-280\\\/#primaryimage\",\"url\":\"https:\\\/\\\/micasaste.com\\\/wp-content\\\/uploads\\\/2025\\\/09\\\/Nappe-Ira-1.png\",\"contentUrl\":\"https:\\\/\\\/micasaste.com\\\/wp-content\\\/uploads\\\/2025\\\/09\\\/Nappe-Ira-1.png\",\"width\":355,\"height\":350,\"caption\":\"Nappe Ira 1\"},{\"@type\":\"BreadcrumbList\",\"@id\":\"https:\\\/\\\/micasaste.com\\\/shop\\\/nappe-ira-180-x-280\\\/#breadcrumb\",\"itemListElement\":[{\"@type\":\"ListItem\",\"position\":1,\"name\":\"Accueil\",\"item\":\"https:\\\/\\\/micasaste.com\\\/\"},{\"@type\":\"ListItem\",\"position\":2,\"name\":\"Collection\",\"item\":\"https:\\\/\\\/micasaste.com\\\/shop-vetements-artisanaux-femme\\\/\"},{\"@type\":\"ListItem\",\"position\":3,\"name\":\"LINGE DE TABLE\",\"item\":\"https:\\\/\\\/micasaste.com\\\/categorie\\\/linge-de-table-indien-fait-main\\\/\"},{\"@type\":\"ListItem\",\"position\":4,\"name\":\"Nappes\",\"item\":\"https:\\\/\\\/micasaste.com\\\/categorie\\\/linge-de-table-indien-fait-main\\\/nappes\\\/\"},{\"@type\":\"ListItem\",\"position\":5,\"name\":\"Nappe 180 x 280\",\"item\":\"https:\\\/\\\/micasaste.com\\\/categorie\\\/linge-de-table-indien-fait-main\\\/nappes\\\/nappe-180-x-280\\\/\"},{\"@type\":\"ListItem\",\"position\":6,\"name\":\"Nappe Ira | 180 x 280\"}]},{\"@type\":\"WebSite\",\"@id\":\"https:\\\/\\\/micasaste.com\\\/#website\",\"url\":\"https:\\\/\\\/micasaste.com\\\/\",\"name\":\"Micasast\u00e9\",\"description\":\"V\u00eatements et Accessoires pour Femme \",\"publisher\":{\"@id\":\"https:\\\/\\\/micasaste.com\\\/#organization\"},\"potentialAction\":[{\"@type\":\"SearchAction\",\"target\":{\"@type\":\"EntryPoint\",\"urlTemplate\":\"https:\\\/\\\/micasaste.com\\\/?s={search_term_string}\"},\"query-input\":{\"@type\":\"PropertyValueSpecification\",\"valueRequired\":true,\"valueName\":\"search_term_string\"}}],\"inLanguage\":\"en-US\"},{\"@type\":\"Organization\",\"@id\":\"https:\\\/\\\/micasaste.com\\\/#organization\",\"name\":\"MicasaSt\u00e9\",\"url\":\"https:\\\/\\\/micasaste.com\\\/\",\"logo\":{\"@type\":\"ImageObject\",\"inLanguage\":\"en-US\",\"@id\":\"https:\\\/\\\/micasaste.com\\\/#\\\/schema\\\/logo\\\/image\\\/\",\"url\":\"https:\\\/\\\/micasaste.com\\\/wp-content\\\/uploads\\\/2020\\\/04\\\/logo-micasaste.svg\",\"contentUrl\":\"https:\\\/\\\/micasaste.com\\\/wp-content\\\/uploads\\\/2020\\\/04\\\/logo-micasaste.svg\",\"width\":\"1024\",\"height\":\"1024\",\"caption\":\"MicasaSt\u00e9\"},\"image\":{\"@id\":\"https:\\\/\\\/micasaste.com\\\/#\\\/schema\\\/logo\\\/image\\\/\"},\"sameAs\":[\"https:\\\/\\\/www.facebook.com\\\/Micasast-100208301386552\\\/\",\"https:\\\/\\\/www.instagram.com\\\/micasaste\\\/\"]}]}<\/script>\n<!-- \/ Yoast SEO plugin. -->","yoast_head_json":{"title":"Nappe Ira \u2013 Nappe indienne imprim\u00e9e \u00e0 la main | Micasast\u00e9","description":"Apportez une touche boh\u00e8me et artisanale \u00e0 votre table avec la nappe Ira. Fabriqu\u00e9e en Inde en coton imprim\u00e9 \u00e0 la \"hand machine\".","robots":{"index":"index","follow":"follow","max-snippet":"max-snippet:-1","max-image-preview":"max-image-preview:large","max-video-preview":"max-video-preview:-1"},"canonical":"https:\/\/micasaste.com\/en\/shop\/nappe-ira-180-x-280\/","og_locale":"en_US","og_type":"article","og_title":"Nappe Ira \u2013 Nappe indienne imprim\u00e9e \u00e0 la main | Micasast\u00e9","og_description":"Apportez une touche boh\u00e8me et artisanale \u00e0 votre table avec la nappe Ira. Fabriqu\u00e9e en Inde en coton imprim\u00e9 \u00e0 la \"hand machine\".","og_url":"https:\/\/micasaste.com\/en\/shop\/nappe-ira-180-x-280\/","og_site_name":"Micasast\u00e9","article_publisher":"https:\/\/www.facebook.com\/Micasast-100208301386552\/","article_modified_time":"2025-12-31T11:48:15+00:00","og_image":[{"width":355,"height":350,"url":"https:\/\/micasaste.com\/wp-content\/uploads\/2025\/09\/Nappe-Ira-1.png","type":"image\/png"}],"twitter_card":"summary_large_image","twitter_misc":{"Est. reading time":"1 minute"},"schema":{"@context":"https:\/\/schema.org","@graph":[{"@type":"WebPage","@id":"https:\/\/micasaste.com\/shop\/nappe-ira-180-x-280\/","url":"https:\/\/micasaste.com\/shop\/nappe-ira-180-x-280\/","name":"Nappe Ira \u2013 Nappe indienne imprim\u00e9e \u00e0 la main | Micasast\u00e9","isPartOf":{"@id":"https:\/\/micasaste.com\/#website"},"primaryImageOfPage":{"@id":"https:\/\/micasaste.com\/shop\/nappe-ira-180-x-280\/#primaryimage"},"image":{"@id":"https:\/\/micasaste.com\/shop\/nappe-ira-180-x-280\/#primaryimage"},"thumbnailUrl":"https:\/\/micasaste.com\/wp-content\/uploads\/2025\/09\/Nappe-Ira-1.png","datePublished":"2025-09-30T09:13:06+00:00","dateModified":"2025-12-31T11:48:15+00:00","description":"Apportez une touche boh\u00e8me et artisanale \u00e0 votre table avec la nappe Ira. Fabriqu\u00e9e en Inde en coton imprim\u00e9 \u00e0 la \"hand machine\".","breadcrumb":{"@id":"https:\/\/micasaste.com\/shop\/nappe-ira-180-x-280\/#breadcrumb"},"inLanguage":"en-US","potentialAction":[{"@type":"ReadAction","target":["https:\/\/micasaste.com\/shop\/nappe-ira-180-x-280\/"]}]},{"@type":"ImageObject","inLanguage":"en-US","@id":"https:\/\/micasaste.com\/shop\/nappe-ira-180-x-280\/#primaryimage","url":"https:\/\/micasaste.com\/wp-content\/uploads\/2025\/09\/Nappe-Ira-1.png","contentUrl":"https:\/\/micasaste.com\/wp-content\/uploads\/2025\/09\/Nappe-Ira-1.png","width":355,"height":350,"caption":"Nappe Ira 1"},{"@type":"BreadcrumbList","@id":"https:\/\/micasaste.com\/shop\/nappe-ira-180-x-280\/#breadcrumb","itemListElement":[{"@type":"ListItem","position":1,"name":"Accueil","item":"https:\/\/micasaste.com\/"},{"@type":"ListItem","position":2,"name":"Collection","item":"https:\/\/micasaste.com\/shop-vetements-artisanaux-femme\/"},{"@type":"ListItem","position":3,"name":"LINGE DE TABLE","item":"https:\/\/micasaste.com\/categorie\/linge-de-table-indien-fait-main\/"},{"@type":"ListItem","position":4,"name":"Nappes","item":"https:\/\/micasaste.com\/categorie\/linge-de-table-indien-fait-main\/nappes\/"},{"@type":"ListItem","position":5,"name":"Nappe 180 x 280","item":"https:\/\/micasaste.com\/categorie\/linge-de-table-indien-fait-main\/nappes\/nappe-180-x-280\/"},{"@type":"ListItem","position":6,"name":"Nappe Ira | 180 x 280"}]},{"@type":"WebSite","@id":"https:\/\/micasaste.com\/#website","url":"https:\/\/micasaste.com\/","name":"Micasast\u00e9","description":"V\u00eatements et Accessoires pour Femme","publisher":{"@id":"https:\/\/micasaste.com\/#organization"},"potentialAction":[{"@type":"SearchAction","target":{"@type":"EntryPoint","urlTemplate":"https:\/\/micasaste.com\/?s={search_term_string}"},"query-input":{"@type":"PropertyValueSpecification","valueRequired":true,"valueName":"search_term_string"}}],"inLanguage":"en-US"},{"@type":"Organization","@id":"https:\/\/micasaste.com\/#organization","name":"MicasaSt\u00e9","url":"https:\/\/micasaste.com\/","logo":{"@type":"ImageObject","inLanguage":"en-US","@id":"https:\/\/micasaste.com\/#\/schema\/logo\/image\/","url":"https:\/\/micasaste.com\/wp-content\/uploads\/2020\/04\/logo-micasaste.svg","contentUrl":"https:\/\/micasaste.com\/wp-content\/uploads\/2020\/04\/logo-micasaste.svg","width":"1024","height":"1024","caption":"MicasaSt\u00e9"},"image":{"@id":"https:\/\/micasaste.com\/#\/schema\/logo\/image\/"},"sameAs":["https:\/\/www.facebook.com\/Micasast-100208301386552\/","https:\/\/www.instagram.com\/micasaste\/"]}]}},"_links":{"self":[{"href":"https:\/\/micasaste.com\/en\/wp-json\/wp\/v2\/product\/25122","targetHints":{"allow":["GET"]}}],"collection":[{"href":"https:\/\/micasaste.com\/en\/wp-json\/wp\/v2\/product"}],"about":[{"href":"https:\/\/micasaste.com\/en\/wp-json\/wp\/v2\/types\/product"}],"replies":[{"embeddable":true,"href":"https:\/\/micasaste.com\/en\/wp-json\/wp\/v2\/comments?post=25122"}],"wp:featuredmedia":[{"embeddable":true,"href":"https:\/\/micasaste.com\/en\/wp-json\/wp\/v2\/media\/25119"}],"wp:attachment":[{"href":"https:\/\/micasaste.com\/en\/wp-json\/wp\/v2\/media?parent=25122"}],"wp:term":[{"taxonomy":"product_brand","embeddable":true,"href":"https:\/\/micasaste.com\/en\/wp-json\/wp\/v2\/product_brand?post=25122"},{"taxonomy":"product_cat","embeddable":true,"href":"https:\/\/micasaste.com\/en\/wp-json\/wp\/v2\/product_cat?post=25122"},{"taxonomy":"product_tag","embeddable":true,"href":"https:\/\/micasaste.com\/en\/wp-json\/wp\/v2\/product_tag?post=25122"}],"curies":[{"name":"wp","href":"https:\/\/api.w.org\/{rel}","templated":true}]}}