{"id":24867,"date":"2025-09-17T12:43:07","date_gmt":"2025-09-17T10:43:07","guid":{"rendered":"https:\/\/micasaste.com\/?post_type=product&#038;p=24867"},"modified":"2025-09-17T17:53:15","modified_gmt":"2025-09-17T15:53:15","slug":"veste-priya","status":"publish","type":"product","link":"https:\/\/micasaste.com\/en\/shop\/veste-priya\/","title":{"rendered":"Veste Priya"},"content":{"rendered":"<p data-start=\"1075\" data-end=\"1388\">Ajoutez de la couleur et de l\u2019\u00e9l\u00e9gance \u00e0 vos tenues avec la veste Priya. Cette veste femme allie artisanat traditionnel indien et design moderne. Chaque broderie florale r\u00e9v\u00e8le un savoir-faire minutieux. Les motifs se d\u00e9clinent en bordeau, rouge vif, beige et bleu sur un fond rouge fonc\u00e9.<\/p>\n<p data-start=\"1390\" data-end=\"1694\">La veste offre une coupe confortable et styl\u00e9e. Elle se marie facilement avec un pantalon, une jupe ou une robe pour un look sophistiqu\u00e9 et d\u00e9contract\u00e9. Les manches et le col sont finement travaill\u00e9s, garantissant une silhouette \u00e9quilibr\u00e9e. Les broderies ajoutent de la profondeur et captent le regard.<\/p>\n<p data-start=\"1696\" data-end=\"1937\">Fabriqu\u00e9e en Inde, la veste Priya respecte les standards de qualit\u00e9 de Micasast\u00e9. Le coton et les broderies choisis apportent douceur et l\u00e9g\u00e8ret\u00e9, id\u00e9ale pour le printemps et l\u2019automne. Le tissu l\u00e9ger et assure un confort tout au long de la journ\u00e9e.<\/p>\n<p data-start=\"1939\" data-end=\"2160\">Cette veste s\u2019adapte \u00e0 tous les styles. Portez-la au bureau, en sortie ou lors d\u2019\u00e9v\u00e9nements sp\u00e9ciaux. Les motifs floraux raffin\u00e9s conf\u00e8rent une touche artistique et font de chaque pi\u00e8ce une cr\u00e9ation unique.<\/p>\n<p data-start=\"2162\" data-end=\"2445\">Choisir la veste Priya, c\u2019est opter pour l\u2019authenticit\u00e9 et la qualit\u00e9. La combinaison des couleurs vives et harmonieuses et des d\u00e9tails brod\u00e9s illumine vos tenues et refl\u00e8te votre personnalit\u00e9. Cette veste brod\u00e9e tendance deviendra rapidement un incontournable de votre garde-robe.<\/p>","protected":false},"excerpt":{"rendered":"<p>Chaque veste a une taille unique et existe en un seul exemplaire.<\/p>\n<p>La veste brod\u00e9e apporte une touche d\u2019authenticit\u00e9 et d\u2019\u00e9l\u00e9gance \u00e0 chaque tenue.<\/p>\n<p>Elle associe savoir-faire artisanal et style moderne.<\/p>\n<p>Gr\u00e2ce \u00e0 ses broderies color\u00e9s et uniques, elle se porte facilement au quotidien comme lors d\u2019occasions sp\u00e9ciales.<\/p>\n<p>Chaque pi\u00e8ce unique devient un v\u00eatement intemporel et original.<\/p>","protected":false},"featured_media":24869,"comment_status":"closed","ping_status":"closed","template":"","meta":{"inline_featured_image":false},"product_brand":[],"product_cat":[317],"product_tag":[328],"class_list":{"0":"post-24867","1":"product","2":"type-product","3":"status-publish","4":"has-post-thumbnail","6":"product_cat-veste-suzani-brodee","7":"product_tag-veste-brodee","9":"first","10":"instock","11":"taxable","12":"shipping-taxable","13":"purchasable","14":"product-type-variable"},"yoast_head":"<!-- This site is optimized with the Yoast SEO plugin v27.4 - https:\/\/yoast.com\/product\/yoast-seo-wordpress\/ -->\n<title>Veste Priya Brod\u00e9e - Veste Unique et Chic | Micasast\u00e9<\/title>\n<meta name=\"description\" content=\"D\u00e9couvrez la veste Priya de Micasast\u00e9, une veste brod\u00e9e fabriqu\u00e9e en Inde, alliant style unique et confort. Id\u00e9ale pour sublimer vos tenues au quotidien.\" \/>\n<meta name=\"robots\" content=\"index, follow, max-snippet:-1, max-image-preview:large, max-video-preview:-1\" \/>\n<link rel=\"canonical\" href=\"https:\/\/micasaste.com\/en\/shop\/veste-priya\/\" \/>\n<meta property=\"og:locale\" content=\"en_US\" \/>\n<meta property=\"og:type\" content=\"article\" \/>\n<meta property=\"og:title\" content=\"Veste Priya Brod\u00e9e - Veste Unique et Chic | Micasast\u00e9\" \/>\n<meta property=\"og:description\" content=\"D\u00e9couvrez la veste Priya de Micasast\u00e9, une veste brod\u00e9e fabriqu\u00e9e en Inde, alliant style unique et confort. Id\u00e9ale pour sublimer vos tenues au quotidien.\" \/>\n<meta property=\"og:url\" content=\"https:\/\/micasaste.com\/en\/shop\/veste-priya\/\" \/>\n<meta property=\"og:site_name\" content=\"Micasast\u00e9\" \/>\n<meta property=\"article:publisher\" content=\"https:\/\/www.facebook.com\/Micasast-100208301386552\/\" \/>\n<meta property=\"article:modified_time\" content=\"2025-09-17T15:53:15+00:00\" \/>\n<meta property=\"og:image\" content=\"https:\/\/micasaste.com\/wp-content\/uploads\/2025\/09\/Veste-Brodee-Priya-1--scaled.jpeg\" \/>\n\t<meta property=\"og:image:width\" content=\"2195\" \/>\n\t<meta property=\"og:image:height\" content=\"2560\" \/>\n\t<meta property=\"og:image:type\" content=\"image\/jpeg\" \/>\n<meta name=\"twitter:card\" content=\"summary_large_image\" \/>\n<meta name=\"twitter:label1\" content=\"Est. reading time\" \/>\n\t<meta name=\"twitter:data1\" content=\"2 minutes\" \/>\n<script type=\"application\/ld+json\" class=\"yoast-schema-graph\">{\"@context\":\"https:\\\/\\\/schema.org\",\"@graph\":[{\"@type\":\"WebPage\",\"@id\":\"https:\\\/\\\/micasaste.com\\\/shop\\\/veste-priya\\\/\",\"url\":\"https:\\\/\\\/micasaste.com\\\/shop\\\/veste-priya\\\/\",\"name\":\"Veste Priya Brod\u00e9e - Veste Unique et Chic | Micasast\u00e9\",\"isPartOf\":{\"@id\":\"https:\\\/\\\/micasaste.com\\\/#website\"},\"primaryImageOfPage\":{\"@id\":\"https:\\\/\\\/micasaste.com\\\/shop\\\/veste-priya\\\/#primaryimage\"},\"image\":{\"@id\":\"https:\\\/\\\/micasaste.com\\\/shop\\\/veste-priya\\\/#primaryimage\"},\"thumbnailUrl\":\"https:\\\/\\\/micasaste.com\\\/wp-content\\\/uploads\\\/2025\\\/09\\\/Veste-Brodee-Priya-1--scaled.jpeg\",\"datePublished\":\"2025-09-17T10:43:07+00:00\",\"dateModified\":\"2025-09-17T15:53:15+00:00\",\"description\":\"D\u00e9couvrez la veste Priya de Micasast\u00e9, une veste brod\u00e9e fabriqu\u00e9e en Inde, alliant style unique et confort. Id\u00e9ale pour sublimer vos tenues au quotidien.\",\"breadcrumb\":{\"@id\":\"https:\\\/\\\/micasaste.com\\\/shop\\\/veste-priya\\\/#breadcrumb\"},\"inLanguage\":\"en-US\",\"potentialAction\":[{\"@type\":\"ReadAction\",\"target\":[\"https:\\\/\\\/micasaste.com\\\/shop\\\/veste-priya\\\/\"]}]},{\"@type\":\"ImageObject\",\"inLanguage\":\"en-US\",\"@id\":\"https:\\\/\\\/micasaste.com\\\/shop\\\/veste-priya\\\/#primaryimage\",\"url\":\"https:\\\/\\\/micasaste.com\\\/wp-content\\\/uploads\\\/2025\\\/09\\\/Veste-Brodee-Priya-1--scaled.jpeg\",\"contentUrl\":\"https:\\\/\\\/micasaste.com\\\/wp-content\\\/uploads\\\/2025\\\/09\\\/Veste-Brodee-Priya-1--scaled.jpeg\",\"width\":2195,\"height\":2560,\"caption\":\"Veste Priya Micasast\u00e9 port\u00e9e de face, rouge fonc\u00e9 avec broderies florales en bordeaux, rouge vif, beige et bleu. Veste Courte, manches longue et col mao.\"},{\"@type\":\"BreadcrumbList\",\"@id\":\"https:\\\/\\\/micasaste.com\\\/shop\\\/veste-priya\\\/#breadcrumb\",\"itemListElement\":[{\"@type\":\"ListItem\",\"position\":1,\"name\":\"Accueil\",\"item\":\"https:\\\/\\\/micasaste.com\\\/\"},{\"@type\":\"ListItem\",\"position\":2,\"name\":\"Collection\",\"item\":\"https:\\\/\\\/micasaste.com\\\/shop-vetements-artisanaux-femme\\\/\"},{\"@type\":\"ListItem\",\"position\":3,\"name\":\"V\u00eatements\",\"item\":\"https:\\\/\\\/micasaste.com\\\/categorie\\\/vetements-vetements-3\\\/\"},{\"@type\":\"ListItem\",\"position\":4,\"name\":\"Veste Suzani Brod\u00e9e\",\"item\":\"https:\\\/\\\/micasaste.com\\\/categorie\\\/vetements-vetements-3\\\/veste-suzani-brodee\\\/\"},{\"@type\":\"ListItem\",\"position\":5,\"name\":\"Veste Priya\"}]},{\"@type\":\"WebSite\",\"@id\":\"https:\\\/\\\/micasaste.com\\\/#website\",\"url\":\"https:\\\/\\\/micasaste.com\\\/\",\"name\":\"Micasast\u00e9\",\"description\":\"V\u00eatements et Accessoires pour Femme \",\"publisher\":{\"@id\":\"https:\\\/\\\/micasaste.com\\\/#organization\"},\"potentialAction\":[{\"@type\":\"SearchAction\",\"target\":{\"@type\":\"EntryPoint\",\"urlTemplate\":\"https:\\\/\\\/micasaste.com\\\/?s={search_term_string}\"},\"query-input\":{\"@type\":\"PropertyValueSpecification\",\"valueRequired\":true,\"valueName\":\"search_term_string\"}}],\"inLanguage\":\"en-US\"},{\"@type\":\"Organization\",\"@id\":\"https:\\\/\\\/micasaste.com\\\/#organization\",\"name\":\"MicasaSt\u00e9\",\"url\":\"https:\\\/\\\/micasaste.com\\\/\",\"logo\":{\"@type\":\"ImageObject\",\"inLanguage\":\"en-US\",\"@id\":\"https:\\\/\\\/micasaste.com\\\/#\\\/schema\\\/logo\\\/image\\\/\",\"url\":\"https:\\\/\\\/micasaste.com\\\/wp-content\\\/uploads\\\/2020\\\/04\\\/logo-micasaste.svg\",\"contentUrl\":\"https:\\\/\\\/micasaste.com\\\/wp-content\\\/uploads\\\/2020\\\/04\\\/logo-micasaste.svg\",\"width\":\"1024\",\"height\":\"1024\",\"caption\":\"MicasaSt\u00e9\"},\"image\":{\"@id\":\"https:\\\/\\\/micasaste.com\\\/#\\\/schema\\\/logo\\\/image\\\/\"},\"sameAs\":[\"https:\\\/\\\/www.facebook.com\\\/Micasast-100208301386552\\\/\",\"https:\\\/\\\/www.instagram.com\\\/micasaste\\\/\"]}]}<\/script>\n<!-- \/ Yoast SEO plugin. -->","yoast_head_json":{"title":"Veste Priya Brod\u00e9e - Veste Unique et Chic | Micasast\u00e9","description":"D\u00e9couvrez la veste Priya de Micasast\u00e9, une veste brod\u00e9e fabriqu\u00e9e en Inde, alliant style unique et confort. Id\u00e9ale pour sublimer vos tenues au quotidien.","robots":{"index":"index","follow":"follow","max-snippet":"max-snippet:-1","max-image-preview":"max-image-preview:large","max-video-preview":"max-video-preview:-1"},"canonical":"https:\/\/micasaste.com\/en\/shop\/veste-priya\/","og_locale":"en_US","og_type":"article","og_title":"Veste Priya Brod\u00e9e - Veste Unique et Chic | Micasast\u00e9","og_description":"D\u00e9couvrez la veste Priya de Micasast\u00e9, une veste brod\u00e9e fabriqu\u00e9e en Inde, alliant style unique et confort. Id\u00e9ale pour sublimer vos tenues au quotidien.","og_url":"https:\/\/micasaste.com\/en\/shop\/veste-priya\/","og_site_name":"Micasast\u00e9","article_publisher":"https:\/\/www.facebook.com\/Micasast-100208301386552\/","article_modified_time":"2025-09-17T15:53:15+00:00","og_image":[{"width":2195,"height":2560,"url":"https:\/\/micasaste.com\/wp-content\/uploads\/2025\/09\/Veste-Brodee-Priya-1--scaled.jpeg","type":"image\/jpeg"}],"twitter_card":"summary_large_image","twitter_misc":{"Est. reading time":"2 minutes"},"schema":{"@context":"https:\/\/schema.org","@graph":[{"@type":"WebPage","@id":"https:\/\/micasaste.com\/shop\/veste-priya\/","url":"https:\/\/micasaste.com\/shop\/veste-priya\/","name":"Veste Priya Brod\u00e9e - Veste Unique et Chic | Micasast\u00e9","isPartOf":{"@id":"https:\/\/micasaste.com\/#website"},"primaryImageOfPage":{"@id":"https:\/\/micasaste.com\/shop\/veste-priya\/#primaryimage"},"image":{"@id":"https:\/\/micasaste.com\/shop\/veste-priya\/#primaryimage"},"thumbnailUrl":"https:\/\/micasaste.com\/wp-content\/uploads\/2025\/09\/Veste-Brodee-Priya-1--scaled.jpeg","datePublished":"2025-09-17T10:43:07+00:00","dateModified":"2025-09-17T15:53:15+00:00","description":"D\u00e9couvrez la veste Priya de Micasast\u00e9, une veste brod\u00e9e fabriqu\u00e9e en Inde, alliant style unique et confort. Id\u00e9ale pour sublimer vos tenues au quotidien.","breadcrumb":{"@id":"https:\/\/micasaste.com\/shop\/veste-priya\/#breadcrumb"},"inLanguage":"en-US","potentialAction":[{"@type":"ReadAction","target":["https:\/\/micasaste.com\/shop\/veste-priya\/"]}]},{"@type":"ImageObject","inLanguage":"en-US","@id":"https:\/\/micasaste.com\/shop\/veste-priya\/#primaryimage","url":"https:\/\/micasaste.com\/wp-content\/uploads\/2025\/09\/Veste-Brodee-Priya-1--scaled.jpeg","contentUrl":"https:\/\/micasaste.com\/wp-content\/uploads\/2025\/09\/Veste-Brodee-Priya-1--scaled.jpeg","width":2195,"height":2560,"caption":"Veste Priya Micasast\u00e9 port\u00e9e de face, rouge fonc\u00e9 avec broderies florales en bordeaux, rouge vif, beige et bleu. Veste Courte, manches longue et col mao."},{"@type":"BreadcrumbList","@id":"https:\/\/micasaste.com\/shop\/veste-priya\/#breadcrumb","itemListElement":[{"@type":"ListItem","position":1,"name":"Accueil","item":"https:\/\/micasaste.com\/"},{"@type":"ListItem","position":2,"name":"Collection","item":"https:\/\/micasaste.com\/shop-vetements-artisanaux-femme\/"},{"@type":"ListItem","position":3,"name":"V\u00eatements","item":"https:\/\/micasaste.com\/categorie\/vetements-vetements-3\/"},{"@type":"ListItem","position":4,"name":"Veste Suzani Brod\u00e9e","item":"https:\/\/micasaste.com\/categorie\/vetements-vetements-3\/veste-suzani-brodee\/"},{"@type":"ListItem","position":5,"name":"Veste Priya"}]},{"@type":"WebSite","@id":"https:\/\/micasaste.com\/#website","url":"https:\/\/micasaste.com\/","name":"Micasast\u00e9","description":"V\u00eatements et Accessoires pour Femme","publisher":{"@id":"https:\/\/micasaste.com\/#organization"},"potentialAction":[{"@type":"SearchAction","target":{"@type":"EntryPoint","urlTemplate":"https:\/\/micasaste.com\/?s={search_term_string}"},"query-input":{"@type":"PropertyValueSpecification","valueRequired":true,"valueName":"search_term_string"}}],"inLanguage":"en-US"},{"@type":"Organization","@id":"https:\/\/micasaste.com\/#organization","name":"MicasaSt\u00e9","url":"https:\/\/micasaste.com\/","logo":{"@type":"ImageObject","inLanguage":"en-US","@id":"https:\/\/micasaste.com\/#\/schema\/logo\/image\/","url":"https:\/\/micasaste.com\/wp-content\/uploads\/2020\/04\/logo-micasaste.svg","contentUrl":"https:\/\/micasaste.com\/wp-content\/uploads\/2020\/04\/logo-micasaste.svg","width":"1024","height":"1024","caption":"MicasaSt\u00e9"},"image":{"@id":"https:\/\/micasaste.com\/#\/schema\/logo\/image\/"},"sameAs":["https:\/\/www.facebook.com\/Micasast-100208301386552\/","https:\/\/www.instagram.com\/micasaste\/"]}]}},"_links":{"self":[{"href":"https:\/\/micasaste.com\/en\/wp-json\/wp\/v2\/product\/24867","targetHints":{"allow":["GET"]}}],"collection":[{"href":"https:\/\/micasaste.com\/en\/wp-json\/wp\/v2\/product"}],"about":[{"href":"https:\/\/micasaste.com\/en\/wp-json\/wp\/v2\/types\/product"}],"replies":[{"embeddable":true,"href":"https:\/\/micasaste.com\/en\/wp-json\/wp\/v2\/comments?post=24867"}],"wp:featuredmedia":[{"embeddable":true,"href":"https:\/\/micasaste.com\/en\/wp-json\/wp\/v2\/media\/24869"}],"wp:attachment":[{"href":"https:\/\/micasaste.com\/en\/wp-json\/wp\/v2\/media?parent=24867"}],"wp:term":[{"taxonomy":"product_brand","embeddable":true,"href":"https:\/\/micasaste.com\/en\/wp-json\/wp\/v2\/product_brand?post=24867"},{"taxonomy":"product_cat","embeddable":true,"href":"https:\/\/micasaste.com\/en\/wp-json\/wp\/v2\/product_cat?post=24867"},{"taxonomy":"product_tag","embeddable":true,"href":"https:\/\/micasaste.com\/en\/wp-json\/wp\/v2\/product_tag?post=24867"}],"curies":[{"name":"wp","href":"https:\/\/api.w.org\/{rel}","templated":true}]}}