{"id":22940,"date":"2025-06-04T17:43:42","date_gmt":"2025-06-04T15:43:42","guid":{"rendered":"https:\/\/micasaste.com\/?post_type=product&#038;p=22940"},"modified":"2026-01-28T16:42:32","modified_gmt":"2026-01-28T15:42:32","slug":"blouse-kamya","status":"publish","type":"product","link":"https:\/\/micasaste.com\/en\/shop\/blouse-kamya\/","title":{"rendered":"Blouse Kamya"},"content":{"rendered":"<div class=\"flex basis-auto flex-col -mb-(--composer-overlap-px) [--composer-overlap-px:24px] grow overflow-hidden\">\n<div class=\"relative h-full\">\n<div class=\"flex h-full flex-col overflow-y-auto [scrollbar-gutter:stable_both-edges] @[84rem]\/thread:pt-(--header-height)\">\n<div class=\"@thread-xl\/thread:pt-header-height mt-1.5 flex flex-col text-sm\">\n<article class=\"text-token-text-primary w-full\" dir=\"auto\" data-testid=\"conversation-turn-68\" data-scroll-anchor=\"true\">\n<div class=\"text-base my-auto mx-auto py-5 [--thread-content-margin:--spacing(4)] @[37rem]:[--thread-content-margin:--spacing(6)] @[72rem]:[--thread-content-margin:--spacing(16)] px-(--thread-content-margin)\">\n<div class=\"[--thread-content-max-width:32rem] @[34rem]:[--thread-content-max-width:40rem] @[64rem]:[--thread-content-max-width:48rem] mx-auto flex max-w-(--thread-content-max-width) flex-1 text-base gap-4 md:gap-5 lg:gap-6 group\/turn-messages focus-visible:outline-hidden\" tabindex=\"-1\">\n<div class=\"group\/conversation-turn relative flex w-full min-w-0 flex-col agent-turn\">\n<div class=\"relative flex-col gap-1 md:gap-3\">\n<div class=\"flex max-w-full flex-col grow\">\n<div class=\"min-h-8 text-message relative flex w-full flex-col items-end gap-2 text-start break-words whitespace-normal [.text-message+&amp;]:mt-5\" dir=\"auto\" data-message-author-role=\"assistant\" data-message-id=\"8f5813fa-fd98-42f4-bcd4-22c40a5280e4\" data-message-model-slug=\"gpt-4o\">\n<div class=\"flex w-full flex-col gap-1 empty:hidden first:pt-[3px]\">\n<div class=\"markdown prose dark:prose-invert w-full break-words dark\">\n<p data-start=\"417\" data-end=\"607\">La blouse Kamya allie profondeur et finesse. Le noir intense contraste subtilement avec le bordeaux. L\u2019ensemble reste sobre mais vibrant. Elle attire le regard sans jamais trop en faire.<\/p>\n<p data-start=\"609\" data-end=\"734\">Sa coupe tombe naturellement. Ni serr\u00e9e, ni trop ample. Juste ce qu\u2019il faut de structure pour flatter la silhouette.<\/p>\n<p data-start=\"736\" data-end=\"878\">Les manches longues \u00e9pousent le bras sans le contraindre. Le col est simple, discret. Il laisse place \u00e0 l\u2019\u00e9quilibre et \u00e0 la puret\u00e9 des lignes.<\/p>\n<p data-start=\"880\" data-end=\"1046\">Le tissu est doux. L\u00e9ger mais pr\u00e9sent. Agr\u00e9able sur la peau, il accompagne les gestes. Il bouge avec vous, sans rigide\u0301. Vous restez libre. \u00c0 l\u2019aise du matin au soir.<\/p>\n<p data-start=\"1048\" data-end=\"1182\">Les d\u00e9tails bordeaux apportent du relief. Une touche de chaleur dans une base profonde. Une couleur discr\u00e8te mais pleine de caract\u00e8re.<\/p>\n<p data-start=\"1048\" data-end=\"1182\">Kamya signifie \u00ab pr\u00e9cieuse \u00bb en sanskrit. Ce nom refl\u00e8te l\u2019essence de cette blouse. Elle reste simple mais affirm\u00e9e. \u00c9l\u00e9gante sans effort.<\/p>\n<p data-start=\"1330\" data-end=\"1508\">Elle se porte avec un jean brut, un pantalon fluide ou une jupe taille haute. Avec des bottines, des sandales, ou m\u00eame des sneakers. Tout fonctionne. Tout d\u00e9pend de votre humeur.<\/p>\n<p data-start=\"1510\" data-end=\"1637\">Elle traverse les saisons. Une pi\u00e8ce s\u00fbre. Intemporelle. Elle vous accompagne au quotidien, au travail, en soir\u00e9e ou en voyage.<\/p>\n<p data-start=\"1639\" data-end=\"1754\">Avec la veste Kamya, vous choisissez une blouse forte, douce et libre. Une pi\u00e8ce qui s\u2019exprime sans crier. Une pr\u00e9sence.<\/p>\n<\/div>\n<\/div>\n<\/div>\n<\/div>\n<\/div>\n<\/div>\n<\/div>\n<\/div>\n<\/article>\n<\/div>\n<\/div>\n<\/div>\n<\/div>\n","protected":false},"excerpt":{"rendered":"<p data-start=\"264\" data-end=\"526\">Les blouses Micasast\u00e9 allient douceur, fluidit\u00e9 et simplicit\u00e9. Chaque pi\u00e8ce est pens\u00e9e pour accompagner le corps sans le contraindre. Les coupes restent amples ou l\u00e9g\u00e8rement ajust\u00e9es.<\/p>\n<p data-start=\"264\" data-end=\"526\">Les tissus sont confortables et agr\u00e9ables \u00e0 porter toute la journ\u00e9e.<\/p>\n<p data-start=\"528\" data-end=\"732\">Nos blouses se portent facilement, en toute saison. Elles s\u2019accordent \u00e0 toutes les envies : un jean, un pantalon ample, une jupe l\u00e9g\u00e8re. Des pi\u00e8ces polyvalentes, pour un style libre, naturel, sans effort.<\/p>\n<p data-start=\"734\" data-end=\"848\">Les couleurs sont douces, les d\u00e9tails subtils. Juste l\u2019essentiel : confort, mouvement, \u00e9l\u00e9gance.<\/p>\n<p data-start=\"734\" data-end=\"848\">Taille Unique<\/p>","protected":false},"featured_media":22941,"comment_status":"closed","ping_status":"closed","template":"","meta":{"inline_featured_image":false},"product_brand":[],"product_cat":[309,291],"product_tag":[396],"class_list":{"0":"post-22940","1":"product","2":"type-product","3":"status-publish","4":"has-post-thumbnail","6":"product_cat-blouse","7":"product_cat-vetements-vetements-3","8":"product_tag-blouse","10":"first","11":"instock","12":"taxable","13":"shipping-taxable","14":"purchasable","15":"product-type-simple"},"yoast_head":"<!-- This site is optimized with the Yoast SEO plugin v27.4 - https:\/\/yoast.com\/product\/yoast-seo-wordpress\/ -->\n<title>Blouse Kamya - \u00c9l\u00e9gance et confort | Micasast\u00e9<\/title>\n<meta name=\"description\" content=\"La blouse Kamya sign\u00e9e Micasast\u00e9. \u00c9l\u00e9gante, fluide, dans une teinte bleue apaisante. Une pi\u00e8ce confortable pour tous les jours.\" \/>\n<meta name=\"robots\" content=\"index, follow, max-snippet:-1, max-image-preview:large, max-video-preview:-1\" \/>\n<link rel=\"canonical\" href=\"https:\/\/micasaste.com\/en\/shop\/blouse-kamya\/\" \/>\n<meta property=\"og:locale\" content=\"en_US\" \/>\n<meta property=\"og:type\" content=\"article\" \/>\n<meta property=\"og:title\" content=\"Blouse Kamya - \u00c9l\u00e9gance et confort | Micasast\u00e9\" \/>\n<meta property=\"og:description\" content=\"La blouse Kamya sign\u00e9e Micasast\u00e9. \u00c9l\u00e9gante, fluide, dans une teinte bleue apaisante. Une pi\u00e8ce confortable pour tous les jours.\" \/>\n<meta property=\"og:url\" content=\"https:\/\/micasaste.com\/en\/shop\/blouse-kamya\/\" \/>\n<meta property=\"og:site_name\" content=\"Micasast\u00e9\" \/>\n<meta property=\"article:publisher\" content=\"https:\/\/www.facebook.com\/Micasast-100208301386552\/\" \/>\n<meta property=\"article:modified_time\" content=\"2026-01-28T15:42:32+00:00\" \/>\n<meta property=\"og:image\" content=\"https:\/\/micasaste.com\/wp-content\/uploads\/2020\/05\/micasaste-facebook-share.jpg\" \/>\n\t<meta property=\"og:image:width\" content=\"1200\" \/>\n\t<meta property=\"og:image:height\" content=\"628\" \/>\n\t<meta property=\"og:image:type\" content=\"image\/jpeg\" \/>\n<meta name=\"twitter:card\" content=\"summary_large_image\" \/>\n<meta name=\"twitter:label1\" content=\"Est. reading time\" \/>\n\t<meta name=\"twitter:data1\" content=\"2 minutes\" \/>\n<script type=\"application\/ld+json\" class=\"yoast-schema-graph\">{\"@context\":\"https:\\\/\\\/schema.org\",\"@graph\":[{\"@type\":\"WebPage\",\"@id\":\"https:\\\/\\\/micasaste.com\\\/shop\\\/blouse-kamya\\\/\",\"url\":\"https:\\\/\\\/micasaste.com\\\/shop\\\/blouse-kamya\\\/\",\"name\":\"Blouse Kamya - \u00c9l\u00e9gance et confort | Micasast\u00e9\",\"isPartOf\":{\"@id\":\"https:\\\/\\\/micasaste.com\\\/#website\"},\"primaryImageOfPage\":{\"@id\":\"https:\\\/\\\/micasaste.com\\\/shop\\\/blouse-kamya\\\/#primaryimage\"},\"image\":{\"@id\":\"https:\\\/\\\/micasaste.com\\\/shop\\\/blouse-kamya\\\/#primaryimage\"},\"thumbnailUrl\":\"https:\\\/\\\/micasaste.com\\\/wp-content\\\/uploads\\\/2025\\\/06\\\/IMG_7009.jpg\",\"datePublished\":\"2025-06-04T15:43:42+00:00\",\"dateModified\":\"2026-01-28T15:42:32+00:00\",\"description\":\"La blouse Kamya sign\u00e9e Micasast\u00e9. \u00c9l\u00e9gante, fluide, dans une teinte bleue apaisante. Une pi\u00e8ce confortable pour tous les jours.\",\"breadcrumb\":{\"@id\":\"https:\\\/\\\/micasaste.com\\\/shop\\\/blouse-kamya\\\/#breadcrumb\"},\"inLanguage\":\"en-US\",\"potentialAction\":[{\"@type\":\"ReadAction\",\"target\":[\"https:\\\/\\\/micasaste.com\\\/shop\\\/blouse-kamya\\\/\"]}]},{\"@type\":\"ImageObject\",\"inLanguage\":\"en-US\",\"@id\":\"https:\\\/\\\/micasaste.com\\\/shop\\\/blouse-kamya\\\/#primaryimage\",\"url\":\"https:\\\/\\\/micasaste.com\\\/wp-content\\\/uploads\\\/2025\\\/06\\\/IMG_7009.jpg\",\"contentUrl\":\"https:\\\/\\\/micasaste.com\\\/wp-content\\\/uploads\\\/2025\\\/06\\\/IMG_7009.jpg\",\"width\":480,\"height\":640,\"caption\":\"Blouse Kamya - Blouse en coton, taille unique. 2\"},{\"@type\":\"BreadcrumbList\",\"@id\":\"https:\\\/\\\/micasaste.com\\\/shop\\\/blouse-kamya\\\/#breadcrumb\",\"itemListElement\":[{\"@type\":\"ListItem\",\"position\":1,\"name\":\"Accueil\",\"item\":\"https:\\\/\\\/micasaste.com\\\/\"},{\"@type\":\"ListItem\",\"position\":2,\"name\":\"Collection\",\"item\":\"https:\\\/\\\/micasaste.com\\\/shop-vetements-artisanaux-femme\\\/\"},{\"@type\":\"ListItem\",\"position\":3,\"name\":\"V\u00eatements\",\"item\":\"https:\\\/\\\/micasaste.com\\\/categorie\\\/vetements-vetements-3\\\/\"},{\"@type\":\"ListItem\",\"position\":4,\"name\":\"Blouse Kamya\"}]},{\"@type\":\"WebSite\",\"@id\":\"https:\\\/\\\/micasaste.com\\\/#website\",\"url\":\"https:\\\/\\\/micasaste.com\\\/\",\"name\":\"Micasast\u00e9\",\"description\":\"V\u00eatements et Accessoires pour Femme \",\"publisher\":{\"@id\":\"https:\\\/\\\/micasaste.com\\\/#organization\"},\"potentialAction\":[{\"@type\":\"SearchAction\",\"target\":{\"@type\":\"EntryPoint\",\"urlTemplate\":\"https:\\\/\\\/micasaste.com\\\/?s={search_term_string}\"},\"query-input\":{\"@type\":\"PropertyValueSpecification\",\"valueRequired\":true,\"valueName\":\"search_term_string\"}}],\"inLanguage\":\"en-US\"},{\"@type\":\"Organization\",\"@id\":\"https:\\\/\\\/micasaste.com\\\/#organization\",\"name\":\"MicasaSt\u00e9\",\"url\":\"https:\\\/\\\/micasaste.com\\\/\",\"logo\":{\"@type\":\"ImageObject\",\"inLanguage\":\"en-US\",\"@id\":\"https:\\\/\\\/micasaste.com\\\/#\\\/schema\\\/logo\\\/image\\\/\",\"url\":\"https:\\\/\\\/micasaste.com\\\/wp-content\\\/uploads\\\/2020\\\/04\\\/logo-micasaste.svg\",\"contentUrl\":\"https:\\\/\\\/micasaste.com\\\/wp-content\\\/uploads\\\/2020\\\/04\\\/logo-micasaste.svg\",\"width\":\"1024\",\"height\":\"1024\",\"caption\":\"MicasaSt\u00e9\"},\"image\":{\"@id\":\"https:\\\/\\\/micasaste.com\\\/#\\\/schema\\\/logo\\\/image\\\/\"},\"sameAs\":[\"https:\\\/\\\/www.facebook.com\\\/Micasast-100208301386552\\\/\",\"https:\\\/\\\/www.instagram.com\\\/micasaste\\\/\"]}]}<\/script>\n<!-- \/ Yoast SEO plugin. -->","yoast_head_json":{"title":"Blouse Kamya - \u00c9l\u00e9gance et confort | Micasast\u00e9","description":"La blouse Kamya sign\u00e9e Micasast\u00e9. \u00c9l\u00e9gante, fluide, dans une teinte bleue apaisante. Une pi\u00e8ce confortable pour tous les jours.","robots":{"index":"index","follow":"follow","max-snippet":"max-snippet:-1","max-image-preview":"max-image-preview:large","max-video-preview":"max-video-preview:-1"},"canonical":"https:\/\/micasaste.com\/en\/shop\/blouse-kamya\/","og_locale":"en_US","og_type":"article","og_title":"Blouse Kamya - \u00c9l\u00e9gance et confort | Micasast\u00e9","og_description":"La blouse Kamya sign\u00e9e Micasast\u00e9. \u00c9l\u00e9gante, fluide, dans une teinte bleue apaisante. Une pi\u00e8ce confortable pour tous les jours.","og_url":"https:\/\/micasaste.com\/en\/shop\/blouse-kamya\/","og_site_name":"Micasast\u00e9","article_publisher":"https:\/\/www.facebook.com\/Micasast-100208301386552\/","article_modified_time":"2026-01-28T15:42:32+00:00","og_image":[{"width":1200,"height":628,"url":"https:\/\/micasaste.com\/wp-content\/uploads\/2020\/05\/micasaste-facebook-share.jpg","type":"image\/jpeg"}],"twitter_card":"summary_large_image","twitter_misc":{"Est. reading time":"2 minutes"},"schema":{"@context":"https:\/\/schema.org","@graph":[{"@type":"WebPage","@id":"https:\/\/micasaste.com\/shop\/blouse-kamya\/","url":"https:\/\/micasaste.com\/shop\/blouse-kamya\/","name":"Blouse Kamya - \u00c9l\u00e9gance et confort | Micasast\u00e9","isPartOf":{"@id":"https:\/\/micasaste.com\/#website"},"primaryImageOfPage":{"@id":"https:\/\/micasaste.com\/shop\/blouse-kamya\/#primaryimage"},"image":{"@id":"https:\/\/micasaste.com\/shop\/blouse-kamya\/#primaryimage"},"thumbnailUrl":"https:\/\/micasaste.com\/wp-content\/uploads\/2025\/06\/IMG_7009.jpg","datePublished":"2025-06-04T15:43:42+00:00","dateModified":"2026-01-28T15:42:32+00:00","description":"La blouse Kamya sign\u00e9e Micasast\u00e9. \u00c9l\u00e9gante, fluide, dans une teinte bleue apaisante. Une pi\u00e8ce confortable pour tous les jours.","breadcrumb":{"@id":"https:\/\/micasaste.com\/shop\/blouse-kamya\/#breadcrumb"},"inLanguage":"en-US","potentialAction":[{"@type":"ReadAction","target":["https:\/\/micasaste.com\/shop\/blouse-kamya\/"]}]},{"@type":"ImageObject","inLanguage":"en-US","@id":"https:\/\/micasaste.com\/shop\/blouse-kamya\/#primaryimage","url":"https:\/\/micasaste.com\/wp-content\/uploads\/2025\/06\/IMG_7009.jpg","contentUrl":"https:\/\/micasaste.com\/wp-content\/uploads\/2025\/06\/IMG_7009.jpg","width":480,"height":640,"caption":"Blouse Kamya - Blouse en coton, taille unique. 2"},{"@type":"BreadcrumbList","@id":"https:\/\/micasaste.com\/shop\/blouse-kamya\/#breadcrumb","itemListElement":[{"@type":"ListItem","position":1,"name":"Accueil","item":"https:\/\/micasaste.com\/"},{"@type":"ListItem","position":2,"name":"Collection","item":"https:\/\/micasaste.com\/shop-vetements-artisanaux-femme\/"},{"@type":"ListItem","position":3,"name":"V\u00eatements","item":"https:\/\/micasaste.com\/categorie\/vetements-vetements-3\/"},{"@type":"ListItem","position":4,"name":"Blouse Kamya"}]},{"@type":"WebSite","@id":"https:\/\/micasaste.com\/#website","url":"https:\/\/micasaste.com\/","name":"Micasast\u00e9","description":"V\u00eatements et Accessoires pour Femme","publisher":{"@id":"https:\/\/micasaste.com\/#organization"},"potentialAction":[{"@type":"SearchAction","target":{"@type":"EntryPoint","urlTemplate":"https:\/\/micasaste.com\/?s={search_term_string}"},"query-input":{"@type":"PropertyValueSpecification","valueRequired":true,"valueName":"search_term_string"}}],"inLanguage":"en-US"},{"@type":"Organization","@id":"https:\/\/micasaste.com\/#organization","name":"MicasaSt\u00e9","url":"https:\/\/micasaste.com\/","logo":{"@type":"ImageObject","inLanguage":"en-US","@id":"https:\/\/micasaste.com\/#\/schema\/logo\/image\/","url":"https:\/\/micasaste.com\/wp-content\/uploads\/2020\/04\/logo-micasaste.svg","contentUrl":"https:\/\/micasaste.com\/wp-content\/uploads\/2020\/04\/logo-micasaste.svg","width":"1024","height":"1024","caption":"MicasaSt\u00e9"},"image":{"@id":"https:\/\/micasaste.com\/#\/schema\/logo\/image\/"},"sameAs":["https:\/\/www.facebook.com\/Micasast-100208301386552\/","https:\/\/www.instagram.com\/micasaste\/"]}]}},"_links":{"self":[{"href":"https:\/\/micasaste.com\/en\/wp-json\/wp\/v2\/product\/22940","targetHints":{"allow":["GET"]}}],"collection":[{"href":"https:\/\/micasaste.com\/en\/wp-json\/wp\/v2\/product"}],"about":[{"href":"https:\/\/micasaste.com\/en\/wp-json\/wp\/v2\/types\/product"}],"replies":[{"embeddable":true,"href":"https:\/\/micasaste.com\/en\/wp-json\/wp\/v2\/comments?post=22940"}],"wp:featuredmedia":[{"embeddable":true,"href":"https:\/\/micasaste.com\/en\/wp-json\/wp\/v2\/media\/22941"}],"wp:attachment":[{"href":"https:\/\/micasaste.com\/en\/wp-json\/wp\/v2\/media?parent=22940"}],"wp:term":[{"taxonomy":"product_brand","embeddable":true,"href":"https:\/\/micasaste.com\/en\/wp-json\/wp\/v2\/product_brand?post=22940"},{"taxonomy":"product_cat","embeddable":true,"href":"https:\/\/micasaste.com\/en\/wp-json\/wp\/v2\/product_cat?post=22940"},{"taxonomy":"product_tag","embeddable":true,"href":"https:\/\/micasaste.com\/en\/wp-json\/wp\/v2\/product_tag?post=22940"}],"curies":[{"name":"wp","href":"https:\/\/api.w.org\/{rel}","templated":true}]}}