{"id":21944,"date":"2025-04-07T17:32:19","date_gmt":"2025-04-07T15:32:19","guid":{"rendered":"https:\/\/micasaste.com\/?post_type=product&#038;p=21944"},"modified":"2026-02-25T11:44:15","modified_gmt":"2026-02-25T10:44:15","slug":"veste-nilaya-laine-col-v","status":"publish","type":"product","link":"https:\/\/micasaste.com\/en\/shop\/veste-nilaya-laine-col-v\/","title":{"rendered":"Veste Nilaya &#8211; Laine Col V"},"content":{"rendered":"<p class=\"\" data-start=\"306\" data-end=\"701\">La veste Nilaya<strong>,<\/strong> qui signifie <i>\u00e9toile<\/i>, en hindi, est une veste qui respire la lumi\u00e8re. Sa coupe droite \u00e0 col V met en valeur la silhouette sans la contraindre. Elle se pose sur le corps avec fluidit\u00e9, pour un style libre, f\u00e9minin et affirm\u00e9. Confectionn\u00e9e \u00e0 la main dans notre atelier partenaire au nord de l\u2019Inde, <b>la veste Nilaya<\/b>\u00a0incarne le lien pr\u00e9cieux entre tradition textile et modernit\u00e9.<\/p>\n<p class=\"\" data-start=\"703\" data-end=\"1061\">Son tissu en laine m\u00e9lang\u00e9 est souple, l\u00e9ger et agr\u00e9able \u00e0 porter \u00e0 m\u00eame la peau. Les motifs embl\u00e9matiques de l\u2019art indien, se d\u00e9clinent ici dans une palette douce et vibrante \u00e0 la fois : des touches de rouge ancien, de terre cuite, et de beige dor\u00e9. Des teintes subtiles qui illuminent la silhouette, sans jamais la dominer.<\/p>\n<p class=\"\" data-start=\"1063\" data-end=\"1369\">Le col V profond structure l\u2019ensemble, tout en laissant la place \u00e0 une superposition de bijoux ou \u00e0 un simple top blanc. Les manches longues se retroussent facilement pour d\u00e9voiler un revers contrastant, toujours pens\u00e9 avec soin. Chaque veste est unique, produite en s\u00e9rie limit\u00e9e avec respect et exigence.<\/p>\n<p class=\"\" data-start=\"1371\" data-end=\"1603\">La veste<strong data-start=\"1371\" data-end=\"1381\"> Nilaya<\/strong> se porte comme une seconde peau. Sur un jean, un pantalon fluide ou une robe boh\u00e8me, elle apporte une touche d\u2019\u00e9l\u00e9gance naturelle. C\u2019est une pi\u00e8ce de transition id\u00e9ale, qui traverse les saisons avec style et douceur.<\/p>\n<p class=\"\" data-start=\"1605\" data-end=\"1764\">En choisissant cette veste\u00a0vous soutenez un artisanat vivant, humain, respectueux. Vous portez une histoire. Et vous affirmez un style aussi lumineux que vous.<\/p>","protected":false},"excerpt":{"rendered":"<p class=\"\" data-start=\"213\" data-end=\"670\">Nos vestes en laine, \u00e0 col V ou col mao, sont des pi\u00e8ces uniques, confectionn\u00e9es \u00e0 la main en Inde.<\/p>\n<p class=\"\" data-start=\"213\" data-end=\"670\">Leur coupe fluide et confortable s&rsquo;adapte \u00e0 toutes les silhouettes.<\/p>\n<p class=\"\" data-start=\"213\" data-end=\"670\">Chaque mod\u00e8le est orn\u00e9 de motifs traditionnels et de teintes subtiles, inspir\u00e9s de l\u2019h\u00e9ritage textile de la laine.<\/p>\n<p class=\"\" data-start=\"213\" data-end=\"670\">L\u00e9ger, doux et raffin\u00e9, ce v\u00eatement incarne le savoir-faire artisanal et les valeurs d\u2019une mode \u00e9thique et durable. \u00c0 porter au quotidien, pour un style chic et naturel.<\/p>","protected":false},"featured_media":21946,"comment_status":"closed","ping_status":"closed","template":"","meta":{"inline_featured_image":false},"product_brand":[356],"product_cat":[387],"product_tag":[],"class_list":{"0":"post-21944","1":"product","2":"type-product","3":"status-publish","4":"has-post-thumbnail","6":"product_brand-micasaste","7":"product_cat-veste-en-laine","9":"first","10":"outofstock","11":"taxable","12":"shipping-taxable","13":"purchasable","14":"product-type-simple"},"yoast_head":"<!-- This site is optimized with the Yoast SEO plugin v27.5 - https:\/\/yoast.com\/product\/yoast-seo-wordpress\/ -->\n<title>Veste Nilaya en laine \u2013 Artisanat indien | Micasast\u00e9<\/title>\n<meta name=\"description\" content=\"D\u00e9couvrez la veste Nilaya de Micasast\u00e9, une pi\u00e8ce unique en laine, fabriqu\u00e9e \u00e0 la main en Inde. \u00c9l\u00e9gante, \u00e9thique et parfaite pour un style boh\u00e8me chic.\" \/>\n<meta name=\"robots\" content=\"index, follow, max-snippet:-1, max-image-preview:large, max-video-preview:-1\" \/>\n<link rel=\"canonical\" href=\"https:\/\/micasaste.com\/en\/shop\/veste-nilaya-laine-col-v\/\" \/>\n<meta property=\"og:locale\" content=\"en_US\" \/>\n<meta property=\"og:type\" content=\"article\" \/>\n<meta property=\"og:title\" content=\"Veste Nilaya en laine \u2013 Artisanat indien | Micasast\u00e9\" \/>\n<meta property=\"og:description\" content=\"D\u00e9couvrez la veste Nilaya de Micasast\u00e9, une pi\u00e8ce unique en laine, fabriqu\u00e9e \u00e0 la main en Inde. \u00c9l\u00e9gante, \u00e9thique et parfaite pour un style boh\u00e8me chic.\" \/>\n<meta property=\"og:url\" content=\"https:\/\/micasaste.com\/en\/shop\/veste-nilaya-laine-col-v\/\" \/>\n<meta property=\"og:site_name\" content=\"Micasast\u00e9\" \/>\n<meta property=\"article:publisher\" content=\"https:\/\/www.facebook.com\/Micasast-100208301386552\/\" \/>\n<meta property=\"article:modified_time\" content=\"2026-02-25T10:44:15+00:00\" \/>\n<meta property=\"og:image\" content=\"https:\/\/micasaste.com\/wp-content\/uploads\/2025\/04\/image00040-2-852x950.jpeg\" \/>\n\t<meta property=\"og:image:width\" content=\"852\" \/>\n\t<meta property=\"og:image:height\" content=\"950\" \/>\n\t<meta property=\"og:image:type\" content=\"image\/jpeg\" \/>\n<meta name=\"twitter:card\" content=\"summary_large_image\" \/>\n<meta name=\"twitter:label1\" content=\"Est. reading time\" \/>\n\t<meta name=\"twitter:data1\" content=\"2 minutes\" \/>\n<script type=\"application\/ld+json\" class=\"yoast-schema-graph\">{\"@context\":\"https:\\\/\\\/schema.org\",\"@graph\":[{\"@type\":\"WebPage\",\"@id\":\"https:\\\/\\\/micasaste.com\\\/shop\\\/veste-nilaya-laine-col-v\\\/\",\"url\":\"https:\\\/\\\/micasaste.com\\\/shop\\\/veste-nilaya-laine-col-v\\\/\",\"name\":\"Veste Nilaya en laine \u2013 Artisanat indien | Micasast\u00e9\",\"isPartOf\":{\"@id\":\"https:\\\/\\\/micasaste.com\\\/#website\"},\"primaryImageOfPage\":{\"@id\":\"https:\\\/\\\/micasaste.com\\\/shop\\\/veste-nilaya-laine-col-v\\\/#primaryimage\"},\"image\":{\"@id\":\"https:\\\/\\\/micasaste.com\\\/shop\\\/veste-nilaya-laine-col-v\\\/#primaryimage\"},\"thumbnailUrl\":\"https:\\\/\\\/micasaste.com\\\/wp-content\\\/uploads\\\/2025\\\/04\\\/image00040-2.jpeg\",\"datePublished\":\"2025-04-07T15:32:19+00:00\",\"dateModified\":\"2026-02-25T10:44:15+00:00\",\"description\":\"D\u00e9couvrez la veste Nilaya de Micasast\u00e9, une pi\u00e8ce unique en laine, fabriqu\u00e9e \u00e0 la main en Inde. \u00c9l\u00e9gante, \u00e9thique et parfaite pour un style boh\u00e8me chic.\",\"breadcrumb\":{\"@id\":\"https:\\\/\\\/micasaste.com\\\/shop\\\/veste-nilaya-laine-col-v\\\/#breadcrumb\"},\"inLanguage\":\"en-US\",\"potentialAction\":[{\"@type\":\"ReadAction\",\"target\":[\"https:\\\/\\\/micasaste.com\\\/shop\\\/veste-nilaya-laine-col-v\\\/\"]}]},{\"@type\":\"ImageObject\",\"inLanguage\":\"en-US\",\"@id\":\"https:\\\/\\\/micasaste.com\\\/shop\\\/veste-nilaya-laine-col-v\\\/#primaryimage\",\"url\":\"https:\\\/\\\/micasaste.com\\\/wp-content\\\/uploads\\\/2025\\\/04\\\/image00040-2.jpeg\",\"contentUrl\":\"https:\\\/\\\/micasaste.com\\\/wp-content\\\/uploads\\\/2025\\\/04\\\/image00040-2.jpeg\",\"width\":2243,\"height\":2500,\"caption\":\"Veste Nilaya - En laine - Longue Col V - Mod\u00e8le St\u00e9phanie\"},{\"@type\":\"BreadcrumbList\",\"@id\":\"https:\\\/\\\/micasaste.com\\\/shop\\\/veste-nilaya-laine-col-v\\\/#breadcrumb\",\"itemListElement\":[{\"@type\":\"ListItem\",\"position\":1,\"name\":\"Accueil\",\"item\":\"https:\\\/\\\/micasaste.com\\\/\"},{\"@type\":\"ListItem\",\"position\":2,\"name\":\"Collection\",\"item\":\"https:\\\/\\\/micasaste.com\\\/shop-vetements-artisanaux-femme\\\/\"},{\"@type\":\"ListItem\",\"position\":3,\"name\":\"V\u00eatements\",\"item\":\"https:\\\/\\\/micasaste.com\\\/categorie\\\/vetements-vetements-3\\\/\"},{\"@type\":\"ListItem\",\"position\":4,\"name\":\"Veste en laine\",\"item\":\"https:\\\/\\\/micasaste.com\\\/categorie\\\/vetements-vetements-3\\\/veste-en-laine\\\/\"},{\"@type\":\"ListItem\",\"position\":5,\"name\":\"Veste Nilaya &#8211; Laine Col V\"}]},{\"@type\":\"WebSite\",\"@id\":\"https:\\\/\\\/micasaste.com\\\/#website\",\"url\":\"https:\\\/\\\/micasaste.com\\\/\",\"name\":\"Micasast\u00e9\",\"description\":\"V\u00eatements et Accessoires pour Femme \",\"publisher\":{\"@id\":\"https:\\\/\\\/micasaste.com\\\/#organization\"},\"potentialAction\":[{\"@type\":\"SearchAction\",\"target\":{\"@type\":\"EntryPoint\",\"urlTemplate\":\"https:\\\/\\\/micasaste.com\\\/?s={search_term_string}\"},\"query-input\":{\"@type\":\"PropertyValueSpecification\",\"valueRequired\":true,\"valueName\":\"search_term_string\"}}],\"inLanguage\":\"en-US\"},{\"@type\":\"Organization\",\"@id\":\"https:\\\/\\\/micasaste.com\\\/#organization\",\"name\":\"MicasaSt\u00e9\",\"url\":\"https:\\\/\\\/micasaste.com\\\/\",\"logo\":{\"@type\":\"ImageObject\",\"inLanguage\":\"en-US\",\"@id\":\"https:\\\/\\\/micasaste.com\\\/#\\\/schema\\\/logo\\\/image\\\/\",\"url\":\"https:\\\/\\\/micasaste.com\\\/wp-content\\\/uploads\\\/2020\\\/04\\\/logo-micasaste.svg\",\"contentUrl\":\"https:\\\/\\\/micasaste.com\\\/wp-content\\\/uploads\\\/2020\\\/04\\\/logo-micasaste.svg\",\"width\":\"1024\",\"height\":\"1024\",\"caption\":\"MicasaSt\u00e9\"},\"image\":{\"@id\":\"https:\\\/\\\/micasaste.com\\\/#\\\/schema\\\/logo\\\/image\\\/\"},\"sameAs\":[\"https:\\\/\\\/www.facebook.com\\\/Micasast-100208301386552\\\/\",\"https:\\\/\\\/www.instagram.com\\\/micasaste\\\/\"]}]}<\/script>\n<!-- \/ Yoast SEO plugin. -->","yoast_head_json":{"title":"Veste Nilaya en laine \u2013 Artisanat indien | Micasast\u00e9","description":"D\u00e9couvrez la veste Nilaya de Micasast\u00e9, une pi\u00e8ce unique en laine, fabriqu\u00e9e \u00e0 la main en Inde. \u00c9l\u00e9gante, \u00e9thique et parfaite pour un style boh\u00e8me chic.","robots":{"index":"index","follow":"follow","max-snippet":"max-snippet:-1","max-image-preview":"max-image-preview:large","max-video-preview":"max-video-preview:-1"},"canonical":"https:\/\/micasaste.com\/en\/shop\/veste-nilaya-laine-col-v\/","og_locale":"en_US","og_type":"article","og_title":"Veste Nilaya en laine \u2013 Artisanat indien | Micasast\u00e9","og_description":"D\u00e9couvrez la veste Nilaya de Micasast\u00e9, une pi\u00e8ce unique en laine, fabriqu\u00e9e \u00e0 la main en Inde. \u00c9l\u00e9gante, \u00e9thique et parfaite pour un style boh\u00e8me chic.","og_url":"https:\/\/micasaste.com\/en\/shop\/veste-nilaya-laine-col-v\/","og_site_name":"Micasast\u00e9","article_publisher":"https:\/\/www.facebook.com\/Micasast-100208301386552\/","article_modified_time":"2026-02-25T10:44:15+00:00","og_image":[{"width":852,"height":950,"url":"https:\/\/micasaste.com\/wp-content\/uploads\/2025\/04\/image00040-2-852x950.jpeg","type":"image\/jpeg"}],"twitter_card":"summary_large_image","twitter_misc":{"Est. reading time":"2 minutes"},"schema":{"@context":"https:\/\/schema.org","@graph":[{"@type":"WebPage","@id":"https:\/\/micasaste.com\/shop\/veste-nilaya-laine-col-v\/","url":"https:\/\/micasaste.com\/shop\/veste-nilaya-laine-col-v\/","name":"Veste Nilaya en laine \u2013 Artisanat indien | Micasast\u00e9","isPartOf":{"@id":"https:\/\/micasaste.com\/#website"},"primaryImageOfPage":{"@id":"https:\/\/micasaste.com\/shop\/veste-nilaya-laine-col-v\/#primaryimage"},"image":{"@id":"https:\/\/micasaste.com\/shop\/veste-nilaya-laine-col-v\/#primaryimage"},"thumbnailUrl":"https:\/\/micasaste.com\/wp-content\/uploads\/2025\/04\/image00040-2.jpeg","datePublished":"2025-04-07T15:32:19+00:00","dateModified":"2026-02-25T10:44:15+00:00","description":"D\u00e9couvrez la veste Nilaya de Micasast\u00e9, une pi\u00e8ce unique en laine, fabriqu\u00e9e \u00e0 la main en Inde. \u00c9l\u00e9gante, \u00e9thique et parfaite pour un style boh\u00e8me chic.","breadcrumb":{"@id":"https:\/\/micasaste.com\/shop\/veste-nilaya-laine-col-v\/#breadcrumb"},"inLanguage":"en-US","potentialAction":[{"@type":"ReadAction","target":["https:\/\/micasaste.com\/shop\/veste-nilaya-laine-col-v\/"]}]},{"@type":"ImageObject","inLanguage":"en-US","@id":"https:\/\/micasaste.com\/shop\/veste-nilaya-laine-col-v\/#primaryimage","url":"https:\/\/micasaste.com\/wp-content\/uploads\/2025\/04\/image00040-2.jpeg","contentUrl":"https:\/\/micasaste.com\/wp-content\/uploads\/2025\/04\/image00040-2.jpeg","width":2243,"height":2500,"caption":"Veste Nilaya - En laine - Longue Col V - Mod\u00e8le St\u00e9phanie"},{"@type":"BreadcrumbList","@id":"https:\/\/micasaste.com\/shop\/veste-nilaya-laine-col-v\/#breadcrumb","itemListElement":[{"@type":"ListItem","position":1,"name":"Accueil","item":"https:\/\/micasaste.com\/"},{"@type":"ListItem","position":2,"name":"Collection","item":"https:\/\/micasaste.com\/shop-vetements-artisanaux-femme\/"},{"@type":"ListItem","position":3,"name":"V\u00eatements","item":"https:\/\/micasaste.com\/categorie\/vetements-vetements-3\/"},{"@type":"ListItem","position":4,"name":"Veste en laine","item":"https:\/\/micasaste.com\/categorie\/vetements-vetements-3\/veste-en-laine\/"},{"@type":"ListItem","position":5,"name":"Veste Nilaya &#8211; Laine Col V"}]},{"@type":"WebSite","@id":"https:\/\/micasaste.com\/#website","url":"https:\/\/micasaste.com\/","name":"Micasast\u00e9","description":"V\u00eatements et Accessoires pour Femme","publisher":{"@id":"https:\/\/micasaste.com\/#organization"},"potentialAction":[{"@type":"SearchAction","target":{"@type":"EntryPoint","urlTemplate":"https:\/\/micasaste.com\/?s={search_term_string}"},"query-input":{"@type":"PropertyValueSpecification","valueRequired":true,"valueName":"search_term_string"}}],"inLanguage":"en-US"},{"@type":"Organization","@id":"https:\/\/micasaste.com\/#organization","name":"MicasaSt\u00e9","url":"https:\/\/micasaste.com\/","logo":{"@type":"ImageObject","inLanguage":"en-US","@id":"https:\/\/micasaste.com\/#\/schema\/logo\/image\/","url":"https:\/\/micasaste.com\/wp-content\/uploads\/2020\/04\/logo-micasaste.svg","contentUrl":"https:\/\/micasaste.com\/wp-content\/uploads\/2020\/04\/logo-micasaste.svg","width":"1024","height":"1024","caption":"MicasaSt\u00e9"},"image":{"@id":"https:\/\/micasaste.com\/#\/schema\/logo\/image\/"},"sameAs":["https:\/\/www.facebook.com\/Micasast-100208301386552\/","https:\/\/www.instagram.com\/micasaste\/"]}]}},"_links":{"self":[{"href":"https:\/\/micasaste.com\/en\/wp-json\/wp\/v2\/product\/21944","targetHints":{"allow":["GET"]}}],"collection":[{"href":"https:\/\/micasaste.com\/en\/wp-json\/wp\/v2\/product"}],"about":[{"href":"https:\/\/micasaste.com\/en\/wp-json\/wp\/v2\/types\/product"}],"replies":[{"embeddable":true,"href":"https:\/\/micasaste.com\/en\/wp-json\/wp\/v2\/comments?post=21944"}],"wp:featuredmedia":[{"embeddable":true,"href":"https:\/\/micasaste.com\/en\/wp-json\/wp\/v2\/media\/21946"}],"wp:attachment":[{"href":"https:\/\/micasaste.com\/en\/wp-json\/wp\/v2\/media?parent=21944"}],"wp:term":[{"taxonomy":"product_brand","embeddable":true,"href":"https:\/\/micasaste.com\/en\/wp-json\/wp\/v2\/product_brand?post=21944"},{"taxonomy":"product_cat","embeddable":true,"href":"https:\/\/micasaste.com\/en\/wp-json\/wp\/v2\/product_cat?post=21944"},{"taxonomy":"product_tag","embeddable":true,"href":"https:\/\/micasaste.com\/en\/wp-json\/wp\/v2\/product_tag?post=21944"}],"curies":[{"name":"wp","href":"https:\/\/api.w.org\/{rel}","templated":true}]}}