{"id":21103,"date":"2025-02-17T13:19:53","date_gmt":"2025-02-17T12:19:53","guid":{"rendered":"https:\/\/micasaste.com\/?post_type=product&#038;p=21103"},"modified":"2026-04-21T12:48:32","modified_gmt":"2026-04-21T10:48:32","slug":"nappe-jaipur-garden","status":"publish","type":"product","link":"https:\/\/micasaste.com\/en\/shop\/nappe-jaipur-garden\/","title":{"rendered":"Nappe Jaipur Garden | 150 x 230"},"content":{"rendered":"<p class=\"my-0\">Venez d\u00e9couvrir la nappe <strong>Jaipur Garden<\/strong> qui \u00e9voque les palais majestueux de Jaipur. Son vert\u00a0 profond attire le regard. Il cr\u00e9e une atmosph\u00e8re chaleureuse et conviviale. Des motifs floraux d\u00e9licats, en rouge et jaune, rehaussent son charme unique. Ils c\u00e9l\u00e8brent l&rsquo;artisanat indien ancestral.<\/p>\n<p class=\"my-0\">Cette nappe a \u00e9t\u00e9 confectionn\u00e9e \u00e0 la main en Inde.\u00a0 Nos artisans utilisent des techniques traditionnelles tel que le block print. Ils mettent tout leur savoir-faire dans chaque d\u00e9tail. Le coton de haute qualit\u00e9 offre une texture douce et agr\u00e9able au toucher.<\/p>\n<p class=\"my-0\">Elle est parfaite pour vos repas conviviaux et \u00e9l\u00e9gants.<\/p>\n<p class=\"my-0\">Id\u00e9ale si vous recherchez une d\u00e9coration de table originale. La nappe apporte une touche d&rsquo;exotisme \u00e0 votre int\u00e9rieur et s&rsquo;harmonise avec des couleurs neutres. Pensez au blanc ou au beige. Vous pouvez aussi ajouter des touches de dor\u00e9. Cela cr\u00e9e un effet plus sophistiqu\u00e9.<\/p>\n<p class=\"my-0\">Imaginez une table dress\u00e9e avec cette nappe. Elle devient le centre d&rsquo;attention et transformera vos repas en moments sp\u00e9ciaux. La nappe Jaipur Garden est parfaite pour des d\u00e9jeuners ensoleill\u00e9s, apportera une touche d&rsquo;\u00e9l\u00e9gance \u00e0 vos d\u00eeners intimes.<\/p>\n<p class=\"my-0\">Alors, transformez votre table en une oasis de beaut\u00e9 avec la nappe Jaipur Garden. Laissez-vous emporter par ses couleurs riches. Admirez ses motifs d\u00e9licats. Partagez des moments inoubliables avec Micasast\u00e9.<\/p>","protected":false},"excerpt":{"rendered":"<p>Apportez une touche d\u2019\u00e9l\u00e9gance et d\u2019authenticit\u00e9 \u00e0 votre table avec les nappes Micasast\u00e9.<\/p>\n<p>Confectionn\u00e9e en 100 % coton et imprim\u00e9e \u00e0 la main selon la technique traditionnelle du block print.<\/p>\n<p>Douce, r\u00e9sistante et facile d\u2019entretien, elle s\u2019adapte \u00e0 tous les styles de d\u00e9coration, du boh\u00e8me au classique.<\/p>\n<p>Id\u00e9ale pour un usage quotidien ou une table de f\u00eate, elle transforme chaque repas en un moment d\u2019exception.<\/p>\n<p>Taille 150 x 230<\/p>","protected":false},"featured_media":21106,"comment_status":"closed","ping_status":"closed","template":"","meta":{"inline_featured_image":false},"product_brand":[356],"product_cat":[403],"product_tag":[362,346,361,360],"class_list":{"0":"post-21103","1":"product","2":"type-product","3":"status-publish","4":"has-post-thumbnail","6":"product_brand-micasaste","7":"product_cat-nappe-150-x-230","8":"product_tag-decoration","9":"product_tag-linge-de-table","10":"product_tag-micasaste","11":"product_tag-nappes","13":"first","14":"instock","15":"taxable","16":"shipping-taxable","17":"purchasable","18":"product-type-simple"},"yoast_head":"<!-- This site is optimized with the Yoast SEO plugin v27.4 - https:\/\/yoast.com\/product\/yoast-seo-wordpress\/ -->\n<title>Nappe Jaipur Garden - Motif floral &amp; \u00e9l\u00e9gance indienne | Micasast\u00e9<\/title>\n<meta name=\"description\" content=\"Invitez la s\u00e9r\u00e9nit\u00e9 de Jaipur avec la nappe Jaipur Garden. Son artisanat indien authentique en font un choix id\u00e9al pour des repas frais et \u00e9l\u00e9gants.\" \/>\n<meta name=\"robots\" content=\"index, follow, max-snippet:-1, max-image-preview:large, max-video-preview:-1\" \/>\n<link rel=\"canonical\" href=\"https:\/\/micasaste.com\/en\/shop\/nappe-jaipur-garden\/\" \/>\n<meta property=\"og:locale\" content=\"en_US\" \/>\n<meta property=\"og:type\" content=\"article\" \/>\n<meta property=\"og:title\" content=\"Nappe Jaipur Garden - Motif floral &amp; \u00e9l\u00e9gance indienne | Micasast\u00e9\" \/>\n<meta property=\"og:description\" content=\"Invitez la s\u00e9r\u00e9nit\u00e9 de Jaipur avec la nappe Jaipur Garden. Son artisanat indien authentique en font un choix id\u00e9al pour des repas frais et \u00e9l\u00e9gants.\" \/>\n<meta property=\"og:url\" content=\"https:\/\/micasaste.com\/en\/shop\/nappe-jaipur-garden\/\" \/>\n<meta property=\"og:site_name\" content=\"Micasast\u00e9\" \/>\n<meta property=\"article:publisher\" content=\"https:\/\/www.facebook.com\/Micasast-100208301386552\/\" \/>\n<meta property=\"article:modified_time\" content=\"2026-04-21T10:48:32+00:00\" \/>\n<meta property=\"og:image\" content=\"https:\/\/micasaste.com\/wp-content\/uploads\/2025\/02\/4704ebbf-e2cd-4e7e-bbf6-cc452225f018.jpg\" \/>\n\t<meta property=\"og:image:width\" content=\"640\" \/>\n\t<meta property=\"og:image:height\" content=\"640\" \/>\n\t<meta property=\"og:image:type\" content=\"image\/jpeg\" \/>\n<meta name=\"twitter:card\" content=\"summary_large_image\" \/>\n<meta name=\"twitter:label1\" content=\"Est. reading time\" \/>\n\t<meta name=\"twitter:data1\" content=\"2 minutes\" \/>\n<script type=\"application\/ld+json\" class=\"yoast-schema-graph\">{\"@context\":\"https:\\\/\\\/schema.org\",\"@graph\":[{\"@type\":\"WebPage\",\"@id\":\"https:\\\/\\\/micasaste.com\\\/shop\\\/nappe-jaipur-garden\\\/\",\"url\":\"https:\\\/\\\/micasaste.com\\\/shop\\\/nappe-jaipur-garden\\\/\",\"name\":\"Nappe Jaipur Garden - Motif floral & \u00e9l\u00e9gance indienne | Micasast\u00e9\",\"isPartOf\":{\"@id\":\"https:\\\/\\\/micasaste.com\\\/#website\"},\"primaryImageOfPage\":{\"@id\":\"https:\\\/\\\/micasaste.com\\\/shop\\\/nappe-jaipur-garden\\\/#primaryimage\"},\"image\":{\"@id\":\"https:\\\/\\\/micasaste.com\\\/shop\\\/nappe-jaipur-garden\\\/#primaryimage\"},\"thumbnailUrl\":\"https:\\\/\\\/micasaste.com\\\/wp-content\\\/uploads\\\/2025\\\/02\\\/4704ebbf-e2cd-4e7e-bbf6-cc452225f018.jpg\",\"datePublished\":\"2025-02-17T12:19:53+00:00\",\"dateModified\":\"2026-04-21T10:48:32+00:00\",\"description\":\"Invitez la s\u00e9r\u00e9nit\u00e9 de Jaipur avec la nappe Jaipur Garden. Son artisanat indien authentique en font un choix id\u00e9al pour des repas frais et \u00e9l\u00e9gants.\",\"breadcrumb\":{\"@id\":\"https:\\\/\\\/micasaste.com\\\/shop\\\/nappe-jaipur-garden\\\/#breadcrumb\"},\"inLanguage\":\"en-US\",\"potentialAction\":[{\"@type\":\"ReadAction\",\"target\":[\"https:\\\/\\\/micasaste.com\\\/shop\\\/nappe-jaipur-garden\\\/\"]}]},{\"@type\":\"ImageObject\",\"inLanguage\":\"en-US\",\"@id\":\"https:\\\/\\\/micasaste.com\\\/shop\\\/nappe-jaipur-garden\\\/#primaryimage\",\"url\":\"https:\\\/\\\/micasaste.com\\\/wp-content\\\/uploads\\\/2025\\\/02\\\/4704ebbf-e2cd-4e7e-bbf6-cc452225f018.jpg\",\"contentUrl\":\"https:\\\/\\\/micasaste.com\\\/wp-content\\\/uploads\\\/2025\\\/02\\\/4704ebbf-e2cd-4e7e-bbf6-cc452225f018.jpg\",\"width\":640,\"height\":640,\"caption\":\"Nappe Jaipur Garden verte avec des motifs floraux complexes rouges, jaunes et blancs, \u00e9voquant les jardins verdoyants et l'artisanat raffin\u00e9 de Jaipur.\"},{\"@type\":\"BreadcrumbList\",\"@id\":\"https:\\\/\\\/micasaste.com\\\/shop\\\/nappe-jaipur-garden\\\/#breadcrumb\",\"itemListElement\":[{\"@type\":\"ListItem\",\"position\":1,\"name\":\"Accueil\",\"item\":\"https:\\\/\\\/micasaste.com\\\/\"},{\"@type\":\"ListItem\",\"position\":2,\"name\":\"Collection\",\"item\":\"https:\\\/\\\/micasaste.com\\\/shop-vetements-artisanaux-femme\\\/\"},{\"@type\":\"ListItem\",\"position\":3,\"name\":\"LINGE DE TABLE\",\"item\":\"https:\\\/\\\/micasaste.com\\\/categorie\\\/linge-de-table-indien-fait-main\\\/\"},{\"@type\":\"ListItem\",\"position\":4,\"name\":\"Nappes\",\"item\":\"https:\\\/\\\/micasaste.com\\\/categorie\\\/linge-de-table-indien-fait-main\\\/nappes\\\/\"},{\"@type\":\"ListItem\",\"position\":5,\"name\":\"Nappe 150 x 230\",\"item\":\"https:\\\/\\\/micasaste.com\\\/categorie\\\/linge-de-table-indien-fait-main\\\/nappes\\\/nappe-150-x-230\\\/\"},{\"@type\":\"ListItem\",\"position\":6,\"name\":\"Nappe Jaipur Garden | 150 x 230\"}]},{\"@type\":\"WebSite\",\"@id\":\"https:\\\/\\\/micasaste.com\\\/#website\",\"url\":\"https:\\\/\\\/micasaste.com\\\/\",\"name\":\"Micasast\u00e9\",\"description\":\"V\u00eatements et Accessoires pour Femme \",\"publisher\":{\"@id\":\"https:\\\/\\\/micasaste.com\\\/#organization\"},\"potentialAction\":[{\"@type\":\"SearchAction\",\"target\":{\"@type\":\"EntryPoint\",\"urlTemplate\":\"https:\\\/\\\/micasaste.com\\\/?s={search_term_string}\"},\"query-input\":{\"@type\":\"PropertyValueSpecification\",\"valueRequired\":true,\"valueName\":\"search_term_string\"}}],\"inLanguage\":\"en-US\"},{\"@type\":\"Organization\",\"@id\":\"https:\\\/\\\/micasaste.com\\\/#organization\",\"name\":\"MicasaSt\u00e9\",\"url\":\"https:\\\/\\\/micasaste.com\\\/\",\"logo\":{\"@type\":\"ImageObject\",\"inLanguage\":\"en-US\",\"@id\":\"https:\\\/\\\/micasaste.com\\\/#\\\/schema\\\/logo\\\/image\\\/\",\"url\":\"https:\\\/\\\/micasaste.com\\\/wp-content\\\/uploads\\\/2020\\\/04\\\/logo-micasaste.svg\",\"contentUrl\":\"https:\\\/\\\/micasaste.com\\\/wp-content\\\/uploads\\\/2020\\\/04\\\/logo-micasaste.svg\",\"width\":\"1024\",\"height\":\"1024\",\"caption\":\"MicasaSt\u00e9\"},\"image\":{\"@id\":\"https:\\\/\\\/micasaste.com\\\/#\\\/schema\\\/logo\\\/image\\\/\"},\"sameAs\":[\"https:\\\/\\\/www.facebook.com\\\/Micasast-100208301386552\\\/\",\"https:\\\/\\\/www.instagram.com\\\/micasaste\\\/\"]}]}<\/script>\n<!-- \/ Yoast SEO plugin. -->","yoast_head_json":{"title":"Nappe Jaipur Garden - Motif floral & \u00e9l\u00e9gance indienne | Micasast\u00e9","description":"Invitez la s\u00e9r\u00e9nit\u00e9 de Jaipur avec la nappe Jaipur Garden. Son artisanat indien authentique en font un choix id\u00e9al pour des repas frais et \u00e9l\u00e9gants.","robots":{"index":"index","follow":"follow","max-snippet":"max-snippet:-1","max-image-preview":"max-image-preview:large","max-video-preview":"max-video-preview:-1"},"canonical":"https:\/\/micasaste.com\/en\/shop\/nappe-jaipur-garden\/","og_locale":"en_US","og_type":"article","og_title":"Nappe Jaipur Garden - Motif floral & \u00e9l\u00e9gance indienne | Micasast\u00e9","og_description":"Invitez la s\u00e9r\u00e9nit\u00e9 de Jaipur avec la nappe Jaipur Garden. Son artisanat indien authentique en font un choix id\u00e9al pour des repas frais et \u00e9l\u00e9gants.","og_url":"https:\/\/micasaste.com\/en\/shop\/nappe-jaipur-garden\/","og_site_name":"Micasast\u00e9","article_publisher":"https:\/\/www.facebook.com\/Micasast-100208301386552\/","article_modified_time":"2026-04-21T10:48:32+00:00","og_image":[{"width":640,"height":640,"url":"https:\/\/micasaste.com\/wp-content\/uploads\/2025\/02\/4704ebbf-e2cd-4e7e-bbf6-cc452225f018.jpg","type":"image\/jpeg"}],"twitter_card":"summary_large_image","twitter_misc":{"Est. reading time":"2 minutes"},"schema":{"@context":"https:\/\/schema.org","@graph":[{"@type":"WebPage","@id":"https:\/\/micasaste.com\/shop\/nappe-jaipur-garden\/","url":"https:\/\/micasaste.com\/shop\/nappe-jaipur-garden\/","name":"Nappe Jaipur Garden - Motif floral & \u00e9l\u00e9gance indienne | Micasast\u00e9","isPartOf":{"@id":"https:\/\/micasaste.com\/#website"},"primaryImageOfPage":{"@id":"https:\/\/micasaste.com\/shop\/nappe-jaipur-garden\/#primaryimage"},"image":{"@id":"https:\/\/micasaste.com\/shop\/nappe-jaipur-garden\/#primaryimage"},"thumbnailUrl":"https:\/\/micasaste.com\/wp-content\/uploads\/2025\/02\/4704ebbf-e2cd-4e7e-bbf6-cc452225f018.jpg","datePublished":"2025-02-17T12:19:53+00:00","dateModified":"2026-04-21T10:48:32+00:00","description":"Invitez la s\u00e9r\u00e9nit\u00e9 de Jaipur avec la nappe Jaipur Garden. Son artisanat indien authentique en font un choix id\u00e9al pour des repas frais et \u00e9l\u00e9gants.","breadcrumb":{"@id":"https:\/\/micasaste.com\/shop\/nappe-jaipur-garden\/#breadcrumb"},"inLanguage":"en-US","potentialAction":[{"@type":"ReadAction","target":["https:\/\/micasaste.com\/shop\/nappe-jaipur-garden\/"]}]},{"@type":"ImageObject","inLanguage":"en-US","@id":"https:\/\/micasaste.com\/shop\/nappe-jaipur-garden\/#primaryimage","url":"https:\/\/micasaste.com\/wp-content\/uploads\/2025\/02\/4704ebbf-e2cd-4e7e-bbf6-cc452225f018.jpg","contentUrl":"https:\/\/micasaste.com\/wp-content\/uploads\/2025\/02\/4704ebbf-e2cd-4e7e-bbf6-cc452225f018.jpg","width":640,"height":640,"caption":"Nappe Jaipur Garden verte avec des motifs floraux complexes rouges, jaunes et blancs, \u00e9voquant les jardins verdoyants et l'artisanat raffin\u00e9 de Jaipur."},{"@type":"BreadcrumbList","@id":"https:\/\/micasaste.com\/shop\/nappe-jaipur-garden\/#breadcrumb","itemListElement":[{"@type":"ListItem","position":1,"name":"Accueil","item":"https:\/\/micasaste.com\/"},{"@type":"ListItem","position":2,"name":"Collection","item":"https:\/\/micasaste.com\/shop-vetements-artisanaux-femme\/"},{"@type":"ListItem","position":3,"name":"LINGE DE TABLE","item":"https:\/\/micasaste.com\/categorie\/linge-de-table-indien-fait-main\/"},{"@type":"ListItem","position":4,"name":"Nappes","item":"https:\/\/micasaste.com\/categorie\/linge-de-table-indien-fait-main\/nappes\/"},{"@type":"ListItem","position":5,"name":"Nappe 150 x 230","item":"https:\/\/micasaste.com\/categorie\/linge-de-table-indien-fait-main\/nappes\/nappe-150-x-230\/"},{"@type":"ListItem","position":6,"name":"Nappe Jaipur Garden | 150 x 230"}]},{"@type":"WebSite","@id":"https:\/\/micasaste.com\/#website","url":"https:\/\/micasaste.com\/","name":"Micasast\u00e9","description":"V\u00eatements et Accessoires pour Femme","publisher":{"@id":"https:\/\/micasaste.com\/#organization"},"potentialAction":[{"@type":"SearchAction","target":{"@type":"EntryPoint","urlTemplate":"https:\/\/micasaste.com\/?s={search_term_string}"},"query-input":{"@type":"PropertyValueSpecification","valueRequired":true,"valueName":"search_term_string"}}],"inLanguage":"en-US"},{"@type":"Organization","@id":"https:\/\/micasaste.com\/#organization","name":"MicasaSt\u00e9","url":"https:\/\/micasaste.com\/","logo":{"@type":"ImageObject","inLanguage":"en-US","@id":"https:\/\/micasaste.com\/#\/schema\/logo\/image\/","url":"https:\/\/micasaste.com\/wp-content\/uploads\/2020\/04\/logo-micasaste.svg","contentUrl":"https:\/\/micasaste.com\/wp-content\/uploads\/2020\/04\/logo-micasaste.svg","width":"1024","height":"1024","caption":"MicasaSt\u00e9"},"image":{"@id":"https:\/\/micasaste.com\/#\/schema\/logo\/image\/"},"sameAs":["https:\/\/www.facebook.com\/Micasast-100208301386552\/","https:\/\/www.instagram.com\/micasaste\/"]}]}},"_links":{"self":[{"href":"https:\/\/micasaste.com\/en\/wp-json\/wp\/v2\/product\/21103","targetHints":{"allow":["GET"]}}],"collection":[{"href":"https:\/\/micasaste.com\/en\/wp-json\/wp\/v2\/product"}],"about":[{"href":"https:\/\/micasaste.com\/en\/wp-json\/wp\/v2\/types\/product"}],"replies":[{"embeddable":true,"href":"https:\/\/micasaste.com\/en\/wp-json\/wp\/v2\/comments?post=21103"}],"wp:featuredmedia":[{"embeddable":true,"href":"https:\/\/micasaste.com\/en\/wp-json\/wp\/v2\/media\/21106"}],"wp:attachment":[{"href":"https:\/\/micasaste.com\/en\/wp-json\/wp\/v2\/media?parent=21103"}],"wp:term":[{"taxonomy":"product_brand","embeddable":true,"href":"https:\/\/micasaste.com\/en\/wp-json\/wp\/v2\/product_brand?post=21103"},{"taxonomy":"product_cat","embeddable":true,"href":"https:\/\/micasaste.com\/en\/wp-json\/wp\/v2\/product_cat?post=21103"},{"taxonomy":"product_tag","embeddable":true,"href":"https:\/\/micasaste.com\/en\/wp-json\/wp\/v2\/product_tag?post=21103"}],"curies":[{"name":"wp","href":"https:\/\/api.w.org\/{rel}","templated":true}]}}