{"id":19534,"date":"2024-05-21T21:40:17","date_gmt":"2024-05-21T19:40:17","guid":{"rendered":"https:\/\/micasaste.com\/?post_type=product&#038;p=19534"},"modified":"2025-07-23T15:32:35","modified_gmt":"2025-07-23T13:32:35","slug":"chemise-exotique-bleu-marine","status":"publish","type":"product","link":"https:\/\/micasaste.com\/en\/shop\/chemise-exotique-bleu-marine\/","title":{"rendered":"Chemise Imprim\u00e9e Exotique Bleu Marine"},"content":{"rendered":"<p class=\"cvGsUA direction-ltr align-center para-style-body\"><span class=\"OYPEnA font-feature-liga-off font-feature-clig-off font-feature-calt-off text-decoration-none text-strikethrough-none\">D\u00e9couvrez notre chemise <strong>Exotique Bleu Marine<\/strong>, une pi\u00e8ce unique qui allie \u00e9l\u00e9gance et aventure. Con\u00e7ue pour les amoureux de la nature et de la mode, elle vous transporte dans un univers sauvage et fascinant.<\/span><\/p>\n<p class=\"cvGsUA direction-ltr align-center para-style-body\"><span class=\"OYPEnA font-feature-liga-off font-feature-clig-off font-feature-calt-off text-decoration-none text-strikethrough-none\">L&rsquo;imprim\u00e9 de cette chemise est une invitation au voyage. Chaque d\u00e9tail \u00e9voque l\u2019esprit d\u2019un safari exotique, avec des touches subtiles de couleurs naturelles et vibrantes.<\/span><\/p>\n<p class=\"cvGsUA direction-ltr align-center para-style-body\"><span class=\"OYPEnA font-feature-liga-off font-feature-clig-off font-feature-calt-off text-decoration-none text-strikethrough-none\">Fabriqu\u00e9e dans un tissu l\u00e9ger et respirant, cette chemise vous offre un confort absolu. Sa mati\u00e8re agr\u00e9able au toucher permet une libert\u00e9 de mouvement tout en restant \u00e9l\u00e9gante. Elle se porte aussi bien lors d\u2019une escapade en pleine nature que lors d&rsquo;une sortie d\u00e9contract\u00e9e en ville.<\/span><\/p>\n<p class=\"cvGsUA direction-ltr align-center para-style-body\"><span class=\"OYPEnA font-feature-liga-off font-feature-clig-off font-feature-calt-off text-decoration-none text-strikethrough-none\">La coupe de la chemise Exotique Bleu Marine est moderne et d\u00e9contract\u00e9e, parfaite pour un look \u00e0 la fois chic et aventurier. Ses manches retrouss\u00e9es et son col classique ajoutent une touche de sophistication. Elle peut \u00eatre port\u00e9e avec un pantalon en lin pour un style estival ou associ\u00e9e \u00e0 un jean pour un look plus urbain.<\/span><\/p>\n<p class=\"cvGsUA direction-ltr align-center para-style-body\"><span class=\"OYPEnA font-feature-liga-off font-feature-clig-off font-feature-calt-off text-decoration-none text-strikethrough-none\">Adoptez cette chemise imprim\u00e9e femme pour une allure audacieuse et pleine de caract\u00e8re. Elle se distingue par son imprim\u00e9 unique et sa coupe flatteuse.\u00a0<\/span><\/p>\n<p class=\"cvGsUA direction-ltr align-center para-style-body\"><span class=\"OYPEnA font-feature-liga-off font-feature-clig-off font-feature-calt-off text-decoration-none text-strikethrough-none\">C\u2019est un incontournable pour celles qui souhaitent ajouter une touche de nature et d\u2019exotisme \u00e0 leur style.<\/span><\/p>","protected":false},"excerpt":{"rendered":"<p>Chemise imprim\u00e9e femme &#8211; Manches courtes<\/p>\n<p>Boutonn\u00e9e devant avec 7 boutons<\/p>\n<p>100% coton<\/p>\n<p>Lavage \u00e0 30 degr\u00e9s<\/p>\n<p>Taille Unique<\/p>\n<p>&nbsp;<\/p>","protected":false},"featured_media":19537,"comment_status":"closed","ping_status":"closed","template":"","meta":{"inline_featured_image":false},"product_brand":[],"product_cat":[316,291],"product_tag":[326,300],"class_list":{"0":"post-19534","1":"product","2":"type-product","3":"status-publish","4":"has-post-thumbnail","6":"product_cat-chemise","7":"product_cat-vetements-vetements-3","8":"product_tag-chemise","9":"product_tag-imprime","11":"first","12":"instock","13":"taxable","14":"shipping-taxable","15":"purchasable","16":"product-type-simple"},"yoast_head":"<!-- This site is optimized with the Yoast SEO plugin v27.4 - https:\/\/yoast.com\/product\/yoast-seo-wordpress\/ -->\n<title>Chemise Exotique Bleu Marine - Look Moderne | Micasast\u00e9<\/title>\n<meta name=\"description\" content=\"Adoptez le style tropical avec la chemise exotique bleu marine. Une pi\u00e8ce luxueuse aux motifs tropicaux et raffin\u00e9s pour un look moderne.\" \/>\n<meta name=\"robots\" content=\"index, follow, max-snippet:-1, max-image-preview:large, max-video-preview:-1\" \/>\n<link rel=\"canonical\" href=\"https:\/\/micasaste.com\/en\/shop\/chemise-exotique-bleu-marine\/\" \/>\n<meta property=\"og:locale\" content=\"en_US\" \/>\n<meta property=\"og:type\" content=\"article\" \/>\n<meta property=\"og:title\" content=\"Chemise Exotique Bleu Marine - Look Moderne | Micasast\u00e9\" \/>\n<meta property=\"og:description\" content=\"Adoptez le style tropical avec la chemise exotique bleu marine. Une pi\u00e8ce luxueuse aux motifs tropicaux et raffin\u00e9s pour un look moderne.\" \/>\n<meta property=\"og:url\" content=\"https:\/\/micasaste.com\/en\/shop\/chemise-exotique-bleu-marine\/\" \/>\n<meta property=\"og:site_name\" content=\"Micasast\u00e9\" \/>\n<meta property=\"article:publisher\" content=\"https:\/\/www.facebook.com\/Micasast-100208301386552\/\" \/>\n<meta property=\"article:modified_time\" content=\"2025-07-23T13:32:35+00:00\" \/>\n<meta property=\"og:image\" content=\"https:\/\/micasaste.com\/wp-content\/uploads\/2020\/05\/micasaste-facebook-share.jpg\" \/>\n\t<meta property=\"og:image:width\" content=\"1200\" \/>\n\t<meta property=\"og:image:height\" content=\"628\" \/>\n\t<meta property=\"og:image:type\" content=\"image\/jpeg\" \/>\n<meta name=\"twitter:card\" content=\"summary_large_image\" \/>\n<meta name=\"twitter:label1\" content=\"Est. reading time\" \/>\n\t<meta name=\"twitter:data1\" content=\"2 minutes\" \/>\n<script type=\"application\/ld+json\" class=\"yoast-schema-graph\">{\"@context\":\"https:\\\/\\\/schema.org\",\"@graph\":[{\"@type\":\"WebPage\",\"@id\":\"https:\\\/\\\/micasaste.com\\\/shop\\\/chemise-exotique-bleu-marine\\\/\",\"url\":\"https:\\\/\\\/micasaste.com\\\/shop\\\/chemise-exotique-bleu-marine\\\/\",\"name\":\"Chemise Exotique Bleu Marine - Look Moderne | Micasast\u00e9\",\"isPartOf\":{\"@id\":\"https:\\\/\\\/micasaste.com\\\/#website\"},\"primaryImageOfPage\":{\"@id\":\"https:\\\/\\\/micasaste.com\\\/shop\\\/chemise-exotique-bleu-marine\\\/#primaryimage\"},\"image\":{\"@id\":\"https:\\\/\\\/micasaste.com\\\/shop\\\/chemise-exotique-bleu-marine\\\/#primaryimage\"},\"thumbnailUrl\":\"https:\\\/\\\/micasaste.com\\\/wp-content\\\/uploads\\\/2024\\\/05\\\/IMG_7418-scaled.jpg\",\"datePublished\":\"2024-05-21T19:40:17+00:00\",\"dateModified\":\"2025-07-23T13:32:35+00:00\",\"description\":\"Adoptez le style tropical avec la chemise exotique bleu marine. Une pi\u00e8ce luxueuse aux motifs tropicaux et raffin\u00e9s pour un look moderne.\",\"breadcrumb\":{\"@id\":\"https:\\\/\\\/micasaste.com\\\/shop\\\/chemise-exotique-bleu-marine\\\/#breadcrumb\"},\"inLanguage\":\"en-US\",\"potentialAction\":[{\"@type\":\"ReadAction\",\"target\":[\"https:\\\/\\\/micasaste.com\\\/shop\\\/chemise-exotique-bleu-marine\\\/\"]}]},{\"@type\":\"ImageObject\",\"inLanguage\":\"en-US\",\"@id\":\"https:\\\/\\\/micasaste.com\\\/shop\\\/chemise-exotique-bleu-marine\\\/#primaryimage\",\"url\":\"https:\\\/\\\/micasaste.com\\\/wp-content\\\/uploads\\\/2024\\\/05\\\/IMG_7418-scaled.jpg\",\"contentUrl\":\"https:\\\/\\\/micasaste.com\\\/wp-content\\\/uploads\\\/2024\\\/05\\\/IMG_7418-scaled.jpg\",\"width\":2294,\"height\":2560,\"caption\":\"Chemise Imprim\u00e9e Femme Exotique Bleu Marine\"},{\"@type\":\"BreadcrumbList\",\"@id\":\"https:\\\/\\\/micasaste.com\\\/shop\\\/chemise-exotique-bleu-marine\\\/#breadcrumb\",\"itemListElement\":[{\"@type\":\"ListItem\",\"position\":1,\"name\":\"Accueil\",\"item\":\"https:\\\/\\\/micasaste.com\\\/\"},{\"@type\":\"ListItem\",\"position\":2,\"name\":\"Collection\",\"item\":\"https:\\\/\\\/micasaste.com\\\/shop-vetements-artisanaux-femme\\\/\"},{\"@type\":\"ListItem\",\"position\":3,\"name\":\"V\u00eatements\",\"item\":\"https:\\\/\\\/micasaste.com\\\/categorie\\\/vetements-vetements-3\\\/\"},{\"@type\":\"ListItem\",\"position\":4,\"name\":\"Chemise Imprim\u00e9e Exotique Bleu Marine\"}]},{\"@type\":\"WebSite\",\"@id\":\"https:\\\/\\\/micasaste.com\\\/#website\",\"url\":\"https:\\\/\\\/micasaste.com\\\/\",\"name\":\"Micasast\u00e9\",\"description\":\"V\u00eatements et Accessoires pour Femme \",\"publisher\":{\"@id\":\"https:\\\/\\\/micasaste.com\\\/#organization\"},\"potentialAction\":[{\"@type\":\"SearchAction\",\"target\":{\"@type\":\"EntryPoint\",\"urlTemplate\":\"https:\\\/\\\/micasaste.com\\\/?s={search_term_string}\"},\"query-input\":{\"@type\":\"PropertyValueSpecification\",\"valueRequired\":true,\"valueName\":\"search_term_string\"}}],\"inLanguage\":\"en-US\"},{\"@type\":\"Organization\",\"@id\":\"https:\\\/\\\/micasaste.com\\\/#organization\",\"name\":\"MicasaSt\u00e9\",\"url\":\"https:\\\/\\\/micasaste.com\\\/\",\"logo\":{\"@type\":\"ImageObject\",\"inLanguage\":\"en-US\",\"@id\":\"https:\\\/\\\/micasaste.com\\\/#\\\/schema\\\/logo\\\/image\\\/\",\"url\":\"https:\\\/\\\/micasaste.com\\\/wp-content\\\/uploads\\\/2020\\\/04\\\/logo-micasaste.svg\",\"contentUrl\":\"https:\\\/\\\/micasaste.com\\\/wp-content\\\/uploads\\\/2020\\\/04\\\/logo-micasaste.svg\",\"width\":\"1024\",\"height\":\"1024\",\"caption\":\"MicasaSt\u00e9\"},\"image\":{\"@id\":\"https:\\\/\\\/micasaste.com\\\/#\\\/schema\\\/logo\\\/image\\\/\"},\"sameAs\":[\"https:\\\/\\\/www.facebook.com\\\/Micasast-100208301386552\\\/\",\"https:\\\/\\\/www.instagram.com\\\/micasaste\\\/\"]}]}<\/script>\n<!-- \/ Yoast SEO plugin. -->","yoast_head_json":{"title":"Chemise Exotique Bleu Marine - Look Moderne | Micasast\u00e9","description":"Adoptez le style tropical avec la chemise exotique bleu marine. Une pi\u00e8ce luxueuse aux motifs tropicaux et raffin\u00e9s pour un look moderne.","robots":{"index":"index","follow":"follow","max-snippet":"max-snippet:-1","max-image-preview":"max-image-preview:large","max-video-preview":"max-video-preview:-1"},"canonical":"https:\/\/micasaste.com\/en\/shop\/chemise-exotique-bleu-marine\/","og_locale":"en_US","og_type":"article","og_title":"Chemise Exotique Bleu Marine - Look Moderne | Micasast\u00e9","og_description":"Adoptez le style tropical avec la chemise exotique bleu marine. Une pi\u00e8ce luxueuse aux motifs tropicaux et raffin\u00e9s pour un look moderne.","og_url":"https:\/\/micasaste.com\/en\/shop\/chemise-exotique-bleu-marine\/","og_site_name":"Micasast\u00e9","article_publisher":"https:\/\/www.facebook.com\/Micasast-100208301386552\/","article_modified_time":"2025-07-23T13:32:35+00:00","og_image":[{"width":1200,"height":628,"url":"https:\/\/micasaste.com\/wp-content\/uploads\/2020\/05\/micasaste-facebook-share.jpg","type":"image\/jpeg"}],"twitter_card":"summary_large_image","twitter_misc":{"Est. reading time":"2 minutes"},"schema":{"@context":"https:\/\/schema.org","@graph":[{"@type":"WebPage","@id":"https:\/\/micasaste.com\/shop\/chemise-exotique-bleu-marine\/","url":"https:\/\/micasaste.com\/shop\/chemise-exotique-bleu-marine\/","name":"Chemise Exotique Bleu Marine - Look Moderne | Micasast\u00e9","isPartOf":{"@id":"https:\/\/micasaste.com\/#website"},"primaryImageOfPage":{"@id":"https:\/\/micasaste.com\/shop\/chemise-exotique-bleu-marine\/#primaryimage"},"image":{"@id":"https:\/\/micasaste.com\/shop\/chemise-exotique-bleu-marine\/#primaryimage"},"thumbnailUrl":"https:\/\/micasaste.com\/wp-content\/uploads\/2024\/05\/IMG_7418-scaled.jpg","datePublished":"2024-05-21T19:40:17+00:00","dateModified":"2025-07-23T13:32:35+00:00","description":"Adoptez le style tropical avec la chemise exotique bleu marine. Une pi\u00e8ce luxueuse aux motifs tropicaux et raffin\u00e9s pour un look moderne.","breadcrumb":{"@id":"https:\/\/micasaste.com\/shop\/chemise-exotique-bleu-marine\/#breadcrumb"},"inLanguage":"en-US","potentialAction":[{"@type":"ReadAction","target":["https:\/\/micasaste.com\/shop\/chemise-exotique-bleu-marine\/"]}]},{"@type":"ImageObject","inLanguage":"en-US","@id":"https:\/\/micasaste.com\/shop\/chemise-exotique-bleu-marine\/#primaryimage","url":"https:\/\/micasaste.com\/wp-content\/uploads\/2024\/05\/IMG_7418-scaled.jpg","contentUrl":"https:\/\/micasaste.com\/wp-content\/uploads\/2024\/05\/IMG_7418-scaled.jpg","width":2294,"height":2560,"caption":"Chemise Imprim\u00e9e Femme Exotique Bleu Marine"},{"@type":"BreadcrumbList","@id":"https:\/\/micasaste.com\/shop\/chemise-exotique-bleu-marine\/#breadcrumb","itemListElement":[{"@type":"ListItem","position":1,"name":"Accueil","item":"https:\/\/micasaste.com\/"},{"@type":"ListItem","position":2,"name":"Collection","item":"https:\/\/micasaste.com\/shop-vetements-artisanaux-femme\/"},{"@type":"ListItem","position":3,"name":"V\u00eatements","item":"https:\/\/micasaste.com\/categorie\/vetements-vetements-3\/"},{"@type":"ListItem","position":4,"name":"Chemise Imprim\u00e9e Exotique Bleu Marine"}]},{"@type":"WebSite","@id":"https:\/\/micasaste.com\/#website","url":"https:\/\/micasaste.com\/","name":"Micasast\u00e9","description":"V\u00eatements et Accessoires pour Femme","publisher":{"@id":"https:\/\/micasaste.com\/#organization"},"potentialAction":[{"@type":"SearchAction","target":{"@type":"EntryPoint","urlTemplate":"https:\/\/micasaste.com\/?s={search_term_string}"},"query-input":{"@type":"PropertyValueSpecification","valueRequired":true,"valueName":"search_term_string"}}],"inLanguage":"en-US"},{"@type":"Organization","@id":"https:\/\/micasaste.com\/#organization","name":"MicasaSt\u00e9","url":"https:\/\/micasaste.com\/","logo":{"@type":"ImageObject","inLanguage":"en-US","@id":"https:\/\/micasaste.com\/#\/schema\/logo\/image\/","url":"https:\/\/micasaste.com\/wp-content\/uploads\/2020\/04\/logo-micasaste.svg","contentUrl":"https:\/\/micasaste.com\/wp-content\/uploads\/2020\/04\/logo-micasaste.svg","width":"1024","height":"1024","caption":"MicasaSt\u00e9"},"image":{"@id":"https:\/\/micasaste.com\/#\/schema\/logo\/image\/"},"sameAs":["https:\/\/www.facebook.com\/Micasast-100208301386552\/","https:\/\/www.instagram.com\/micasaste\/"]}]}},"_links":{"self":[{"href":"https:\/\/micasaste.com\/en\/wp-json\/wp\/v2\/product\/19534","targetHints":{"allow":["GET"]}}],"collection":[{"href":"https:\/\/micasaste.com\/en\/wp-json\/wp\/v2\/product"}],"about":[{"href":"https:\/\/micasaste.com\/en\/wp-json\/wp\/v2\/types\/product"}],"replies":[{"embeddable":true,"href":"https:\/\/micasaste.com\/en\/wp-json\/wp\/v2\/comments?post=19534"}],"wp:featuredmedia":[{"embeddable":true,"href":"https:\/\/micasaste.com\/en\/wp-json\/wp\/v2\/media\/19537"}],"wp:attachment":[{"href":"https:\/\/micasaste.com\/en\/wp-json\/wp\/v2\/media?parent=19534"}],"wp:term":[{"taxonomy":"product_brand","embeddable":true,"href":"https:\/\/micasaste.com\/en\/wp-json\/wp\/v2\/product_brand?post=19534"},{"taxonomy":"product_cat","embeddable":true,"href":"https:\/\/micasaste.com\/en\/wp-json\/wp\/v2\/product_cat?post=19534"},{"taxonomy":"product_tag","embeddable":true,"href":"https:\/\/micasaste.com\/en\/wp-json\/wp\/v2\/product_tag?post=19534"}],"curies":[{"name":"wp","href":"https:\/\/api.w.org\/{rel}","templated":true}]}}