{"id":19428,"date":"2024-05-19T13:53:24","date_gmt":"2024-05-19T11:53:24","guid":{"rendered":"https:\/\/micasaste.com\/?post_type=product&#038;p=19428"},"modified":"2025-07-23T12:33:40","modified_gmt":"2025-07-23T10:33:40","slug":"pantalon-exotique-rose","status":"publish","type":"product","link":"https:\/\/micasaste.com\/en\/shop\/pantalon-exotique-rose\/","title":{"rendered":"Pantalon Exotique Rose"},"content":{"rendered":"<div class=\"woocommerce-tabs\">\n<div id=\"tab-description\" class=\"panel entry-content current\">\n<p>Le pantalon\u00a0<strong>Exotique Rose <\/strong>est une pi\u00e8ce incontournable pour ceux qui cherchent \u00e0 allier confort et originalit\u00e9. Confectionn\u00e9 dans un tissu l\u00e9ger et fluide, il vous assure une sensation de bien-\u00eatre tout au long de la journ\u00e9e. Sa coupe d\u00e9contract\u00e9e et sa taille \u00e9lastiqu\u00e9e offrent un confort optimal, tout en \u00e9pousant parfaitement les courbes de votre silhouette. Le pantalon est orn\u00e9 d\u2019un imprim\u00e9 tropical vibrant.<\/p>\n<p>Ce mod\u00e8le se distingue par sa l\u00e9g\u00e8ret\u00e9 et sa fluidit\u00e9, parfait pour les journ\u00e9es chaudes et les soir\u00e9es d\u2019\u00e9t\u00e9. Son tissu respirant et doux sur la peau fait de ce pantalon un alli\u00e9 id\u00e9al pour les temp\u00e9ratures estivales. Que vous le portiez lors d\u2019une promenade en ville ou pour une sortie d\u00e9contract\u00e9e en vacances, il vous apportera une touche de fra\u00eecheur et d\u2019originalit\u00e9.<\/p>\n<p>Pour un look \u00e9l\u00e9gant et \u00e9quilibr\u00e9, associez-le \u00e0 un haut ajust\u00e9 ou un top l\u00e9ger. Vous pouvez \u00e9galement personnaliser votre look en fonction de l\u2019occasion : des sandales plates ou des baskets pour un style quotidien, ou des talons pour une allure plus sophistiqu\u00e9e en soir\u00e9e.<\/p>\n<p>Ce pantalon est l\u2019incarnation parfaite du style boh\u00e8me chic, avec une touche d\u2019exotisme. Id\u00e9al pour toutes celles qui recherchent une pi\u00e8ce \u00e0 la fois confortable, \u00e9l\u00e9gante et pleine de caract\u00e8re, le pantalon\u00a0<strong>Exotique Rose<\/strong>\u00a0saura se faire une place de choix dans votre garde-robe. Vous appr\u00e9cierez sa polyvalence, son confort et son imprim\u00e9 unique qui apportera une note tropicale \u00e0 votre style.<\/p>\n<\/div>\n<\/div>","protected":false},"excerpt":{"rendered":"<p class=\"p1\">2 poches plaqu\u00e9es sur les c\u00f4t\u00e9s passant et ceinture<\/p>\n<p class=\"p1\">\u00e9lastique dans le dos<\/p>\n<p class=\"p1\">Taille unique<\/p>\n<p class=\"p1\">Lavage \u00e0 30 degr\u00e9s pour pr\u00e9server la couleur<\/p>\n<p class=\"p1\">100% coton<\/p>\n<p>&nbsp;<\/p>","protected":false},"featured_media":19456,"comment_status":"closed","ping_status":"closed","template":"","meta":{"inline_featured_image":false},"product_brand":[],"product_cat":[313,291],"product_tag":[300,299,301],"class_list":{"0":"post-19428","1":"product","2":"type-product","3":"status-publish","4":"has-post-thumbnail","6":"product_cat-pantalon","7":"product_cat-vetements-vetements-3","8":"product_tag-imprime","9":"product_tag-pantalon","10":"product_tag-soie","12":"first","13":"instock","14":"taxable","15":"shipping-taxable","16":"purchasable","17":"product-type-simple"},"yoast_head":"<!-- This site is optimized with the Yoast SEO plugin v27.4 - https:\/\/yoast.com\/product\/yoast-seo-wordpress\/ -->\n<title>Pantalon Exotique Rose - Original &amp; Chic | Micasast\u00e9<\/title>\n<meta name=\"description\" content=\"Adoptez un style tropical avec le pantalon Exotique Rose. L\u00e9ger et fluide, il pr\u00e9sente un imprim\u00e9 exotique. Id\u00e9al pour un look d\u00e9contract\u00e9 et estival.\" \/>\n<meta name=\"robots\" content=\"index, follow, max-snippet:-1, max-image-preview:large, max-video-preview:-1\" \/>\n<link rel=\"canonical\" href=\"https:\/\/micasaste.com\/en\/shop\/pantalon-exotique-rose\/\" \/>\n<meta property=\"og:locale\" content=\"en_US\" \/>\n<meta property=\"og:type\" content=\"article\" \/>\n<meta property=\"og:title\" content=\"Pantalon Exotique Rose - Original &amp; Chic | Micasast\u00e9\" \/>\n<meta property=\"og:description\" content=\"Adoptez un style tropical avec le pantalon Exotique Rose. L\u00e9ger et fluide, il pr\u00e9sente un imprim\u00e9 exotique. Id\u00e9al pour un look d\u00e9contract\u00e9 et estival.\" \/>\n<meta property=\"og:url\" content=\"https:\/\/micasaste.com\/en\/shop\/pantalon-exotique-rose\/\" \/>\n<meta property=\"og:site_name\" content=\"Micasast\u00e9\" \/>\n<meta property=\"article:publisher\" content=\"https:\/\/www.facebook.com\/Micasast-100208301386552\/\" \/>\n<meta property=\"article:modified_time\" content=\"2025-07-23T10:33:40+00:00\" \/>\n<meta property=\"og:image\" content=\"https:\/\/micasaste.com\/wp-content\/uploads\/2020\/05\/micasaste-facebook-share.jpg\" \/>\n\t<meta property=\"og:image:width\" content=\"1200\" \/>\n\t<meta property=\"og:image:height\" content=\"628\" \/>\n\t<meta property=\"og:image:type\" content=\"image\/jpeg\" \/>\n<meta name=\"twitter:card\" content=\"summary_large_image\" \/>\n<meta name=\"twitter:label1\" content=\"Est. reading time\" \/>\n\t<meta name=\"twitter:data1\" content=\"2 minutes\" \/>\n<script type=\"application\/ld+json\" class=\"yoast-schema-graph\">{\"@context\":\"https:\\\/\\\/schema.org\",\"@graph\":[{\"@type\":\"WebPage\",\"@id\":\"https:\\\/\\\/micasaste.com\\\/shop\\\/pantalon-exotique-rose\\\/\",\"url\":\"https:\\\/\\\/micasaste.com\\\/shop\\\/pantalon-exotique-rose\\\/\",\"name\":\"Pantalon Exotique Rose - Original & Chic | Micasast\u00e9\",\"isPartOf\":{\"@id\":\"https:\\\/\\\/micasaste.com\\\/#website\"},\"primaryImageOfPage\":{\"@id\":\"https:\\\/\\\/micasaste.com\\\/shop\\\/pantalon-exotique-rose\\\/#primaryimage\"},\"image\":{\"@id\":\"https:\\\/\\\/micasaste.com\\\/shop\\\/pantalon-exotique-rose\\\/#primaryimage\"},\"thumbnailUrl\":\"https:\\\/\\\/micasaste.com\\\/wp-content\\\/uploads\\\/2024\\\/05\\\/IMG_7269-1-scaled.jpeg\",\"datePublished\":\"2024-05-19T11:53:24+00:00\",\"dateModified\":\"2025-07-23T10:33:40+00:00\",\"description\":\"Adoptez un style tropical avec le pantalon Exotique Rose. L\u00e9ger et fluide, il pr\u00e9sente un imprim\u00e9 exotique. Id\u00e9al pour un look d\u00e9contract\u00e9 et estival.\",\"breadcrumb\":{\"@id\":\"https:\\\/\\\/micasaste.com\\\/shop\\\/pantalon-exotique-rose\\\/#breadcrumb\"},\"inLanguage\":\"en-US\",\"potentialAction\":[{\"@type\":\"ReadAction\",\"target\":[\"https:\\\/\\\/micasaste.com\\\/shop\\\/pantalon-exotique-rose\\\/\"]}]},{\"@type\":\"ImageObject\",\"inLanguage\":\"en-US\",\"@id\":\"https:\\\/\\\/micasaste.com\\\/shop\\\/pantalon-exotique-rose\\\/#primaryimage\",\"url\":\"https:\\\/\\\/micasaste.com\\\/wp-content\\\/uploads\\\/2024\\\/05\\\/IMG_7269-1-scaled.jpeg\",\"contentUrl\":\"https:\\\/\\\/micasaste.com\\\/wp-content\\\/uploads\\\/2024\\\/05\\\/IMG_7269-1-scaled.jpeg\",\"width\":1920,\"height\":2560,\"caption\":\"Pantalon Exotique Rose - Chic et d\u00e9contract\u00e9\"},{\"@type\":\"BreadcrumbList\",\"@id\":\"https:\\\/\\\/micasaste.com\\\/shop\\\/pantalon-exotique-rose\\\/#breadcrumb\",\"itemListElement\":[{\"@type\":\"ListItem\",\"position\":1,\"name\":\"Accueil\",\"item\":\"https:\\\/\\\/micasaste.com\\\/\"},{\"@type\":\"ListItem\",\"position\":2,\"name\":\"Collection\",\"item\":\"https:\\\/\\\/micasaste.com\\\/shop-vetements-artisanaux-femme\\\/\"},{\"@type\":\"ListItem\",\"position\":3,\"name\":\"V\u00eatements\",\"item\":\"https:\\\/\\\/micasaste.com\\\/categorie\\\/vetements-vetements-3\\\/\"},{\"@type\":\"ListItem\",\"position\":4,\"name\":\"Pantalon Exotique Rose\"}]},{\"@type\":\"WebSite\",\"@id\":\"https:\\\/\\\/micasaste.com\\\/#website\",\"url\":\"https:\\\/\\\/micasaste.com\\\/\",\"name\":\"Micasast\u00e9\",\"description\":\"V\u00eatements et Accessoires pour Femme \",\"publisher\":{\"@id\":\"https:\\\/\\\/micasaste.com\\\/#organization\"},\"potentialAction\":[{\"@type\":\"SearchAction\",\"target\":{\"@type\":\"EntryPoint\",\"urlTemplate\":\"https:\\\/\\\/micasaste.com\\\/?s={search_term_string}\"},\"query-input\":{\"@type\":\"PropertyValueSpecification\",\"valueRequired\":true,\"valueName\":\"search_term_string\"}}],\"inLanguage\":\"en-US\"},{\"@type\":\"Organization\",\"@id\":\"https:\\\/\\\/micasaste.com\\\/#organization\",\"name\":\"MicasaSt\u00e9\",\"url\":\"https:\\\/\\\/micasaste.com\\\/\",\"logo\":{\"@type\":\"ImageObject\",\"inLanguage\":\"en-US\",\"@id\":\"https:\\\/\\\/micasaste.com\\\/#\\\/schema\\\/logo\\\/image\\\/\",\"url\":\"https:\\\/\\\/micasaste.com\\\/wp-content\\\/uploads\\\/2020\\\/04\\\/logo-micasaste.svg\",\"contentUrl\":\"https:\\\/\\\/micasaste.com\\\/wp-content\\\/uploads\\\/2020\\\/04\\\/logo-micasaste.svg\",\"width\":\"1024\",\"height\":\"1024\",\"caption\":\"MicasaSt\u00e9\"},\"image\":{\"@id\":\"https:\\\/\\\/micasaste.com\\\/#\\\/schema\\\/logo\\\/image\\\/\"},\"sameAs\":[\"https:\\\/\\\/www.facebook.com\\\/Micasast-100208301386552\\\/\",\"https:\\\/\\\/www.instagram.com\\\/micasaste\\\/\"]}]}<\/script>\n<!-- \/ Yoast SEO plugin. -->","yoast_head_json":{"title":"Pantalon Exotique Rose - Original & Chic | Micasast\u00e9","description":"Adoptez un style tropical avec le pantalon Exotique Rose. L\u00e9ger et fluide, il pr\u00e9sente un imprim\u00e9 exotique. Id\u00e9al pour un look d\u00e9contract\u00e9 et estival.","robots":{"index":"index","follow":"follow","max-snippet":"max-snippet:-1","max-image-preview":"max-image-preview:large","max-video-preview":"max-video-preview:-1"},"canonical":"https:\/\/micasaste.com\/en\/shop\/pantalon-exotique-rose\/","og_locale":"en_US","og_type":"article","og_title":"Pantalon Exotique Rose - Original & Chic | Micasast\u00e9","og_description":"Adoptez un style tropical avec le pantalon Exotique Rose. L\u00e9ger et fluide, il pr\u00e9sente un imprim\u00e9 exotique. Id\u00e9al pour un look d\u00e9contract\u00e9 et estival.","og_url":"https:\/\/micasaste.com\/en\/shop\/pantalon-exotique-rose\/","og_site_name":"Micasast\u00e9","article_publisher":"https:\/\/www.facebook.com\/Micasast-100208301386552\/","article_modified_time":"2025-07-23T10:33:40+00:00","og_image":[{"width":1200,"height":628,"url":"https:\/\/micasaste.com\/wp-content\/uploads\/2020\/05\/micasaste-facebook-share.jpg","type":"image\/jpeg"}],"twitter_card":"summary_large_image","twitter_misc":{"Est. reading time":"2 minutes"},"schema":{"@context":"https:\/\/schema.org","@graph":[{"@type":"WebPage","@id":"https:\/\/micasaste.com\/shop\/pantalon-exotique-rose\/","url":"https:\/\/micasaste.com\/shop\/pantalon-exotique-rose\/","name":"Pantalon Exotique Rose - Original & Chic | Micasast\u00e9","isPartOf":{"@id":"https:\/\/micasaste.com\/#website"},"primaryImageOfPage":{"@id":"https:\/\/micasaste.com\/shop\/pantalon-exotique-rose\/#primaryimage"},"image":{"@id":"https:\/\/micasaste.com\/shop\/pantalon-exotique-rose\/#primaryimage"},"thumbnailUrl":"https:\/\/micasaste.com\/wp-content\/uploads\/2024\/05\/IMG_7269-1-scaled.jpeg","datePublished":"2024-05-19T11:53:24+00:00","dateModified":"2025-07-23T10:33:40+00:00","description":"Adoptez un style tropical avec le pantalon Exotique Rose. L\u00e9ger et fluide, il pr\u00e9sente un imprim\u00e9 exotique. Id\u00e9al pour un look d\u00e9contract\u00e9 et estival.","breadcrumb":{"@id":"https:\/\/micasaste.com\/shop\/pantalon-exotique-rose\/#breadcrumb"},"inLanguage":"en-US","potentialAction":[{"@type":"ReadAction","target":["https:\/\/micasaste.com\/shop\/pantalon-exotique-rose\/"]}]},{"@type":"ImageObject","inLanguage":"en-US","@id":"https:\/\/micasaste.com\/shop\/pantalon-exotique-rose\/#primaryimage","url":"https:\/\/micasaste.com\/wp-content\/uploads\/2024\/05\/IMG_7269-1-scaled.jpeg","contentUrl":"https:\/\/micasaste.com\/wp-content\/uploads\/2024\/05\/IMG_7269-1-scaled.jpeg","width":1920,"height":2560,"caption":"Pantalon Exotique Rose - Chic et d\u00e9contract\u00e9"},{"@type":"BreadcrumbList","@id":"https:\/\/micasaste.com\/shop\/pantalon-exotique-rose\/#breadcrumb","itemListElement":[{"@type":"ListItem","position":1,"name":"Accueil","item":"https:\/\/micasaste.com\/"},{"@type":"ListItem","position":2,"name":"Collection","item":"https:\/\/micasaste.com\/shop-vetements-artisanaux-femme\/"},{"@type":"ListItem","position":3,"name":"V\u00eatements","item":"https:\/\/micasaste.com\/categorie\/vetements-vetements-3\/"},{"@type":"ListItem","position":4,"name":"Pantalon Exotique Rose"}]},{"@type":"WebSite","@id":"https:\/\/micasaste.com\/#website","url":"https:\/\/micasaste.com\/","name":"Micasast\u00e9","description":"V\u00eatements et Accessoires pour Femme","publisher":{"@id":"https:\/\/micasaste.com\/#organization"},"potentialAction":[{"@type":"SearchAction","target":{"@type":"EntryPoint","urlTemplate":"https:\/\/micasaste.com\/?s={search_term_string}"},"query-input":{"@type":"PropertyValueSpecification","valueRequired":true,"valueName":"search_term_string"}}],"inLanguage":"en-US"},{"@type":"Organization","@id":"https:\/\/micasaste.com\/#organization","name":"MicasaSt\u00e9","url":"https:\/\/micasaste.com\/","logo":{"@type":"ImageObject","inLanguage":"en-US","@id":"https:\/\/micasaste.com\/#\/schema\/logo\/image\/","url":"https:\/\/micasaste.com\/wp-content\/uploads\/2020\/04\/logo-micasaste.svg","contentUrl":"https:\/\/micasaste.com\/wp-content\/uploads\/2020\/04\/logo-micasaste.svg","width":"1024","height":"1024","caption":"MicasaSt\u00e9"},"image":{"@id":"https:\/\/micasaste.com\/#\/schema\/logo\/image\/"},"sameAs":["https:\/\/www.facebook.com\/Micasast-100208301386552\/","https:\/\/www.instagram.com\/micasaste\/"]}]}},"_links":{"self":[{"href":"https:\/\/micasaste.com\/en\/wp-json\/wp\/v2\/product\/19428","targetHints":{"allow":["GET"]}}],"collection":[{"href":"https:\/\/micasaste.com\/en\/wp-json\/wp\/v2\/product"}],"about":[{"href":"https:\/\/micasaste.com\/en\/wp-json\/wp\/v2\/types\/product"}],"replies":[{"embeddable":true,"href":"https:\/\/micasaste.com\/en\/wp-json\/wp\/v2\/comments?post=19428"}],"wp:featuredmedia":[{"embeddable":true,"href":"https:\/\/micasaste.com\/en\/wp-json\/wp\/v2\/media\/19456"}],"wp:attachment":[{"href":"https:\/\/micasaste.com\/en\/wp-json\/wp\/v2\/media?parent=19428"}],"wp:term":[{"taxonomy":"product_brand","embeddable":true,"href":"https:\/\/micasaste.com\/en\/wp-json\/wp\/v2\/product_brand?post=19428"},{"taxonomy":"product_cat","embeddable":true,"href":"https:\/\/micasaste.com\/en\/wp-json\/wp\/v2\/product_cat?post=19428"},{"taxonomy":"product_tag","embeddable":true,"href":"https:\/\/micasaste.com\/en\/wp-json\/wp\/v2\/product_tag?post=19428"}],"curies":[{"name":"wp","href":"https:\/\/api.w.org\/{rel}","templated":true}]}}