{"id":19398,"date":"2024-05-01T14:05:56","date_gmt":"2024-05-01T12:05:56","guid":{"rendered":"https:\/\/micasaste.com\/?post_type=product&#038;p=19398"},"modified":"2025-05-06T13:29:08","modified_gmt":"2025-05-06T11:29:08","slug":"chemise-eden-nocturne-imprimee-en-coton-23","status":"publish","type":"product","link":"https:\/\/micasaste.com\/en\/shop\/chemise-eden-nocturne-imprimee-en-coton-23\/","title":{"rendered":"Chemise Eden Nocturne"},"content":{"rendered":"<p class=\"\" data-start=\"298\" data-end=\"643\">Laissez-vous s\u00e9duire par la chemise <em data-start=\"334\" data-end=\"349\">Eden Nocturne<\/em>, une pi\u00e8ce audacieuse qui incarne la beaut\u00e9 \u00e9nigmatique des nuits d\u2019\u00e9t\u00e9. Son fond noir profond met en lumi\u00e8re des motifs sophistiqu\u00e9s. Fleurs exotiques, animaux majestueux et couleurs vibrantes se m\u00ealent avec harmonie. Chaque d\u00e9tail a \u00e9t\u00e9 pens\u00e9 pour cr\u00e9er une silhouette \u00e9l\u00e9gante et originale.<\/p>\n<p class=\"\" data-start=\"645\" data-end=\"939\">Fabriqu\u00e9e dans un tissu l\u00e9ger, elle offre un confort remarquable. Douce au toucher, fluide sur la peau, elle se porte avec aisance tout au long de la journ\u00e9e. Les boutons nacr\u00e9s ajoutent une note pr\u00e9cieuse et discr\u00e8te. Gr\u00e2ce \u00e0 sa coupe ample, elle s\u2019adapte facilement \u00e0 toutes les morphologies.<\/p>\n<p class=\"\" data-start=\"941\" data-end=\"1185\">De plus, cette chemise est tr\u00e8s facile \u00e0 assortir. Portez-la avec un jean pour un style casual-chic. Ou bien, combinez-la avec un pantalon habill\u00e9 pour une allure plus sophistiqu\u00e9e. Dans tous les cas, elle devient la pi\u00e8ce forte de votre tenue.<\/p>\n<p class=\"\" data-start=\"1187\" data-end=\"1478\">La chemise <em data-start=\"1198\" data-end=\"1213\">Eden Nocturne<\/em> convient \u00e0 toutes les occasions. Une sortie entre amis, un d\u00eener en ville, ou m\u00eame une journ\u00e9e au bureau : elle sublime chaque instant avec subtilit\u00e9. Vous cherchez un v\u00eatement \u00e0 la fois styl\u00e9, confortable et singulier ? Cette chemise r\u00e9pond \u00e0 toutes vos attentes.<\/p>\n<p class=\"\" data-start=\"1480\" data-end=\"1711\">En r\u00e9sum\u00e9, <em data-start=\"1491\" data-end=\"1506\">cette chemise<\/em> allie style, confort et originalit\u00e9. C\u2019est une pi\u00e8ce unique, id\u00e9ale pour celles qui aiment affirmer leur personnalit\u00e9 avec \u00e9l\u00e9gance. Offrez-vous une chemise qui capte l\u2019attention tout en restant raffin\u00e9e.<\/p>","protected":false},"excerpt":{"rendered":"<p>Chemise courte imprim\u00e9e<\/p>\n<p>Boutonn\u00e9e devant avec 3 boutons<\/p>\n<p>Longueur 42 cm<\/p>\n<p>100% coton<\/p>\n<p>Lavage \u00e0 30 degr\u00e9s<\/p>\n<p>Taille Unique<\/p>\n<p>&nbsp;<\/p>","protected":false},"featured_media":19419,"comment_status":"closed","ping_status":"closed","template":"","meta":{"inline_featured_image":false},"product_brand":[],"product_cat":[316,291],"product_tag":[300,307],"class_list":{"0":"post-19398","1":"product","2":"type-product","3":"status-publish","4":"has-post-thumbnail","6":"product_cat-chemise","7":"product_cat-vetements-vetements-3","8":"product_tag-imprime","9":"product_tag-jupe","11":"first","12":"instock","13":"taxable","14":"shipping-taxable","15":"purchasable","16":"product-type-simple"},"yoast_head":"<!-- This site is optimized with the Yoast SEO plugin v27.4 - https:\/\/yoast.com\/product\/yoast-seo-wordpress\/ -->\n<title>Chemise Eden Nocturne - \u00c9l\u00e9gante et Originale | Micasast\u00e9<\/title>\n<meta name=\"description\" content=\"Craquez pour la chemise Eden Nocturne. Fond noir, motifs floraux et animaliers \u00e9clatants. Une pi\u00e8ce \u00e9l\u00e9gante et originale, id\u00e9ale pour toutes les occasions.\" \/>\n<meta name=\"robots\" content=\"index, follow, max-snippet:-1, max-image-preview:large, max-video-preview:-1\" \/>\n<link rel=\"canonical\" href=\"https:\/\/micasaste.com\/en\/shop\/chemise-eden-nocturne-imprimee-en-coton-23\/\" \/>\n<meta property=\"og:locale\" content=\"en_US\" \/>\n<meta property=\"og:type\" content=\"article\" \/>\n<meta property=\"og:title\" content=\"Chemise Eden Nocturne - \u00c9l\u00e9gante et Originale | Micasast\u00e9\" \/>\n<meta property=\"og:description\" content=\"Craquez pour la chemise Eden Nocturne. Fond noir, motifs floraux et animaliers \u00e9clatants. Une pi\u00e8ce \u00e9l\u00e9gante et originale, id\u00e9ale pour toutes les occasions.\" \/>\n<meta property=\"og:url\" content=\"https:\/\/micasaste.com\/en\/shop\/chemise-eden-nocturne-imprimee-en-coton-23\/\" \/>\n<meta property=\"og:site_name\" content=\"Micasast\u00e9\" \/>\n<meta property=\"article:publisher\" content=\"https:\/\/www.facebook.com\/Micasast-100208301386552\/\" \/>\n<meta property=\"article:modified_time\" content=\"2025-05-06T11:29:08+00:00\" \/>\n<meta property=\"og:image\" content=\"https:\/\/micasaste.com\/wp-content\/uploads\/2020\/05\/micasaste-facebook-share.jpg\" \/>\n\t<meta property=\"og:image:width\" content=\"1200\" \/>\n\t<meta property=\"og:image:height\" content=\"628\" \/>\n\t<meta property=\"og:image:type\" content=\"image\/jpeg\" \/>\n<meta name=\"twitter:card\" content=\"summary_large_image\" \/>\n<meta name=\"twitter:label1\" content=\"Est. reading time\" \/>\n\t<meta name=\"twitter:data1\" content=\"2 minutes\" \/>\n<script type=\"application\/ld+json\" class=\"yoast-schema-graph\">{\"@context\":\"https:\\\/\\\/schema.org\",\"@graph\":[{\"@type\":\"WebPage\",\"@id\":\"https:\\\/\\\/micasaste.com\\\/shop\\\/chemise-eden-nocturne-imprimee-en-coton-23\\\/\",\"url\":\"https:\\\/\\\/micasaste.com\\\/shop\\\/chemise-eden-nocturne-imprimee-en-coton-23\\\/\",\"name\":\"Chemise Eden Nocturne - \u00c9l\u00e9gante et Originale | Micasast\u00e9\",\"isPartOf\":{\"@id\":\"https:\\\/\\\/micasaste.com\\\/#website\"},\"primaryImageOfPage\":{\"@id\":\"https:\\\/\\\/micasaste.com\\\/shop\\\/chemise-eden-nocturne-imprimee-en-coton-23\\\/#primaryimage\"},\"image\":{\"@id\":\"https:\\\/\\\/micasaste.com\\\/shop\\\/chemise-eden-nocturne-imprimee-en-coton-23\\\/#primaryimage\"},\"thumbnailUrl\":\"https:\\\/\\\/micasaste.com\\\/wp-content\\\/uploads\\\/2024\\\/05\\\/IMG_7333-scaled.jpg\",\"datePublished\":\"2024-05-01T12:05:56+00:00\",\"dateModified\":\"2025-05-06T11:29:08+00:00\",\"description\":\"Craquez pour la chemise Eden Nocturne. Fond noir, motifs floraux et animaliers \u00e9clatants. Une pi\u00e8ce \u00e9l\u00e9gante et originale, id\u00e9ale pour toutes les occasions.\",\"breadcrumb\":{\"@id\":\"https:\\\/\\\/micasaste.com\\\/shop\\\/chemise-eden-nocturne-imprimee-en-coton-23\\\/#breadcrumb\"},\"inLanguage\":\"en-US\",\"potentialAction\":[{\"@type\":\"ReadAction\",\"target\":[\"https:\\\/\\\/micasaste.com\\\/shop\\\/chemise-eden-nocturne-imprimee-en-coton-23\\\/\"]}]},{\"@type\":\"ImageObject\",\"inLanguage\":\"en-US\",\"@id\":\"https:\\\/\\\/micasaste.com\\\/shop\\\/chemise-eden-nocturne-imprimee-en-coton-23\\\/#primaryimage\",\"url\":\"https:\\\/\\\/micasaste.com\\\/wp-content\\\/uploads\\\/2024\\\/05\\\/IMG_7333-scaled.jpg\",\"contentUrl\":\"https:\\\/\\\/micasaste.com\\\/wp-content\\\/uploads\\\/2024\\\/05\\\/IMG_7333-scaled.jpg\",\"width\":2234,\"height\":2560,\"caption\":\"Chemise Eden Nocturne\"},{\"@type\":\"BreadcrumbList\",\"@id\":\"https:\\\/\\\/micasaste.com\\\/shop\\\/chemise-eden-nocturne-imprimee-en-coton-23\\\/#breadcrumb\",\"itemListElement\":[{\"@type\":\"ListItem\",\"position\":1,\"name\":\"Accueil\",\"item\":\"https:\\\/\\\/micasaste.com\\\/\"},{\"@type\":\"ListItem\",\"position\":2,\"name\":\"Collection\",\"item\":\"https:\\\/\\\/micasaste.com\\\/shop-vetements-artisanaux-femme\\\/\"},{\"@type\":\"ListItem\",\"position\":3,\"name\":\"V\u00eatements\",\"item\":\"https:\\\/\\\/micasaste.com\\\/categorie\\\/vetements-vetements-3\\\/\"},{\"@type\":\"ListItem\",\"position\":4,\"name\":\"Chemise Eden Nocturne\"}]},{\"@type\":\"WebSite\",\"@id\":\"https:\\\/\\\/micasaste.com\\\/#website\",\"url\":\"https:\\\/\\\/micasaste.com\\\/\",\"name\":\"Micasast\u00e9\",\"description\":\"V\u00eatements et Accessoires pour Femme \",\"publisher\":{\"@id\":\"https:\\\/\\\/micasaste.com\\\/#organization\"},\"potentialAction\":[{\"@type\":\"SearchAction\",\"target\":{\"@type\":\"EntryPoint\",\"urlTemplate\":\"https:\\\/\\\/micasaste.com\\\/?s={search_term_string}\"},\"query-input\":{\"@type\":\"PropertyValueSpecification\",\"valueRequired\":true,\"valueName\":\"search_term_string\"}}],\"inLanguage\":\"en-US\"},{\"@type\":\"Organization\",\"@id\":\"https:\\\/\\\/micasaste.com\\\/#organization\",\"name\":\"MicasaSt\u00e9\",\"url\":\"https:\\\/\\\/micasaste.com\\\/\",\"logo\":{\"@type\":\"ImageObject\",\"inLanguage\":\"en-US\",\"@id\":\"https:\\\/\\\/micasaste.com\\\/#\\\/schema\\\/logo\\\/image\\\/\",\"url\":\"https:\\\/\\\/micasaste.com\\\/wp-content\\\/uploads\\\/2020\\\/04\\\/logo-micasaste.svg\",\"contentUrl\":\"https:\\\/\\\/micasaste.com\\\/wp-content\\\/uploads\\\/2020\\\/04\\\/logo-micasaste.svg\",\"width\":\"1024\",\"height\":\"1024\",\"caption\":\"MicasaSt\u00e9\"},\"image\":{\"@id\":\"https:\\\/\\\/micasaste.com\\\/#\\\/schema\\\/logo\\\/image\\\/\"},\"sameAs\":[\"https:\\\/\\\/www.facebook.com\\\/Micasast-100208301386552\\\/\",\"https:\\\/\\\/www.instagram.com\\\/micasaste\\\/\"]}]}<\/script>\n<!-- \/ Yoast SEO plugin. -->","yoast_head_json":{"title":"Chemise Eden Nocturne - \u00c9l\u00e9gante et Originale | Micasast\u00e9","description":"Craquez pour la chemise Eden Nocturne. Fond noir, motifs floraux et animaliers \u00e9clatants. Une pi\u00e8ce \u00e9l\u00e9gante et originale, id\u00e9ale pour toutes les occasions.","robots":{"index":"index","follow":"follow","max-snippet":"max-snippet:-1","max-image-preview":"max-image-preview:large","max-video-preview":"max-video-preview:-1"},"canonical":"https:\/\/micasaste.com\/en\/shop\/chemise-eden-nocturne-imprimee-en-coton-23\/","og_locale":"en_US","og_type":"article","og_title":"Chemise Eden Nocturne - \u00c9l\u00e9gante et Originale | Micasast\u00e9","og_description":"Craquez pour la chemise Eden Nocturne. Fond noir, motifs floraux et animaliers \u00e9clatants. Une pi\u00e8ce \u00e9l\u00e9gante et originale, id\u00e9ale pour toutes les occasions.","og_url":"https:\/\/micasaste.com\/en\/shop\/chemise-eden-nocturne-imprimee-en-coton-23\/","og_site_name":"Micasast\u00e9","article_publisher":"https:\/\/www.facebook.com\/Micasast-100208301386552\/","article_modified_time":"2025-05-06T11:29:08+00:00","og_image":[{"width":1200,"height":628,"url":"https:\/\/micasaste.com\/wp-content\/uploads\/2020\/05\/micasaste-facebook-share.jpg","type":"image\/jpeg"}],"twitter_card":"summary_large_image","twitter_misc":{"Est. reading time":"2 minutes"},"schema":{"@context":"https:\/\/schema.org","@graph":[{"@type":"WebPage","@id":"https:\/\/micasaste.com\/shop\/chemise-eden-nocturne-imprimee-en-coton-23\/","url":"https:\/\/micasaste.com\/shop\/chemise-eden-nocturne-imprimee-en-coton-23\/","name":"Chemise Eden Nocturne - \u00c9l\u00e9gante et Originale | Micasast\u00e9","isPartOf":{"@id":"https:\/\/micasaste.com\/#website"},"primaryImageOfPage":{"@id":"https:\/\/micasaste.com\/shop\/chemise-eden-nocturne-imprimee-en-coton-23\/#primaryimage"},"image":{"@id":"https:\/\/micasaste.com\/shop\/chemise-eden-nocturne-imprimee-en-coton-23\/#primaryimage"},"thumbnailUrl":"https:\/\/micasaste.com\/wp-content\/uploads\/2024\/05\/IMG_7333-scaled.jpg","datePublished":"2024-05-01T12:05:56+00:00","dateModified":"2025-05-06T11:29:08+00:00","description":"Craquez pour la chemise Eden Nocturne. Fond noir, motifs floraux et animaliers \u00e9clatants. Une pi\u00e8ce \u00e9l\u00e9gante et originale, id\u00e9ale pour toutes les occasions.","breadcrumb":{"@id":"https:\/\/micasaste.com\/shop\/chemise-eden-nocturne-imprimee-en-coton-23\/#breadcrumb"},"inLanguage":"en-US","potentialAction":[{"@type":"ReadAction","target":["https:\/\/micasaste.com\/shop\/chemise-eden-nocturne-imprimee-en-coton-23\/"]}]},{"@type":"ImageObject","inLanguage":"en-US","@id":"https:\/\/micasaste.com\/shop\/chemise-eden-nocturne-imprimee-en-coton-23\/#primaryimage","url":"https:\/\/micasaste.com\/wp-content\/uploads\/2024\/05\/IMG_7333-scaled.jpg","contentUrl":"https:\/\/micasaste.com\/wp-content\/uploads\/2024\/05\/IMG_7333-scaled.jpg","width":2234,"height":2560,"caption":"Chemise Eden Nocturne"},{"@type":"BreadcrumbList","@id":"https:\/\/micasaste.com\/shop\/chemise-eden-nocturne-imprimee-en-coton-23\/#breadcrumb","itemListElement":[{"@type":"ListItem","position":1,"name":"Accueil","item":"https:\/\/micasaste.com\/"},{"@type":"ListItem","position":2,"name":"Collection","item":"https:\/\/micasaste.com\/shop-vetements-artisanaux-femme\/"},{"@type":"ListItem","position":3,"name":"V\u00eatements","item":"https:\/\/micasaste.com\/categorie\/vetements-vetements-3\/"},{"@type":"ListItem","position":4,"name":"Chemise Eden Nocturne"}]},{"@type":"WebSite","@id":"https:\/\/micasaste.com\/#website","url":"https:\/\/micasaste.com\/","name":"Micasast\u00e9","description":"V\u00eatements et Accessoires pour Femme","publisher":{"@id":"https:\/\/micasaste.com\/#organization"},"potentialAction":[{"@type":"SearchAction","target":{"@type":"EntryPoint","urlTemplate":"https:\/\/micasaste.com\/?s={search_term_string}"},"query-input":{"@type":"PropertyValueSpecification","valueRequired":true,"valueName":"search_term_string"}}],"inLanguage":"en-US"},{"@type":"Organization","@id":"https:\/\/micasaste.com\/#organization","name":"MicasaSt\u00e9","url":"https:\/\/micasaste.com\/","logo":{"@type":"ImageObject","inLanguage":"en-US","@id":"https:\/\/micasaste.com\/#\/schema\/logo\/image\/","url":"https:\/\/micasaste.com\/wp-content\/uploads\/2020\/04\/logo-micasaste.svg","contentUrl":"https:\/\/micasaste.com\/wp-content\/uploads\/2020\/04\/logo-micasaste.svg","width":"1024","height":"1024","caption":"MicasaSt\u00e9"},"image":{"@id":"https:\/\/micasaste.com\/#\/schema\/logo\/image\/"},"sameAs":["https:\/\/www.facebook.com\/Micasast-100208301386552\/","https:\/\/www.instagram.com\/micasaste\/"]}]}},"_links":{"self":[{"href":"https:\/\/micasaste.com\/en\/wp-json\/wp\/v2\/product\/19398","targetHints":{"allow":["GET"]}}],"collection":[{"href":"https:\/\/micasaste.com\/en\/wp-json\/wp\/v2\/product"}],"about":[{"href":"https:\/\/micasaste.com\/en\/wp-json\/wp\/v2\/types\/product"}],"replies":[{"embeddable":true,"href":"https:\/\/micasaste.com\/en\/wp-json\/wp\/v2\/comments?post=19398"}],"wp:featuredmedia":[{"embeddable":true,"href":"https:\/\/micasaste.com\/en\/wp-json\/wp\/v2\/media\/19419"}],"wp:attachment":[{"href":"https:\/\/micasaste.com\/en\/wp-json\/wp\/v2\/media?parent=19398"}],"wp:term":[{"taxonomy":"product_brand","embeddable":true,"href":"https:\/\/micasaste.com\/en\/wp-json\/wp\/v2\/product_brand?post=19398"},{"taxonomy":"product_cat","embeddable":true,"href":"https:\/\/micasaste.com\/en\/wp-json\/wp\/v2\/product_cat?post=19398"},{"taxonomy":"product_tag","embeddable":true,"href":"https:\/\/micasaste.com\/en\/wp-json\/wp\/v2\/product_tag?post=19398"}],"curies":[{"name":"wp","href":"https:\/\/api.w.org\/{rel}","templated":true}]}}