{"id":19380,"date":"2024-05-01T13:49:30","date_gmt":"2024-05-01T11:49:30","guid":{"rendered":"https:\/\/micasaste.com\/?post_type=product&#038;p=19380"},"modified":"2025-05-06T13:31:15","modified_gmt":"2025-05-06T11:31:15","slug":"chemise-fleur-sauvage-imprimee-en-coton-18","status":"publish","type":"product","link":"https:\/\/micasaste.com\/en\/shop\/chemise-fleur-sauvage-imprimee-en-coton-18\/","title":{"rendered":"Chemise Fleur Sauvage"},"content":{"rendered":"<p class=\"\" data-start=\"253\" data-end=\"581\">Affirmez votre style avec la chemise <em data-start=\"290\" data-end=\"305\">Fleur Sauvage<\/em>. Cette pi\u00e8ce unique m\u00eale sophistication et myst\u00e8re. Son fond noir profond met en valeur des motifs vibrants, o\u00f9 fleurs exotiques et animaux majestueux s\u2019entrelacent avec finesse. Chaque illustration est soigneusement travaill\u00e9e pour offrir un rendu aussi \u00e9l\u00e9gant qu\u2019original.<\/p>\n<p class=\"\" data-start=\"583\" data-end=\"847\">Confectionn\u00e9e dans un tissu l\u00e9ger, cette chemise se distingue par son confort. Douce et agr\u00e9able \u00e0 porter, elle accompagne vos mouvements avec fluidit\u00e9. Sa coupe ample convient \u00e0 toutes les silhouettes. Les boutons nacr\u00e9s apportent une touche discr\u00e8te et raffin\u00e9e.<\/p>\n<p class=\"\" data-start=\"849\" data-end=\"1107\">Polyvalente, cette chemise\u00a0s\u2019adapte \u00e0 toutes vos envies. Portez-la avec un jean pour un look d\u00e9contract\u00e9 mais travaill\u00e9. Associez-la \u00e0 un pantalon plus habill\u00e9 pour un effet chic et structur\u00e9. Dans les deux cas, elle devient l\u2019\u00e9l\u00e9ment phare de votre tenue.<\/p>\n<p class=\"\" data-start=\"1109\" data-end=\"1383\">Par ailleurs, cette chemise convient \u00e0 de nombreuses occasions. Une soir\u00e9e sp\u00e9ciale, un d\u00eener entre amis, ou simplement pour illuminer votre quotidien : elle attire l\u2019\u0153il tout en restant \u00e9l\u00e9gante. C\u2019est une pi\u00e8ce forte, con\u00e7ue pour celles qui aiment se distinguer avec go\u00fbt.<\/p>\n<p class=\"\" data-start=\"1385\" data-end=\"1638\">En r\u00e9sum\u00e9, la chemise <em data-start=\"1407\" data-end=\"1422\">Fleur Sauvage<\/em> allie confort, style et originalit\u00e9. Son imprim\u00e9 expressif, son tissu agr\u00e9able et sa coupe flatteuse en font une pi\u00e8ce incontournable. Ajoutez \u00e0 votre dressing un v\u00eatement qui incarne libert\u00e9, f\u00e9minit\u00e9 et caract\u00e8re.<\/p>","protected":false},"excerpt":{"rendered":"<p>Chemise courte imprim\u00e9e<\/p>\n<p>Boutonn\u00e9e devant avec 3 boutons<\/p>\n<p>Longueur 42 cm<\/p>\n<p>100% coton<\/p>\n<p>Lavage \u00e0 30 degr\u00e9s<\/p>\n<p>Taille Unique<\/p>\n<p>&nbsp;<\/p>","protected":false},"featured_media":19384,"comment_status":"closed","ping_status":"closed","template":"","meta":{"inline_featured_image":false},"product_brand":[],"product_cat":[316,291],"product_tag":[326,300],"class_list":{"0":"post-19380","1":"product","2":"type-product","3":"status-publish","4":"has-post-thumbnail","6":"product_cat-chemise","7":"product_cat-vetements-vetements-3","8":"product_tag-chemise","9":"product_tag-imprime","11":"first","12":"instock","13":"taxable","14":"shipping-taxable","15":"purchasable","16":"product-type-simple"},"yoast_head":"<!-- This site is optimized with the Yoast SEO plugin v27.5 - https:\/\/yoast.com\/product\/yoast-seo-wordpress\/ -->\n<title>Chemise Fleur Sauvage - Pi\u00e8ce Unique | Micasast\u00e9<\/title>\n<meta name=\"description\" content=\"Adoptez un style raffin\u00e9 avec la chemise fleur sauvage. Portez-la avec un jean pour un look d\u00e9contract\u00e9 ou avec un pantalon pour une allure plus chic.\" \/>\n<meta name=\"robots\" content=\"index, follow, max-snippet:-1, max-image-preview:large, max-video-preview:-1\" \/>\n<link rel=\"canonical\" href=\"https:\/\/micasaste.com\/en\/shop\/chemise-fleur-sauvage-imprimee-en-coton-18\/\" \/>\n<meta property=\"og:locale\" content=\"en_US\" \/>\n<meta property=\"og:type\" content=\"article\" \/>\n<meta property=\"og:title\" content=\"Chemise Fleur Sauvage - Pi\u00e8ce Unique | Micasast\u00e9\" \/>\n<meta property=\"og:description\" content=\"Adoptez un style raffin\u00e9 avec la chemise fleur sauvage. Portez-la avec un jean pour un look d\u00e9contract\u00e9 ou avec un pantalon pour une allure plus chic.\" \/>\n<meta property=\"og:url\" content=\"https:\/\/micasaste.com\/en\/shop\/chemise-fleur-sauvage-imprimee-en-coton-18\/\" \/>\n<meta property=\"og:site_name\" content=\"Micasast\u00e9\" \/>\n<meta property=\"article:publisher\" content=\"https:\/\/www.facebook.com\/Micasast-100208301386552\/\" \/>\n<meta property=\"article:modified_time\" content=\"2025-05-06T11:31:15+00:00\" \/>\n<meta property=\"og:image\" content=\"https:\/\/micasaste.com\/wp-content\/uploads\/2020\/05\/micasaste-facebook-share.jpg\" \/>\n\t<meta property=\"og:image:width\" content=\"1200\" \/>\n\t<meta property=\"og:image:height\" content=\"628\" \/>\n\t<meta property=\"og:image:type\" content=\"image\/jpeg\" \/>\n<meta name=\"twitter:card\" content=\"summary_large_image\" \/>\n<meta name=\"twitter:label1\" content=\"Est. reading time\" \/>\n\t<meta name=\"twitter:data1\" content=\"2 minutes\" \/>\n<script type=\"application\/ld+json\" class=\"yoast-schema-graph\">{\"@context\":\"https:\\\/\\\/schema.org\",\"@graph\":[{\"@type\":\"WebPage\",\"@id\":\"https:\\\/\\\/micasaste.com\\\/shop\\\/chemise-fleur-sauvage-imprimee-en-coton-18\\\/\",\"url\":\"https:\\\/\\\/micasaste.com\\\/shop\\\/chemise-fleur-sauvage-imprimee-en-coton-18\\\/\",\"name\":\"Chemise Fleur Sauvage - Pi\u00e8ce Unique | Micasast\u00e9\",\"isPartOf\":{\"@id\":\"https:\\\/\\\/micasaste.com\\\/#website\"},\"primaryImageOfPage\":{\"@id\":\"https:\\\/\\\/micasaste.com\\\/shop\\\/chemise-fleur-sauvage-imprimee-en-coton-18\\\/#primaryimage\"},\"image\":{\"@id\":\"https:\\\/\\\/micasaste.com\\\/shop\\\/chemise-fleur-sauvage-imprimee-en-coton-18\\\/#primaryimage\"},\"thumbnailUrl\":\"https:\\\/\\\/micasaste.com\\\/wp-content\\\/uploads\\\/2024\\\/05\\\/IMG_3565-scaled.jpg\",\"datePublished\":\"2024-05-01T11:49:30+00:00\",\"dateModified\":\"2025-05-06T11:31:15+00:00\",\"description\":\"Adoptez un style raffin\u00e9 avec la chemise fleur sauvage. Portez-la avec un jean pour un look d\u00e9contract\u00e9 ou avec un pantalon pour une allure plus chic.\",\"breadcrumb\":{\"@id\":\"https:\\\/\\\/micasaste.com\\\/shop\\\/chemise-fleur-sauvage-imprimee-en-coton-18\\\/#breadcrumb\"},\"inLanguage\":\"en-US\",\"potentialAction\":[{\"@type\":\"ReadAction\",\"target\":[\"https:\\\/\\\/micasaste.com\\\/shop\\\/chemise-fleur-sauvage-imprimee-en-coton-18\\\/\"]}]},{\"@type\":\"ImageObject\",\"inLanguage\":\"en-US\",\"@id\":\"https:\\\/\\\/micasaste.com\\\/shop\\\/chemise-fleur-sauvage-imprimee-en-coton-18\\\/#primaryimage\",\"url\":\"https:\\\/\\\/micasaste.com\\\/wp-content\\\/uploads\\\/2024\\\/05\\\/IMG_3565-scaled.jpg\",\"contentUrl\":\"https:\\\/\\\/micasaste.com\\\/wp-content\\\/uploads\\\/2024\\\/05\\\/IMG_3565-scaled.jpg\",\"width\":1920,\"height\":2560,\"caption\":\"Chemise Fleur Sauvage\"},{\"@type\":\"BreadcrumbList\",\"@id\":\"https:\\\/\\\/micasaste.com\\\/shop\\\/chemise-fleur-sauvage-imprimee-en-coton-18\\\/#breadcrumb\",\"itemListElement\":[{\"@type\":\"ListItem\",\"position\":1,\"name\":\"Accueil\",\"item\":\"https:\\\/\\\/micasaste.com\\\/\"},{\"@type\":\"ListItem\",\"position\":2,\"name\":\"Collection\",\"item\":\"https:\\\/\\\/micasaste.com\\\/shop-vetements-artisanaux-femme\\\/\"},{\"@type\":\"ListItem\",\"position\":3,\"name\":\"V\u00eatements\",\"item\":\"https:\\\/\\\/micasaste.com\\\/categorie\\\/vetements-vetements-3\\\/\"},{\"@type\":\"ListItem\",\"position\":4,\"name\":\"Chemise Fleur Sauvage\"}]},{\"@type\":\"WebSite\",\"@id\":\"https:\\\/\\\/micasaste.com\\\/#website\",\"url\":\"https:\\\/\\\/micasaste.com\\\/\",\"name\":\"Micasast\u00e9\",\"description\":\"V\u00eatements et Accessoires pour Femme \",\"publisher\":{\"@id\":\"https:\\\/\\\/micasaste.com\\\/#organization\"},\"potentialAction\":[{\"@type\":\"SearchAction\",\"target\":{\"@type\":\"EntryPoint\",\"urlTemplate\":\"https:\\\/\\\/micasaste.com\\\/?s={search_term_string}\"},\"query-input\":{\"@type\":\"PropertyValueSpecification\",\"valueRequired\":true,\"valueName\":\"search_term_string\"}}],\"inLanguage\":\"en-US\"},{\"@type\":\"Organization\",\"@id\":\"https:\\\/\\\/micasaste.com\\\/#organization\",\"name\":\"MicasaSt\u00e9\",\"url\":\"https:\\\/\\\/micasaste.com\\\/\",\"logo\":{\"@type\":\"ImageObject\",\"inLanguage\":\"en-US\",\"@id\":\"https:\\\/\\\/micasaste.com\\\/#\\\/schema\\\/logo\\\/image\\\/\",\"url\":\"https:\\\/\\\/micasaste.com\\\/wp-content\\\/uploads\\\/2020\\\/04\\\/logo-micasaste.svg\",\"contentUrl\":\"https:\\\/\\\/micasaste.com\\\/wp-content\\\/uploads\\\/2020\\\/04\\\/logo-micasaste.svg\",\"width\":\"1024\",\"height\":\"1024\",\"caption\":\"MicasaSt\u00e9\"},\"image\":{\"@id\":\"https:\\\/\\\/micasaste.com\\\/#\\\/schema\\\/logo\\\/image\\\/\"},\"sameAs\":[\"https:\\\/\\\/www.facebook.com\\\/Micasast-100208301386552\\\/\",\"https:\\\/\\\/www.instagram.com\\\/micasaste\\\/\"]}]}<\/script>\n<!-- \/ Yoast SEO plugin. -->","yoast_head_json":{"title":"Chemise Fleur Sauvage - Pi\u00e8ce Unique | Micasast\u00e9","description":"Adoptez un style raffin\u00e9 avec la chemise fleur sauvage. Portez-la avec un jean pour un look d\u00e9contract\u00e9 ou avec un pantalon pour une allure plus chic.","robots":{"index":"index","follow":"follow","max-snippet":"max-snippet:-1","max-image-preview":"max-image-preview:large","max-video-preview":"max-video-preview:-1"},"canonical":"https:\/\/micasaste.com\/en\/shop\/chemise-fleur-sauvage-imprimee-en-coton-18\/","og_locale":"en_US","og_type":"article","og_title":"Chemise Fleur Sauvage - Pi\u00e8ce Unique | Micasast\u00e9","og_description":"Adoptez un style raffin\u00e9 avec la chemise fleur sauvage. Portez-la avec un jean pour un look d\u00e9contract\u00e9 ou avec un pantalon pour une allure plus chic.","og_url":"https:\/\/micasaste.com\/en\/shop\/chemise-fleur-sauvage-imprimee-en-coton-18\/","og_site_name":"Micasast\u00e9","article_publisher":"https:\/\/www.facebook.com\/Micasast-100208301386552\/","article_modified_time":"2025-05-06T11:31:15+00:00","og_image":[{"width":1200,"height":628,"url":"https:\/\/micasaste.com\/wp-content\/uploads\/2020\/05\/micasaste-facebook-share.jpg","type":"image\/jpeg"}],"twitter_card":"summary_large_image","twitter_misc":{"Est. reading time":"2 minutes"},"schema":{"@context":"https:\/\/schema.org","@graph":[{"@type":"WebPage","@id":"https:\/\/micasaste.com\/shop\/chemise-fleur-sauvage-imprimee-en-coton-18\/","url":"https:\/\/micasaste.com\/shop\/chemise-fleur-sauvage-imprimee-en-coton-18\/","name":"Chemise Fleur Sauvage - Pi\u00e8ce Unique | Micasast\u00e9","isPartOf":{"@id":"https:\/\/micasaste.com\/#website"},"primaryImageOfPage":{"@id":"https:\/\/micasaste.com\/shop\/chemise-fleur-sauvage-imprimee-en-coton-18\/#primaryimage"},"image":{"@id":"https:\/\/micasaste.com\/shop\/chemise-fleur-sauvage-imprimee-en-coton-18\/#primaryimage"},"thumbnailUrl":"https:\/\/micasaste.com\/wp-content\/uploads\/2024\/05\/IMG_3565-scaled.jpg","datePublished":"2024-05-01T11:49:30+00:00","dateModified":"2025-05-06T11:31:15+00:00","description":"Adoptez un style raffin\u00e9 avec la chemise fleur sauvage. Portez-la avec un jean pour un look d\u00e9contract\u00e9 ou avec un pantalon pour une allure plus chic.","breadcrumb":{"@id":"https:\/\/micasaste.com\/shop\/chemise-fleur-sauvage-imprimee-en-coton-18\/#breadcrumb"},"inLanguage":"en-US","potentialAction":[{"@type":"ReadAction","target":["https:\/\/micasaste.com\/shop\/chemise-fleur-sauvage-imprimee-en-coton-18\/"]}]},{"@type":"ImageObject","inLanguage":"en-US","@id":"https:\/\/micasaste.com\/shop\/chemise-fleur-sauvage-imprimee-en-coton-18\/#primaryimage","url":"https:\/\/micasaste.com\/wp-content\/uploads\/2024\/05\/IMG_3565-scaled.jpg","contentUrl":"https:\/\/micasaste.com\/wp-content\/uploads\/2024\/05\/IMG_3565-scaled.jpg","width":1920,"height":2560,"caption":"Chemise Fleur Sauvage"},{"@type":"BreadcrumbList","@id":"https:\/\/micasaste.com\/shop\/chemise-fleur-sauvage-imprimee-en-coton-18\/#breadcrumb","itemListElement":[{"@type":"ListItem","position":1,"name":"Accueil","item":"https:\/\/micasaste.com\/"},{"@type":"ListItem","position":2,"name":"Collection","item":"https:\/\/micasaste.com\/shop-vetements-artisanaux-femme\/"},{"@type":"ListItem","position":3,"name":"V\u00eatements","item":"https:\/\/micasaste.com\/categorie\/vetements-vetements-3\/"},{"@type":"ListItem","position":4,"name":"Chemise Fleur Sauvage"}]},{"@type":"WebSite","@id":"https:\/\/micasaste.com\/#website","url":"https:\/\/micasaste.com\/","name":"Micasast\u00e9","description":"V\u00eatements et Accessoires pour Femme","publisher":{"@id":"https:\/\/micasaste.com\/#organization"},"potentialAction":[{"@type":"SearchAction","target":{"@type":"EntryPoint","urlTemplate":"https:\/\/micasaste.com\/?s={search_term_string}"},"query-input":{"@type":"PropertyValueSpecification","valueRequired":true,"valueName":"search_term_string"}}],"inLanguage":"en-US"},{"@type":"Organization","@id":"https:\/\/micasaste.com\/#organization","name":"MicasaSt\u00e9","url":"https:\/\/micasaste.com\/","logo":{"@type":"ImageObject","inLanguage":"en-US","@id":"https:\/\/micasaste.com\/#\/schema\/logo\/image\/","url":"https:\/\/micasaste.com\/wp-content\/uploads\/2020\/04\/logo-micasaste.svg","contentUrl":"https:\/\/micasaste.com\/wp-content\/uploads\/2020\/04\/logo-micasaste.svg","width":"1024","height":"1024","caption":"MicasaSt\u00e9"},"image":{"@id":"https:\/\/micasaste.com\/#\/schema\/logo\/image\/"},"sameAs":["https:\/\/www.facebook.com\/Micasast-100208301386552\/","https:\/\/www.instagram.com\/micasaste\/"]}]}},"_links":{"self":[{"href":"https:\/\/micasaste.com\/en\/wp-json\/wp\/v2\/product\/19380","targetHints":{"allow":["GET"]}}],"collection":[{"href":"https:\/\/micasaste.com\/en\/wp-json\/wp\/v2\/product"}],"about":[{"href":"https:\/\/micasaste.com\/en\/wp-json\/wp\/v2\/types\/product"}],"replies":[{"embeddable":true,"href":"https:\/\/micasaste.com\/en\/wp-json\/wp\/v2\/comments?post=19380"}],"wp:featuredmedia":[{"embeddable":true,"href":"https:\/\/micasaste.com\/en\/wp-json\/wp\/v2\/media\/19384"}],"wp:attachment":[{"href":"https:\/\/micasaste.com\/en\/wp-json\/wp\/v2\/media?parent=19380"}],"wp:term":[{"taxonomy":"product_brand","embeddable":true,"href":"https:\/\/micasaste.com\/en\/wp-json\/wp\/v2\/product_brand?post=19380"},{"taxonomy":"product_cat","embeddable":true,"href":"https:\/\/micasaste.com\/en\/wp-json\/wp\/v2\/product_cat?post=19380"},{"taxonomy":"product_tag","embeddable":true,"href":"https:\/\/micasaste.com\/en\/wp-json\/wp\/v2\/product_tag?post=19380"}],"curies":[{"name":"wp","href":"https:\/\/api.w.org\/{rel}","templated":true}]}}