{"id":19376,"date":"2024-05-01T13:46:33","date_gmt":"2024-05-01T11:46:33","guid":{"rendered":"https:\/\/micasaste.com\/?post_type=product&#038;p=19376"},"modified":"2025-05-06T13:43:17","modified_gmt":"2025-05-06T11:43:17","slug":"chemise-jardin-enchante-imprimee-en-coton-17","status":"publish","type":"product","link":"https:\/\/micasaste.com\/en\/shop\/chemise-jardin-enchante-imprimee-en-coton-17\/","title":{"rendered":"Chemise Jardin Enchant\u00e9"},"content":{"rendered":"<p class=\"\" data-start=\"281\" data-end=\"582\">Laissez-vous s\u00e9duire par la chemise <em data-start=\"317\" data-end=\"334\">Jardin Enchant\u00e9<\/em>, une pi\u00e8ce pleine de caract\u00e8re qui m\u00eale myst\u00e8re et \u00e9clat. Son tissu noir intense fait ressortir des motifs floraux color\u00e9s, inspir\u00e9s de jardins exotiques et luxuriants. Chaque d\u00e9tail apporte une touche de po\u00e9sie et de sophistication \u00e0 votre tenue.<\/p>\n<p class=\"\" data-start=\"584\" data-end=\"836\">L\u00e9g\u00e8re et douce, cette chemise offre un confort id\u00e9al tout au long de la journ\u00e9e. Sa coupe fluide convient \u00e0 toutes les morphologies. Elle accompagne vos mouvements avec aisance. Les boutons nacr\u00e9s, discrets et raffin\u00e9s, ajoutent une finition \u00e9l\u00e9gante.<\/p>\n<p class=\"\" data-start=\"838\" data-end=\"1136\">Polyvalente, <em data-start=\"851\" data-end=\"868\">Jardin Enchant\u00e9<\/em> s\u2019int\u00e8gre facilement \u00e0 votre garde-robe. Portez-la avec un jean pour un style d\u00e9contract\u00e9 mais travaill\u00e9. Ou optez pour un pantalon habill\u00e9 afin de cr\u00e9er une silhouette chic et f\u00e9minine. Quelle que soit l\u2019occasion, elle s\u2019impose comme la pi\u00e8ce centrale de votre look.<\/p>\n<p class=\"\" data-start=\"1138\" data-end=\"1407\">Par ailleurs, cette chemise est parfaite pour celles qui aiment se d\u00e9marquer. Une soir\u00e9e entre amis, un d\u00eener, ou m\u00eame une journ\u00e9e au bureau : elle illumine chaque moment avec \u00e9l\u00e9gance. Gr\u00e2ce \u00e0 son imprim\u00e9 expressif, elle attire les regards tout en restant harmonieuse.<\/p>\n<p class=\"\" data-start=\"1409\" data-end=\"1706\">En r\u00e9sum\u00e9, la chemise <em data-start=\"1431\" data-end=\"1448\">Jardin Enchant\u00e9<\/em> allie confort, esth\u00e9tique et originalit\u00e9. Son design floral vibrant, sa mati\u00e8re l\u00e9g\u00e8re et sa coupe fluide en font un choix id\u00e9al pour affirmer votre style avec douceur et personnalit\u00e9. Adoptez une pi\u00e8ce unique, qui conjugue charme naturel et allure moderne.<\/p>","protected":false},"excerpt":{"rendered":"<p>Chemise courte imprim\u00e9e<\/p>\n<p>Boutonn\u00e9e devant avec 3 boutons<\/p>\n<p>Longueur 42 cm<\/p>\n<p>100% coton<\/p>\n<p>Lavage \u00e0 30 degr\u00e9s<\/p>\n<p>Taille Unique<\/p>\n<p>&nbsp;<\/p>","protected":false},"featured_media":19379,"comment_status":"closed","ping_status":"closed","template":"","meta":{"inline_featured_image":false},"product_brand":[],"product_cat":[316,291],"product_tag":[300,307],"class_list":{"0":"post-19376","1":"product","2":"type-product","3":"status-publish","4":"has-post-thumbnail","6":"product_cat-chemise","7":"product_cat-vetements-vetements-3","8":"product_tag-imprime","9":"product_tag-jupe","11":"first","12":"instock","13":"taxable","14":"shipping-taxable","15":"purchasable","16":"product-type-simple"},"yoast_head":"<!-- This site is optimized with the Yoast SEO plugin v27.5 - https:\/\/yoast.com\/product\/yoast-seo-wordpress\/ -->\n<title>Chemise Jardin Enchant\u00e9 - Motifs Floraux Color\u00e9s | Micasast\u00e9<\/title>\n<meta name=\"description\" content=\"Adoptez un style chic avec la chemise Jardin Enchant\u00e9. Motifs floraux color\u00e9s, coupe \u00e9l\u00e9gante et confort assur\u00e9. Parfaite pour toutes vos occasions.\" \/>\n<meta name=\"robots\" content=\"index, follow, max-snippet:-1, max-image-preview:large, max-video-preview:-1\" \/>\n<link rel=\"canonical\" href=\"https:\/\/micasaste.com\/en\/shop\/chemise-jardin-enchante-imprimee-en-coton-17\/\" \/>\n<meta property=\"og:locale\" content=\"en_US\" \/>\n<meta property=\"og:type\" content=\"article\" \/>\n<meta property=\"og:title\" content=\"Chemise Jardin Enchant\u00e9 - Motifs Floraux Color\u00e9s | Micasast\u00e9\" \/>\n<meta property=\"og:description\" content=\"Adoptez un style chic avec la chemise Jardin Enchant\u00e9. Motifs floraux color\u00e9s, coupe \u00e9l\u00e9gante et confort assur\u00e9. Parfaite pour toutes vos occasions.\" \/>\n<meta property=\"og:url\" content=\"https:\/\/micasaste.com\/en\/shop\/chemise-jardin-enchante-imprimee-en-coton-17\/\" \/>\n<meta property=\"og:site_name\" content=\"Micasast\u00e9\" \/>\n<meta property=\"article:publisher\" content=\"https:\/\/www.facebook.com\/Micasast-100208301386552\/\" \/>\n<meta property=\"article:modified_time\" content=\"2025-05-06T11:43:17+00:00\" \/>\n<meta property=\"og:image\" content=\"https:\/\/micasaste.com\/wp-content\/uploads\/2020\/05\/micasaste-facebook-share.jpg\" \/>\n\t<meta property=\"og:image:width\" content=\"1200\" \/>\n\t<meta property=\"og:image:height\" content=\"628\" \/>\n\t<meta property=\"og:image:type\" content=\"image\/jpeg\" \/>\n<meta name=\"twitter:card\" content=\"summary_large_image\" \/>\n<meta name=\"twitter:label1\" content=\"Est. reading time\" \/>\n\t<meta name=\"twitter:data1\" content=\"2 minutes\" \/>\n<script type=\"application\/ld+json\" class=\"yoast-schema-graph\">{\"@context\":\"https:\\\/\\\/schema.org\",\"@graph\":[{\"@type\":\"WebPage\",\"@id\":\"https:\\\/\\\/micasaste.com\\\/shop\\\/chemise-jardin-enchante-imprimee-en-coton-17\\\/\",\"url\":\"https:\\\/\\\/micasaste.com\\\/shop\\\/chemise-jardin-enchante-imprimee-en-coton-17\\\/\",\"name\":\"Chemise Jardin Enchant\u00e9 - Motifs Floraux Color\u00e9s | Micasast\u00e9\",\"isPartOf\":{\"@id\":\"https:\\\/\\\/micasaste.com\\\/#website\"},\"primaryImageOfPage\":{\"@id\":\"https:\\\/\\\/micasaste.com\\\/shop\\\/chemise-jardin-enchante-imprimee-en-coton-17\\\/#primaryimage\"},\"image\":{\"@id\":\"https:\\\/\\\/micasaste.com\\\/shop\\\/chemise-jardin-enchante-imprimee-en-coton-17\\\/#primaryimage\"},\"thumbnailUrl\":\"https:\\\/\\\/micasaste.com\\\/wp-content\\\/uploads\\\/2024\\\/05\\\/IMG_3571-scaled.jpg\",\"datePublished\":\"2024-05-01T11:46:33+00:00\",\"dateModified\":\"2025-05-06T11:43:17+00:00\",\"description\":\"Adoptez un style chic avec la chemise Jardin Enchant\u00e9. Motifs floraux color\u00e9s, coupe \u00e9l\u00e9gante et confort assur\u00e9. Parfaite pour toutes vos occasions.\",\"breadcrumb\":{\"@id\":\"https:\\\/\\\/micasaste.com\\\/shop\\\/chemise-jardin-enchante-imprimee-en-coton-17\\\/#breadcrumb\"},\"inLanguage\":\"en-US\",\"potentialAction\":[{\"@type\":\"ReadAction\",\"target\":[\"https:\\\/\\\/micasaste.com\\\/shop\\\/chemise-jardin-enchante-imprimee-en-coton-17\\\/\"]}]},{\"@type\":\"ImageObject\",\"inLanguage\":\"en-US\",\"@id\":\"https:\\\/\\\/micasaste.com\\\/shop\\\/chemise-jardin-enchante-imprimee-en-coton-17\\\/#primaryimage\",\"url\":\"https:\\\/\\\/micasaste.com\\\/wp-content\\\/uploads\\\/2024\\\/05\\\/IMG_3571-scaled.jpg\",\"contentUrl\":\"https:\\\/\\\/micasaste.com\\\/wp-content\\\/uploads\\\/2024\\\/05\\\/IMG_3571-scaled.jpg\",\"width\":1920,\"height\":2560,\"caption\":\"Chemise Jardin Enchant\u00e9\"},{\"@type\":\"BreadcrumbList\",\"@id\":\"https:\\\/\\\/micasaste.com\\\/shop\\\/chemise-jardin-enchante-imprimee-en-coton-17\\\/#breadcrumb\",\"itemListElement\":[{\"@type\":\"ListItem\",\"position\":1,\"name\":\"Accueil\",\"item\":\"https:\\\/\\\/micasaste.com\\\/\"},{\"@type\":\"ListItem\",\"position\":2,\"name\":\"Collection\",\"item\":\"https:\\\/\\\/micasaste.com\\\/shop-vetements-artisanaux-femme\\\/\"},{\"@type\":\"ListItem\",\"position\":3,\"name\":\"V\u00eatements\",\"item\":\"https:\\\/\\\/micasaste.com\\\/categorie\\\/vetements-vetements-3\\\/\"},{\"@type\":\"ListItem\",\"position\":4,\"name\":\"Chemise Jardin Enchant\u00e9\"}]},{\"@type\":\"WebSite\",\"@id\":\"https:\\\/\\\/micasaste.com\\\/#website\",\"url\":\"https:\\\/\\\/micasaste.com\\\/\",\"name\":\"Micasast\u00e9\",\"description\":\"V\u00eatements et Accessoires pour Femme \",\"publisher\":{\"@id\":\"https:\\\/\\\/micasaste.com\\\/#organization\"},\"potentialAction\":[{\"@type\":\"SearchAction\",\"target\":{\"@type\":\"EntryPoint\",\"urlTemplate\":\"https:\\\/\\\/micasaste.com\\\/?s={search_term_string}\"},\"query-input\":{\"@type\":\"PropertyValueSpecification\",\"valueRequired\":true,\"valueName\":\"search_term_string\"}}],\"inLanguage\":\"en-US\"},{\"@type\":\"Organization\",\"@id\":\"https:\\\/\\\/micasaste.com\\\/#organization\",\"name\":\"MicasaSt\u00e9\",\"url\":\"https:\\\/\\\/micasaste.com\\\/\",\"logo\":{\"@type\":\"ImageObject\",\"inLanguage\":\"en-US\",\"@id\":\"https:\\\/\\\/micasaste.com\\\/#\\\/schema\\\/logo\\\/image\\\/\",\"url\":\"https:\\\/\\\/micasaste.com\\\/wp-content\\\/uploads\\\/2020\\\/04\\\/logo-micasaste.svg\",\"contentUrl\":\"https:\\\/\\\/micasaste.com\\\/wp-content\\\/uploads\\\/2020\\\/04\\\/logo-micasaste.svg\",\"width\":\"1024\",\"height\":\"1024\",\"caption\":\"MicasaSt\u00e9\"},\"image\":{\"@id\":\"https:\\\/\\\/micasaste.com\\\/#\\\/schema\\\/logo\\\/image\\\/\"},\"sameAs\":[\"https:\\\/\\\/www.facebook.com\\\/Micasast-100208301386552\\\/\",\"https:\\\/\\\/www.instagram.com\\\/micasaste\\\/\"]}]}<\/script>\n<!-- \/ Yoast SEO plugin. -->","yoast_head_json":{"title":"Chemise Jardin Enchant\u00e9 - Motifs Floraux Color\u00e9s | Micasast\u00e9","description":"Adoptez un style chic avec la chemise Jardin Enchant\u00e9. Motifs floraux color\u00e9s, coupe \u00e9l\u00e9gante et confort assur\u00e9. Parfaite pour toutes vos occasions.","robots":{"index":"index","follow":"follow","max-snippet":"max-snippet:-1","max-image-preview":"max-image-preview:large","max-video-preview":"max-video-preview:-1"},"canonical":"https:\/\/micasaste.com\/en\/shop\/chemise-jardin-enchante-imprimee-en-coton-17\/","og_locale":"en_US","og_type":"article","og_title":"Chemise Jardin Enchant\u00e9 - Motifs Floraux Color\u00e9s | Micasast\u00e9","og_description":"Adoptez un style chic avec la chemise Jardin Enchant\u00e9. Motifs floraux color\u00e9s, coupe \u00e9l\u00e9gante et confort assur\u00e9. Parfaite pour toutes vos occasions.","og_url":"https:\/\/micasaste.com\/en\/shop\/chemise-jardin-enchante-imprimee-en-coton-17\/","og_site_name":"Micasast\u00e9","article_publisher":"https:\/\/www.facebook.com\/Micasast-100208301386552\/","article_modified_time":"2025-05-06T11:43:17+00:00","og_image":[{"width":1200,"height":628,"url":"https:\/\/micasaste.com\/wp-content\/uploads\/2020\/05\/micasaste-facebook-share.jpg","type":"image\/jpeg"}],"twitter_card":"summary_large_image","twitter_misc":{"Est. reading time":"2 minutes"},"schema":{"@context":"https:\/\/schema.org","@graph":[{"@type":"WebPage","@id":"https:\/\/micasaste.com\/shop\/chemise-jardin-enchante-imprimee-en-coton-17\/","url":"https:\/\/micasaste.com\/shop\/chemise-jardin-enchante-imprimee-en-coton-17\/","name":"Chemise Jardin Enchant\u00e9 - Motifs Floraux Color\u00e9s | Micasast\u00e9","isPartOf":{"@id":"https:\/\/micasaste.com\/#website"},"primaryImageOfPage":{"@id":"https:\/\/micasaste.com\/shop\/chemise-jardin-enchante-imprimee-en-coton-17\/#primaryimage"},"image":{"@id":"https:\/\/micasaste.com\/shop\/chemise-jardin-enchante-imprimee-en-coton-17\/#primaryimage"},"thumbnailUrl":"https:\/\/micasaste.com\/wp-content\/uploads\/2024\/05\/IMG_3571-scaled.jpg","datePublished":"2024-05-01T11:46:33+00:00","dateModified":"2025-05-06T11:43:17+00:00","description":"Adoptez un style chic avec la chemise Jardin Enchant\u00e9. Motifs floraux color\u00e9s, coupe \u00e9l\u00e9gante et confort assur\u00e9. Parfaite pour toutes vos occasions.","breadcrumb":{"@id":"https:\/\/micasaste.com\/shop\/chemise-jardin-enchante-imprimee-en-coton-17\/#breadcrumb"},"inLanguage":"en-US","potentialAction":[{"@type":"ReadAction","target":["https:\/\/micasaste.com\/shop\/chemise-jardin-enchante-imprimee-en-coton-17\/"]}]},{"@type":"ImageObject","inLanguage":"en-US","@id":"https:\/\/micasaste.com\/shop\/chemise-jardin-enchante-imprimee-en-coton-17\/#primaryimage","url":"https:\/\/micasaste.com\/wp-content\/uploads\/2024\/05\/IMG_3571-scaled.jpg","contentUrl":"https:\/\/micasaste.com\/wp-content\/uploads\/2024\/05\/IMG_3571-scaled.jpg","width":1920,"height":2560,"caption":"Chemise Jardin Enchant\u00e9"},{"@type":"BreadcrumbList","@id":"https:\/\/micasaste.com\/shop\/chemise-jardin-enchante-imprimee-en-coton-17\/#breadcrumb","itemListElement":[{"@type":"ListItem","position":1,"name":"Accueil","item":"https:\/\/micasaste.com\/"},{"@type":"ListItem","position":2,"name":"Collection","item":"https:\/\/micasaste.com\/shop-vetements-artisanaux-femme\/"},{"@type":"ListItem","position":3,"name":"V\u00eatements","item":"https:\/\/micasaste.com\/categorie\/vetements-vetements-3\/"},{"@type":"ListItem","position":4,"name":"Chemise Jardin Enchant\u00e9"}]},{"@type":"WebSite","@id":"https:\/\/micasaste.com\/#website","url":"https:\/\/micasaste.com\/","name":"Micasast\u00e9","description":"V\u00eatements et Accessoires pour Femme","publisher":{"@id":"https:\/\/micasaste.com\/#organization"},"potentialAction":[{"@type":"SearchAction","target":{"@type":"EntryPoint","urlTemplate":"https:\/\/micasaste.com\/?s={search_term_string}"},"query-input":{"@type":"PropertyValueSpecification","valueRequired":true,"valueName":"search_term_string"}}],"inLanguage":"en-US"},{"@type":"Organization","@id":"https:\/\/micasaste.com\/#organization","name":"MicasaSt\u00e9","url":"https:\/\/micasaste.com\/","logo":{"@type":"ImageObject","inLanguage":"en-US","@id":"https:\/\/micasaste.com\/#\/schema\/logo\/image\/","url":"https:\/\/micasaste.com\/wp-content\/uploads\/2020\/04\/logo-micasaste.svg","contentUrl":"https:\/\/micasaste.com\/wp-content\/uploads\/2020\/04\/logo-micasaste.svg","width":"1024","height":"1024","caption":"MicasaSt\u00e9"},"image":{"@id":"https:\/\/micasaste.com\/#\/schema\/logo\/image\/"},"sameAs":["https:\/\/www.facebook.com\/Micasast-100208301386552\/","https:\/\/www.instagram.com\/micasaste\/"]}]}},"_links":{"self":[{"href":"https:\/\/micasaste.com\/en\/wp-json\/wp\/v2\/product\/19376","targetHints":{"allow":["GET"]}}],"collection":[{"href":"https:\/\/micasaste.com\/en\/wp-json\/wp\/v2\/product"}],"about":[{"href":"https:\/\/micasaste.com\/en\/wp-json\/wp\/v2\/types\/product"}],"replies":[{"embeddable":true,"href":"https:\/\/micasaste.com\/en\/wp-json\/wp\/v2\/comments?post=19376"}],"wp:featuredmedia":[{"embeddable":true,"href":"https:\/\/micasaste.com\/en\/wp-json\/wp\/v2\/media\/19379"}],"wp:attachment":[{"href":"https:\/\/micasaste.com\/en\/wp-json\/wp\/v2\/media?parent=19376"}],"wp:term":[{"taxonomy":"product_brand","embeddable":true,"href":"https:\/\/micasaste.com\/en\/wp-json\/wp\/v2\/product_brand?post=19376"},{"taxonomy":"product_cat","embeddable":true,"href":"https:\/\/micasaste.com\/en\/wp-json\/wp\/v2\/product_cat?post=19376"},{"taxonomy":"product_tag","embeddable":true,"href":"https:\/\/micasaste.com\/en\/wp-json\/wp\/v2\/product_tag?post=19376"}],"curies":[{"name":"wp","href":"https:\/\/api.w.org\/{rel}","templated":true}]}}