{"id":19372,"date":"2024-05-01T13:41:56","date_gmt":"2024-05-01T11:41:56","guid":{"rendered":"https:\/\/micasaste.com\/?post_type=product&#038;p=19372"},"modified":"2025-05-06T13:45:56","modified_gmt":"2025-05-06T11:45:56","slug":"chemise-reve-floral-imprimee-en-coton-16","status":"publish","type":"product","link":"https:\/\/micasaste.com\/en\/shop\/chemise-reve-floral-imprimee-en-coton-16\/","title":{"rendered":"Chemise R\u00eave Floral"},"content":{"rendered":"<p class=\"\" data-start=\"183\" data-end=\"451\">Succombez au charme de la chemise <em data-start=\"217\" data-end=\"230\">R\u00eave Floral<\/em>. Son tissu beige lumineux met en valeur de grands motifs floraux aux couleurs vives et contrast\u00e9es. Ces fleurs audacieuses apportent une touche de modernit\u00e9 tout en offrant une \u00e9l\u00e9gance intemporelle \u00e0 cette pi\u00e8ce unique.<\/p>\n<p class=\"\" data-start=\"453\" data-end=\"731\">Confectionn\u00e9e dans un tissu l\u00e9ger et agr\u00e9able \u00e0 porter, cette chemise combine confort et style. Sa coupe fluide flatte toutes les silhouettes, tandis que ses boutons nacr\u00e9s ajoutent une finition d\u00e9licate et f\u00e9minine. L\u00e9g\u00e8re et douce, elle est parfaite pour toutes les occasions.<\/p>\n<p class=\"\" data-start=\"733\" data-end=\"1049\">Polyvalente, <em data-start=\"746\" data-end=\"759\">cette chemise<\/em> s\u2019adapte \u00e0 votre quotidien. Portez-la avec un jean pour un look d\u00e9contract\u00e9 et tendance. Associez-la \u00e0 un pantalon habill\u00e9 pour une allure plus sophistiqu\u00e9e. Dans tous les cas, elle devient un \u00e9l\u00e9ment central de votre tenue, apportant une touche de fra\u00eecheur et de dynamisme \u00e0 votre style.<\/p>\n<p class=\"\" data-start=\"1051\" data-end=\"1370\">Que ce soit pour un d\u00e9jeuner en terrasse, une sortie entre amis ou une soir\u00e9e, cette chemise vous accompagne avec gr\u00e2ce. Son imprim\u00e9 floral vibrant attire les regards tout en restant subtil et raffin\u00e9. La chemise <em data-start=\"1253\" data-end=\"1266\">R\u00eave Floral<\/em> est id\u00e9ale pour celles qui recherchent une pi\u00e8ce \u00e0 la fois chic et moderne, \u00e0 la fois l\u00e9g\u00e8re et styl\u00e9e.<\/p>\n<p class=\"\" data-start=\"1372\" data-end=\"1657\">En r\u00e9sum\u00e9, la chemise <em data-start=\"1394\" data-end=\"1407\">R\u00eave Floral<\/em> est la pi\u00e8ce qu\u2019il vous faut pour ajouter de la fra\u00eecheur et de l\u2019\u00e9l\u00e9gance \u00e0 votre garde-robe. Avec ses motifs \u00e9clatants et sa coupe fluide, elle vous permet d\u2019affirmer votre style tout en restant confortable. Faites de chaque moment un r\u00eave floral.<\/p>","protected":false},"excerpt":{"rendered":"<p>Chemise courte imprim\u00e9e<\/p>\n<p>Boutonn\u00e9e devant avec 3 boutons<\/p>\n<p>Longueur 42 cm<\/p>\n<p>100% coton<\/p>\n<p>Lavage \u00e0 30 degr\u00e9s<\/p>\n<p>Taille Unique<\/p>\n<p>&nbsp;<\/p>","protected":false},"featured_media":19406,"comment_status":"closed","ping_status":"closed","template":"","meta":{"inline_featured_image":false},"product_brand":[],"product_cat":[316,291],"product_tag":[300,307],"class_list":{"0":"post-19372","1":"product","2":"type-product","3":"status-publish","4":"has-post-thumbnail","6":"product_cat-chemise","7":"product_cat-vetements-vetements-3","8":"product_tag-imprime","9":"product_tag-jupe","11":"first","12":"instock","13":"taxable","14":"shipping-taxable","15":"purchasable","16":"product-type-simple"},"yoast_head":"<!-- This site is optimized with the Yoast SEO plugin v27.4 - https:\/\/yoast.com\/product\/yoast-seo-wordpress\/ -->\n<title>Chemise R\u00eave Floral - Motifs Color\u00e9s | Micasast\u00e9<\/title>\n<meta name=\"description\" content=\"Rayonnez avec la chemise r\u00eave floral. Tissu beige \u00e9clatant, grands motifs floraux color\u00e9s. Confort et \u00e9l\u00e9gance pour un look estival chic.\" \/>\n<meta name=\"robots\" content=\"index, follow, max-snippet:-1, max-image-preview:large, max-video-preview:-1\" \/>\n<link rel=\"canonical\" href=\"https:\/\/micasaste.com\/en\/shop\/chemise-reve-floral-imprimee-en-coton-16\/\" \/>\n<meta property=\"og:locale\" content=\"en_US\" \/>\n<meta property=\"og:type\" content=\"article\" \/>\n<meta property=\"og:title\" content=\"Chemise R\u00eave Floral - Motifs Color\u00e9s | Micasast\u00e9\" \/>\n<meta property=\"og:description\" content=\"Rayonnez avec la chemise r\u00eave floral. Tissu beige \u00e9clatant, grands motifs floraux color\u00e9s. Confort et \u00e9l\u00e9gance pour un look estival chic.\" \/>\n<meta property=\"og:url\" content=\"https:\/\/micasaste.com\/en\/shop\/chemise-reve-floral-imprimee-en-coton-16\/\" \/>\n<meta property=\"og:site_name\" content=\"Micasast\u00e9\" \/>\n<meta property=\"article:publisher\" content=\"https:\/\/www.facebook.com\/Micasast-100208301386552\/\" \/>\n<meta property=\"article:modified_time\" content=\"2025-05-06T11:45:56+00:00\" \/>\n<meta property=\"og:image\" content=\"https:\/\/micasaste.com\/wp-content\/uploads\/2020\/05\/micasaste-facebook-share.jpg\" \/>\n\t<meta property=\"og:image:width\" content=\"1200\" \/>\n\t<meta property=\"og:image:height\" content=\"628\" \/>\n\t<meta property=\"og:image:type\" content=\"image\/jpeg\" \/>\n<meta name=\"twitter:card\" content=\"summary_large_image\" \/>\n<meta name=\"twitter:label1\" content=\"Est. reading time\" \/>\n\t<meta name=\"twitter:data1\" content=\"2 minutes\" \/>\n<script type=\"application\/ld+json\" class=\"yoast-schema-graph\">{\"@context\":\"https:\\\/\\\/schema.org\",\"@graph\":[{\"@type\":\"WebPage\",\"@id\":\"https:\\\/\\\/micasaste.com\\\/shop\\\/chemise-reve-floral-imprimee-en-coton-16\\\/\",\"url\":\"https:\\\/\\\/micasaste.com\\\/shop\\\/chemise-reve-floral-imprimee-en-coton-16\\\/\",\"name\":\"Chemise R\u00eave Floral - Motifs Color\u00e9s | Micasast\u00e9\",\"isPartOf\":{\"@id\":\"https:\\\/\\\/micasaste.com\\\/#website\"},\"primaryImageOfPage\":{\"@id\":\"https:\\\/\\\/micasaste.com\\\/shop\\\/chemise-reve-floral-imprimee-en-coton-16\\\/#primaryimage\"},\"image\":{\"@id\":\"https:\\\/\\\/micasaste.com\\\/shop\\\/chemise-reve-floral-imprimee-en-coton-16\\\/#primaryimage\"},\"thumbnailUrl\":\"https:\\\/\\\/micasaste.com\\\/wp-content\\\/uploads\\\/2024\\\/05\\\/IMG_3562-2-scaled.jpg\",\"datePublished\":\"2024-05-01T11:41:56+00:00\",\"dateModified\":\"2025-05-06T11:45:56+00:00\",\"description\":\"Rayonnez avec la chemise r\u00eave floral. Tissu beige \u00e9clatant, grands motifs floraux color\u00e9s. Confort et \u00e9l\u00e9gance pour un look estival chic.\",\"breadcrumb\":{\"@id\":\"https:\\\/\\\/micasaste.com\\\/shop\\\/chemise-reve-floral-imprimee-en-coton-16\\\/#breadcrumb\"},\"inLanguage\":\"en-US\",\"potentialAction\":[{\"@type\":\"ReadAction\",\"target\":[\"https:\\\/\\\/micasaste.com\\\/shop\\\/chemise-reve-floral-imprimee-en-coton-16\\\/\"]}]},{\"@type\":\"ImageObject\",\"inLanguage\":\"en-US\",\"@id\":\"https:\\\/\\\/micasaste.com\\\/shop\\\/chemise-reve-floral-imprimee-en-coton-16\\\/#primaryimage\",\"url\":\"https:\\\/\\\/micasaste.com\\\/wp-content\\\/uploads\\\/2024\\\/05\\\/IMG_3562-2-scaled.jpg\",\"contentUrl\":\"https:\\\/\\\/micasaste.com\\\/wp-content\\\/uploads\\\/2024\\\/05\\\/IMG_3562-2-scaled.jpg\",\"width\":1920,\"height\":2560,\"caption\":\"Chemise R\u00eave Floral\"},{\"@type\":\"BreadcrumbList\",\"@id\":\"https:\\\/\\\/micasaste.com\\\/shop\\\/chemise-reve-floral-imprimee-en-coton-16\\\/#breadcrumb\",\"itemListElement\":[{\"@type\":\"ListItem\",\"position\":1,\"name\":\"Accueil\",\"item\":\"https:\\\/\\\/micasaste.com\\\/\"},{\"@type\":\"ListItem\",\"position\":2,\"name\":\"Collection\",\"item\":\"https:\\\/\\\/micasaste.com\\\/shop-vetements-artisanaux-femme\\\/\"},{\"@type\":\"ListItem\",\"position\":3,\"name\":\"V\u00eatements\",\"item\":\"https:\\\/\\\/micasaste.com\\\/categorie\\\/vetements-vetements-3\\\/\"},{\"@type\":\"ListItem\",\"position\":4,\"name\":\"Chemise R\u00eave Floral\"}]},{\"@type\":\"WebSite\",\"@id\":\"https:\\\/\\\/micasaste.com\\\/#website\",\"url\":\"https:\\\/\\\/micasaste.com\\\/\",\"name\":\"Micasast\u00e9\",\"description\":\"V\u00eatements et Accessoires pour Femme \",\"publisher\":{\"@id\":\"https:\\\/\\\/micasaste.com\\\/#organization\"},\"potentialAction\":[{\"@type\":\"SearchAction\",\"target\":{\"@type\":\"EntryPoint\",\"urlTemplate\":\"https:\\\/\\\/micasaste.com\\\/?s={search_term_string}\"},\"query-input\":{\"@type\":\"PropertyValueSpecification\",\"valueRequired\":true,\"valueName\":\"search_term_string\"}}],\"inLanguage\":\"en-US\"},{\"@type\":\"Organization\",\"@id\":\"https:\\\/\\\/micasaste.com\\\/#organization\",\"name\":\"MicasaSt\u00e9\",\"url\":\"https:\\\/\\\/micasaste.com\\\/\",\"logo\":{\"@type\":\"ImageObject\",\"inLanguage\":\"en-US\",\"@id\":\"https:\\\/\\\/micasaste.com\\\/#\\\/schema\\\/logo\\\/image\\\/\",\"url\":\"https:\\\/\\\/micasaste.com\\\/wp-content\\\/uploads\\\/2020\\\/04\\\/logo-micasaste.svg\",\"contentUrl\":\"https:\\\/\\\/micasaste.com\\\/wp-content\\\/uploads\\\/2020\\\/04\\\/logo-micasaste.svg\",\"width\":\"1024\",\"height\":\"1024\",\"caption\":\"MicasaSt\u00e9\"},\"image\":{\"@id\":\"https:\\\/\\\/micasaste.com\\\/#\\\/schema\\\/logo\\\/image\\\/\"},\"sameAs\":[\"https:\\\/\\\/www.facebook.com\\\/Micasast-100208301386552\\\/\",\"https:\\\/\\\/www.instagram.com\\\/micasaste\\\/\"]}]}<\/script>\n<!-- \/ Yoast SEO plugin. -->","yoast_head_json":{"title":"Chemise R\u00eave Floral - Motifs Color\u00e9s | Micasast\u00e9","description":"Rayonnez avec la chemise r\u00eave floral. Tissu beige \u00e9clatant, grands motifs floraux color\u00e9s. Confort et \u00e9l\u00e9gance pour un look estival chic.","robots":{"index":"index","follow":"follow","max-snippet":"max-snippet:-1","max-image-preview":"max-image-preview:large","max-video-preview":"max-video-preview:-1"},"canonical":"https:\/\/micasaste.com\/en\/shop\/chemise-reve-floral-imprimee-en-coton-16\/","og_locale":"en_US","og_type":"article","og_title":"Chemise R\u00eave Floral - Motifs Color\u00e9s | Micasast\u00e9","og_description":"Rayonnez avec la chemise r\u00eave floral. Tissu beige \u00e9clatant, grands motifs floraux color\u00e9s. Confort et \u00e9l\u00e9gance pour un look estival chic.","og_url":"https:\/\/micasaste.com\/en\/shop\/chemise-reve-floral-imprimee-en-coton-16\/","og_site_name":"Micasast\u00e9","article_publisher":"https:\/\/www.facebook.com\/Micasast-100208301386552\/","article_modified_time":"2025-05-06T11:45:56+00:00","og_image":[{"width":1200,"height":628,"url":"https:\/\/micasaste.com\/wp-content\/uploads\/2020\/05\/micasaste-facebook-share.jpg","type":"image\/jpeg"}],"twitter_card":"summary_large_image","twitter_misc":{"Est. reading time":"2 minutes"},"schema":{"@context":"https:\/\/schema.org","@graph":[{"@type":"WebPage","@id":"https:\/\/micasaste.com\/shop\/chemise-reve-floral-imprimee-en-coton-16\/","url":"https:\/\/micasaste.com\/shop\/chemise-reve-floral-imprimee-en-coton-16\/","name":"Chemise R\u00eave Floral - Motifs Color\u00e9s | Micasast\u00e9","isPartOf":{"@id":"https:\/\/micasaste.com\/#website"},"primaryImageOfPage":{"@id":"https:\/\/micasaste.com\/shop\/chemise-reve-floral-imprimee-en-coton-16\/#primaryimage"},"image":{"@id":"https:\/\/micasaste.com\/shop\/chemise-reve-floral-imprimee-en-coton-16\/#primaryimage"},"thumbnailUrl":"https:\/\/micasaste.com\/wp-content\/uploads\/2024\/05\/IMG_3562-2-scaled.jpg","datePublished":"2024-05-01T11:41:56+00:00","dateModified":"2025-05-06T11:45:56+00:00","description":"Rayonnez avec la chemise r\u00eave floral. Tissu beige \u00e9clatant, grands motifs floraux color\u00e9s. Confort et \u00e9l\u00e9gance pour un look estival chic.","breadcrumb":{"@id":"https:\/\/micasaste.com\/shop\/chemise-reve-floral-imprimee-en-coton-16\/#breadcrumb"},"inLanguage":"en-US","potentialAction":[{"@type":"ReadAction","target":["https:\/\/micasaste.com\/shop\/chemise-reve-floral-imprimee-en-coton-16\/"]}]},{"@type":"ImageObject","inLanguage":"en-US","@id":"https:\/\/micasaste.com\/shop\/chemise-reve-floral-imprimee-en-coton-16\/#primaryimage","url":"https:\/\/micasaste.com\/wp-content\/uploads\/2024\/05\/IMG_3562-2-scaled.jpg","contentUrl":"https:\/\/micasaste.com\/wp-content\/uploads\/2024\/05\/IMG_3562-2-scaled.jpg","width":1920,"height":2560,"caption":"Chemise R\u00eave Floral"},{"@type":"BreadcrumbList","@id":"https:\/\/micasaste.com\/shop\/chemise-reve-floral-imprimee-en-coton-16\/#breadcrumb","itemListElement":[{"@type":"ListItem","position":1,"name":"Accueil","item":"https:\/\/micasaste.com\/"},{"@type":"ListItem","position":2,"name":"Collection","item":"https:\/\/micasaste.com\/shop-vetements-artisanaux-femme\/"},{"@type":"ListItem","position":3,"name":"V\u00eatements","item":"https:\/\/micasaste.com\/categorie\/vetements-vetements-3\/"},{"@type":"ListItem","position":4,"name":"Chemise R\u00eave Floral"}]},{"@type":"WebSite","@id":"https:\/\/micasaste.com\/#website","url":"https:\/\/micasaste.com\/","name":"Micasast\u00e9","description":"V\u00eatements et Accessoires pour Femme","publisher":{"@id":"https:\/\/micasaste.com\/#organization"},"potentialAction":[{"@type":"SearchAction","target":{"@type":"EntryPoint","urlTemplate":"https:\/\/micasaste.com\/?s={search_term_string}"},"query-input":{"@type":"PropertyValueSpecification","valueRequired":true,"valueName":"search_term_string"}}],"inLanguage":"en-US"},{"@type":"Organization","@id":"https:\/\/micasaste.com\/#organization","name":"MicasaSt\u00e9","url":"https:\/\/micasaste.com\/","logo":{"@type":"ImageObject","inLanguage":"en-US","@id":"https:\/\/micasaste.com\/#\/schema\/logo\/image\/","url":"https:\/\/micasaste.com\/wp-content\/uploads\/2020\/04\/logo-micasaste.svg","contentUrl":"https:\/\/micasaste.com\/wp-content\/uploads\/2020\/04\/logo-micasaste.svg","width":"1024","height":"1024","caption":"MicasaSt\u00e9"},"image":{"@id":"https:\/\/micasaste.com\/#\/schema\/logo\/image\/"},"sameAs":["https:\/\/www.facebook.com\/Micasast-100208301386552\/","https:\/\/www.instagram.com\/micasaste\/"]}]}},"_links":{"self":[{"href":"https:\/\/micasaste.com\/en\/wp-json\/wp\/v2\/product\/19372","targetHints":{"allow":["GET"]}}],"collection":[{"href":"https:\/\/micasaste.com\/en\/wp-json\/wp\/v2\/product"}],"about":[{"href":"https:\/\/micasaste.com\/en\/wp-json\/wp\/v2\/types\/product"}],"replies":[{"embeddable":true,"href":"https:\/\/micasaste.com\/en\/wp-json\/wp\/v2\/comments?post=19372"}],"wp:featuredmedia":[{"embeddable":true,"href":"https:\/\/micasaste.com\/en\/wp-json\/wp\/v2\/media\/19406"}],"wp:attachment":[{"href":"https:\/\/micasaste.com\/en\/wp-json\/wp\/v2\/media?parent=19372"}],"wp:term":[{"taxonomy":"product_brand","embeddable":true,"href":"https:\/\/micasaste.com\/en\/wp-json\/wp\/v2\/product_brand?post=19372"},{"taxonomy":"product_cat","embeddable":true,"href":"https:\/\/micasaste.com\/en\/wp-json\/wp\/v2\/product_cat?post=19372"},{"taxonomy":"product_tag","embeddable":true,"href":"https:\/\/micasaste.com\/en\/wp-json\/wp\/v2\/product_tag?post=19372"}],"curies":[{"name":"wp","href":"https:\/\/api.w.org\/{rel}","templated":true}]}}