{"id":19369,"date":"2024-05-01T13:34:54","date_gmt":"2024-05-01T11:34:54","guid":{"rendered":"https:\/\/micasaste.com\/?post_type=product&#038;p=19369"},"modified":"2025-05-06T13:50:42","modified_gmt":"2025-05-06T11:50:42","slug":"chemise-safari-vert-deau-imprimee-en-coton-15","status":"publish","type":"product","link":"https:\/\/micasaste.com\/en\/shop\/chemise-safari-vert-deau-imprimee-en-coton-15\/","title":{"rendered":"Chemise Safari Vert D&rsquo;eau"},"content":{"rendered":"<p class=\"\" data-start=\"187\" data-end=\"481\">Laissez-vous emporter par l\u2019esprit aventureux de la chemise <em data-start=\"247\" data-end=\"266\">Safari Vert d&rsquo;Eau<\/em>. Con\u00e7ue dans un tissu doux et l\u00e9ger, cette pi\u00e8ce allie confort et \u00e9l\u00e9gance. Id\u00e9ale pour les journ\u00e9es ensoleill\u00e9es et les soir\u00e9es estivales. Elle vous accompagne avec style, tout en \u00e9voquant l&rsquo;exotisme et le voyage.<\/p>\n<p class=\"\" data-start=\"483\" data-end=\"733\">Son imprim\u00e9 vibrant d\u00e9voile un univers tropical luxuriant, avec des motifs d\u00e9taill\u00e9s de l\u00e9opards et de feuillages. Le fond vert d&rsquo;eau apporte une touche de sophistication et de fra\u00eecheur, rehaussant l&rsquo;ensemble avec une couleur apaisante et \u00e9l\u00e9gante.<\/p>\n<p class=\"\" data-start=\"735\" data-end=\"1064\">La coupe moderne et les boutons nacr\u00e9s ajoutent un c\u00f4t\u00e9 chic, tout en maintenant un confort optimal. Polyvalente, cette chemise se porte aussi bien pour un look d\u00e9contract\u00e9 que pour une tenue plus sophistiqu\u00e9e. Pour un style \u00e9l\u00e9gant, associez-la \u00e0 un pantalon beige. Pour un look plus casual, un jean fera parfaitement l\u2019affaire.<\/p>\n<p class=\"\" data-start=\"1066\" data-end=\"1285\">Les manches l\u00e9g\u00e8rement retrouss\u00e9es et les d\u00e9tails soign\u00e9s t\u00e9moignent du soin apport\u00e9 \u00e0 cette pi\u00e8ce. Chaque \u00e9l\u00e9ment de la chemise <em data-start=\"1195\" data-end=\"1214\">Safari Vert d&rsquo;Eau<\/em> est pens\u00e9 pour vous offrir une silhouette styl\u00e9e.<\/p>\n<p class=\"\" data-start=\"1287\" data-end=\"1558\">Parfaite pour celles qui souhaitent apporter une note exotique \u00e0 leur garde-robe. Cette chemise est un incontournable pour l\u2019\u00e9t\u00e9. Que ce soit pour une balade en ville, une soir\u00e9e entre amis ou une escapade au bord de la mer, elle deviendra vite un de vos favoris.<\/p>\n<p class=\"\" data-start=\"1560\" data-end=\"1755\">En r\u00e9sum\u00e9, la chemise <em data-start=\"1582\" data-end=\"1601\">Safari Vert D&rsquo;Eau<\/em> est la pi\u00e8ce parfaite pour ajouter du caract\u00e8re \u00e0 vos looks tout en restant \u00e9l\u00e9gante et confortable. Offrez-vous un voyage exotique dans votre dressing !<\/p>","protected":false},"excerpt":{"rendered":"<p>Chemise courte imprim\u00e9e<\/p>\n<p>Boutonn\u00e9e devant avec 3 boutons<\/p>\n<p>Longueur 42 cm<\/p>\n<p>100% coton<\/p>\n<p>Lavage \u00e0 30 degr\u00e9s<\/p>\n<p>Taille Unique<\/p>\n<p>&nbsp;<\/p>","protected":false},"featured_media":19414,"comment_status":"closed","ping_status":"closed","template":"","meta":{"inline_featured_image":false},"product_brand":[],"product_cat":[316,291],"product_tag":[300,307],"class_list":{"0":"post-19369","1":"product","2":"type-product","3":"status-publish","4":"has-post-thumbnail","6":"product_cat-chemise","7":"product_cat-vetements-vetements-3","8":"product_tag-imprime","9":"product_tag-jupe","11":"first","12":"instock","13":"taxable","14":"shipping-taxable","15":"purchasable","16":"product-type-simple"},"yoast_head":"<!-- This site is optimized with the Yoast SEO plugin v27.4 - https:\/\/yoast.com\/product\/yoast-seo-wordpress\/ -->\n<title>Chemise Safari vert d&#039;eau - Pour un look chic | Micasast\u00e9<\/title>\n<meta name=\"description\" content=\"D\u00e9couvrez la chemise Safari vert d&#039;eau, une pi\u00e8ce luxueuse avec des imprim\u00e9s tropicaux parfaits pour une allure \u00e9l\u00e9gante et moderne.\" \/>\n<meta name=\"robots\" content=\"index, follow, max-snippet:-1, max-image-preview:large, max-video-preview:-1\" \/>\n<link rel=\"canonical\" href=\"https:\/\/micasaste.com\/en\/shop\/chemise-safari-vert-deau-imprimee-en-coton-15\/\" \/>\n<meta property=\"og:locale\" content=\"en_US\" \/>\n<meta property=\"og:type\" content=\"article\" \/>\n<meta property=\"og:title\" content=\"Chemise Safari vert d&#039;eau - Pour un look chic | Micasast\u00e9\" \/>\n<meta property=\"og:description\" content=\"D\u00e9couvrez la chemise Safari vert d&#039;eau, une pi\u00e8ce luxueuse avec des imprim\u00e9s tropicaux parfaits pour une allure \u00e9l\u00e9gante et moderne.\" \/>\n<meta property=\"og:url\" content=\"https:\/\/micasaste.com\/en\/shop\/chemise-safari-vert-deau-imprimee-en-coton-15\/\" \/>\n<meta property=\"og:site_name\" content=\"Micasast\u00e9\" \/>\n<meta property=\"article:publisher\" content=\"https:\/\/www.facebook.com\/Micasast-100208301386552\/\" \/>\n<meta property=\"article:modified_time\" content=\"2025-05-06T11:50:42+00:00\" \/>\n<meta property=\"og:image\" content=\"https:\/\/micasaste.com\/wp-content\/uploads\/2020\/05\/micasaste-facebook-share.jpg\" \/>\n\t<meta property=\"og:image:width\" content=\"1200\" \/>\n\t<meta property=\"og:image:height\" content=\"628\" \/>\n\t<meta property=\"og:image:type\" content=\"image\/jpeg\" \/>\n<meta name=\"twitter:card\" content=\"summary_large_image\" \/>\n<meta name=\"twitter:label1\" content=\"Est. reading time\" \/>\n\t<meta name=\"twitter:data1\" content=\"2 minutes\" \/>\n<script type=\"application\/ld+json\" class=\"yoast-schema-graph\">{\"@context\":\"https:\\\/\\\/schema.org\",\"@graph\":[{\"@type\":\"WebPage\",\"@id\":\"https:\\\/\\\/micasaste.com\\\/shop\\\/chemise-safari-vert-deau-imprimee-en-coton-15\\\/\",\"url\":\"https:\\\/\\\/micasaste.com\\\/shop\\\/chemise-safari-vert-deau-imprimee-en-coton-15\\\/\",\"name\":\"Chemise Safari vert d'eau - Pour un look chic | Micasast\u00e9\",\"isPartOf\":{\"@id\":\"https:\\\/\\\/micasaste.com\\\/#website\"},\"primaryImageOfPage\":{\"@id\":\"https:\\\/\\\/micasaste.com\\\/shop\\\/chemise-safari-vert-deau-imprimee-en-coton-15\\\/#primaryimage\"},\"image\":{\"@id\":\"https:\\\/\\\/micasaste.com\\\/shop\\\/chemise-safari-vert-deau-imprimee-en-coton-15\\\/#primaryimage\"},\"thumbnailUrl\":\"https:\\\/\\\/micasaste.com\\\/wp-content\\\/uploads\\\/2024\\\/05\\\/IMG_7318-1-scaled.jpg\",\"datePublished\":\"2024-05-01T11:34:54+00:00\",\"dateModified\":\"2025-05-06T11:50:42+00:00\",\"description\":\"D\u00e9couvrez la chemise Safari vert d'eau, une pi\u00e8ce luxueuse avec des imprim\u00e9s tropicaux parfaits pour une allure \u00e9l\u00e9gante et moderne.\",\"breadcrumb\":{\"@id\":\"https:\\\/\\\/micasaste.com\\\/shop\\\/chemise-safari-vert-deau-imprimee-en-coton-15\\\/#breadcrumb\"},\"inLanguage\":\"en-US\",\"potentialAction\":[{\"@type\":\"ReadAction\",\"target\":[\"https:\\\/\\\/micasaste.com\\\/shop\\\/chemise-safari-vert-deau-imprimee-en-coton-15\\\/\"]}]},{\"@type\":\"ImageObject\",\"inLanguage\":\"en-US\",\"@id\":\"https:\\\/\\\/micasaste.com\\\/shop\\\/chemise-safari-vert-deau-imprimee-en-coton-15\\\/#primaryimage\",\"url\":\"https:\\\/\\\/micasaste.com\\\/wp-content\\\/uploads\\\/2024\\\/05\\\/IMG_7318-1-scaled.jpg\",\"contentUrl\":\"https:\\\/\\\/micasaste.com\\\/wp-content\\\/uploads\\\/2024\\\/05\\\/IMG_7318-1-scaled.jpg\",\"width\":2305,\"height\":2560,\"caption\":\"Chemise Safari vert d'Eau\"},{\"@type\":\"BreadcrumbList\",\"@id\":\"https:\\\/\\\/micasaste.com\\\/shop\\\/chemise-safari-vert-deau-imprimee-en-coton-15\\\/#breadcrumb\",\"itemListElement\":[{\"@type\":\"ListItem\",\"position\":1,\"name\":\"Accueil\",\"item\":\"https:\\\/\\\/micasaste.com\\\/\"},{\"@type\":\"ListItem\",\"position\":2,\"name\":\"Collection\",\"item\":\"https:\\\/\\\/micasaste.com\\\/shop-vetements-artisanaux-femme\\\/\"},{\"@type\":\"ListItem\",\"position\":3,\"name\":\"V\u00eatements\",\"item\":\"https:\\\/\\\/micasaste.com\\\/categorie\\\/vetements-vetements-3\\\/\"},{\"@type\":\"ListItem\",\"position\":4,\"name\":\"Chemise Safari Vert D&#8217;eau\"}]},{\"@type\":\"WebSite\",\"@id\":\"https:\\\/\\\/micasaste.com\\\/#website\",\"url\":\"https:\\\/\\\/micasaste.com\\\/\",\"name\":\"Micasast\u00e9\",\"description\":\"V\u00eatements et Accessoires pour Femme \",\"publisher\":{\"@id\":\"https:\\\/\\\/micasaste.com\\\/#organization\"},\"potentialAction\":[{\"@type\":\"SearchAction\",\"target\":{\"@type\":\"EntryPoint\",\"urlTemplate\":\"https:\\\/\\\/micasaste.com\\\/?s={search_term_string}\"},\"query-input\":{\"@type\":\"PropertyValueSpecification\",\"valueRequired\":true,\"valueName\":\"search_term_string\"}}],\"inLanguage\":\"en-US\"},{\"@type\":\"Organization\",\"@id\":\"https:\\\/\\\/micasaste.com\\\/#organization\",\"name\":\"MicasaSt\u00e9\",\"url\":\"https:\\\/\\\/micasaste.com\\\/\",\"logo\":{\"@type\":\"ImageObject\",\"inLanguage\":\"en-US\",\"@id\":\"https:\\\/\\\/micasaste.com\\\/#\\\/schema\\\/logo\\\/image\\\/\",\"url\":\"https:\\\/\\\/micasaste.com\\\/wp-content\\\/uploads\\\/2020\\\/04\\\/logo-micasaste.svg\",\"contentUrl\":\"https:\\\/\\\/micasaste.com\\\/wp-content\\\/uploads\\\/2020\\\/04\\\/logo-micasaste.svg\",\"width\":\"1024\",\"height\":\"1024\",\"caption\":\"MicasaSt\u00e9\"},\"image\":{\"@id\":\"https:\\\/\\\/micasaste.com\\\/#\\\/schema\\\/logo\\\/image\\\/\"},\"sameAs\":[\"https:\\\/\\\/www.facebook.com\\\/Micasast-100208301386552\\\/\",\"https:\\\/\\\/www.instagram.com\\\/micasaste\\\/\"]}]}<\/script>\n<!-- \/ Yoast SEO plugin. -->","yoast_head_json":{"title":"Chemise Safari vert d'eau - Pour un look chic | Micasast\u00e9","description":"D\u00e9couvrez la chemise Safari vert d'eau, une pi\u00e8ce luxueuse avec des imprim\u00e9s tropicaux parfaits pour une allure \u00e9l\u00e9gante et moderne.","robots":{"index":"index","follow":"follow","max-snippet":"max-snippet:-1","max-image-preview":"max-image-preview:large","max-video-preview":"max-video-preview:-1"},"canonical":"https:\/\/micasaste.com\/en\/shop\/chemise-safari-vert-deau-imprimee-en-coton-15\/","og_locale":"en_US","og_type":"article","og_title":"Chemise Safari vert d'eau - Pour un look chic | Micasast\u00e9","og_description":"D\u00e9couvrez la chemise Safari vert d'eau, une pi\u00e8ce luxueuse avec des imprim\u00e9s tropicaux parfaits pour une allure \u00e9l\u00e9gante et moderne.","og_url":"https:\/\/micasaste.com\/en\/shop\/chemise-safari-vert-deau-imprimee-en-coton-15\/","og_site_name":"Micasast\u00e9","article_publisher":"https:\/\/www.facebook.com\/Micasast-100208301386552\/","article_modified_time":"2025-05-06T11:50:42+00:00","og_image":[{"width":1200,"height":628,"url":"https:\/\/micasaste.com\/wp-content\/uploads\/2020\/05\/micasaste-facebook-share.jpg","type":"image\/jpeg"}],"twitter_card":"summary_large_image","twitter_misc":{"Est. reading time":"2 minutes"},"schema":{"@context":"https:\/\/schema.org","@graph":[{"@type":"WebPage","@id":"https:\/\/micasaste.com\/shop\/chemise-safari-vert-deau-imprimee-en-coton-15\/","url":"https:\/\/micasaste.com\/shop\/chemise-safari-vert-deau-imprimee-en-coton-15\/","name":"Chemise Safari vert d'eau - Pour un look chic | Micasast\u00e9","isPartOf":{"@id":"https:\/\/micasaste.com\/#website"},"primaryImageOfPage":{"@id":"https:\/\/micasaste.com\/shop\/chemise-safari-vert-deau-imprimee-en-coton-15\/#primaryimage"},"image":{"@id":"https:\/\/micasaste.com\/shop\/chemise-safari-vert-deau-imprimee-en-coton-15\/#primaryimage"},"thumbnailUrl":"https:\/\/micasaste.com\/wp-content\/uploads\/2024\/05\/IMG_7318-1-scaled.jpg","datePublished":"2024-05-01T11:34:54+00:00","dateModified":"2025-05-06T11:50:42+00:00","description":"D\u00e9couvrez la chemise Safari vert d'eau, une pi\u00e8ce luxueuse avec des imprim\u00e9s tropicaux parfaits pour une allure \u00e9l\u00e9gante et moderne.","breadcrumb":{"@id":"https:\/\/micasaste.com\/shop\/chemise-safari-vert-deau-imprimee-en-coton-15\/#breadcrumb"},"inLanguage":"en-US","potentialAction":[{"@type":"ReadAction","target":["https:\/\/micasaste.com\/shop\/chemise-safari-vert-deau-imprimee-en-coton-15\/"]}]},{"@type":"ImageObject","inLanguage":"en-US","@id":"https:\/\/micasaste.com\/shop\/chemise-safari-vert-deau-imprimee-en-coton-15\/#primaryimage","url":"https:\/\/micasaste.com\/wp-content\/uploads\/2024\/05\/IMG_7318-1-scaled.jpg","contentUrl":"https:\/\/micasaste.com\/wp-content\/uploads\/2024\/05\/IMG_7318-1-scaled.jpg","width":2305,"height":2560,"caption":"Chemise Safari vert d'Eau"},{"@type":"BreadcrumbList","@id":"https:\/\/micasaste.com\/shop\/chemise-safari-vert-deau-imprimee-en-coton-15\/#breadcrumb","itemListElement":[{"@type":"ListItem","position":1,"name":"Accueil","item":"https:\/\/micasaste.com\/"},{"@type":"ListItem","position":2,"name":"Collection","item":"https:\/\/micasaste.com\/shop-vetements-artisanaux-femme\/"},{"@type":"ListItem","position":3,"name":"V\u00eatements","item":"https:\/\/micasaste.com\/categorie\/vetements-vetements-3\/"},{"@type":"ListItem","position":4,"name":"Chemise Safari Vert D&#8217;eau"}]},{"@type":"WebSite","@id":"https:\/\/micasaste.com\/#website","url":"https:\/\/micasaste.com\/","name":"Micasast\u00e9","description":"V\u00eatements et Accessoires pour Femme","publisher":{"@id":"https:\/\/micasaste.com\/#organization"},"potentialAction":[{"@type":"SearchAction","target":{"@type":"EntryPoint","urlTemplate":"https:\/\/micasaste.com\/?s={search_term_string}"},"query-input":{"@type":"PropertyValueSpecification","valueRequired":true,"valueName":"search_term_string"}}],"inLanguage":"en-US"},{"@type":"Organization","@id":"https:\/\/micasaste.com\/#organization","name":"MicasaSt\u00e9","url":"https:\/\/micasaste.com\/","logo":{"@type":"ImageObject","inLanguage":"en-US","@id":"https:\/\/micasaste.com\/#\/schema\/logo\/image\/","url":"https:\/\/micasaste.com\/wp-content\/uploads\/2020\/04\/logo-micasaste.svg","contentUrl":"https:\/\/micasaste.com\/wp-content\/uploads\/2020\/04\/logo-micasaste.svg","width":"1024","height":"1024","caption":"MicasaSt\u00e9"},"image":{"@id":"https:\/\/micasaste.com\/#\/schema\/logo\/image\/"},"sameAs":["https:\/\/www.facebook.com\/Micasast-100208301386552\/","https:\/\/www.instagram.com\/micasaste\/"]}]}},"_links":{"self":[{"href":"https:\/\/micasaste.com\/en\/wp-json\/wp\/v2\/product\/19369","targetHints":{"allow":["GET"]}}],"collection":[{"href":"https:\/\/micasaste.com\/en\/wp-json\/wp\/v2\/product"}],"about":[{"href":"https:\/\/micasaste.com\/en\/wp-json\/wp\/v2\/types\/product"}],"replies":[{"embeddable":true,"href":"https:\/\/micasaste.com\/en\/wp-json\/wp\/v2\/comments?post=19369"}],"wp:featuredmedia":[{"embeddable":true,"href":"https:\/\/micasaste.com\/en\/wp-json\/wp\/v2\/media\/19414"}],"wp:attachment":[{"href":"https:\/\/micasaste.com\/en\/wp-json\/wp\/v2\/media?parent=19369"}],"wp:term":[{"taxonomy":"product_brand","embeddable":true,"href":"https:\/\/micasaste.com\/en\/wp-json\/wp\/v2\/product_brand?post=19369"},{"taxonomy":"product_cat","embeddable":true,"href":"https:\/\/micasaste.com\/en\/wp-json\/wp\/v2\/product_cat?post=19369"},{"taxonomy":"product_tag","embeddable":true,"href":"https:\/\/micasaste.com\/en\/wp-json\/wp\/v2\/product_tag?post=19369"}],"curies":[{"name":"wp","href":"https:\/\/api.w.org\/{rel}","templated":true}]}}