{"id":19362,"date":"2024-05-01T13:21:51","date_gmt":"2024-05-01T11:21:51","guid":{"rendered":"https:\/\/micasaste.com\/?post_type=product&#038;p=19362"},"modified":"2025-05-06T13:53:49","modified_gmt":"2025-05-06T11:53:49","slug":"chemise-eden-beige-imprimee-en-coton-14","status":"publish","type":"product","link":"https:\/\/micasaste.com\/en\/shop\/chemise-eden-beige-imprimee-en-coton-14\/","title":{"rendered":"Chemise Eden Beige"},"content":{"rendered":"<div class=\"woocommerce-tabs\">\n<div id=\"tab-description\" class=\"panel entry-content current\">\n<div class=\"flex-1 overflow-hidden @container\/thread\">\n<div class=\"h-full\">\n<div class=\"react-scroll-to-bottom--css-myrmw-79elbk h-full\">\n<div class=\"react-scroll-to-bottom--css-myrmw-1n7m0yu\">\n<div class=\"flex flex-col text-sm md:pb-9\">\n<article class=\"w-full scroll-mb-[var(--thread-trailing-height,150px)] text-token-text-primary focus-visible:outline-2 focus-visible:outline-offset-[-4px]\" dir=\"auto\" data-testid=\"conversation-turn-15\" data-scroll-anchor=\"true\">\n<div class=\"m-auto text-base py-[18px] px-3 md:px-4 w-full md:px-5 lg:px-4 xl:px-5\">\n<div class=\"mx-auto flex flex-1 gap-4 text-base md:gap-5 lg:gap-6 md:max-w-3xl lg:max-w-[40rem] xl:max-w-[48rem]\">\n<div class=\"group\/conversation-turn relative flex w-full min-w-0 flex-col agent-turn\">\n<div class=\"flex-col gap-1 md:gap-3\">\n<div class=\"flex max-w-full flex-col flex-grow\">\n<div class=\"min-h-8 text-message flex w-full flex-col items-end gap-2 whitespace-normal break-words text-start [.text-message+&amp;]:mt-5\" dir=\"auto\" data-message-author-role=\"assistant\" data-message-id=\"105ada06-409c-490c-82a4-458442a754a1\" data-message-model-slug=\"gpt-4o\">\n<div class=\"flex w-full flex-col gap-1 empty:hidden first:pt-[3px]\">\n<div class=\"markdown prose w-full break-words dark:prose-invert dark\">\n<p class=\"\" data-start=\"168\" data-end=\"529\">Laissez-vous envo\u00fbter par la chemise <em data-start=\"205\" data-end=\"217\">Eden Beige<\/em>, une pi\u00e8ce sophistiqu\u00e9e qui capture la beaut\u00e9 myst\u00e9rieuse des nuits d\u2019\u00e9t\u00e9. Son tissu beige doux met en lumi\u00e8re des motifs raffin\u00e9s m\u00ealant fleurs exotiques et animaux majestueux. Ces d\u00e9tails, sublim\u00e9s par une palette de couleurs vibrantes, apportent une touche d\u2019\u00e9l\u00e9gance et d\u2019originalit\u00e9 \u00e0 cette chemise unique.<\/p>\n<p class=\"\" data-start=\"531\" data-end=\"874\">Fabriqu\u00e9e dans un tissu l\u00e9ger et agr\u00e9able \u00e0 porter, la chemise <em data-start=\"594\" data-end=\"606\">Eden Beige<\/em> allie confort et style. Sa coupe fluide \u00e9pouse d\u00e9licatement la silhouette, tandis que les boutons nacr\u00e9s ajoutent une finition chic et discr\u00e8te. Cette chemise est id\u00e9ale pour toutes celles qui recherchent une pi\u00e8ce polyvalente, facile \u00e0 int\u00e9grer dans leur garde-robe.<\/p>\n<p class=\"\" data-start=\"876\" data-end=\"1127\">Portez-la avec un jean pour un look d\u00e9contract\u00e9 et moderne ou associez-la \u00e0 un pantalon habill\u00e9 pour une allure plus raffin\u00e9e. Quelle que soit l&rsquo;occasion, elle ajoute instantan\u00e9ment du caract\u00e8re \u00e0 votre tenue, tout en restant \u00e9l\u00e9gante et intemporelle.<\/p>\n<p class=\"\" data-start=\"1129\" data-end=\"1440\">La chemise <em data-start=\"1140\" data-end=\"1152\">Eden Beige<\/em> est parfaite pour toutes celles qui souhaitent se d\u00e9marquer avec style. Que ce soit pour une soir\u00e9e sp\u00e9ciale, un d\u00eener entre amis, ou simplement pour sublimer votre quotidien, elle attirera tous les regards. Sa beaut\u00e9 myst\u00e9rieuse et ses motifs d\u00e9taill\u00e9s en font une pi\u00e8ce incontournable.<\/p>\n<p class=\"\" data-start=\"1442\" data-end=\"1678\">En r\u00e9sum\u00e9, la chemise <em data-start=\"1464\" data-end=\"1476\">Eden Beige<\/em> allie confort, \u00e9l\u00e9gance et originalit\u00e9. C\u2019est une pi\u00e8ce unique qui vous accompagne avec style en toutes occasions. Offrez-vous un v\u00eatement qui m\u00eale sophistication et caract\u00e8re pour un look inoubliable.<\/p>\n<\/div>\n<\/div>\n<\/div>\n<\/div>\n<\/div>\n<\/div>\n<\/div>\n<\/div>\n<\/article>\n<\/div>\n<\/div>\n<\/div>\n<\/div>\n<\/div>\n<div class=\"md:pt-0 dark:border-white\/20 md:border-transparent md:dark:border-transparent w-full\">\n<div class=\"relative w-full px-2 py-2 text-center text-xs text-token-text-secondary empty:hidden md:px-[60px]\">\n<div class=\"min-h-4\">\n<div><\/div>\n<\/div>\n<\/div>\n<\/div>\n<\/div>\n<\/div>\n","protected":false},"excerpt":{"rendered":"<p>Chemise courte imprim\u00e9e<\/p>\n<p>Boutonn\u00e9e devant avec 3 boutons<\/p>\n<p>Longueur 42 cm<\/p>\n<p>100% coton<\/p>\n<p>Lavage \u00e0 30 degr\u00e9s<\/p>\n<p>Taille Unique<\/p>\n<p>&nbsp;<\/p>","protected":false},"featured_media":19365,"comment_status":"closed","ping_status":"closed","template":"","meta":{"inline_featured_image":false},"product_brand":[],"product_cat":[316,291],"product_tag":[300,307],"class_list":{"0":"post-19362","1":"product","2":"type-product","3":"status-publish","4":"has-post-thumbnail","6":"product_cat-chemise","7":"product_cat-vetements-vetements-3","8":"product_tag-imprime","9":"product_tag-jupe","11":"first","12":"instock","13":"taxable","14":"shipping-taxable","15":"purchasable","16":"product-type-simple"},"yoast_head":"<!-- This site is optimized with the Yoast SEO plugin v27.4 - https:\/\/yoast.com\/product\/yoast-seo-wordpress\/ -->\n<title>Chemise Eden Beige - \u00c9l\u00e9gant et Original | Micasast\u00e9<\/title>\n<meta name=\"description\" content=\"D\u00e9couvrez la chemise Eden Beige, une pi\u00e8ce luxueuse avec des imprim\u00e9s tropicaux parfaits pour une allure \u00e9l\u00e9gante et moderne.\" \/>\n<meta name=\"robots\" content=\"index, follow, max-snippet:-1, max-image-preview:large, max-video-preview:-1\" \/>\n<link rel=\"canonical\" href=\"https:\/\/micasaste.com\/en\/shop\/chemise-eden-beige-imprimee-en-coton-14\/\" \/>\n<meta property=\"og:locale\" content=\"en_US\" \/>\n<meta property=\"og:type\" content=\"article\" \/>\n<meta property=\"og:title\" content=\"Chemise Eden Beige - \u00c9l\u00e9gant et Original | Micasast\u00e9\" \/>\n<meta property=\"og:description\" content=\"D\u00e9couvrez la chemise Eden Beige, une pi\u00e8ce luxueuse avec des imprim\u00e9s tropicaux parfaits pour une allure \u00e9l\u00e9gante et moderne.\" \/>\n<meta property=\"og:url\" content=\"https:\/\/micasaste.com\/en\/shop\/chemise-eden-beige-imprimee-en-coton-14\/\" \/>\n<meta property=\"og:site_name\" content=\"Micasast\u00e9\" \/>\n<meta property=\"article:publisher\" content=\"https:\/\/www.facebook.com\/Micasast-100208301386552\/\" \/>\n<meta property=\"article:modified_time\" content=\"2025-05-06T11:53:49+00:00\" \/>\n<meta property=\"og:image\" content=\"https:\/\/micasaste.com\/wp-content\/uploads\/2020\/05\/micasaste-facebook-share.jpg\" \/>\n\t<meta property=\"og:image:width\" content=\"1200\" \/>\n\t<meta property=\"og:image:height\" content=\"628\" \/>\n\t<meta property=\"og:image:type\" content=\"image\/jpeg\" \/>\n<meta name=\"twitter:card\" content=\"summary_large_image\" \/>\n<meta name=\"twitter:label1\" content=\"Est. reading time\" \/>\n\t<meta name=\"twitter:data1\" content=\"2 minutes\" \/>\n<script type=\"application\/ld+json\" class=\"yoast-schema-graph\">{\"@context\":\"https:\\\/\\\/schema.org\",\"@graph\":[{\"@type\":\"WebPage\",\"@id\":\"https:\\\/\\\/micasaste.com\\\/shop\\\/chemise-eden-beige-imprimee-en-coton-14\\\/\",\"url\":\"https:\\\/\\\/micasaste.com\\\/shop\\\/chemise-eden-beige-imprimee-en-coton-14\\\/\",\"name\":\"Chemise Eden Beige - \u00c9l\u00e9gant et Original | Micasast\u00e9\",\"isPartOf\":{\"@id\":\"https:\\\/\\\/micasaste.com\\\/#website\"},\"primaryImageOfPage\":{\"@id\":\"https:\\\/\\\/micasaste.com\\\/shop\\\/chemise-eden-beige-imprimee-en-coton-14\\\/#primaryimage\"},\"image\":{\"@id\":\"https:\\\/\\\/micasaste.com\\\/shop\\\/chemise-eden-beige-imprimee-en-coton-14\\\/#primaryimage\"},\"thumbnailUrl\":\"https:\\\/\\\/micasaste.com\\\/wp-content\\\/uploads\\\/2024\\\/05\\\/IMG_3569-scaled.jpg\",\"datePublished\":\"2024-05-01T11:21:51+00:00\",\"dateModified\":\"2025-05-06T11:53:49+00:00\",\"description\":\"D\u00e9couvrez la chemise Eden Beige, une pi\u00e8ce luxueuse avec des imprim\u00e9s tropicaux parfaits pour une allure \u00e9l\u00e9gante et moderne.\",\"breadcrumb\":{\"@id\":\"https:\\\/\\\/micasaste.com\\\/shop\\\/chemise-eden-beige-imprimee-en-coton-14\\\/#breadcrumb\"},\"inLanguage\":\"en-US\",\"potentialAction\":[{\"@type\":\"ReadAction\",\"target\":[\"https:\\\/\\\/micasaste.com\\\/shop\\\/chemise-eden-beige-imprimee-en-coton-14\\\/\"]}]},{\"@type\":\"ImageObject\",\"inLanguage\":\"en-US\",\"@id\":\"https:\\\/\\\/micasaste.com\\\/shop\\\/chemise-eden-beige-imprimee-en-coton-14\\\/#primaryimage\",\"url\":\"https:\\\/\\\/micasaste.com\\\/wp-content\\\/uploads\\\/2024\\\/05\\\/IMG_3569-scaled.jpg\",\"contentUrl\":\"https:\\\/\\\/micasaste.com\\\/wp-content\\\/uploads\\\/2024\\\/05\\\/IMG_3569-scaled.jpg\",\"width\":1920,\"height\":2560,\"caption\":\"Chemise Eden Beige\"},{\"@type\":\"BreadcrumbList\",\"@id\":\"https:\\\/\\\/micasaste.com\\\/shop\\\/chemise-eden-beige-imprimee-en-coton-14\\\/#breadcrumb\",\"itemListElement\":[{\"@type\":\"ListItem\",\"position\":1,\"name\":\"Accueil\",\"item\":\"https:\\\/\\\/micasaste.com\\\/\"},{\"@type\":\"ListItem\",\"position\":2,\"name\":\"Collection\",\"item\":\"https:\\\/\\\/micasaste.com\\\/shop-vetements-artisanaux-femme\\\/\"},{\"@type\":\"ListItem\",\"position\":3,\"name\":\"V\u00eatements\",\"item\":\"https:\\\/\\\/micasaste.com\\\/categorie\\\/vetements-vetements-3\\\/\"},{\"@type\":\"ListItem\",\"position\":4,\"name\":\"Chemise Eden Beige\"}]},{\"@type\":\"WebSite\",\"@id\":\"https:\\\/\\\/micasaste.com\\\/#website\",\"url\":\"https:\\\/\\\/micasaste.com\\\/\",\"name\":\"Micasast\u00e9\",\"description\":\"V\u00eatements et Accessoires pour Femme \",\"publisher\":{\"@id\":\"https:\\\/\\\/micasaste.com\\\/#organization\"},\"potentialAction\":[{\"@type\":\"SearchAction\",\"target\":{\"@type\":\"EntryPoint\",\"urlTemplate\":\"https:\\\/\\\/micasaste.com\\\/?s={search_term_string}\"},\"query-input\":{\"@type\":\"PropertyValueSpecification\",\"valueRequired\":true,\"valueName\":\"search_term_string\"}}],\"inLanguage\":\"en-US\"},{\"@type\":\"Organization\",\"@id\":\"https:\\\/\\\/micasaste.com\\\/#organization\",\"name\":\"MicasaSt\u00e9\",\"url\":\"https:\\\/\\\/micasaste.com\\\/\",\"logo\":{\"@type\":\"ImageObject\",\"inLanguage\":\"en-US\",\"@id\":\"https:\\\/\\\/micasaste.com\\\/#\\\/schema\\\/logo\\\/image\\\/\",\"url\":\"https:\\\/\\\/micasaste.com\\\/wp-content\\\/uploads\\\/2020\\\/04\\\/logo-micasaste.svg\",\"contentUrl\":\"https:\\\/\\\/micasaste.com\\\/wp-content\\\/uploads\\\/2020\\\/04\\\/logo-micasaste.svg\",\"width\":\"1024\",\"height\":\"1024\",\"caption\":\"MicasaSt\u00e9\"},\"image\":{\"@id\":\"https:\\\/\\\/micasaste.com\\\/#\\\/schema\\\/logo\\\/image\\\/\"},\"sameAs\":[\"https:\\\/\\\/www.facebook.com\\\/Micasast-100208301386552\\\/\",\"https:\\\/\\\/www.instagram.com\\\/micasaste\\\/\"]}]}<\/script>\n<!-- \/ Yoast SEO plugin. -->","yoast_head_json":{"title":"Chemise Eden Beige - \u00c9l\u00e9gant et Original | Micasast\u00e9","description":"D\u00e9couvrez la chemise Eden Beige, une pi\u00e8ce luxueuse avec des imprim\u00e9s tropicaux parfaits pour une allure \u00e9l\u00e9gante et moderne.","robots":{"index":"index","follow":"follow","max-snippet":"max-snippet:-1","max-image-preview":"max-image-preview:large","max-video-preview":"max-video-preview:-1"},"canonical":"https:\/\/micasaste.com\/en\/shop\/chemise-eden-beige-imprimee-en-coton-14\/","og_locale":"en_US","og_type":"article","og_title":"Chemise Eden Beige - \u00c9l\u00e9gant et Original | Micasast\u00e9","og_description":"D\u00e9couvrez la chemise Eden Beige, une pi\u00e8ce luxueuse avec des imprim\u00e9s tropicaux parfaits pour une allure \u00e9l\u00e9gante et moderne.","og_url":"https:\/\/micasaste.com\/en\/shop\/chemise-eden-beige-imprimee-en-coton-14\/","og_site_name":"Micasast\u00e9","article_publisher":"https:\/\/www.facebook.com\/Micasast-100208301386552\/","article_modified_time":"2025-05-06T11:53:49+00:00","og_image":[{"width":1200,"height":628,"url":"https:\/\/micasaste.com\/wp-content\/uploads\/2020\/05\/micasaste-facebook-share.jpg","type":"image\/jpeg"}],"twitter_card":"summary_large_image","twitter_misc":{"Est. reading time":"2 minutes"},"schema":{"@context":"https:\/\/schema.org","@graph":[{"@type":"WebPage","@id":"https:\/\/micasaste.com\/shop\/chemise-eden-beige-imprimee-en-coton-14\/","url":"https:\/\/micasaste.com\/shop\/chemise-eden-beige-imprimee-en-coton-14\/","name":"Chemise Eden Beige - \u00c9l\u00e9gant et Original | Micasast\u00e9","isPartOf":{"@id":"https:\/\/micasaste.com\/#website"},"primaryImageOfPage":{"@id":"https:\/\/micasaste.com\/shop\/chemise-eden-beige-imprimee-en-coton-14\/#primaryimage"},"image":{"@id":"https:\/\/micasaste.com\/shop\/chemise-eden-beige-imprimee-en-coton-14\/#primaryimage"},"thumbnailUrl":"https:\/\/micasaste.com\/wp-content\/uploads\/2024\/05\/IMG_3569-scaled.jpg","datePublished":"2024-05-01T11:21:51+00:00","dateModified":"2025-05-06T11:53:49+00:00","description":"D\u00e9couvrez la chemise Eden Beige, une pi\u00e8ce luxueuse avec des imprim\u00e9s tropicaux parfaits pour une allure \u00e9l\u00e9gante et moderne.","breadcrumb":{"@id":"https:\/\/micasaste.com\/shop\/chemise-eden-beige-imprimee-en-coton-14\/#breadcrumb"},"inLanguage":"en-US","potentialAction":[{"@type":"ReadAction","target":["https:\/\/micasaste.com\/shop\/chemise-eden-beige-imprimee-en-coton-14\/"]}]},{"@type":"ImageObject","inLanguage":"en-US","@id":"https:\/\/micasaste.com\/shop\/chemise-eden-beige-imprimee-en-coton-14\/#primaryimage","url":"https:\/\/micasaste.com\/wp-content\/uploads\/2024\/05\/IMG_3569-scaled.jpg","contentUrl":"https:\/\/micasaste.com\/wp-content\/uploads\/2024\/05\/IMG_3569-scaled.jpg","width":1920,"height":2560,"caption":"Chemise Eden Beige"},{"@type":"BreadcrumbList","@id":"https:\/\/micasaste.com\/shop\/chemise-eden-beige-imprimee-en-coton-14\/#breadcrumb","itemListElement":[{"@type":"ListItem","position":1,"name":"Accueil","item":"https:\/\/micasaste.com\/"},{"@type":"ListItem","position":2,"name":"Collection","item":"https:\/\/micasaste.com\/shop-vetements-artisanaux-femme\/"},{"@type":"ListItem","position":3,"name":"V\u00eatements","item":"https:\/\/micasaste.com\/categorie\/vetements-vetements-3\/"},{"@type":"ListItem","position":4,"name":"Chemise Eden Beige"}]},{"@type":"WebSite","@id":"https:\/\/micasaste.com\/#website","url":"https:\/\/micasaste.com\/","name":"Micasast\u00e9","description":"V\u00eatements et Accessoires pour Femme","publisher":{"@id":"https:\/\/micasaste.com\/#organization"},"potentialAction":[{"@type":"SearchAction","target":{"@type":"EntryPoint","urlTemplate":"https:\/\/micasaste.com\/?s={search_term_string}"},"query-input":{"@type":"PropertyValueSpecification","valueRequired":true,"valueName":"search_term_string"}}],"inLanguage":"en-US"},{"@type":"Organization","@id":"https:\/\/micasaste.com\/#organization","name":"MicasaSt\u00e9","url":"https:\/\/micasaste.com\/","logo":{"@type":"ImageObject","inLanguage":"en-US","@id":"https:\/\/micasaste.com\/#\/schema\/logo\/image\/","url":"https:\/\/micasaste.com\/wp-content\/uploads\/2020\/04\/logo-micasaste.svg","contentUrl":"https:\/\/micasaste.com\/wp-content\/uploads\/2020\/04\/logo-micasaste.svg","width":"1024","height":"1024","caption":"MicasaSt\u00e9"},"image":{"@id":"https:\/\/micasaste.com\/#\/schema\/logo\/image\/"},"sameAs":["https:\/\/www.facebook.com\/Micasast-100208301386552\/","https:\/\/www.instagram.com\/micasaste\/"]}]}},"_links":{"self":[{"href":"https:\/\/micasaste.com\/en\/wp-json\/wp\/v2\/product\/19362","targetHints":{"allow":["GET"]}}],"collection":[{"href":"https:\/\/micasaste.com\/en\/wp-json\/wp\/v2\/product"}],"about":[{"href":"https:\/\/micasaste.com\/en\/wp-json\/wp\/v2\/types\/product"}],"replies":[{"embeddable":true,"href":"https:\/\/micasaste.com\/en\/wp-json\/wp\/v2\/comments?post=19362"}],"wp:featuredmedia":[{"embeddable":true,"href":"https:\/\/micasaste.com\/en\/wp-json\/wp\/v2\/media\/19365"}],"wp:attachment":[{"href":"https:\/\/micasaste.com\/en\/wp-json\/wp\/v2\/media?parent=19362"}],"wp:term":[{"taxonomy":"product_brand","embeddable":true,"href":"https:\/\/micasaste.com\/en\/wp-json\/wp\/v2\/product_brand?post=19362"},{"taxonomy":"product_cat","embeddable":true,"href":"https:\/\/micasaste.com\/en\/wp-json\/wp\/v2\/product_cat?post=19362"},{"taxonomy":"product_tag","embeddable":true,"href":"https:\/\/micasaste.com\/en\/wp-json\/wp\/v2\/product_tag?post=19362"}],"curies":[{"name":"wp","href":"https:\/\/api.w.org\/{rel}","templated":true}]}}