{"id":19338,"date":"2024-04-30T13:59:56","date_gmt":"2024-04-30T11:59:56","guid":{"rendered":"https:\/\/micasaste.com\/?post_type=product&#038;p=19338"},"modified":"2025-02-15T16:24:01","modified_gmt":"2025-02-15T15:24:01","slug":"chemise-safari-vert-imprimee-en-coton-10","status":"publish","type":"product","link":"https:\/\/micasaste.com\/en\/shop\/chemise-safari-vert-imprimee-en-coton-10\/","title":{"rendered":"Chemise Safari Vert"},"content":{"rendered":"<p>D\u00e9couvrez notre chemise\u00a0<strong>Safari Vert<\/strong>, une pi\u00e8ce unique qui allie \u00e9l\u00e9gance et aventure. Con\u00e7ue pour les amoureux de la nature et de la mode, elle vous transporte dans un univers sauvage et fascinant. L\u2019imprim\u00e9 de cette chemise est une invitation au voyage. Des motifs animaliers et v\u00e9g\u00e9taux, inspir\u00e9s de la savane et de la jungle, se m\u00ealent harmonieusement pour cr\u00e9er un style audacieux et raffin\u00e9. Chaque d\u00e9tail \u00e9voque l\u2019esprit d\u2019un safari exotique, avec des touches subtiles de couleurs naturelles et vibrantes.<\/p>\n<p>Fabriqu\u00e9e dans un tissu l\u00e9ger et respirant, cette chemise vous offre un confort absolu. Sa mati\u00e8re agr\u00e9able au toucher permet une libert\u00e9 de mouvement tout en restant \u00e9l\u00e9gante. Elle se porte aussi bien lors d\u2019une escapade en pleine nature que lors d\u2019une sortie d\u00e9contract\u00e9e en ville. La coupe de la chemise Safari Vert est moderne et d\u00e9contract\u00e9e, parfaite pour un look chic.<\/p>\n<p>Elle peut \u00eatre port\u00e9e avec un pantalon en lin pour un style estival ou associ\u00e9e \u00e0 un jean pour un look plus urbain. Adoptez cette chemise pour une allure audacieuse et pleine de caract\u00e8re.<\/p>\n<p>Elle se distingue par son imprim\u00e9 unique et sa coupe flatteuse. C\u2019est un incontournable pour celles et ceux qui souhaitent ajouter une touche de nature et d\u2019exotisme \u00e0 leur style.<\/p>","protected":false},"excerpt":{"rendered":"<p>Chemise courte imprim\u00e9e<\/p>\n<p>Boutonn\u00e9e devant avec 3 boutons<\/p>\n<p>Longueur 42 cm<\/p>\n<p>100% coton<\/p>\n<p>Lavage \u00e0 30 degr\u00e9s<\/p>\n<p>Taille Unique<\/p>\n<p>&nbsp;<\/p>","protected":false},"featured_media":19366,"comment_status":"closed","ping_status":"closed","template":"","meta":{"inline_featured_image":false},"product_brand":[],"product_cat":[316,291],"product_tag":[326,300],"class_list":{"0":"post-19338","1":"product","2":"type-product","3":"status-publish","4":"has-post-thumbnail","6":"product_cat-chemise","7":"product_cat-vetements-vetements-3","8":"product_tag-chemise","9":"product_tag-imprime","11":"first","12":"instock","13":"taxable","14":"shipping-taxable","15":"purchasable","16":"product-type-simple"},"yoast_head":"<!-- This site is optimized with the Yoast SEO plugin v27.5 - https:\/\/yoast.com\/product\/yoast-seo-wordpress\/ -->\n<title>Chemise Safari Vert - Chic et Boh\u00e8me | Micasast\u00e9<\/title>\n<meta name=\"description\" content=\"Optez pour un style intemporel avec notre chemise Safari vert. Tendance, elle est parfaite pour un look naturel et chic. \u00c0 d\u00e9couvrir d\u00e8s maintenant !\" \/>\n<meta name=\"robots\" content=\"index, follow, max-snippet:-1, max-image-preview:large, max-video-preview:-1\" \/>\n<link rel=\"canonical\" href=\"https:\/\/micasaste.com\/en\/shop\/chemise-safari-vert-imprimee-en-coton-10\/\" \/>\n<meta property=\"og:locale\" content=\"en_US\" \/>\n<meta property=\"og:type\" content=\"article\" \/>\n<meta property=\"og:title\" content=\"Chemise Safari Vert - Chic et Boh\u00e8me | Micasast\u00e9\" \/>\n<meta property=\"og:description\" content=\"Optez pour un style intemporel avec notre chemise Safari vert. Tendance, elle est parfaite pour un look naturel et chic. \u00c0 d\u00e9couvrir d\u00e8s maintenant !\" \/>\n<meta property=\"og:url\" content=\"https:\/\/micasaste.com\/en\/shop\/chemise-safari-vert-imprimee-en-coton-10\/\" \/>\n<meta property=\"og:site_name\" content=\"Micasast\u00e9\" \/>\n<meta property=\"article:publisher\" content=\"https:\/\/www.facebook.com\/Micasast-100208301386552\/\" \/>\n<meta property=\"article:modified_time\" content=\"2025-02-15T15:24:01+00:00\" \/>\n<meta property=\"og:image\" content=\"https:\/\/micasaste.com\/wp-content\/uploads\/2020\/05\/micasaste-facebook-share.jpg\" \/>\n\t<meta property=\"og:image:width\" content=\"1200\" \/>\n\t<meta property=\"og:image:height\" content=\"628\" \/>\n\t<meta property=\"og:image:type\" content=\"image\/jpeg\" \/>\n<meta name=\"twitter:card\" content=\"summary_large_image\" \/>\n<meta name=\"twitter:label1\" content=\"Est. reading time\" \/>\n\t<meta name=\"twitter:data1\" content=\"2 minutes\" \/>\n<script type=\"application\/ld+json\" class=\"yoast-schema-graph\">{\"@context\":\"https:\\\/\\\/schema.org\",\"@graph\":[{\"@type\":\"WebPage\",\"@id\":\"https:\\\/\\\/micasaste.com\\\/shop\\\/chemise-safari-vert-imprimee-en-coton-10\\\/\",\"url\":\"https:\\\/\\\/micasaste.com\\\/shop\\\/chemise-safari-vert-imprimee-en-coton-10\\\/\",\"name\":\"Chemise Safari Vert - Chic et Boh\u00e8me | Micasast\u00e9\",\"isPartOf\":{\"@id\":\"https:\\\/\\\/micasaste.com\\\/#website\"},\"primaryImageOfPage\":{\"@id\":\"https:\\\/\\\/micasaste.com\\\/shop\\\/chemise-safari-vert-imprimee-en-coton-10\\\/#primaryimage\"},\"image\":{\"@id\":\"https:\\\/\\\/micasaste.com\\\/shop\\\/chemise-safari-vert-imprimee-en-coton-10\\\/#primaryimage\"},\"thumbnailUrl\":\"https:\\\/\\\/micasaste.com\\\/wp-content\\\/uploads\\\/2024\\\/04\\\/IMG_3551-2-scaled.jpg\",\"datePublished\":\"2024-04-30T11:59:56+00:00\",\"dateModified\":\"2025-02-15T15:24:01+00:00\",\"description\":\"Optez pour un style intemporel avec notre chemise Safari vert. Tendance, elle est parfaite pour un look naturel et chic. \u00c0 d\u00e9couvrir d\u00e8s maintenant !\",\"breadcrumb\":{\"@id\":\"https:\\\/\\\/micasaste.com\\\/shop\\\/chemise-safari-vert-imprimee-en-coton-10\\\/#breadcrumb\"},\"inLanguage\":\"en-US\",\"potentialAction\":[{\"@type\":\"ReadAction\",\"target\":[\"https:\\\/\\\/micasaste.com\\\/shop\\\/chemise-safari-vert-imprimee-en-coton-10\\\/\"]}]},{\"@type\":\"ImageObject\",\"inLanguage\":\"en-US\",\"@id\":\"https:\\\/\\\/micasaste.com\\\/shop\\\/chemise-safari-vert-imprimee-en-coton-10\\\/#primaryimage\",\"url\":\"https:\\\/\\\/micasaste.com\\\/wp-content\\\/uploads\\\/2024\\\/04\\\/IMG_3551-2-scaled.jpg\",\"contentUrl\":\"https:\\\/\\\/micasaste.com\\\/wp-content\\\/uploads\\\/2024\\\/04\\\/IMG_3551-2-scaled.jpg\",\"width\":1920,\"height\":2560,\"caption\":\"Chemise Safari Vert\"},{\"@type\":\"BreadcrumbList\",\"@id\":\"https:\\\/\\\/micasaste.com\\\/shop\\\/chemise-safari-vert-imprimee-en-coton-10\\\/#breadcrumb\",\"itemListElement\":[{\"@type\":\"ListItem\",\"position\":1,\"name\":\"Accueil\",\"item\":\"https:\\\/\\\/micasaste.com\\\/\"},{\"@type\":\"ListItem\",\"position\":2,\"name\":\"Collection\",\"item\":\"https:\\\/\\\/micasaste.com\\\/shop-vetements-artisanaux-femme\\\/\"},{\"@type\":\"ListItem\",\"position\":3,\"name\":\"V\u00eatements\",\"item\":\"https:\\\/\\\/micasaste.com\\\/categorie\\\/vetements-vetements-3\\\/\"},{\"@type\":\"ListItem\",\"position\":4,\"name\":\"Chemise Safari Vert\"}]},{\"@type\":\"WebSite\",\"@id\":\"https:\\\/\\\/micasaste.com\\\/#website\",\"url\":\"https:\\\/\\\/micasaste.com\\\/\",\"name\":\"Micasast\u00e9\",\"description\":\"V\u00eatements et Accessoires pour Femme \",\"publisher\":{\"@id\":\"https:\\\/\\\/micasaste.com\\\/#organization\"},\"potentialAction\":[{\"@type\":\"SearchAction\",\"target\":{\"@type\":\"EntryPoint\",\"urlTemplate\":\"https:\\\/\\\/micasaste.com\\\/?s={search_term_string}\"},\"query-input\":{\"@type\":\"PropertyValueSpecification\",\"valueRequired\":true,\"valueName\":\"search_term_string\"}}],\"inLanguage\":\"en-US\"},{\"@type\":\"Organization\",\"@id\":\"https:\\\/\\\/micasaste.com\\\/#organization\",\"name\":\"MicasaSt\u00e9\",\"url\":\"https:\\\/\\\/micasaste.com\\\/\",\"logo\":{\"@type\":\"ImageObject\",\"inLanguage\":\"en-US\",\"@id\":\"https:\\\/\\\/micasaste.com\\\/#\\\/schema\\\/logo\\\/image\\\/\",\"url\":\"https:\\\/\\\/micasaste.com\\\/wp-content\\\/uploads\\\/2020\\\/04\\\/logo-micasaste.svg\",\"contentUrl\":\"https:\\\/\\\/micasaste.com\\\/wp-content\\\/uploads\\\/2020\\\/04\\\/logo-micasaste.svg\",\"width\":\"1024\",\"height\":\"1024\",\"caption\":\"MicasaSt\u00e9\"},\"image\":{\"@id\":\"https:\\\/\\\/micasaste.com\\\/#\\\/schema\\\/logo\\\/image\\\/\"},\"sameAs\":[\"https:\\\/\\\/www.facebook.com\\\/Micasast-100208301386552\\\/\",\"https:\\\/\\\/www.instagram.com\\\/micasaste\\\/\"]}]}<\/script>\n<!-- \/ Yoast SEO plugin. -->","yoast_head_json":{"title":"Chemise Safari Vert - Chic et Boh\u00e8me | Micasast\u00e9","description":"Optez pour un style intemporel avec notre chemise Safari vert. Tendance, elle est parfaite pour un look naturel et chic. \u00c0 d\u00e9couvrir d\u00e8s maintenant !","robots":{"index":"index","follow":"follow","max-snippet":"max-snippet:-1","max-image-preview":"max-image-preview:large","max-video-preview":"max-video-preview:-1"},"canonical":"https:\/\/micasaste.com\/en\/shop\/chemise-safari-vert-imprimee-en-coton-10\/","og_locale":"en_US","og_type":"article","og_title":"Chemise Safari Vert - Chic et Boh\u00e8me | Micasast\u00e9","og_description":"Optez pour un style intemporel avec notre chemise Safari vert. Tendance, elle est parfaite pour un look naturel et chic. \u00c0 d\u00e9couvrir d\u00e8s maintenant !","og_url":"https:\/\/micasaste.com\/en\/shop\/chemise-safari-vert-imprimee-en-coton-10\/","og_site_name":"Micasast\u00e9","article_publisher":"https:\/\/www.facebook.com\/Micasast-100208301386552\/","article_modified_time":"2025-02-15T15:24:01+00:00","og_image":[{"width":1200,"height":628,"url":"https:\/\/micasaste.com\/wp-content\/uploads\/2020\/05\/micasaste-facebook-share.jpg","type":"image\/jpeg"}],"twitter_card":"summary_large_image","twitter_misc":{"Est. reading time":"2 minutes"},"schema":{"@context":"https:\/\/schema.org","@graph":[{"@type":"WebPage","@id":"https:\/\/micasaste.com\/shop\/chemise-safari-vert-imprimee-en-coton-10\/","url":"https:\/\/micasaste.com\/shop\/chemise-safari-vert-imprimee-en-coton-10\/","name":"Chemise Safari Vert - Chic et Boh\u00e8me | Micasast\u00e9","isPartOf":{"@id":"https:\/\/micasaste.com\/#website"},"primaryImageOfPage":{"@id":"https:\/\/micasaste.com\/shop\/chemise-safari-vert-imprimee-en-coton-10\/#primaryimage"},"image":{"@id":"https:\/\/micasaste.com\/shop\/chemise-safari-vert-imprimee-en-coton-10\/#primaryimage"},"thumbnailUrl":"https:\/\/micasaste.com\/wp-content\/uploads\/2024\/04\/IMG_3551-2-scaled.jpg","datePublished":"2024-04-30T11:59:56+00:00","dateModified":"2025-02-15T15:24:01+00:00","description":"Optez pour un style intemporel avec notre chemise Safari vert. Tendance, elle est parfaite pour un look naturel et chic. \u00c0 d\u00e9couvrir d\u00e8s maintenant !","breadcrumb":{"@id":"https:\/\/micasaste.com\/shop\/chemise-safari-vert-imprimee-en-coton-10\/#breadcrumb"},"inLanguage":"en-US","potentialAction":[{"@type":"ReadAction","target":["https:\/\/micasaste.com\/shop\/chemise-safari-vert-imprimee-en-coton-10\/"]}]},{"@type":"ImageObject","inLanguage":"en-US","@id":"https:\/\/micasaste.com\/shop\/chemise-safari-vert-imprimee-en-coton-10\/#primaryimage","url":"https:\/\/micasaste.com\/wp-content\/uploads\/2024\/04\/IMG_3551-2-scaled.jpg","contentUrl":"https:\/\/micasaste.com\/wp-content\/uploads\/2024\/04\/IMG_3551-2-scaled.jpg","width":1920,"height":2560,"caption":"Chemise Safari Vert"},{"@type":"BreadcrumbList","@id":"https:\/\/micasaste.com\/shop\/chemise-safari-vert-imprimee-en-coton-10\/#breadcrumb","itemListElement":[{"@type":"ListItem","position":1,"name":"Accueil","item":"https:\/\/micasaste.com\/"},{"@type":"ListItem","position":2,"name":"Collection","item":"https:\/\/micasaste.com\/shop-vetements-artisanaux-femme\/"},{"@type":"ListItem","position":3,"name":"V\u00eatements","item":"https:\/\/micasaste.com\/categorie\/vetements-vetements-3\/"},{"@type":"ListItem","position":4,"name":"Chemise Safari Vert"}]},{"@type":"WebSite","@id":"https:\/\/micasaste.com\/#website","url":"https:\/\/micasaste.com\/","name":"Micasast\u00e9","description":"V\u00eatements et Accessoires pour Femme","publisher":{"@id":"https:\/\/micasaste.com\/#organization"},"potentialAction":[{"@type":"SearchAction","target":{"@type":"EntryPoint","urlTemplate":"https:\/\/micasaste.com\/?s={search_term_string}"},"query-input":{"@type":"PropertyValueSpecification","valueRequired":true,"valueName":"search_term_string"}}],"inLanguage":"en-US"},{"@type":"Organization","@id":"https:\/\/micasaste.com\/#organization","name":"MicasaSt\u00e9","url":"https:\/\/micasaste.com\/","logo":{"@type":"ImageObject","inLanguage":"en-US","@id":"https:\/\/micasaste.com\/#\/schema\/logo\/image\/","url":"https:\/\/micasaste.com\/wp-content\/uploads\/2020\/04\/logo-micasaste.svg","contentUrl":"https:\/\/micasaste.com\/wp-content\/uploads\/2020\/04\/logo-micasaste.svg","width":"1024","height":"1024","caption":"MicasaSt\u00e9"},"image":{"@id":"https:\/\/micasaste.com\/#\/schema\/logo\/image\/"},"sameAs":["https:\/\/www.facebook.com\/Micasast-100208301386552\/","https:\/\/www.instagram.com\/micasaste\/"]}]}},"_links":{"self":[{"href":"https:\/\/micasaste.com\/en\/wp-json\/wp\/v2\/product\/19338","targetHints":{"allow":["GET"]}}],"collection":[{"href":"https:\/\/micasaste.com\/en\/wp-json\/wp\/v2\/product"}],"about":[{"href":"https:\/\/micasaste.com\/en\/wp-json\/wp\/v2\/types\/product"}],"replies":[{"embeddable":true,"href":"https:\/\/micasaste.com\/en\/wp-json\/wp\/v2\/comments?post=19338"}],"wp:featuredmedia":[{"embeddable":true,"href":"https:\/\/micasaste.com\/en\/wp-json\/wp\/v2\/media\/19366"}],"wp:attachment":[{"href":"https:\/\/micasaste.com\/en\/wp-json\/wp\/v2\/media?parent=19338"}],"wp:term":[{"taxonomy":"product_brand","embeddable":true,"href":"https:\/\/micasaste.com\/en\/wp-json\/wp\/v2\/product_brand?post=19338"},{"taxonomy":"product_cat","embeddable":true,"href":"https:\/\/micasaste.com\/en\/wp-json\/wp\/v2\/product_cat?post=19338"},{"taxonomy":"product_tag","embeddable":true,"href":"https:\/\/micasaste.com\/en\/wp-json\/wp\/v2\/product_tag?post=19338"}],"curies":[{"name":"wp","href":"https:\/\/api.w.org\/{rel}","templated":true}]}}