{"id":19273,"date":"2024-04-13T13:45:40","date_gmt":"2024-04-13T11:45:40","guid":{"rendered":"https:\/\/micasaste.com\/?post_type=product&#038;p=19273"},"modified":"2025-06-26T12:20:29","modified_gmt":"2025-06-26T10:20:29","slug":"ensemble-eden-noir","status":"publish","type":"product","link":"https:\/\/micasaste.com\/en\/shop\/ensemble-eden-noir\/","title":{"rendered":"Ensemble Eden Noir"},"content":{"rendered":"<p class=\"\" data-start=\"387\" data-end=\"754\">Succombez \u00e0 l\u2019\u00e9l\u00e9gance myst\u00e9rieuse de l\u2019ensemble Eden Noir. Ce duo chemise et short offre une silhouette raffin\u00e9e tout en l\u00e9g\u00e8ret\u00e9. Son imprim\u00e9 riche et po\u00e9tique m\u00eale oiseaux majestueux, fleurs \u00e9clatantes et branches finement dessin\u00e9es. Le fond noir intense donne \u00e0 chaque d\u00e9tail une profondeur saisissante et une allure sophistiqu\u00e9e.<\/p>\n<p class=\"\" data-start=\"756\" data-end=\"1174\">Confectionn\u00e9 dans un coton doux et respirant, cet ensemble assure un confort absolu tout au long de la journ\u00e9e. Parfait pour les journ\u00e9es chaudes, les soir\u00e9es d\u2019\u00e9t\u00e9 ou une escapade styl\u00e9e. La chemise pr\u00e9sente une coupe fluide, l\u00e9g\u00e8rement ample, qui flatte la silhouette tout en apportant une note d\u00e9contract\u00e9e chic. Le short, quant \u00e0 lui, \u00e9pouse les formes avec \u00e9l\u00e9gance gr\u00e2ce \u00e0 sa ceinture \u00e0 nouer et sa coupe fluide.<\/p>\n<p class=\"\" data-start=\"1176\" data-end=\"1469\">Polyvalent, l\u2019ensemble \u00c9den Noir se pr\u00eate \u00e0 toutes les envies. Portez-le avec des sandales pour un look casual ou ajoutez des bijoux dor\u00e9s et des mules \u00e0 talons pour un style plus habill\u00e9. Chaque pi\u00e8ce peut \u00e9galement \u00eatre port\u00e9e s\u00e9par\u00e9ment, pour cr\u00e9er des tenues vari\u00e9es et toujours \u00e9l\u00e9gantes.<\/p>\n<p class=\"\" data-start=\"1471\" data-end=\"1676\">Inspir\u00e9 par la nature et l\u2019\u00e9l\u00e9gance f\u00e9minine, cet ensemble imprim\u00e9 noir transforme chaque tenue en un hommage au style et \u00e0 la douceur. Id\u00e9al pour les femmes en qu\u00eate de confort sans compromis sur le chic.<\/p>\n<p class=\"\" data-start=\"1678\" data-end=\"1868\">Ajoutez une touche de po\u00e9sie \u00e0 votre vestiaire avec l\u2019ensemble Eden Noir. Une cr\u00e9ation qui marie subtilement sensualit\u00e9, naturel et modernit\u00e9. \u00c0 porter sans mod\u00e9ration tout au long de l\u2019\u00e9t\u00e9.<\/p>\n<p>&nbsp;<\/p>","protected":false},"excerpt":{"rendered":"<p>Ensemble chemise et short en coton imprim\u00e9<\/p>\n<p>2 poches plaqu\u00e9es sur les c\u00f4t\u00e9s passant et ceinture<\/p>\n<p>\u00e9lastique dans le dos<\/p>\n<p>&nbsp;<\/p>","protected":false},"featured_media":19278,"comment_status":"closed","ping_status":"closed","template":"","meta":{"inline_featured_image":false},"product_brand":[],"product_cat":[322,291],"product_tag":[],"class_list":{"0":"post-19273","1":"product","2":"type-product","3":"status-publish","4":"has-post-thumbnail","6":"product_cat-ensemble-short","7":"product_cat-vetements-vetements-3","9":"first","10":"instock","11":"sale","12":"taxable","13":"shipping-taxable","14":"purchasable","15":"product-type-variable"},"yoast_head":"<!-- This site is optimized with the Yoast SEO plugin v27.4 - https:\/\/yoast.com\/product\/yoast-seo-wordpress\/ -->\n<title>Ensemble Eden Noir | Micasast\u00e9<\/title>\n<meta name=\"description\" content=\"Laissez-vous s\u00e9duire par l\u2019ensemble Eden Noir. Imprim\u00e9s \u00e9l\u00e9gants, coton l\u00e9ger et coupe raffin\u00e9e : un choix parfait pour une allure \u00e9l\u00e9gante et confortable.\" \/>\n<meta name=\"robots\" content=\"index, follow, max-snippet:-1, max-image-preview:large, max-video-preview:-1\" \/>\n<link rel=\"canonical\" href=\"https:\/\/micasaste.com\/en\/shop\/ensemble-eden-noir\/\" \/>\n<meta property=\"og:locale\" content=\"en_US\" \/>\n<meta property=\"og:type\" content=\"article\" \/>\n<meta property=\"og:title\" content=\"Ensemble Eden Noir | Micasast\u00e9\" \/>\n<meta property=\"og:description\" content=\"Laissez-vous s\u00e9duire par l\u2019ensemble Eden Noir. Imprim\u00e9s \u00e9l\u00e9gants, coton l\u00e9ger et coupe raffin\u00e9e : un choix parfait pour une allure \u00e9l\u00e9gante et confortable.\" \/>\n<meta property=\"og:url\" content=\"https:\/\/micasaste.com\/en\/shop\/ensemble-eden-noir\/\" \/>\n<meta property=\"og:site_name\" content=\"Micasast\u00e9\" \/>\n<meta property=\"article:publisher\" content=\"https:\/\/www.facebook.com\/Micasast-100208301386552\/\" \/>\n<meta property=\"article:modified_time\" content=\"2025-06-26T10:20:29+00:00\" \/>\n<meta property=\"og:image\" content=\"https:\/\/micasaste.com\/wp-content\/uploads\/2020\/05\/micasaste-facebook-share.jpg\" \/>\n\t<meta property=\"og:image:width\" content=\"1200\" \/>\n\t<meta property=\"og:image:height\" content=\"628\" \/>\n\t<meta property=\"og:image:type\" content=\"image\/jpeg\" \/>\n<meta name=\"twitter:card\" content=\"summary_large_image\" \/>\n<meta name=\"twitter:label1\" content=\"Est. reading time\" \/>\n\t<meta name=\"twitter:data1\" content=\"2 minutes\" \/>\n<script type=\"application\/ld+json\" class=\"yoast-schema-graph\">{\"@context\":\"https:\\\/\\\/schema.org\",\"@graph\":[{\"@type\":\"WebPage\",\"@id\":\"https:\\\/\\\/micasaste.com\\\/shop\\\/ensemble-eden-noir\\\/\",\"url\":\"https:\\\/\\\/micasaste.com\\\/shop\\\/ensemble-eden-noir\\\/\",\"name\":\"Ensemble Eden Noir | Micasast\u00e9\",\"isPartOf\":{\"@id\":\"https:\\\/\\\/micasaste.com\\\/#website\"},\"primaryImageOfPage\":{\"@id\":\"https:\\\/\\\/micasaste.com\\\/shop\\\/ensemble-eden-noir\\\/#primaryimage\"},\"image\":{\"@id\":\"https:\\\/\\\/micasaste.com\\\/shop\\\/ensemble-eden-noir\\\/#primaryimage\"},\"thumbnailUrl\":\"https:\\\/\\\/micasaste.com\\\/wp-content\\\/uploads\\\/2024\\\/04\\\/IMG_3099-1-scaled.jpg\",\"datePublished\":\"2024-04-13T11:45:40+00:00\",\"dateModified\":\"2025-06-26T10:20:29+00:00\",\"description\":\"Laissez-vous s\u00e9duire par l\u2019ensemble Eden Noir. Imprim\u00e9s \u00e9l\u00e9gants, coton l\u00e9ger et coupe raffin\u00e9e : un choix parfait pour une allure \u00e9l\u00e9gante et confortable.\",\"breadcrumb\":{\"@id\":\"https:\\\/\\\/micasaste.com\\\/shop\\\/ensemble-eden-noir\\\/#breadcrumb\"},\"inLanguage\":\"en-US\",\"potentialAction\":[{\"@type\":\"ReadAction\",\"target\":[\"https:\\\/\\\/micasaste.com\\\/shop\\\/ensemble-eden-noir\\\/\"]}]},{\"@type\":\"ImageObject\",\"inLanguage\":\"en-US\",\"@id\":\"https:\\\/\\\/micasaste.com\\\/shop\\\/ensemble-eden-noir\\\/#primaryimage\",\"url\":\"https:\\\/\\\/micasaste.com\\\/wp-content\\\/uploads\\\/2024\\\/04\\\/IMG_3099-1-scaled.jpg\",\"contentUrl\":\"https:\\\/\\\/micasaste.com\\\/wp-content\\\/uploads\\\/2024\\\/04\\\/IMG_3099-1-scaled.jpg\",\"width\":1920,\"height\":2560,\"caption\":\"Ensemble \u00c9den Noir\"},{\"@type\":\"BreadcrumbList\",\"@id\":\"https:\\\/\\\/micasaste.com\\\/shop\\\/ensemble-eden-noir\\\/#breadcrumb\",\"itemListElement\":[{\"@type\":\"ListItem\",\"position\":1,\"name\":\"Accueil\",\"item\":\"https:\\\/\\\/micasaste.com\\\/\"},{\"@type\":\"ListItem\",\"position\":2,\"name\":\"Collection\",\"item\":\"https:\\\/\\\/micasaste.com\\\/shop-vetements-artisanaux-femme\\\/\"},{\"@type\":\"ListItem\",\"position\":3,\"name\":\"V\u00eatements\",\"item\":\"https:\\\/\\\/micasaste.com\\\/categorie\\\/vetements-vetements-3\\\/\"},{\"@type\":\"ListItem\",\"position\":4,\"name\":\"Ensemble Eden Noir\"}]},{\"@type\":\"WebSite\",\"@id\":\"https:\\\/\\\/micasaste.com\\\/#website\",\"url\":\"https:\\\/\\\/micasaste.com\\\/\",\"name\":\"Micasast\u00e9\",\"description\":\"V\u00eatements et Accessoires pour Femme \",\"publisher\":{\"@id\":\"https:\\\/\\\/micasaste.com\\\/#organization\"},\"potentialAction\":[{\"@type\":\"SearchAction\",\"target\":{\"@type\":\"EntryPoint\",\"urlTemplate\":\"https:\\\/\\\/micasaste.com\\\/?s={search_term_string}\"},\"query-input\":{\"@type\":\"PropertyValueSpecification\",\"valueRequired\":true,\"valueName\":\"search_term_string\"}}],\"inLanguage\":\"en-US\"},{\"@type\":\"Organization\",\"@id\":\"https:\\\/\\\/micasaste.com\\\/#organization\",\"name\":\"MicasaSt\u00e9\",\"url\":\"https:\\\/\\\/micasaste.com\\\/\",\"logo\":{\"@type\":\"ImageObject\",\"inLanguage\":\"en-US\",\"@id\":\"https:\\\/\\\/micasaste.com\\\/#\\\/schema\\\/logo\\\/image\\\/\",\"url\":\"https:\\\/\\\/micasaste.com\\\/wp-content\\\/uploads\\\/2020\\\/04\\\/logo-micasaste.svg\",\"contentUrl\":\"https:\\\/\\\/micasaste.com\\\/wp-content\\\/uploads\\\/2020\\\/04\\\/logo-micasaste.svg\",\"width\":\"1024\",\"height\":\"1024\",\"caption\":\"MicasaSt\u00e9\"},\"image\":{\"@id\":\"https:\\\/\\\/micasaste.com\\\/#\\\/schema\\\/logo\\\/image\\\/\"},\"sameAs\":[\"https:\\\/\\\/www.facebook.com\\\/Micasast-100208301386552\\\/\",\"https:\\\/\\\/www.instagram.com\\\/micasaste\\\/\"]}]}<\/script>\n<!-- \/ Yoast SEO plugin. -->","yoast_head_json":{"title":"Ensemble Eden Noir | Micasast\u00e9","description":"Laissez-vous s\u00e9duire par l\u2019ensemble Eden Noir. Imprim\u00e9s \u00e9l\u00e9gants, coton l\u00e9ger et coupe raffin\u00e9e : un choix parfait pour une allure \u00e9l\u00e9gante et confortable.","robots":{"index":"index","follow":"follow","max-snippet":"max-snippet:-1","max-image-preview":"max-image-preview:large","max-video-preview":"max-video-preview:-1"},"canonical":"https:\/\/micasaste.com\/en\/shop\/ensemble-eden-noir\/","og_locale":"en_US","og_type":"article","og_title":"Ensemble Eden Noir | Micasast\u00e9","og_description":"Laissez-vous s\u00e9duire par l\u2019ensemble Eden Noir. Imprim\u00e9s \u00e9l\u00e9gants, coton l\u00e9ger et coupe raffin\u00e9e : un choix parfait pour une allure \u00e9l\u00e9gante et confortable.","og_url":"https:\/\/micasaste.com\/en\/shop\/ensemble-eden-noir\/","og_site_name":"Micasast\u00e9","article_publisher":"https:\/\/www.facebook.com\/Micasast-100208301386552\/","article_modified_time":"2025-06-26T10:20:29+00:00","og_image":[{"width":1200,"height":628,"url":"https:\/\/micasaste.com\/wp-content\/uploads\/2020\/05\/micasaste-facebook-share.jpg","type":"image\/jpeg"}],"twitter_card":"summary_large_image","twitter_misc":{"Est. reading time":"2 minutes"},"schema":{"@context":"https:\/\/schema.org","@graph":[{"@type":"WebPage","@id":"https:\/\/micasaste.com\/shop\/ensemble-eden-noir\/","url":"https:\/\/micasaste.com\/shop\/ensemble-eden-noir\/","name":"Ensemble Eden Noir | Micasast\u00e9","isPartOf":{"@id":"https:\/\/micasaste.com\/#website"},"primaryImageOfPage":{"@id":"https:\/\/micasaste.com\/shop\/ensemble-eden-noir\/#primaryimage"},"image":{"@id":"https:\/\/micasaste.com\/shop\/ensemble-eden-noir\/#primaryimage"},"thumbnailUrl":"https:\/\/micasaste.com\/wp-content\/uploads\/2024\/04\/IMG_3099-1-scaled.jpg","datePublished":"2024-04-13T11:45:40+00:00","dateModified":"2025-06-26T10:20:29+00:00","description":"Laissez-vous s\u00e9duire par l\u2019ensemble Eden Noir. Imprim\u00e9s \u00e9l\u00e9gants, coton l\u00e9ger et coupe raffin\u00e9e : un choix parfait pour une allure \u00e9l\u00e9gante et confortable.","breadcrumb":{"@id":"https:\/\/micasaste.com\/shop\/ensemble-eden-noir\/#breadcrumb"},"inLanguage":"en-US","potentialAction":[{"@type":"ReadAction","target":["https:\/\/micasaste.com\/shop\/ensemble-eden-noir\/"]}]},{"@type":"ImageObject","inLanguage":"en-US","@id":"https:\/\/micasaste.com\/shop\/ensemble-eden-noir\/#primaryimage","url":"https:\/\/micasaste.com\/wp-content\/uploads\/2024\/04\/IMG_3099-1-scaled.jpg","contentUrl":"https:\/\/micasaste.com\/wp-content\/uploads\/2024\/04\/IMG_3099-1-scaled.jpg","width":1920,"height":2560,"caption":"Ensemble \u00c9den Noir"},{"@type":"BreadcrumbList","@id":"https:\/\/micasaste.com\/shop\/ensemble-eden-noir\/#breadcrumb","itemListElement":[{"@type":"ListItem","position":1,"name":"Accueil","item":"https:\/\/micasaste.com\/"},{"@type":"ListItem","position":2,"name":"Collection","item":"https:\/\/micasaste.com\/shop-vetements-artisanaux-femme\/"},{"@type":"ListItem","position":3,"name":"V\u00eatements","item":"https:\/\/micasaste.com\/categorie\/vetements-vetements-3\/"},{"@type":"ListItem","position":4,"name":"Ensemble Eden Noir"}]},{"@type":"WebSite","@id":"https:\/\/micasaste.com\/#website","url":"https:\/\/micasaste.com\/","name":"Micasast\u00e9","description":"V\u00eatements et Accessoires pour Femme","publisher":{"@id":"https:\/\/micasaste.com\/#organization"},"potentialAction":[{"@type":"SearchAction","target":{"@type":"EntryPoint","urlTemplate":"https:\/\/micasaste.com\/?s={search_term_string}"},"query-input":{"@type":"PropertyValueSpecification","valueRequired":true,"valueName":"search_term_string"}}],"inLanguage":"en-US"},{"@type":"Organization","@id":"https:\/\/micasaste.com\/#organization","name":"MicasaSt\u00e9","url":"https:\/\/micasaste.com\/","logo":{"@type":"ImageObject","inLanguage":"en-US","@id":"https:\/\/micasaste.com\/#\/schema\/logo\/image\/","url":"https:\/\/micasaste.com\/wp-content\/uploads\/2020\/04\/logo-micasaste.svg","contentUrl":"https:\/\/micasaste.com\/wp-content\/uploads\/2020\/04\/logo-micasaste.svg","width":"1024","height":"1024","caption":"MicasaSt\u00e9"},"image":{"@id":"https:\/\/micasaste.com\/#\/schema\/logo\/image\/"},"sameAs":["https:\/\/www.facebook.com\/Micasast-100208301386552\/","https:\/\/www.instagram.com\/micasaste\/"]}]}},"_links":{"self":[{"href":"https:\/\/micasaste.com\/en\/wp-json\/wp\/v2\/product\/19273","targetHints":{"allow":["GET"]}}],"collection":[{"href":"https:\/\/micasaste.com\/en\/wp-json\/wp\/v2\/product"}],"about":[{"href":"https:\/\/micasaste.com\/en\/wp-json\/wp\/v2\/types\/product"}],"replies":[{"embeddable":true,"href":"https:\/\/micasaste.com\/en\/wp-json\/wp\/v2\/comments?post=19273"}],"wp:featuredmedia":[{"embeddable":true,"href":"https:\/\/micasaste.com\/en\/wp-json\/wp\/v2\/media\/19278"}],"wp:attachment":[{"href":"https:\/\/micasaste.com\/en\/wp-json\/wp\/v2\/media?parent=19273"}],"wp:term":[{"taxonomy":"product_brand","embeddable":true,"href":"https:\/\/micasaste.com\/en\/wp-json\/wp\/v2\/product_brand?post=19273"},{"taxonomy":"product_cat","embeddable":true,"href":"https:\/\/micasaste.com\/en\/wp-json\/wp\/v2\/product_cat?post=19273"},{"taxonomy":"product_tag","embeddable":true,"href":"https:\/\/micasaste.com\/en\/wp-json\/wp\/v2\/product_tag?post=19273"}],"curies":[{"name":"wp","href":"https:\/\/api.w.org\/{rel}","templated":true}]}}