{"id":18709,"date":"2024-02-12T13:36:49","date_gmt":"2024-02-12T12:36:49","guid":{"rendered":"https:\/\/micasaste.com\/?post_type=product&#038;p=18709"},"modified":"2025-11-13T19:24:28","modified_gmt":"2025-11-13T18:24:28","slug":"chemise-jungle-noir","status":"publish","type":"product","link":"https:\/\/micasaste.com\/en\/shop\/chemise-jungle-noir\/","title":{"rendered":"Chemise Jungle Noir"},"content":{"rendered":"<p data-start=\"246\" data-end=\"384\">Cap sur l\u2019aventure avec la <strong data-start=\"273\" data-end=\"296\">Chemise Jungle Noir<\/strong>. Un mod\u00e8le original et audacieux, inspir\u00e9 de la beaut\u00e9 sauvage des jungles indiennes.<\/p>\n<p data-start=\"386\" data-end=\"604\">Imprim\u00e9e de palmiers, d\u2019oiseaux exotiques, de perroquets et de f\u00e9lins, cette chemise est une invitation \u00e0 l\u2019\u00e9vasion. Son fond noir fait ressortir chaque d\u00e9tail color\u00e9 et apporte une touche de caract\u00e8re \u00e0 votre tenue.<\/p>\n<p data-start=\"606\" data-end=\"781\">Confectionn\u00e9e en Inde en coton l\u00e9ger, elle est agr\u00e9able \u00e0 porter au quotidien. Sa coupe fluide s\u2019adapte \u00e0 toutes les morphologies et offre un tomb\u00e9 d\u00e9contract\u00e9 mais \u00e9l\u00e9gant.<\/p>\n<p data-start=\"783\" data-end=\"1008\">Que vous soyez plut\u00f4t jean, short ou jupe longue, la <strong data-start=\"836\" data-end=\"859\">Chemise Jungle Noir<\/strong> se porte aussi bien ouverte que boutonn\u00e9e. Elle permet de composer des looks casual, estivaux ou m\u00eame plus habill\u00e9s selon les accessoires choisis.<\/p>\n<p data-start=\"1010\" data-end=\"1172\">Les imprim\u00e9s riches en d\u00e9tails \u00e9voquent la nature luxuriante et les grands espaces. Ils insufflent une \u00e9nergie joyeuse et un brin d\u2019exotisme \u00e0 votre silhouette.<\/p>\n<p data-start=\"1174\" data-end=\"1317\">Chaque chemise est fabriqu\u00e9e avec soin par nos artisans en Inde. C\u2019est ce savoir-faire authentique qui rend chaque pi\u00e8ce unique et pr\u00e9cieuse.<\/p>\n<p data-start=\"1319\" data-end=\"1505\">Portez-la en journ\u00e9e pour une balade en ville ou lors de vos escapades en vacances. C\u2019est la chemise parfaite pour celles qui aiment les pi\u00e8ces fortes, sans jamais renoncer au confort.<\/p>\n<p data-start=\"1507\" data-end=\"1629\">Laissez-vous tenter par la Chemise Jungle Noir : une touche d\u2019ailleurs qui trouvera vite sa place dans votre dressing.<\/p>","protected":false},"excerpt":{"rendered":"<p>Chemise imprim\u00e9e<\/p>\n<p>Boutonn\u00e9e devant avec 7 boutons<\/p>\n<p>100% coton<\/p>\n<p>Lavage \u00e0 30 degr\u00e9s<\/p>\n<p>Taille Unique<\/p>\n<p>&nbsp;<\/p>","protected":false},"featured_media":18892,"comment_status":"closed","ping_status":"closed","template":"","meta":{"inline_featured_image":false},"product_brand":[],"product_cat":[316,291],"product_tag":[300,307],"class_list":{"0":"post-18709","1":"product","2":"type-product","3":"status-publish","4":"has-post-thumbnail","6":"product_cat-chemise","7":"product_cat-vetements-vetements-3","8":"product_tag-imprime","9":"product_tag-jupe","11":"first","12":"instock","13":"taxable","14":"shipping-taxable","15":"purchasable","16":"product-type-simple"},"yoast_head":"<!-- This site is optimized with the Yoast SEO plugin v27.5 - https:\/\/yoast.com\/product\/yoast-seo-wordpress\/ -->\n<title>Chemise Jungle Noir \u2013 Chemise femme imprim\u00e9e jungle | Micasast\u00e9<\/title>\n<meta name=\"description\" content=\"Craquez pour la Chemise Jungle Noir en coton imprim\u00e9 jungle. Palmiers, oiseaux et f\u00e9lins pour un look boh\u00e8me, color\u00e9 et unique. Fabriqu\u00e9e en Inde.\" \/>\n<meta name=\"robots\" content=\"index, follow, max-snippet:-1, max-image-preview:large, max-video-preview:-1\" \/>\n<link rel=\"canonical\" href=\"https:\/\/micasaste.com\/en\/shop\/chemise-jungle-noir\/\" \/>\n<meta property=\"og:locale\" content=\"en_US\" \/>\n<meta property=\"og:type\" content=\"article\" \/>\n<meta property=\"og:title\" content=\"Chemise Jungle Noir \u2013 Chemise femme imprim\u00e9e jungle | Micasast\u00e9\" \/>\n<meta property=\"og:description\" content=\"Craquez pour la Chemise Jungle Noir en coton imprim\u00e9 jungle. Palmiers, oiseaux et f\u00e9lins pour un look boh\u00e8me, color\u00e9 et unique. Fabriqu\u00e9e en Inde.\" \/>\n<meta property=\"og:url\" content=\"https:\/\/micasaste.com\/en\/shop\/chemise-jungle-noir\/\" \/>\n<meta property=\"og:site_name\" content=\"Micasast\u00e9\" \/>\n<meta property=\"article:publisher\" content=\"https:\/\/www.facebook.com\/Micasast-100208301386552\/\" \/>\n<meta property=\"article:modified_time\" content=\"2025-11-13T18:24:28+00:00\" \/>\n<meta property=\"og:image\" content=\"https:\/\/micasaste.com\/wp-content\/uploads\/2020\/05\/micasaste-facebook-share.jpg\" \/>\n\t<meta property=\"og:image:width\" content=\"1200\" \/>\n\t<meta property=\"og:image:height\" content=\"628\" \/>\n\t<meta property=\"og:image:type\" content=\"image\/jpeg\" \/>\n<meta name=\"twitter:card\" content=\"summary_large_image\" \/>\n<meta name=\"twitter:label1\" content=\"Est. reading time\" \/>\n\t<meta name=\"twitter:data1\" content=\"2 minutes\" \/>\n<script type=\"application\/ld+json\" class=\"yoast-schema-graph\">{\"@context\":\"https:\\\/\\\/schema.org\",\"@graph\":[{\"@type\":\"WebPage\",\"@id\":\"https:\\\/\\\/micasaste.com\\\/shop\\\/chemise-jungle-noir\\\/\",\"url\":\"https:\\\/\\\/micasaste.com\\\/shop\\\/chemise-jungle-noir\\\/\",\"name\":\"Chemise Jungle Noir \u2013 Chemise femme imprim\u00e9e jungle | Micasast\u00e9\",\"isPartOf\":{\"@id\":\"https:\\\/\\\/micasaste.com\\\/#website\"},\"primaryImageOfPage\":{\"@id\":\"https:\\\/\\\/micasaste.com\\\/shop\\\/chemise-jungle-noir\\\/#primaryimage\"},\"image\":{\"@id\":\"https:\\\/\\\/micasaste.com\\\/shop\\\/chemise-jungle-noir\\\/#primaryimage\"},\"thumbnailUrl\":\"https:\\\/\\\/micasaste.com\\\/wp-content\\\/uploads\\\/2024\\\/02\\\/IMG_0855-scaled.jpg\",\"datePublished\":\"2024-02-12T12:36:49+00:00\",\"dateModified\":\"2025-11-13T18:24:28+00:00\",\"description\":\"Craquez pour la Chemise Jungle Noir en coton imprim\u00e9 jungle. Palmiers, oiseaux et f\u00e9lins pour un look boh\u00e8me, color\u00e9 et unique. Fabriqu\u00e9e en Inde.\",\"breadcrumb\":{\"@id\":\"https:\\\/\\\/micasaste.com\\\/shop\\\/chemise-jungle-noir\\\/#breadcrumb\"},\"inLanguage\":\"en-US\",\"potentialAction\":[{\"@type\":\"ReadAction\",\"target\":[\"https:\\\/\\\/micasaste.com\\\/shop\\\/chemise-jungle-noir\\\/\"]}]},{\"@type\":\"ImageObject\",\"inLanguage\":\"en-US\",\"@id\":\"https:\\\/\\\/micasaste.com\\\/shop\\\/chemise-jungle-noir\\\/#primaryimage\",\"url\":\"https:\\\/\\\/micasaste.com\\\/wp-content\\\/uploads\\\/2024\\\/02\\\/IMG_0855-scaled.jpg\",\"contentUrl\":\"https:\\\/\\\/micasaste.com\\\/wp-content\\\/uploads\\\/2024\\\/02\\\/IMG_0855-scaled.jpg\",\"width\":1920,\"height\":2560,\"caption\":\"Chemise Jungle Noir - Imprim\u00e9 exotique : palmier, f\u00e9lins, oiseaux, etc\"},{\"@type\":\"BreadcrumbList\",\"@id\":\"https:\\\/\\\/micasaste.com\\\/shop\\\/chemise-jungle-noir\\\/#breadcrumb\",\"itemListElement\":[{\"@type\":\"ListItem\",\"position\":1,\"name\":\"Accueil\",\"item\":\"https:\\\/\\\/micasaste.com\\\/\"},{\"@type\":\"ListItem\",\"position\":2,\"name\":\"Collection\",\"item\":\"https:\\\/\\\/micasaste.com\\\/shop-vetements-artisanaux-femme\\\/\"},{\"@type\":\"ListItem\",\"position\":3,\"name\":\"V\u00eatements\",\"item\":\"https:\\\/\\\/micasaste.com\\\/categorie\\\/vetements-vetements-3\\\/\"},{\"@type\":\"ListItem\",\"position\":4,\"name\":\"Chemise Jungle Noir\"}]},{\"@type\":\"WebSite\",\"@id\":\"https:\\\/\\\/micasaste.com\\\/#website\",\"url\":\"https:\\\/\\\/micasaste.com\\\/\",\"name\":\"Micasast\u00e9\",\"description\":\"V\u00eatements et Accessoires pour Femme \",\"publisher\":{\"@id\":\"https:\\\/\\\/micasaste.com\\\/#organization\"},\"potentialAction\":[{\"@type\":\"SearchAction\",\"target\":{\"@type\":\"EntryPoint\",\"urlTemplate\":\"https:\\\/\\\/micasaste.com\\\/?s={search_term_string}\"},\"query-input\":{\"@type\":\"PropertyValueSpecification\",\"valueRequired\":true,\"valueName\":\"search_term_string\"}}],\"inLanguage\":\"en-US\"},{\"@type\":\"Organization\",\"@id\":\"https:\\\/\\\/micasaste.com\\\/#organization\",\"name\":\"MicasaSt\u00e9\",\"url\":\"https:\\\/\\\/micasaste.com\\\/\",\"logo\":{\"@type\":\"ImageObject\",\"inLanguage\":\"en-US\",\"@id\":\"https:\\\/\\\/micasaste.com\\\/#\\\/schema\\\/logo\\\/image\\\/\",\"url\":\"https:\\\/\\\/micasaste.com\\\/wp-content\\\/uploads\\\/2020\\\/04\\\/logo-micasaste.svg\",\"contentUrl\":\"https:\\\/\\\/micasaste.com\\\/wp-content\\\/uploads\\\/2020\\\/04\\\/logo-micasaste.svg\",\"width\":\"1024\",\"height\":\"1024\",\"caption\":\"MicasaSt\u00e9\"},\"image\":{\"@id\":\"https:\\\/\\\/micasaste.com\\\/#\\\/schema\\\/logo\\\/image\\\/\"},\"sameAs\":[\"https:\\\/\\\/www.facebook.com\\\/Micasast-100208301386552\\\/\",\"https:\\\/\\\/www.instagram.com\\\/micasaste\\\/\"]}]}<\/script>\n<!-- \/ Yoast SEO plugin. -->","yoast_head_json":{"title":"Chemise Jungle Noir \u2013 Chemise femme imprim\u00e9e jungle | Micasast\u00e9","description":"Craquez pour la Chemise Jungle Noir en coton imprim\u00e9 jungle. Palmiers, oiseaux et f\u00e9lins pour un look boh\u00e8me, color\u00e9 et unique. Fabriqu\u00e9e en Inde.","robots":{"index":"index","follow":"follow","max-snippet":"max-snippet:-1","max-image-preview":"max-image-preview:large","max-video-preview":"max-video-preview:-1"},"canonical":"https:\/\/micasaste.com\/en\/shop\/chemise-jungle-noir\/","og_locale":"en_US","og_type":"article","og_title":"Chemise Jungle Noir \u2013 Chemise femme imprim\u00e9e jungle | Micasast\u00e9","og_description":"Craquez pour la Chemise Jungle Noir en coton imprim\u00e9 jungle. Palmiers, oiseaux et f\u00e9lins pour un look boh\u00e8me, color\u00e9 et unique. Fabriqu\u00e9e en Inde.","og_url":"https:\/\/micasaste.com\/en\/shop\/chemise-jungle-noir\/","og_site_name":"Micasast\u00e9","article_publisher":"https:\/\/www.facebook.com\/Micasast-100208301386552\/","article_modified_time":"2025-11-13T18:24:28+00:00","og_image":[{"width":1200,"height":628,"url":"https:\/\/micasaste.com\/wp-content\/uploads\/2020\/05\/micasaste-facebook-share.jpg","type":"image\/jpeg"}],"twitter_card":"summary_large_image","twitter_misc":{"Est. reading time":"2 minutes"},"schema":{"@context":"https:\/\/schema.org","@graph":[{"@type":"WebPage","@id":"https:\/\/micasaste.com\/shop\/chemise-jungle-noir\/","url":"https:\/\/micasaste.com\/shop\/chemise-jungle-noir\/","name":"Chemise Jungle Noir \u2013 Chemise femme imprim\u00e9e jungle | Micasast\u00e9","isPartOf":{"@id":"https:\/\/micasaste.com\/#website"},"primaryImageOfPage":{"@id":"https:\/\/micasaste.com\/shop\/chemise-jungle-noir\/#primaryimage"},"image":{"@id":"https:\/\/micasaste.com\/shop\/chemise-jungle-noir\/#primaryimage"},"thumbnailUrl":"https:\/\/micasaste.com\/wp-content\/uploads\/2024\/02\/IMG_0855-scaled.jpg","datePublished":"2024-02-12T12:36:49+00:00","dateModified":"2025-11-13T18:24:28+00:00","description":"Craquez pour la Chemise Jungle Noir en coton imprim\u00e9 jungle. Palmiers, oiseaux et f\u00e9lins pour un look boh\u00e8me, color\u00e9 et unique. Fabriqu\u00e9e en Inde.","breadcrumb":{"@id":"https:\/\/micasaste.com\/shop\/chemise-jungle-noir\/#breadcrumb"},"inLanguage":"en-US","potentialAction":[{"@type":"ReadAction","target":["https:\/\/micasaste.com\/shop\/chemise-jungle-noir\/"]}]},{"@type":"ImageObject","inLanguage":"en-US","@id":"https:\/\/micasaste.com\/shop\/chemise-jungle-noir\/#primaryimage","url":"https:\/\/micasaste.com\/wp-content\/uploads\/2024\/02\/IMG_0855-scaled.jpg","contentUrl":"https:\/\/micasaste.com\/wp-content\/uploads\/2024\/02\/IMG_0855-scaled.jpg","width":1920,"height":2560,"caption":"Chemise Jungle Noir - Imprim\u00e9 exotique : palmier, f\u00e9lins, oiseaux, etc"},{"@type":"BreadcrumbList","@id":"https:\/\/micasaste.com\/shop\/chemise-jungle-noir\/#breadcrumb","itemListElement":[{"@type":"ListItem","position":1,"name":"Accueil","item":"https:\/\/micasaste.com\/"},{"@type":"ListItem","position":2,"name":"Collection","item":"https:\/\/micasaste.com\/shop-vetements-artisanaux-femme\/"},{"@type":"ListItem","position":3,"name":"V\u00eatements","item":"https:\/\/micasaste.com\/categorie\/vetements-vetements-3\/"},{"@type":"ListItem","position":4,"name":"Chemise Jungle Noir"}]},{"@type":"WebSite","@id":"https:\/\/micasaste.com\/#website","url":"https:\/\/micasaste.com\/","name":"Micasast\u00e9","description":"V\u00eatements et Accessoires pour Femme","publisher":{"@id":"https:\/\/micasaste.com\/#organization"},"potentialAction":[{"@type":"SearchAction","target":{"@type":"EntryPoint","urlTemplate":"https:\/\/micasaste.com\/?s={search_term_string}"},"query-input":{"@type":"PropertyValueSpecification","valueRequired":true,"valueName":"search_term_string"}}],"inLanguage":"en-US"},{"@type":"Organization","@id":"https:\/\/micasaste.com\/#organization","name":"MicasaSt\u00e9","url":"https:\/\/micasaste.com\/","logo":{"@type":"ImageObject","inLanguage":"en-US","@id":"https:\/\/micasaste.com\/#\/schema\/logo\/image\/","url":"https:\/\/micasaste.com\/wp-content\/uploads\/2020\/04\/logo-micasaste.svg","contentUrl":"https:\/\/micasaste.com\/wp-content\/uploads\/2020\/04\/logo-micasaste.svg","width":"1024","height":"1024","caption":"MicasaSt\u00e9"},"image":{"@id":"https:\/\/micasaste.com\/#\/schema\/logo\/image\/"},"sameAs":["https:\/\/www.facebook.com\/Micasast-100208301386552\/","https:\/\/www.instagram.com\/micasaste\/"]}]}},"_links":{"self":[{"href":"https:\/\/micasaste.com\/en\/wp-json\/wp\/v2\/product\/18709","targetHints":{"allow":["GET"]}}],"collection":[{"href":"https:\/\/micasaste.com\/en\/wp-json\/wp\/v2\/product"}],"about":[{"href":"https:\/\/micasaste.com\/en\/wp-json\/wp\/v2\/types\/product"}],"replies":[{"embeddable":true,"href":"https:\/\/micasaste.com\/en\/wp-json\/wp\/v2\/comments?post=18709"}],"wp:featuredmedia":[{"embeddable":true,"href":"https:\/\/micasaste.com\/en\/wp-json\/wp\/v2\/media\/18892"}],"wp:attachment":[{"href":"https:\/\/micasaste.com\/en\/wp-json\/wp\/v2\/media?parent=18709"}],"wp:term":[{"taxonomy":"product_brand","embeddable":true,"href":"https:\/\/micasaste.com\/en\/wp-json\/wp\/v2\/product_brand?post=18709"},{"taxonomy":"product_cat","embeddable":true,"href":"https:\/\/micasaste.com\/en\/wp-json\/wp\/v2\/product_cat?post=18709"},{"taxonomy":"product_tag","embeddable":true,"href":"https:\/\/micasaste.com\/en\/wp-json\/wp\/v2\/product_tag?post=18709"}],"curies":[{"name":"wp","href":"https:\/\/api.w.org\/{rel}","templated":true}]}}