{"id":18559,"date":"2024-02-05T17:08:24","date_gmt":"2024-02-05T16:08:24","guid":{"rendered":"https:\/\/micasaste.com\/?post_type=product&#038;p=18559"},"modified":"2025-09-03T17:40:15","modified_gmt":"2025-09-03T15:40:15","slug":"jupe-amaya","status":"publish","type":"product","link":"https:\/\/micasaste.com\/en\/shop\/jupe-amaya\/","title":{"rendered":"Jupe Amaya"},"content":{"rendered":"<p data-start=\"868\" data-end=\"1256\">La jupe Amaya de Micasast\u00e9 est une pi\u00e8ce incontournable ! Pour celles qui recherchent \u00e9l\u00e9gance et confort. Son fond vert doux met en valeur des motifs floraux et des oiseaux color\u00e9s, cr\u00e9ant un look boh\u00e8me-chic plein de caract\u00e8re. Chaque d\u00e9tail apporte de la fra\u00eecheur et de la vitalit\u00e9, transformant une tenue simple en un style raffin\u00e9 et original.<\/p>\n<p data-start=\"1258\" data-end=\"1507\">Sa coupe longue et fluide \u00e9pouse d\u00e9licatement la silhouette tout en offrant une libert\u00e9 de mouvement id\u00e9ale pour le quotidien. Confectionn\u00e9e avec un tissu l\u00e9ger et agr\u00e9able \u00e0 porter, la jupe Amaya procure une sensation de confort toute la journ\u00e9e.<\/p>\n<p data-start=\"1509\" data-end=\"1746\">Polyvalente, elle se porte avec un simple t-shirt pour un style d\u00e9contract\u00e9 ou avec un chemisier \u00e9l\u00e9gant pour une tenue plus habill\u00e9e. Elle convient aussi bien pour une promenade en ville, un d\u00eener entre amis ou un week-end ensoleill\u00e9.<\/p>\n<p data-start=\"1748\" data-end=\"1998\">Elle illustre la cr\u00e9ativit\u00e9 et la qualit\u00e9 des v\u00eatements Micasast\u00e9 confectionn\u00e9s en Inde. Les motifs color\u00e9s, soigneusement pens\u00e9s, apportent une touche artistique qui sublime votre dressing et met en valeur votre personnalit\u00e9.<\/p>\n<p data-start=\"2000\" data-end=\"2241\">Adoptez la jupe Amaya pour un style boh\u00e8me et f\u00e9minin qui ne passe pas inaper\u00e7u. Les imprim\u00e9s floraux et les oiseaux color\u00e9s apportent fra\u00eecheur et dynamisme. Tandis que la coupe fluide et \u00e9l\u00e9gante garantit confort et libert\u00e9 de mouvement.<\/p>","protected":false},"excerpt":{"rendered":"<p>Jupe en coton imprim\u00e9<\/p>\n<p>2 poches plaqu\u00e9es sur les c\u00f4t\u00e9s<\/p>\n<p>\u00e9lastique \u00e0 l&rsquo;arri\u00e8re<\/p>\n<p>Longueur: 85 cm<\/p>\n<p>Lavage \u00e0 froid pour pr\u00e9server l&rsquo;\u00e9clat des couleurs<\/p>\n<p>100% Coton<\/p>\n<p>Taille Unique<\/p>\n<p>&nbsp;<\/p>","protected":false},"featured_media":18758,"comment_status":"closed","ping_status":"closed","template":"","meta":{"inline_featured_image":false},"product_brand":[],"product_cat":[306,291],"product_tag":[300,307],"class_list":{"0":"post-18559","1":"product","2":"type-product","3":"status-publish","4":"has-post-thumbnail","6":"product_cat-jupe","7":"product_cat-vetements-vetements-3","8":"product_tag-imprime","9":"product_tag-jupe","11":"first","12":"instock","13":"sale","14":"taxable","15":"shipping-taxable","16":"purchasable","17":"product-type-simple"},"yoast_head":"<!-- This site is optimized with the Yoast SEO plugin v27.4 - https:\/\/yoast.com\/product\/yoast-seo-wordpress\/ -->\n<title>Jupe Amaya Femme \u2013 Longue Boh\u00e8me Verte \u00e0 Imprim\u00e9s<\/title>\n<meta name=\"description\" content=\"D\u00e9couvrez la jupe Amaya de Micasast\u00e9, longue et fluide. Verte avec imprim\u00e9s floraux et oiseaux color\u00e9s, elle allie \u00e9l\u00e9gance boh\u00e8me et confort au quotidien.\" \/>\n<meta name=\"robots\" content=\"index, follow, max-snippet:-1, max-image-preview:large, max-video-preview:-1\" \/>\n<link rel=\"canonical\" href=\"https:\/\/micasaste.com\/en\/shop\/jupe-amaya\/\" \/>\n<meta property=\"og:locale\" content=\"en_US\" \/>\n<meta property=\"og:type\" content=\"article\" \/>\n<meta property=\"og:title\" content=\"Jupe Amaya Femme \u2013 Longue Boh\u00e8me Verte \u00e0 Imprim\u00e9s\" \/>\n<meta property=\"og:description\" content=\"D\u00e9couvrez la jupe Amaya de Micasast\u00e9, longue et fluide. Verte avec imprim\u00e9s floraux et oiseaux color\u00e9s, elle allie \u00e9l\u00e9gance boh\u00e8me et confort au quotidien.\" \/>\n<meta property=\"og:url\" content=\"https:\/\/micasaste.com\/en\/shop\/jupe-amaya\/\" \/>\n<meta property=\"og:site_name\" content=\"Micasast\u00e9\" \/>\n<meta property=\"article:publisher\" content=\"https:\/\/www.facebook.com\/Micasast-100208301386552\/\" \/>\n<meta property=\"article:modified_time\" content=\"2025-09-03T15:40:15+00:00\" \/>\n<meta property=\"og:image\" content=\"https:\/\/micasaste.com\/wp-content\/uploads\/2020\/05\/micasaste-facebook-share.jpg\" \/>\n\t<meta property=\"og:image:width\" content=\"1200\" \/>\n\t<meta property=\"og:image:height\" content=\"628\" \/>\n\t<meta property=\"og:image:type\" content=\"image\/jpeg\" \/>\n<meta name=\"twitter:card\" content=\"summary_large_image\" \/>\n<meta name=\"twitter:label1\" content=\"Est. reading time\" \/>\n\t<meta name=\"twitter:data1\" content=\"2 minutes\" \/>\n<script type=\"application\/ld+json\" class=\"yoast-schema-graph\">{\"@context\":\"https:\\\/\\\/schema.org\",\"@graph\":[{\"@type\":\"WebPage\",\"@id\":\"https:\\\/\\\/micasaste.com\\\/shop\\\/jupe-amaya\\\/\",\"url\":\"https:\\\/\\\/micasaste.com\\\/shop\\\/jupe-amaya\\\/\",\"name\":\"Jupe Amaya Femme \u2013 Longue Boh\u00e8me Verte \u00e0 Imprim\u00e9s\",\"isPartOf\":{\"@id\":\"https:\\\/\\\/micasaste.com\\\/#website\"},\"primaryImageOfPage\":{\"@id\":\"https:\\\/\\\/micasaste.com\\\/shop\\\/jupe-amaya\\\/#primaryimage\"},\"image\":{\"@id\":\"https:\\\/\\\/micasaste.com\\\/shop\\\/jupe-amaya\\\/#primaryimage\"},\"thumbnailUrl\":\"https:\\\/\\\/micasaste.com\\\/wp-content\\\/uploads\\\/2024\\\/02\\\/IMG_0698-scaled.jpg\",\"datePublished\":\"2024-02-05T16:08:24+00:00\",\"dateModified\":\"2025-09-03T15:40:15+00:00\",\"description\":\"D\u00e9couvrez la jupe Amaya de Micasast\u00e9, longue et fluide. Verte avec imprim\u00e9s floraux et oiseaux color\u00e9s, elle allie \u00e9l\u00e9gance boh\u00e8me et confort au quotidien.\",\"breadcrumb\":{\"@id\":\"https:\\\/\\\/micasaste.com\\\/shop\\\/jupe-amaya\\\/#breadcrumb\"},\"inLanguage\":\"en-US\",\"potentialAction\":[{\"@type\":\"ReadAction\",\"target\":[\"https:\\\/\\\/micasaste.com\\\/shop\\\/jupe-amaya\\\/\"]}]},{\"@type\":\"ImageObject\",\"inLanguage\":\"en-US\",\"@id\":\"https:\\\/\\\/micasaste.com\\\/shop\\\/jupe-amaya\\\/#primaryimage\",\"url\":\"https:\\\/\\\/micasaste.com\\\/wp-content\\\/uploads\\\/2024\\\/02\\\/IMG_0698-scaled.jpg\",\"contentUrl\":\"https:\\\/\\\/micasaste.com\\\/wp-content\\\/uploads\\\/2024\\\/02\\\/IMG_0698-scaled.jpg\",\"width\":1613,\"height\":2560,\"caption\":\"Jupe longue Amaya Micasast\u00e9 pour femme, verte avec imprim\u00e9s floraux et oiseaux color\u00e9s.\"},{\"@type\":\"BreadcrumbList\",\"@id\":\"https:\\\/\\\/micasaste.com\\\/shop\\\/jupe-amaya\\\/#breadcrumb\",\"itemListElement\":[{\"@type\":\"ListItem\",\"position\":1,\"name\":\"Accueil\",\"item\":\"https:\\\/\\\/micasaste.com\\\/\"},{\"@type\":\"ListItem\",\"position\":2,\"name\":\"Collection\",\"item\":\"https:\\\/\\\/micasaste.com\\\/shop-vetements-artisanaux-femme\\\/\"},{\"@type\":\"ListItem\",\"position\":3,\"name\":\"V\u00eatements\",\"item\":\"https:\\\/\\\/micasaste.com\\\/categorie\\\/vetements-vetements-3\\\/\"},{\"@type\":\"ListItem\",\"position\":4,\"name\":\"Jupe Amaya\"}]},{\"@type\":\"WebSite\",\"@id\":\"https:\\\/\\\/micasaste.com\\\/#website\",\"url\":\"https:\\\/\\\/micasaste.com\\\/\",\"name\":\"Micasast\u00e9\",\"description\":\"V\u00eatements et Accessoires pour Femme \",\"publisher\":{\"@id\":\"https:\\\/\\\/micasaste.com\\\/#organization\"},\"potentialAction\":[{\"@type\":\"SearchAction\",\"target\":{\"@type\":\"EntryPoint\",\"urlTemplate\":\"https:\\\/\\\/micasaste.com\\\/?s={search_term_string}\"},\"query-input\":{\"@type\":\"PropertyValueSpecification\",\"valueRequired\":true,\"valueName\":\"search_term_string\"}}],\"inLanguage\":\"en-US\"},{\"@type\":\"Organization\",\"@id\":\"https:\\\/\\\/micasaste.com\\\/#organization\",\"name\":\"MicasaSt\u00e9\",\"url\":\"https:\\\/\\\/micasaste.com\\\/\",\"logo\":{\"@type\":\"ImageObject\",\"inLanguage\":\"en-US\",\"@id\":\"https:\\\/\\\/micasaste.com\\\/#\\\/schema\\\/logo\\\/image\\\/\",\"url\":\"https:\\\/\\\/micasaste.com\\\/wp-content\\\/uploads\\\/2020\\\/04\\\/logo-micasaste.svg\",\"contentUrl\":\"https:\\\/\\\/micasaste.com\\\/wp-content\\\/uploads\\\/2020\\\/04\\\/logo-micasaste.svg\",\"width\":\"1024\",\"height\":\"1024\",\"caption\":\"MicasaSt\u00e9\"},\"image\":{\"@id\":\"https:\\\/\\\/micasaste.com\\\/#\\\/schema\\\/logo\\\/image\\\/\"},\"sameAs\":[\"https:\\\/\\\/www.facebook.com\\\/Micasast-100208301386552\\\/\",\"https:\\\/\\\/www.instagram.com\\\/micasaste\\\/\"]}]}<\/script>\n<!-- \/ Yoast SEO plugin. -->","yoast_head_json":{"title":"Jupe Amaya Femme \u2013 Longue Boh\u00e8me Verte \u00e0 Imprim\u00e9s","description":"D\u00e9couvrez la jupe Amaya de Micasast\u00e9, longue et fluide. Verte avec imprim\u00e9s floraux et oiseaux color\u00e9s, elle allie \u00e9l\u00e9gance boh\u00e8me et confort au quotidien.","robots":{"index":"index","follow":"follow","max-snippet":"max-snippet:-1","max-image-preview":"max-image-preview:large","max-video-preview":"max-video-preview:-1"},"canonical":"https:\/\/micasaste.com\/en\/shop\/jupe-amaya\/","og_locale":"en_US","og_type":"article","og_title":"Jupe Amaya Femme \u2013 Longue Boh\u00e8me Verte \u00e0 Imprim\u00e9s","og_description":"D\u00e9couvrez la jupe Amaya de Micasast\u00e9, longue et fluide. Verte avec imprim\u00e9s floraux et oiseaux color\u00e9s, elle allie \u00e9l\u00e9gance boh\u00e8me et confort au quotidien.","og_url":"https:\/\/micasaste.com\/en\/shop\/jupe-amaya\/","og_site_name":"Micasast\u00e9","article_publisher":"https:\/\/www.facebook.com\/Micasast-100208301386552\/","article_modified_time":"2025-09-03T15:40:15+00:00","og_image":[{"width":1200,"height":628,"url":"https:\/\/micasaste.com\/wp-content\/uploads\/2020\/05\/micasaste-facebook-share.jpg","type":"image\/jpeg"}],"twitter_card":"summary_large_image","twitter_misc":{"Est. reading time":"2 minutes"},"schema":{"@context":"https:\/\/schema.org","@graph":[{"@type":"WebPage","@id":"https:\/\/micasaste.com\/shop\/jupe-amaya\/","url":"https:\/\/micasaste.com\/shop\/jupe-amaya\/","name":"Jupe Amaya Femme \u2013 Longue Boh\u00e8me Verte \u00e0 Imprim\u00e9s","isPartOf":{"@id":"https:\/\/micasaste.com\/#website"},"primaryImageOfPage":{"@id":"https:\/\/micasaste.com\/shop\/jupe-amaya\/#primaryimage"},"image":{"@id":"https:\/\/micasaste.com\/shop\/jupe-amaya\/#primaryimage"},"thumbnailUrl":"https:\/\/micasaste.com\/wp-content\/uploads\/2024\/02\/IMG_0698-scaled.jpg","datePublished":"2024-02-05T16:08:24+00:00","dateModified":"2025-09-03T15:40:15+00:00","description":"D\u00e9couvrez la jupe Amaya de Micasast\u00e9, longue et fluide. Verte avec imprim\u00e9s floraux et oiseaux color\u00e9s, elle allie \u00e9l\u00e9gance boh\u00e8me et confort au quotidien.","breadcrumb":{"@id":"https:\/\/micasaste.com\/shop\/jupe-amaya\/#breadcrumb"},"inLanguage":"en-US","potentialAction":[{"@type":"ReadAction","target":["https:\/\/micasaste.com\/shop\/jupe-amaya\/"]}]},{"@type":"ImageObject","inLanguage":"en-US","@id":"https:\/\/micasaste.com\/shop\/jupe-amaya\/#primaryimage","url":"https:\/\/micasaste.com\/wp-content\/uploads\/2024\/02\/IMG_0698-scaled.jpg","contentUrl":"https:\/\/micasaste.com\/wp-content\/uploads\/2024\/02\/IMG_0698-scaled.jpg","width":1613,"height":2560,"caption":"Jupe longue Amaya Micasast\u00e9 pour femme, verte avec imprim\u00e9s floraux et oiseaux color\u00e9s."},{"@type":"BreadcrumbList","@id":"https:\/\/micasaste.com\/shop\/jupe-amaya\/#breadcrumb","itemListElement":[{"@type":"ListItem","position":1,"name":"Accueil","item":"https:\/\/micasaste.com\/"},{"@type":"ListItem","position":2,"name":"Collection","item":"https:\/\/micasaste.com\/shop-vetements-artisanaux-femme\/"},{"@type":"ListItem","position":3,"name":"V\u00eatements","item":"https:\/\/micasaste.com\/categorie\/vetements-vetements-3\/"},{"@type":"ListItem","position":4,"name":"Jupe Amaya"}]},{"@type":"WebSite","@id":"https:\/\/micasaste.com\/#website","url":"https:\/\/micasaste.com\/","name":"Micasast\u00e9","description":"V\u00eatements et Accessoires pour Femme","publisher":{"@id":"https:\/\/micasaste.com\/#organization"},"potentialAction":[{"@type":"SearchAction","target":{"@type":"EntryPoint","urlTemplate":"https:\/\/micasaste.com\/?s={search_term_string}"},"query-input":{"@type":"PropertyValueSpecification","valueRequired":true,"valueName":"search_term_string"}}],"inLanguage":"en-US"},{"@type":"Organization","@id":"https:\/\/micasaste.com\/#organization","name":"MicasaSt\u00e9","url":"https:\/\/micasaste.com\/","logo":{"@type":"ImageObject","inLanguage":"en-US","@id":"https:\/\/micasaste.com\/#\/schema\/logo\/image\/","url":"https:\/\/micasaste.com\/wp-content\/uploads\/2020\/04\/logo-micasaste.svg","contentUrl":"https:\/\/micasaste.com\/wp-content\/uploads\/2020\/04\/logo-micasaste.svg","width":"1024","height":"1024","caption":"MicasaSt\u00e9"},"image":{"@id":"https:\/\/micasaste.com\/#\/schema\/logo\/image\/"},"sameAs":["https:\/\/www.facebook.com\/Micasast-100208301386552\/","https:\/\/www.instagram.com\/micasaste\/"]}]}},"_links":{"self":[{"href":"https:\/\/micasaste.com\/en\/wp-json\/wp\/v2\/product\/18559","targetHints":{"allow":["GET"]}}],"collection":[{"href":"https:\/\/micasaste.com\/en\/wp-json\/wp\/v2\/product"}],"about":[{"href":"https:\/\/micasaste.com\/en\/wp-json\/wp\/v2\/types\/product"}],"replies":[{"embeddable":true,"href":"https:\/\/micasaste.com\/en\/wp-json\/wp\/v2\/comments?post=18559"}],"wp:featuredmedia":[{"embeddable":true,"href":"https:\/\/micasaste.com\/en\/wp-json\/wp\/v2\/media\/18758"}],"wp:attachment":[{"href":"https:\/\/micasaste.com\/en\/wp-json\/wp\/v2\/media?parent=18559"}],"wp:term":[{"taxonomy":"product_brand","embeddable":true,"href":"https:\/\/micasaste.com\/en\/wp-json\/wp\/v2\/product_brand?post=18559"},{"taxonomy":"product_cat","embeddable":true,"href":"https:\/\/micasaste.com\/en\/wp-json\/wp\/v2\/product_cat?post=18559"},{"taxonomy":"product_tag","embeddable":true,"href":"https:\/\/micasaste.com\/en\/wp-json\/wp\/v2\/product_tag?post=18559"}],"curies":[{"name":"wp","href":"https:\/\/api.w.org\/{rel}","templated":true}]}}