{"id":4782,"date":"2020-04-24T18:50:21","date_gmt":"2020-04-24T16:50:21","guid":{"rendered":"https:\/\/micasaste.com\/?page_id=4782"},"modified":"2024-12-13T16:51:28","modified_gmt":"2024-12-13T15:51:28","slug":"mentions-legales","status":"publish","type":"page","link":"https:\/\/micasaste.com\/en\/mentions-legales\/","title":{"rendered":"Mentions L\u00e9gales"},"content":{"rendered":"<section class=\"wpb-content-wrapper\"><div class=\"vc_row wpb_row vc_row-fluid\"><div class=\"wpb_column vc_column_container vc_col-sm-3\"><div class=\"vc_column-inner\"><div class=\"wpb_wrapper\"><\/div><\/div><\/div><div class=\"wpb_column vc_column_container vc_col-sm-6\"><div class=\"vc_column-inner\"><div class=\"wpb_wrapper\">\n\t<div class=\"wpb_text_column wpb_content_element\" >\n\t\t<div class=\"wpb_wrapper\">\n\t\t\t<p><span style=\"font-weight: 400;\">Le site <a href=\"https:\/\/micasaste.com\/en\/\">www.micasaste.com<\/a> est edit\u00e9 par :<br \/>\n<\/span><span style=\"font-weight: 400;\">St\u00e9phanie HAGEGE<\/span> <span style=\"font-weight: 400;\"><br \/>\n<\/span><span style=\"font-weight: 400;\">4 RUE DE SFAX<br \/>\n<\/span><span style=\"font-weight: 400;\">75116 PARIS<br \/>\n<\/span><span style=\"font-weight: 400;\">SIRET : <\/span><span style=\"font-weight: 400;\">87861231600017<br \/>\n<\/span>Le Directeur de publication est : St\u00e9phanie HAGEGE<\/p>\n<h3><span style=\"font-weight: 400;\">Hebergement<\/span><\/h3>\n<p><span style=\"font-weight: 400;\">Le pr\u00e9sent site est h\u00e9berg\u00e9 par la soci\u00e9t\u00e9 <\/span><b>OVH : 2 rue Kellermann \u2013 59100 Roubaix \u2013 France\u00a0<\/b><\/p>\n<h3><span style=\"font-weight: 400;\">Conception et r\u00e9alisation<\/span><\/h3>\n<p><span style=\"font-weight: 400;\">Maxime Merran<br \/>\n<a href=\"https:\/\/maximemerran.fr\/?utm_campaign=clients&amp;utm_medium=mentions-legales&amp;utm_source=micasaste\">www.maximemerran.fr<\/a><br \/>\n<\/span><a href=\"mailto:hello@maximemerran.fr\"><span style=\"font-weight: 400;\">hello@maximemerran.fr<\/span><\/a><br \/>\n<span style=\"font-weight: 400;\">Modifications \u2013 \u00e9volution : en interne depuis 2020<\/span><\/p>\n<h3><span style=\"font-weight: 400;\">Cookies<\/span><\/h3>\n<p><span style=\"font-weight: 400;\">Le site <a href=\"https:\/\/micasaste.com\/en\/\">www.micasaste.com<\/a> peut \u00eatre amen\u00e9 \u00e0 utiliser des cookies.<br \/>\n<\/span><span style=\"font-weight: 400;\">Un cookie est un fichier de faible taille contenant des donn\u00e9es transmis par le serveur d\u2019un serveur http au navigateur de l\u2019Utilisateur et stock\u00e9 sur son disque dur : enregistrement des informations relatives \u00e0 la navigation qui pourront \u00eatre lues lors de visites ult\u00e9rieures. Un cookie ne permet donc pas d\u2019identifier l\u2019Utilisateur.<br \/>\n<\/span><span style=\"font-weight: 400;\">Par contre, l\u2019utilisateur peut s\u2019opposer \u00e0 l\u2019enregistrement de cookies, ou \u00eatre pr\u00e9venu avant d\u2019accepter les cookies, en configurant son navigateur internet (par exemple : Mozilla et Internet Explorer). <\/span><a href=\"https:\/\/www.cnil.fr\/fr\/site-web-cookies-et-autres-traceurs\"><span style=\"font-weight: 400;\">En savoir +<\/span><\/a><\/p>\n<h3><span style=\"font-weight: 400;\">Propri\u00e9t\u00e9 intellectuelle<\/span><\/h3>\n<p><span style=\"font-weight: 400;\">L\u2019ensemble de ce site rel\u00e8ve des l\u00e9gislations Fran\u00e7aises et Internationales sur les droits d\u2019auteur et la propri\u00e9t\u00e9 intellectuelle. Tous les droits de reproduction sont r\u00e9serv\u00e9s pour les textes et les photographies de ce site. La reproduction de tout ou partie de ce site sur un support \u00e9lectronique ou autre quel qu\u2019il soit, est formellement interdite sauf autorisation \u00e9crite de l\u2019auteur, conform\u00e9ment \u00e0 l\u2019article L 122-4 du Code de la Propri\u00e9t\u00e9 intellectuelle.<\/span><\/p>\n<h3><span style=\"font-weight: 400;\">Donn\u00e9es personnelles<\/span><\/h3>\n<p><span style=\"font-weight: 400;\">Les informations recueillies sur le site <a href=\"https:\/\/micasaste.com\/en\/\">www.micasaste.com <\/a><\/span><b>(nom, email)<\/b><span style=\"font-weight: 400;\"> font l\u2019objet d\u2019un traitement informatique destin\u00e9 \u00e0<\/span> <span style=\"font-weight: 400;\">Micasast\u00e9<\/span><b>.<\/b><span style=\"font-weight: 400;\"> Ces informations ne seront ni c\u00e9d\u00e9es ni vendues \u00e0 une tierce personne.<br \/>\n<\/span><span style=\"font-weight: 400;\">Conform\u00e9ment \u00e0 la loi \u00ab informatique et libert\u00e9s \u00bb du 6 janvier 1978 modifi\u00e9e en 2004, vous b\u00e9n\u00e9ficiez d\u2019un droit d\u2019acc\u00e8s et de rectification aux informations qui vous concernent, que vous pouvez exercer en vous adressant \u00e0 notre service client par email : <\/span><b><a href=\"mailto:contact@micasaste.com\">contact@micasaste.com<\/a><br \/>\n<\/b><span style=\"font-weight: 400;\">ou bien par courrier en adressant votre demande \u00e0 l\u2019adresse suivante :<br \/>\n<\/span><span style=\"font-weight: 400;\">Micasast\u00e9<br \/>\n<\/span><span style=\"font-weight: 400;\">4 RUE DE SFAX<br \/>\n<\/span><span style=\"font-weight: 400;\">75116 PARIS<br \/>\n<\/span><span style=\"font-weight: 400;\">Vous pouvez \u00e9galement, pour des motifs l\u00e9gitimes, vous opposer au traitement des donn\u00e9es vous concernant.<\/span><\/p>\n\n\t\t<\/div>\n\t<\/div>\n<\/div><\/div><\/div><div class=\"wpb_column vc_column_container vc_col-sm-3\"><div class=\"vc_column-inner\"><div class=\"wpb_wrapper\"><\/div><\/div><\/div><\/div>\n<\/section>","protected":false},"excerpt":{"rendered":"Le site www.micasaste.com est edit\u00e9 par : St\u00e9phanie HAGEGE 4 RUE DE SFAX 75116 PARIS SIRET : 87861231600017 Le Directeur de publication est : St\u00e9phanie HAGEGE Hebergement Le pr\u00e9sent site est h\u00e9berg\u00e9 par la soci\u00e9t\u00e9 OVH : 2 rue Kellermann \u2013 59100 Roubaix \u2013 France\u00a0 Conception et r\u00e9alisation Maxime Merran www.maximemerran.fr hello@maximemerran.fr Modifications \u2013 \u00e9volution [...]","protected":false},"author":2,"featured_media":0,"parent":0,"menu_order":0,"comment_status":"closed","ping_status":"closed","template":"","meta":{"inline_featured_image":false,"footnotes":""},"class_list":["post-4782","page","type-page","status-publish","hentry"],"yoast_head":"<!-- This site is optimized with the Yoast SEO plugin v27.4 - https:\/\/yoast.com\/product\/yoast-seo-wordpress\/ -->\n<title>Mentions L\u00e9gales | Micasast\u00e9<\/title>\n<meta name=\"robots\" content=\"index, follow, max-snippet:-1, max-image-preview:large, max-video-preview:-1\" \/>\n<link rel=\"canonical\" href=\"https:\/\/micasaste.com\/en\/mentions-legales\/\" \/>\n<meta property=\"og:locale\" content=\"en_US\" \/>\n<meta property=\"og:type\" content=\"article\" \/>\n<meta property=\"og:title\" content=\"Mentions L\u00e9gales | Micasast\u00e9\" \/>\n<meta property=\"og:url\" content=\"https:\/\/micasaste.com\/en\/mentions-legales\/\" \/>\n<meta property=\"og:site_name\" content=\"Micasast\u00e9\" \/>\n<meta property=\"article:publisher\" content=\"https:\/\/www.facebook.com\/Micasast-100208301386552\/\" \/>\n<meta property=\"article:modified_time\" content=\"2024-12-13T15:51:28+00:00\" \/>\n<meta property=\"og:image\" content=\"https:\/\/micasaste.com\/wp-content\/uploads\/2020\/05\/micasaste-facebook-share.jpg\" \/>\n\t<meta property=\"og:image:width\" content=\"1200\" \/>\n\t<meta property=\"og:image:height\" content=\"628\" \/>\n\t<meta property=\"og:image:type\" content=\"image\/jpeg\" \/>\n<meta name=\"twitter:card\" content=\"summary_large_image\" \/>\n<meta name=\"twitter:label1\" content=\"Est. reading time\" \/>\n\t<meta name=\"twitter:data1\" content=\"2 minutes\" \/>\n<script type=\"application\/ld+json\" class=\"yoast-schema-graph\">{\"@context\":\"https:\\\/\\\/schema.org\",\"@graph\":[{\"@type\":\"WebPage\",\"@id\":\"https:\\\/\\\/micasaste.com\\\/mentions-legales\\\/\",\"url\":\"https:\\\/\\\/micasaste.com\\\/mentions-legales\\\/\",\"name\":\"Mentions L\u00e9gales | Micasast\u00e9\",\"isPartOf\":{\"@id\":\"https:\\\/\\\/micasaste.com\\\/#website\"},\"datePublished\":\"2020-04-24T16:50:21+00:00\",\"dateModified\":\"2024-12-13T15:51:28+00:00\",\"breadcrumb\":{\"@id\":\"https:\\\/\\\/micasaste.com\\\/mentions-legales\\\/#breadcrumb\"},\"inLanguage\":\"en-US\",\"potentialAction\":[{\"@type\":\"ReadAction\",\"target\":[\"https:\\\/\\\/micasaste.com\\\/mentions-legales\\\/\"]}]},{\"@type\":\"BreadcrumbList\",\"@id\":\"https:\\\/\\\/micasaste.com\\\/mentions-legales\\\/#breadcrumb\",\"itemListElement\":[{\"@type\":\"ListItem\",\"position\":1,\"name\":\"Accueil\",\"item\":\"https:\\\/\\\/micasaste.com\\\/\"},{\"@type\":\"ListItem\",\"position\":2,\"name\":\"Mentions L\u00e9gales\"}]},{\"@type\":\"WebSite\",\"@id\":\"https:\\\/\\\/micasaste.com\\\/#website\",\"url\":\"https:\\\/\\\/micasaste.com\\\/\",\"name\":\"Micasast\u00e9\",\"description\":\"V\u00eatements et Accessoires pour Femme \",\"publisher\":{\"@id\":\"https:\\\/\\\/micasaste.com\\\/#organization\"},\"potentialAction\":[{\"@type\":\"SearchAction\",\"target\":{\"@type\":\"EntryPoint\",\"urlTemplate\":\"https:\\\/\\\/micasaste.com\\\/?s={search_term_string}\"},\"query-input\":{\"@type\":\"PropertyValueSpecification\",\"valueRequired\":true,\"valueName\":\"search_term_string\"}}],\"inLanguage\":\"en-US\"},{\"@type\":\"Organization\",\"@id\":\"https:\\\/\\\/micasaste.com\\\/#organization\",\"name\":\"MicasaSt\u00e9\",\"url\":\"https:\\\/\\\/micasaste.com\\\/\",\"logo\":{\"@type\":\"ImageObject\",\"inLanguage\":\"en-US\",\"@id\":\"https:\\\/\\\/micasaste.com\\\/#\\\/schema\\\/logo\\\/image\\\/\",\"url\":\"https:\\\/\\\/micasaste.com\\\/wp-content\\\/uploads\\\/2020\\\/04\\\/logo-micasaste.svg\",\"contentUrl\":\"https:\\\/\\\/micasaste.com\\\/wp-content\\\/uploads\\\/2020\\\/04\\\/logo-micasaste.svg\",\"width\":\"1024\",\"height\":\"1024\",\"caption\":\"MicasaSt\u00e9\"},\"image\":{\"@id\":\"https:\\\/\\\/micasaste.com\\\/#\\\/schema\\\/logo\\\/image\\\/\"},\"sameAs\":[\"https:\\\/\\\/www.facebook.com\\\/Micasast-100208301386552\\\/\",\"https:\\\/\\\/www.instagram.com\\\/micasaste\\\/\"]}]}<\/script>\n<!-- \/ Yoast SEO plugin. -->","yoast_head_json":{"title":"Mentions L\u00e9gales | Micasast\u00e9","robots":{"index":"index","follow":"follow","max-snippet":"max-snippet:-1","max-image-preview":"max-image-preview:large","max-video-preview":"max-video-preview:-1"},"canonical":"https:\/\/micasaste.com\/en\/mentions-legales\/","og_locale":"en_US","og_type":"article","og_title":"Mentions L\u00e9gales | Micasast\u00e9","og_url":"https:\/\/micasaste.com\/en\/mentions-legales\/","og_site_name":"Micasast\u00e9","article_publisher":"https:\/\/www.facebook.com\/Micasast-100208301386552\/","article_modified_time":"2024-12-13T15:51:28+00:00","og_image":[{"width":1200,"height":628,"url":"https:\/\/micasaste.com\/wp-content\/uploads\/2020\/05\/micasaste-facebook-share.jpg","type":"image\/jpeg"}],"twitter_card":"summary_large_image","twitter_misc":{"Est. reading time":"2 minutes"},"schema":{"@context":"https:\/\/schema.org","@graph":[{"@type":"WebPage","@id":"https:\/\/micasaste.com\/mentions-legales\/","url":"https:\/\/micasaste.com\/mentions-legales\/","name":"Mentions L\u00e9gales | Micasast\u00e9","isPartOf":{"@id":"https:\/\/micasaste.com\/#website"},"datePublished":"2020-04-24T16:50:21+00:00","dateModified":"2024-12-13T15:51:28+00:00","breadcrumb":{"@id":"https:\/\/micasaste.com\/mentions-legales\/#breadcrumb"},"inLanguage":"en-US","potentialAction":[{"@type":"ReadAction","target":["https:\/\/micasaste.com\/mentions-legales\/"]}]},{"@type":"BreadcrumbList","@id":"https:\/\/micasaste.com\/mentions-legales\/#breadcrumb","itemListElement":[{"@type":"ListItem","position":1,"name":"Accueil","item":"https:\/\/micasaste.com\/"},{"@type":"ListItem","position":2,"name":"Mentions L\u00e9gales"}]},{"@type":"WebSite","@id":"https:\/\/micasaste.com\/#website","url":"https:\/\/micasaste.com\/","name":"Micasast\u00e9","description":"V\u00eatements et Accessoires pour Femme","publisher":{"@id":"https:\/\/micasaste.com\/#organization"},"potentialAction":[{"@type":"SearchAction","target":{"@type":"EntryPoint","urlTemplate":"https:\/\/micasaste.com\/?s={search_term_string}"},"query-input":{"@type":"PropertyValueSpecification","valueRequired":true,"valueName":"search_term_string"}}],"inLanguage":"en-US"},{"@type":"Organization","@id":"https:\/\/micasaste.com\/#organization","name":"MicasaSt\u00e9","url":"https:\/\/micasaste.com\/","logo":{"@type":"ImageObject","inLanguage":"en-US","@id":"https:\/\/micasaste.com\/#\/schema\/logo\/image\/","url":"https:\/\/micasaste.com\/wp-content\/uploads\/2020\/04\/logo-micasaste.svg","contentUrl":"https:\/\/micasaste.com\/wp-content\/uploads\/2020\/04\/logo-micasaste.svg","width":"1024","height":"1024","caption":"MicasaSt\u00e9"},"image":{"@id":"https:\/\/micasaste.com\/#\/schema\/logo\/image\/"},"sameAs":["https:\/\/www.facebook.com\/Micasast-100208301386552\/","https:\/\/www.instagram.com\/micasaste\/"]}]}},"_links":{"self":[{"href":"https:\/\/micasaste.com\/en\/wp-json\/wp\/v2\/pages\/4782","targetHints":{"allow":["GET"]}}],"collection":[{"href":"https:\/\/micasaste.com\/en\/wp-json\/wp\/v2\/pages"}],"about":[{"href":"https:\/\/micasaste.com\/en\/wp-json\/wp\/v2\/types\/page"}],"author":[{"embeddable":true,"href":"https:\/\/micasaste.com\/en\/wp-json\/wp\/v2\/users\/2"}],"replies":[{"embeddable":true,"href":"https:\/\/micasaste.com\/en\/wp-json\/wp\/v2\/comments?post=4782"}],"version-history":[{"count":7,"href":"https:\/\/micasaste.com\/en\/wp-json\/wp\/v2\/pages\/4782\/revisions"}],"predecessor-version":[{"id":8644,"href":"https:\/\/micasaste.com\/en\/wp-json\/wp\/v2\/pages\/4782\/revisions\/8644"}],"wp:attachment":[{"href":"https:\/\/micasaste.com\/en\/wp-json\/wp\/v2\/media?parent=4782"}],"curies":[{"name":"wp","href":"https:\/\/api.w.org\/{rel}","templated":true}]}}