{"id":21788,"date":"2025-04-02T12:30:57","date_gmt":"2025-04-02T10:30:57","guid":{"rendered":"https:\/\/micasaste.com\/?page_id=21788"},"modified":"2025-07-24T12:43:04","modified_gmt":"2025-07-24T10:43:04","slug":"faq-questions-frequentes-micasaste","status":"publish","type":"page","link":"https:\/\/micasaste.com\/en\/faq-questions-frequentes-micasaste\/","title":{"rendered":"Comment Micasast\u00e9 peut vous aider ?"},"content":{"rendered":"<p><strong>Consultez notre section FAQ \u2013 Questions fr\u00e9quentes<\/strong> pour trouver des r\u00e9ponses rapides \u00e0 vos interrogations sur nos produits, services, commandes et bien plus encore.<br>Nous avons rassembl\u00e9 les questions les plus courantes pour vous faire gagner du temps.<br>Et si vous ne trouvez pas ce que vous cherchez, notre \u00e9quipe reste \u00e0 votre \u00e9coute via la page Contact.<\/p>\n\n\n<section id='' \n                class='helpie-faq accordions faq-toggle custom-styles open-first' \n                data-collection='' \n                data-pagination='0' \n                data-search='0' \n                data-pagination-enabled='0'\n                role='region'\n                aria-label='FAQ Section'\n                aria-live='polite'><h3 class=\"collection-title\">Foire aux questions<\/h3><form class=\"search\" onsubmit=\"return false;\" action=\"\"><div class=\"search__wrapper\"><input type=\"text\" class=\"search__input\" aria-label=\"Search\" placeholder=\"Rechercher dans la FAQ\"><span class=\"search__icon\"><svg class=\"svg-icon--search\" role=\"img\" xmlns=\"http:\/\/www.w3.org\/2000\/svg\" viewbox=\"0 0 22 22\">\r\n                        <g fill=\"none\" stroke=\"#171717\">\r\n                            <path stroke-linecap=\"square\" stroke-width=\"2\" d=\"M18.5 18.3l-5.4-5.4\"\/>\r\n                            <circle cx=\"8\" cy=\"8\" r=\"7\" stroke-width=\"2\"\/>\r\n                        <\/g>\r\n                    <\/svg><\/span><\/div><div class=\"search__message\"><\/div><input type=\"hidden\" name=\"trp-form-language\" value=\"en\"\/><\/form><\/section>\n<p>\u00a0<\/p>\n<p>\u00a0<\/p>\n\n<div class=\"wp-block-image\">\n<figure class=\"alignleft size-large is-resized\"><img decoding=\"async\" width=\"768\" height=\"1024\" src=\"https:\/\/micasaste.com\/wp-content\/uploads\/2025\/01\/b66f4b34-dd59-4ac1-84a5-fa5dcd730e39-768x1024.jpg\" alt=\"Photo de la boutique Micasast\u00e9 \u2013 v\u00eatements et accessoires artisanaux pour femmes - Photo pour la FAQ - Questions fr\u00e9quentes\" class=\"wp-image-20448\" style=\"width:377px;height:auto\" srcset=\"https:\/\/micasaste.com\/wp-content\/uploads\/2025\/01\/b66f4b34-dd59-4ac1-84a5-fa5dcd730e39-768x1024.jpg 768w, https:\/\/micasaste.com\/wp-content\/uploads\/2025\/01\/b66f4b34-dd59-4ac1-84a5-fa5dcd730e39-416x555.jpg 416w, https:\/\/micasaste.com\/wp-content\/uploads\/2025\/01\/b66f4b34-dd59-4ac1-84a5-fa5dcd730e39-225x300.jpg 225w, https:\/\/micasaste.com\/wp-content\/uploads\/2025\/01\/b66f4b34-dd59-4ac1-84a5-fa5dcd730e39-1152x1536.jpg 1152w, https:\/\/micasaste.com\/wp-content\/uploads\/2025\/01\/b66f4b34-dd59-4ac1-84a5-fa5dcd730e39-9x12.jpg 9w, https:\/\/micasaste.com\/wp-content\/uploads\/2025\/01\/b66f4b34-dd59-4ac1-84a5-fa5dcd730e39.jpg 1200w\" sizes=\"(max-width: 768px) 100vw, 768px\" \/><\/figure>\n<\/div>\n\n\n<p><\/p>\n\n\n\n<p>\ud83d\udccd <strong>Vous pr\u00e9f\u00e9rez nous rencontrer ?<\/strong><br>N\u2019h\u00e9sitez pas \u00e0 venir directement \u00e0 la boutique pour poser vos questions ou passer commande.<\/p>\n\n\n\n<p><br>Nous serons ravies de vous accueillir au 53 rue de Passy dans le centre commercial de Passy Plaza, Paris, 75016.<\/p>\n\n\n\n<p>Notre \u00e9quipe se fera un plaisir de vous conseiller, vous faire d\u00e9couvrir nos collections, ou simplement \u00e9changer autour de notre univers Micasast\u00e9.<\/p>\n\n\n\n<p><em>Ouvert du Lundi au Samedi de 10h \u00e0 19h30.<\/em>                                                <em>Ferm\u00e9 le Dimanche.<\/em><\/p>\n\n\n\n<p><\/p>\n\n\n\n<p><\/p>\n\n\n\n<p><\/p>\n\n\n\n<p>Vous avez une question sur nos produits, votre commande ou nos d\u00e9lais de livraison ? <\/p>\n\n\n\n<p>Consultez notre FAQ &#8211; Questions fr\u00e9quentes : nous y r\u00e9pondons clairement aux demandes les plus fr\u00e9quentes. Ce guide pratique est l\u00e0 pour vous accompagner \u00e0 chaque \u00e9tape de votre achat sur notre boutique en ligne. Et si vous ne trouvez pas la r\u00e9ponse souhait\u00e9e, notre \u00e9quipe reste disponible via la page Contact pour vous aider avec r\u00e9activit\u00e9 et bienveillance.<\/p>","protected":false},"excerpt":{"rendered":"<p>Consultez notre section FAQ \u2013 Questions fr\u00e9quentes pour trouver des r\u00e9ponses rapides \u00e0 vos interrogations sur nos produits, services, commandes et bien plus encore.Nous avons rassembl\u00e9 les questions les plus courantes pour vous faire gagner du temps.Et si vous ne trouvez pas ce que vous cherchez, notre \u00e9quipe reste \u00e0 votre \u00e9coute via la page [&hellip;]<\/p>\n","protected":false},"author":1,"featured_media":0,"parent":0,"menu_order":0,"comment_status":"closed","ping_status":"closed","template":"","meta":{"inline_featured_image":false,"footnotes":""},"class_list":["post-21788","page","type-page","status-publish","hentry"],"yoast_head":"<!-- This site is optimized with the Yoast SEO plugin v27.4 - https:\/\/yoast.com\/product\/yoast-seo-wordpress\/ -->\n<title>FAQ - Questions fr\u00e9quentes sur nos produits et services<\/title>\n<meta name=\"description\" content=\"D\u00e9couvrez la FAQ - Questions fr\u00e9quentes sur Micasast\u00e9. Trouvez des informations sur nos produits, la livraison et plus encore.\" \/>\n<meta name=\"robots\" content=\"index, follow, max-snippet:-1, max-image-preview:large, max-video-preview:-1\" \/>\n<link rel=\"canonical\" href=\"https:\/\/micasaste.com\/en\/faq-questions-frequentes-micasaste\/\" \/>\n<meta property=\"og:locale\" content=\"en_US\" \/>\n<meta property=\"og:type\" content=\"article\" \/>\n<meta property=\"og:title\" content=\"FAQ - Questions fr\u00e9quentes sur nos produits et services\" \/>\n<meta property=\"og:description\" content=\"D\u00e9couvrez la FAQ - Questions fr\u00e9quentes sur Micasast\u00e9. Trouvez des informations sur nos produits, la livraison et plus encore.\" \/>\n<meta property=\"og:url\" content=\"https:\/\/micasaste.com\/en\/faq-questions-frequentes-micasaste\/\" \/>\n<meta property=\"og:site_name\" content=\"Micasast\u00e9\" \/>\n<meta property=\"article:publisher\" content=\"https:\/\/www.facebook.com\/Micasast-100208301386552\/\" \/>\n<meta property=\"article:modified_time\" content=\"2025-07-24T10:43:04+00:00\" \/>\n<meta property=\"og:image\" content=\"https:\/\/micasaste.com\/wp-content\/uploads\/2025\/01\/b66f4b34-dd59-4ac1-84a5-fa5dcd730e39.jpg\" \/>\n\t<meta property=\"og:image:width\" content=\"1200\" \/>\n\t<meta property=\"og:image:height\" content=\"1600\" \/>\n\t<meta property=\"og:image:type\" content=\"image\/jpeg\" \/>\n<meta name=\"twitter:card\" content=\"summary_large_image\" \/>\n<meta name=\"twitter:label1\" content=\"Est. reading time\" \/>\n\t<meta name=\"twitter:data1\" content=\"2 minutes\" \/>\n<script type=\"application\/ld+json\" class=\"yoast-schema-graph\">{\"@context\":\"https:\\\/\\\/schema.org\",\"@graph\":[{\"@type\":\"WebPage\",\"@id\":\"https:\\\/\\\/micasaste.com\\\/faq-questions-frequentes-micasaste\\\/\",\"url\":\"https:\\\/\\\/micasaste.com\\\/faq-questions-frequentes-micasaste\\\/\",\"name\":\"FAQ - Questions fr\u00e9quentes sur nos produits et services\",\"isPartOf\":{\"@id\":\"https:\\\/\\\/micasaste.com\\\/#website\"},\"primaryImageOfPage\":{\"@id\":\"https:\\\/\\\/micasaste.com\\\/faq-questions-frequentes-micasaste\\\/#primaryimage\"},\"image\":{\"@id\":\"https:\\\/\\\/micasaste.com\\\/faq-questions-frequentes-micasaste\\\/#primaryimage\"},\"thumbnailUrl\":\"https:\\\/\\\/micasaste.com\\\/wp-content\\\/uploads\\\/2025\\\/01\\\/b66f4b34-dd59-4ac1-84a5-fa5dcd730e39-768x1024.jpg\",\"datePublished\":\"2025-04-02T10:30:57+00:00\",\"dateModified\":\"2025-07-24T10:43:04+00:00\",\"description\":\"D\u00e9couvrez la FAQ - Questions fr\u00e9quentes sur Micasast\u00e9. Trouvez des informations sur nos produits, la livraison et plus encore.\",\"breadcrumb\":{\"@id\":\"https:\\\/\\\/micasaste.com\\\/faq-questions-frequentes-micasaste\\\/#breadcrumb\"},\"inLanguage\":\"en-US\",\"potentialAction\":[{\"@type\":\"ReadAction\",\"target\":[\"https:\\\/\\\/micasaste.com\\\/faq-questions-frequentes-micasaste\\\/\"]}]},{\"@type\":\"ImageObject\",\"inLanguage\":\"en-US\",\"@id\":\"https:\\\/\\\/micasaste.com\\\/faq-questions-frequentes-micasaste\\\/#primaryimage\",\"url\":\"https:\\\/\\\/micasaste.com\\\/wp-content\\\/uploads\\\/2025\\\/01\\\/b66f4b34-dd59-4ac1-84a5-fa5dcd730e39-768x1024.jpg\",\"contentUrl\":\"https:\\\/\\\/micasaste.com\\\/wp-content\\\/uploads\\\/2025\\\/01\\\/b66f4b34-dd59-4ac1-84a5-fa5dcd730e39-768x1024.jpg\"},{\"@type\":\"BreadcrumbList\",\"@id\":\"https:\\\/\\\/micasaste.com\\\/faq-questions-frequentes-micasaste\\\/#breadcrumb\",\"itemListElement\":[{\"@type\":\"ListItem\",\"position\":1,\"name\":\"Accueil\",\"item\":\"https:\\\/\\\/micasaste.com\\\/\"},{\"@type\":\"ListItem\",\"position\":2,\"name\":\"Comment Micasast\u00e9 peut vous aider ?\"}]},{\"@type\":\"WebSite\",\"@id\":\"https:\\\/\\\/micasaste.com\\\/#website\",\"url\":\"https:\\\/\\\/micasaste.com\\\/\",\"name\":\"Micasast\u00e9\",\"description\":\"V\u00eatements et Accessoires pour Femme \",\"publisher\":{\"@id\":\"https:\\\/\\\/micasaste.com\\\/#organization\"},\"potentialAction\":[{\"@type\":\"SearchAction\",\"target\":{\"@type\":\"EntryPoint\",\"urlTemplate\":\"https:\\\/\\\/micasaste.com\\\/?s={search_term_string}\"},\"query-input\":{\"@type\":\"PropertyValueSpecification\",\"valueRequired\":true,\"valueName\":\"search_term_string\"}}],\"inLanguage\":\"en-US\"},{\"@type\":\"Organization\",\"@id\":\"https:\\\/\\\/micasaste.com\\\/#organization\",\"name\":\"MicasaSt\u00e9\",\"url\":\"https:\\\/\\\/micasaste.com\\\/\",\"logo\":{\"@type\":\"ImageObject\",\"inLanguage\":\"en-US\",\"@id\":\"https:\\\/\\\/micasaste.com\\\/#\\\/schema\\\/logo\\\/image\\\/\",\"url\":\"https:\\\/\\\/micasaste.com\\\/wp-content\\\/uploads\\\/2020\\\/04\\\/logo-micasaste.svg\",\"contentUrl\":\"https:\\\/\\\/micasaste.com\\\/wp-content\\\/uploads\\\/2020\\\/04\\\/logo-micasaste.svg\",\"width\":\"1024\",\"height\":\"1024\",\"caption\":\"MicasaSt\u00e9\"},\"image\":{\"@id\":\"https:\\\/\\\/micasaste.com\\\/#\\\/schema\\\/logo\\\/image\\\/\"},\"sameAs\":[\"https:\\\/\\\/www.facebook.com\\\/Micasast-100208301386552\\\/\",\"https:\\\/\\\/www.instagram.com\\\/micasaste\\\/\"]}]}<\/script>\n<!-- \/ Yoast SEO plugin. -->","yoast_head_json":{"title":"FAQ - Questions fr\u00e9quentes sur nos produits et services","description":"D\u00e9couvrez la FAQ - Questions fr\u00e9quentes sur Micasast\u00e9. Trouvez des informations sur nos produits, la livraison et plus encore.","robots":{"index":"index","follow":"follow","max-snippet":"max-snippet:-1","max-image-preview":"max-image-preview:large","max-video-preview":"max-video-preview:-1"},"canonical":"https:\/\/micasaste.com\/en\/faq-questions-frequentes-micasaste\/","og_locale":"en_US","og_type":"article","og_title":"FAQ - Questions fr\u00e9quentes sur nos produits et services","og_description":"D\u00e9couvrez la FAQ - Questions fr\u00e9quentes sur Micasast\u00e9. Trouvez des informations sur nos produits, la livraison et plus encore.","og_url":"https:\/\/micasaste.com\/en\/faq-questions-frequentes-micasaste\/","og_site_name":"Micasast\u00e9","article_publisher":"https:\/\/www.facebook.com\/Micasast-100208301386552\/","article_modified_time":"2025-07-24T10:43:04+00:00","og_image":[{"width":1200,"height":1600,"url":"https:\/\/micasaste.com\/wp-content\/uploads\/2025\/01\/b66f4b34-dd59-4ac1-84a5-fa5dcd730e39.jpg","type":"image\/jpeg"}],"twitter_card":"summary_large_image","twitter_misc":{"Est. reading time":"2 minutes"},"schema":{"@context":"https:\/\/schema.org","@graph":[{"@type":"WebPage","@id":"https:\/\/micasaste.com\/faq-questions-frequentes-micasaste\/","url":"https:\/\/micasaste.com\/faq-questions-frequentes-micasaste\/","name":"FAQ - Questions fr\u00e9quentes sur nos produits et services","isPartOf":{"@id":"https:\/\/micasaste.com\/#website"},"primaryImageOfPage":{"@id":"https:\/\/micasaste.com\/faq-questions-frequentes-micasaste\/#primaryimage"},"image":{"@id":"https:\/\/micasaste.com\/faq-questions-frequentes-micasaste\/#primaryimage"},"thumbnailUrl":"https:\/\/micasaste.com\/wp-content\/uploads\/2025\/01\/b66f4b34-dd59-4ac1-84a5-fa5dcd730e39-768x1024.jpg","datePublished":"2025-04-02T10:30:57+00:00","dateModified":"2025-07-24T10:43:04+00:00","description":"D\u00e9couvrez la FAQ - Questions fr\u00e9quentes sur Micasast\u00e9. Trouvez des informations sur nos produits, la livraison et plus encore.","breadcrumb":{"@id":"https:\/\/micasaste.com\/faq-questions-frequentes-micasaste\/#breadcrumb"},"inLanguage":"en-US","potentialAction":[{"@type":"ReadAction","target":["https:\/\/micasaste.com\/faq-questions-frequentes-micasaste\/"]}]},{"@type":"ImageObject","inLanguage":"en-US","@id":"https:\/\/micasaste.com\/faq-questions-frequentes-micasaste\/#primaryimage","url":"https:\/\/micasaste.com\/wp-content\/uploads\/2025\/01\/b66f4b34-dd59-4ac1-84a5-fa5dcd730e39-768x1024.jpg","contentUrl":"https:\/\/micasaste.com\/wp-content\/uploads\/2025\/01\/b66f4b34-dd59-4ac1-84a5-fa5dcd730e39-768x1024.jpg"},{"@type":"BreadcrumbList","@id":"https:\/\/micasaste.com\/faq-questions-frequentes-micasaste\/#breadcrumb","itemListElement":[{"@type":"ListItem","position":1,"name":"Accueil","item":"https:\/\/micasaste.com\/"},{"@type":"ListItem","position":2,"name":"Comment Micasast\u00e9 peut vous aider ?"}]},{"@type":"WebSite","@id":"https:\/\/micasaste.com\/#website","url":"https:\/\/micasaste.com\/","name":"Micasast\u00e9","description":"V\u00eatements et Accessoires pour Femme","publisher":{"@id":"https:\/\/micasaste.com\/#organization"},"potentialAction":[{"@type":"SearchAction","target":{"@type":"EntryPoint","urlTemplate":"https:\/\/micasaste.com\/?s={search_term_string}"},"query-input":{"@type":"PropertyValueSpecification","valueRequired":true,"valueName":"search_term_string"}}],"inLanguage":"en-US"},{"@type":"Organization","@id":"https:\/\/micasaste.com\/#organization","name":"MicasaSt\u00e9","url":"https:\/\/micasaste.com\/","logo":{"@type":"ImageObject","inLanguage":"en-US","@id":"https:\/\/micasaste.com\/#\/schema\/logo\/image\/","url":"https:\/\/micasaste.com\/wp-content\/uploads\/2020\/04\/logo-micasaste.svg","contentUrl":"https:\/\/micasaste.com\/wp-content\/uploads\/2020\/04\/logo-micasaste.svg","width":"1024","height":"1024","caption":"MicasaSt\u00e9"},"image":{"@id":"https:\/\/micasaste.com\/#\/schema\/logo\/image\/"},"sameAs":["https:\/\/www.facebook.com\/Micasast-100208301386552\/","https:\/\/www.instagram.com\/micasaste\/"]}]}},"_links":{"self":[{"href":"https:\/\/micasaste.com\/en\/wp-json\/wp\/v2\/pages\/21788","targetHints":{"allow":["GET"]}}],"collection":[{"href":"https:\/\/micasaste.com\/en\/wp-json\/wp\/v2\/pages"}],"about":[{"href":"https:\/\/micasaste.com\/en\/wp-json\/wp\/v2\/types\/page"}],"author":[{"embeddable":true,"href":"https:\/\/micasaste.com\/en\/wp-json\/wp\/v2\/users\/1"}],"replies":[{"embeddable":true,"href":"https:\/\/micasaste.com\/en\/wp-json\/wp\/v2\/comments?post=21788"}],"version-history":[{"count":7,"href":"https:\/\/micasaste.com\/en\/wp-json\/wp\/v2\/pages\/21788\/revisions"}],"predecessor-version":[{"id":23701,"href":"https:\/\/micasaste.com\/en\/wp-json\/wp\/v2\/pages\/21788\/revisions\/23701"}],"wp:attachment":[{"href":"https:\/\/micasaste.com\/en\/wp-json\/wp\/v2\/media?parent=21788"}],"curies":[{"name":"wp","href":"https:\/\/api.w.org\/{rel}","templated":true}]}}